{"id":6501,"date":"2025-10-19T13:58:28","date_gmt":"2025-10-19T13:58:28","guid":{"rendered":"https:\/\/happyinaknit.com\/?post_type=product&#038;p=6501"},"modified":"2025-10-28T13:50:31","modified_gmt":"2025-10-28T13:50:31","slug":"addi-virbalai-su-valu-20-cm","status":"publish","type":"product","link":"https:\/\/happyinaknit.com\/en\/product\/addi-virbalai-su-valu-20-cm\/","title":{"rendered":"Addi Circular Knitting Needles 20 cm"},"content":{"rendered":"<p>Compact and <b>especially smooth<\/b> Addi needles with a cable are a great choice for knitting small circular items, such as gloves, socks or baby clothes. The carefully polished surface allows the yarn to glide easily and evenly, and the strong cable ensures a stable knitting rhythm.<\/p>\n<p>Made in Germany.<\/p>\n<p><b>Material:<\/b> metal<\/p>\n<p><b>Total length:<\/b> 20 cm (including needles)<\/p>\n<p><b>Suitable for:<\/b> for small knits in the round \u2013 gloves, tights, baby products<\/p>\n<p><b>Features:<\/b> extremely smooth surface, convenient length for small volumes, high quality<\/p>\n<p><b>Note:<\/b> Color shades may vary slightly depending on your device&#039;s screen.<\/p>","protected":false},"excerpt":{"rendered":"<p>Kompakti\u0161ki ir ypa\u010d lyg\u016bs \u201eAddi\u201c \u00a0virbalai su valu \u00a0\u2013 puikus pasirinkimas mezgant ma\u017eas apimtis ratu, tokias kaip pir\u0161tin\u0117s, kojinyt\u0117s ar k\u016bdiki\u0173 drabu\u017e\u0117liai. D\u0117l kruop\u0161\u010diai nu\u0161lifuoto pavir\u0161iaus si\u016blai slysta lengvai ir tolygiai, o tvirtas valas u\u017etikrina stabil\u0173 mezgimo ritm\u0105. Pagaminta Vokietijoje. Med\u017eiaga: metalas Bendras ilgis: 20 cm (\u012fskaitant virbalus) Tinka: smulkiems mezginiams ratu \u2013 pir\u0161tin\u0117ms, p\u0117dkeln\u0117ms, [&hellip;]<\/p>\n","protected":false},"featured_media":6502,"comment_status":"open","ping_status":"closed","template":"","meta":{"_acf_changed":false},"product_brand":[786],"product_cat":[15,19,862],"product_tag":[],"pro-kategorijos":[],"class_list":{"0":"post-6501","1":"product","2":"type-product","3":"status-publish","4":"has-post-thumbnail","6":"product_brand-addi","7":"product_cat-visi-produktai","8":"product_cat-mezgimo-priemones","9":"product_cat-virbalai-su-valu","11":"first","12":"instock","13":"shipping-taxable","14":"purchasable","15":"product-type-variable"},"acf":[],"yoast_head":"<!-- This site is optimized with the Yoast SEO plugin v26.8 - https:\/\/yoast.com\/product\/yoast-seo-wordpress\/ -->\n<title>Addi virbalai su valu 20 cm - Happyinaknit.com<\/title>\n<meta name=\"robots\" content=\"index, follow, max-snippet:-1, max-image-preview:large, max-video-preview:-1\" \/>\n<link rel=\"canonical\" href=\"https:\/\/happyinaknit.com\/en\/product\/addi-virbalai-su-valu-20-cm\/\" \/>\n<meta property=\"og:locale\" content=\"en_US\" \/>\n<meta property=\"og:type\" content=\"article\" \/>\n<meta property=\"og:title\" content=\"Addi virbalai su valu 20 cm - Happyinaknit.com\" \/>\n<meta property=\"og:description\" content=\"Kompakti\u0161ki ir ypa\u010d lyg\u016bs \u201eAddi\u201c \u00a0virbalai su valu \u00a0\u2013 puikus pasirinkimas mezgant ma\u017eas apimtis ratu, tokias kaip pir\u0161tin\u0117s, kojinyt\u0117s ar k\u016bdiki\u0173 drabu\u017e\u0117liai. D\u0117l kruop\u0161\u010diai nu\u0161lifuoto pavir\u0161iaus si\u016blai slysta lengvai ir tolygiai, o tvirtas valas u\u017etikrina stabil\u0173 mezgimo ritm\u0105. Pagaminta Vokietijoje. Med\u017eiaga: metalas Bendras ilgis: 20 cm (\u012fskaitant virbalus) Tinka: smulkiems mezginiams ratu \u2013 pir\u0161tin\u0117ms, p\u0117dkeln\u0117ms, [&hellip;]\" \/>\n<meta property=\"og:url\" content=\"https:\/\/happyinaknit.com\/en\/product\/addi-virbalai-su-valu-20-cm\/\" \/>\n<meta property=\"og:site_name\" content=\"Happyinaknit.com\" \/>\n<meta property=\"article:modified_time\" content=\"2025-10-28T13:50:31+00:00\" \/>\n<meta property=\"og:image\" content=\"https:\/\/happyinaknit.com\/wp-content\/uploads\/2025\/10\/IMG_0202.jpg\" \/>\n\t<meta property=\"og:image:width\" content=\"1320\" \/>\n\t<meta property=\"og:image:height\" content=\"1679\" \/>\n\t<meta property=\"og:image:type\" content=\"image\/jpeg\" \/>\n<meta name=\"twitter:card\" content=\"summary_large_image\" \/>\n<script type=\"application\/ld+json\" class=\"yoast-schema-graph\">{\"@context\":\"https:\/\/schema.org\",\"@graph\":[{\"@type\":\"WebPage\",\"@id\":\"https:\/\/happyinaknit.com\/produktas\/addi-virbalai-su-valu-20-cm\/\",\"url\":\"https:\/\/happyinaknit.com\/produktas\/addi-virbalai-su-valu-20-cm\/\",\"name\":\"Addi virbalai su valu 20 cm - Happyinaknit.com\",\"isPartOf\":{\"@id\":\"https:\/\/happyinaknit.com\/lt\/#website\"},\"primaryImageOfPage\":{\"@id\":\"https:\/\/happyinaknit.com\/produktas\/addi-virbalai-su-valu-20-cm\/#primaryimage\"},\"image\":{\"@id\":\"https:\/\/happyinaknit.com\/produktas\/addi-virbalai-su-valu-20-cm\/#primaryimage\"},\"thumbnailUrl\":\"https:\/\/happyinaknit.com\/wp-content\/uploads\/2025\/10\/IMG_0202.jpg\",\"datePublished\":\"2025-10-19T13:58:28+00:00\",\"dateModified\":\"2025-10-28T13:50:31+00:00\",\"breadcrumb\":{\"@id\":\"https:\/\/happyinaknit.com\/produktas\/addi-virbalai-su-valu-20-cm\/#breadcrumb\"},\"inLanguage\":\"en-US\",\"potentialAction\":[{\"@type\":\"ReadAction\",\"target\":[\"https:\/\/happyinaknit.com\/produktas\/addi-virbalai-su-valu-20-cm\/\"]}]},{\"@type\":\"ImageObject\",\"inLanguage\":\"en-US\",\"@id\":\"https:\/\/happyinaknit.com\/produktas\/addi-virbalai-su-valu-20-cm\/#primaryimage\",\"url\":\"https:\/\/happyinaknit.com\/wp-content\/uploads\/2025\/10\/IMG_0202.jpg\",\"contentUrl\":\"https:\/\/happyinaknit.com\/wp-content\/uploads\/2025\/10\/IMG_0202.jpg\",\"width\":1320,\"height\":1679},{\"@type\":\"BreadcrumbList\",\"@id\":\"https:\/\/happyinaknit.com\/produktas\/addi-virbalai-su-valu-20-cm\/#breadcrumb\",\"itemListElement\":[{\"@type\":\"ListItem\",\"position\":1,\"name\":\"Home\",\"item\":\"https:\/\/happyinaknit.com\/lt\/\"},{\"@type\":\"ListItem\",\"position\":2,\"name\":\"Parduotuv\u0117\",\"item\":\"https:\/\/happyinaknit.com\/lt\/parduotuve\/\"},{\"@type\":\"ListItem\",\"position\":3,\"name\":\"Addi virbalai su valu 20 cm\"}]},{\"@type\":\"WebSite\",\"@id\":\"https:\/\/happyinaknit.com\/lt\/#website\",\"url\":\"https:\/\/happyinaknit.com\/lt\/\",\"name\":\"Happyinaknit.com\",\"description\":\"\",\"potentialAction\":[{\"@type\":\"SearchAction\",\"target\":{\"@type\":\"EntryPoint\",\"urlTemplate\":\"https:\/\/happyinaknit.com\/lt\/?s={search_term_string}\"},\"query-input\":{\"@type\":\"PropertyValueSpecification\",\"valueRequired\":true,\"valueName\":\"search_term_string\"}}],\"inLanguage\":\"en-US\"}]}<\/script>\n<!-- \/ Yoast SEO plugin. -->","yoast_head_json":{"title":"Addi virbalai su valu 20 cm - Happyinaknit.com","robots":{"index":"index","follow":"follow","max-snippet":"max-snippet:-1","max-image-preview":"max-image-preview:large","max-video-preview":"max-video-preview:-1"},"canonical":"https:\/\/happyinaknit.com\/en\/product\/addi-virbalai-su-valu-20-cm\/","og_locale":"en_US","og_type":"article","og_title":"Addi virbalai su valu 20 cm - Happyinaknit.com","og_description":"Kompakti\u0161ki ir ypa\u010d lyg\u016bs \u201eAddi\u201c \u00a0virbalai su valu \u00a0\u2013 puikus pasirinkimas mezgant ma\u017eas apimtis ratu, tokias kaip pir\u0161tin\u0117s, kojinyt\u0117s ar k\u016bdiki\u0173 drabu\u017e\u0117liai. D\u0117l kruop\u0161\u010diai nu\u0161lifuoto pavir\u0161iaus si\u016blai slysta lengvai ir tolygiai, o tvirtas valas u\u017etikrina stabil\u0173 mezgimo ritm\u0105. Pagaminta Vokietijoje. Med\u017eiaga: metalas Bendras ilgis: 20 cm (\u012fskaitant virbalus) Tinka: smulkiems mezginiams ratu \u2013 pir\u0161tin\u0117ms, p\u0117dkeln\u0117ms, [&hellip;]","og_url":"https:\/\/happyinaknit.com\/en\/product\/addi-virbalai-su-valu-20-cm\/","og_site_name":"Happyinaknit.com","article_modified_time":"2025-10-28T13:50:31+00:00","og_image":[{"width":1320,"height":1679,"url":"https:\/\/happyinaknit.com\/wp-content\/uploads\/2025\/10\/IMG_0202.jpg","type":"image\/jpeg"}],"twitter_card":"summary_large_image","schema":{"@context":"https:\/\/schema.org","@graph":[{"@type":"WebPage","@id":"https:\/\/happyinaknit.com\/produktas\/addi-virbalai-su-valu-20-cm\/","url":"https:\/\/happyinaknit.com\/produktas\/addi-virbalai-su-valu-20-cm\/","name":"Addi virbalai su valu 20 cm - Happyinaknit.com","isPartOf":{"@id":"https:\/\/happyinaknit.com\/lt\/#website"},"primaryImageOfPage":{"@id":"https:\/\/happyinaknit.com\/produktas\/addi-virbalai-su-valu-20-cm\/#primaryimage"},"image":{"@id":"https:\/\/happyinaknit.com\/produktas\/addi-virbalai-su-valu-20-cm\/#primaryimage"},"thumbnailUrl":"https:\/\/happyinaknit.com\/wp-content\/uploads\/2025\/10\/IMG_0202.jpg","datePublished":"2025-10-19T13:58:28+00:00","dateModified":"2025-10-28T13:50:31+00:00","breadcrumb":{"@id":"https:\/\/happyinaknit.com\/produktas\/addi-virbalai-su-valu-20-cm\/#breadcrumb"},"inLanguage":"en-US","potentialAction":[{"@type":"ReadAction","target":["https:\/\/happyinaknit.com\/produktas\/addi-virbalai-su-valu-20-cm\/"]}]},{"@type":"ImageObject","inLanguage":"en-US","@id":"https:\/\/happyinaknit.com\/produktas\/addi-virbalai-su-valu-20-cm\/#primaryimage","url":"https:\/\/happyinaknit.com\/wp-content\/uploads\/2025\/10\/IMG_0202.jpg","contentUrl":"https:\/\/happyinaknit.com\/wp-content\/uploads\/2025\/10\/IMG_0202.jpg","width":1320,"height":1679},{"@type":"BreadcrumbList","@id":"https:\/\/happyinaknit.com\/produktas\/addi-virbalai-su-valu-20-cm\/#breadcrumb","itemListElement":[{"@type":"ListItem","position":1,"name":"Home","item":"https:\/\/happyinaknit.com\/lt\/"},{"@type":"ListItem","position":2,"name":"Parduotuv\u0117","item":"https:\/\/happyinaknit.com\/lt\/parduotuve\/"},{"@type":"ListItem","position":3,"name":"Addi virbalai su valu 20 cm"}]},{"@type":"WebSite","@id":"https:\/\/happyinaknit.com\/lt\/#website","url":"https:\/\/happyinaknit.com\/lt\/","name":"Happyinaknit.com","description":"","potentialAction":[{"@type":"SearchAction","target":{"@type":"EntryPoint","urlTemplate":"https:\/\/happyinaknit.com\/lt\/?s={search_term_string}"},"query-input":{"@type":"PropertyValueSpecification","valueRequired":true,"valueName":"search_term_string"}}],"inLanguage":"en-US"}]}},"_links":{"self":[{"href":"https:\/\/happyinaknit.com\/en\/wp-json\/wp\/v2\/product\/6501","targetHints":{"allow":["GET"]}}],"collection":[{"href":"https:\/\/happyinaknit.com\/en\/wp-json\/wp\/v2\/product"}],"about":[{"href":"https:\/\/happyinaknit.com\/en\/wp-json\/wp\/v2\/types\/product"}],"replies":[{"embeddable":true,"href":"https:\/\/happyinaknit.com\/en\/wp-json\/wp\/v2\/comments?post=6501"}],"wp:featuredmedia":[{"embeddable":true,"href":"https:\/\/happyinaknit.com\/en\/wp-json\/wp\/v2\/media\/6502"}],"wp:attachment":[{"href":"https:\/\/happyinaknit.com\/en\/wp-json\/wp\/v2\/media?parent=6501"}],"wp:term":[{"taxonomy":"product_brand","embeddable":true,"href":"https:\/\/happyinaknit.com\/en\/wp-json\/wp\/v2\/product_brand?post=6501"},{"taxonomy":"product_cat","embeddable":true,"href":"https:\/\/happyinaknit.com\/en\/wp-json\/wp\/v2\/product_cat?post=6501"},{"taxonomy":"product_tag","embeddable":true,"href":"https:\/\/happyinaknit.com\/en\/wp-json\/wp\/v2\/product_tag?post=6501"},{"taxonomy":"pro-kategorijos","embeddable":true,"href":"https:\/\/happyinaknit.com\/en\/wp-json\/wp\/v2\/pro-kategorijos?post=6501"}],"curies":[{"name":"wp","href":"https:\/\/api.w.org\/{rel}","templated":true}]}}