{"id":6499,"date":"2025-10-19T13:52:28","date_gmt":"2025-10-19T13:52:28","guid":{"rendered":"https:\/\/happyinaknit.com\/?post_type=product&#038;p=6499"},"modified":"2025-10-28T13:11:42","modified_gmt":"2025-10-28T13:11:42","slug":"addi-crasy-trio-long-virbalai-26-cm","status":"publish","type":"product","link":"https:\/\/happyinaknit.com\/en\/product\/addi-crasy-trio-long-virbalai-26-cm\/","title":{"rendered":"Addi CraSy Trio Long Knitting Needles 26 cm"},"content":{"rendered":"<p>Revolutionary <b>Addi CraSy Trio Long<\/b> The set consists of three metal circular needles with <b>flexible middle<\/b>, allowing you to comfortably knit small diameter products without seams. The stitches are distributed over two needles, and the third is used for knitting. This construction ensures special knitting comfort and speed.<\/p>\n<p>Each needle has two different tips:<\/p>\n<p>\u2022one \u2013 <b>Classic Basic<\/b> shapes (standard),<\/p>\n<p>\u2022other \u2013 <b>Lace<\/b> shape (elongated and more pointed) \u2013 ideal for complex patterns and braids.<\/p>\n<p>In addition, these needles can also be used <b>to make braid patterns<\/b> as an auxiliary tool.<\/p>\n<p>Made in Germany.<\/p>\n<p><b>Material:<\/b> metal<\/p>\n<p><b>Total length:<\/b> 26 cm<\/p>\n<p><b>Needle length:<\/b> about 10.5 cm<\/p>\n<p><b>Line:<\/b> flexible plastic connection between the tips<\/p>\n<p><b>Tips:<\/b> one Basic, one Lace<\/p>\n<p><b>Quantity in the set:<\/b> 3 knitting needles (same size)<\/p>\n<p><b>Suitable for:<\/b> socks, gloves, gaiters, sleeves, children&#039;s clothing<\/p>\n<p><b>Note:<\/b> Color shades may vary slightly depending on your device&#039;s screen.<\/p>","protected":false},"excerpt":{"rendered":"<p>Revoliucinis Addi CraSy Trio Long rinkinys \u2013 tai trys metaliniai apskritieji virbalai su lank\u0161\u010diu viduriu, leid\u017eiantys patogiai megzti ma\u017eo diametro gaminius be si\u016bli\u0173. Akys paskirstomos ant dviej\u0173 virbal\u0173, o tre\u010diuoju mezgama. \u0160i konstrukcija u\u017etikrina ypating\u0105 mezgimo komfort\u0105 ir greit\u012f. Kiekvienas virbalas turi du skirtingus antgalius: \u2022vienas \u2013 Classic Basic formos (standartinis), \u2022kitas \u2013 Lace formos [&hellip;]<\/p>\n","protected":false},"featured_media":6674,"comment_status":"open","ping_status":"closed","template":"","meta":{"_acf_changed":false},"product_brand":[786],"product_cat":[15,19,865],"product_tag":[],"pro-kategorijos":[],"class_list":{"0":"post-6499","1":"product","2":"type-product","3":"status-publish","4":"has-post-thumbnail","6":"product_brand-addi","7":"product_cat-visi-produktai","8":"product_cat-mezgimo-priemones","9":"product_cat-virbalai-kojinems","11":"first","12":"instock","13":"shipping-taxable","14":"purchasable","15":"product-type-variable"},"acf":[],"yoast_head":"<!-- This site is optimized with the Yoast SEO plugin v26.8 - https:\/\/yoast.com\/product\/yoast-seo-wordpress\/ -->\n<title>Addi CraSy Trio Long Virbalai 26 cm - Happyinaknit.com<\/title>\n<meta name=\"robots\" content=\"index, follow, max-snippet:-1, max-image-preview:large, max-video-preview:-1\" \/>\n<link rel=\"canonical\" href=\"https:\/\/happyinaknit.com\/en\/product\/addi-crasy-trio-long-virbalai-26-cm\/\" \/>\n<meta property=\"og:locale\" content=\"en_US\" \/>\n<meta property=\"og:type\" content=\"article\" \/>\n<meta property=\"og:title\" content=\"Addi CraSy Trio Long Virbalai 26 cm - Happyinaknit.com\" \/>\n<meta property=\"og:description\" content=\"Revoliucinis Addi CraSy Trio Long rinkinys \u2013 tai trys metaliniai apskritieji virbalai su lank\u0161\u010diu viduriu, leid\u017eiantys patogiai megzti ma\u017eo diametro gaminius be si\u016bli\u0173. Akys paskirstomos ant dviej\u0173 virbal\u0173, o tre\u010diuoju mezgama. \u0160i konstrukcija u\u017etikrina ypating\u0105 mezgimo komfort\u0105 ir greit\u012f. Kiekvienas virbalas turi du skirtingus antgalius: \u2022vienas \u2013 Classic Basic formos (standartinis), \u2022kitas \u2013 Lace formos [&hellip;]\" \/>\n<meta property=\"og:url\" content=\"https:\/\/happyinaknit.com\/en\/product\/addi-crasy-trio-long-virbalai-26-cm\/\" \/>\n<meta property=\"og:site_name\" content=\"Happyinaknit.com\" \/>\n<meta property=\"article:modified_time\" content=\"2025-10-28T13:11:42+00:00\" \/>\n<meta property=\"og:image\" content=\"https:\/\/happyinaknit.com\/wp-content\/uploads\/2025\/10\/addi-crasy-trio-knitting-needle-steel_main-1.jpg.webp\" \/>\n\t<meta property=\"og:image:width\" content=\"1250\" \/>\n\t<meta property=\"og:image:height\" content=\"1231\" \/>\n\t<meta property=\"og:image:type\" content=\"image\/webp\" \/>\n<meta name=\"twitter:card\" content=\"summary_large_image\" \/>\n<meta name=\"twitter:label1\" content=\"Est. reading time\" \/>\n\t<meta name=\"twitter:data1\" content=\"1 minute\" \/>\n<script type=\"application\/ld+json\" class=\"yoast-schema-graph\">{\"@context\":\"https:\/\/schema.org\",\"@graph\":[{\"@type\":\"WebPage\",\"@id\":\"https:\/\/happyinaknit.com\/produktas\/addi-crasy-trio-long-virbalai-26-cm\/\",\"url\":\"https:\/\/happyinaknit.com\/produktas\/addi-crasy-trio-long-virbalai-26-cm\/\",\"name\":\"Addi CraSy Trio Long Virbalai 26 cm - Happyinaknit.com\",\"isPartOf\":{\"@id\":\"https:\/\/happyinaknit.com\/lt\/#website\"},\"primaryImageOfPage\":{\"@id\":\"https:\/\/happyinaknit.com\/produktas\/addi-crasy-trio-long-virbalai-26-cm\/#primaryimage\"},\"image\":{\"@id\":\"https:\/\/happyinaknit.com\/produktas\/addi-crasy-trio-long-virbalai-26-cm\/#primaryimage\"},\"thumbnailUrl\":\"https:\/\/happyinaknit.com\/wp-content\/uploads\/2025\/10\/addi-crasy-trio-knitting-needle-steel_main-1.jpg.webp\",\"datePublished\":\"2025-10-19T13:52:28+00:00\",\"dateModified\":\"2025-10-28T13:11:42+00:00\",\"breadcrumb\":{\"@id\":\"https:\/\/happyinaknit.com\/produktas\/addi-crasy-trio-long-virbalai-26-cm\/#breadcrumb\"},\"inLanguage\":\"en-US\",\"potentialAction\":[{\"@type\":\"ReadAction\",\"target\":[\"https:\/\/happyinaknit.com\/produktas\/addi-crasy-trio-long-virbalai-26-cm\/\"]}]},{\"@type\":\"ImageObject\",\"inLanguage\":\"en-US\",\"@id\":\"https:\/\/happyinaknit.com\/produktas\/addi-crasy-trio-long-virbalai-26-cm\/#primaryimage\",\"url\":\"https:\/\/happyinaknit.com\/wp-content\/uploads\/2025\/10\/addi-crasy-trio-knitting-needle-steel_main-1.jpg.webp\",\"contentUrl\":\"https:\/\/happyinaknit.com\/wp-content\/uploads\/2025\/10\/addi-crasy-trio-knitting-needle-steel_main-1.jpg.webp\",\"width\":1250,\"height\":1231},{\"@type\":\"BreadcrumbList\",\"@id\":\"https:\/\/happyinaknit.com\/produktas\/addi-crasy-trio-long-virbalai-26-cm\/#breadcrumb\",\"itemListElement\":[{\"@type\":\"ListItem\",\"position\":1,\"name\":\"Home\",\"item\":\"https:\/\/happyinaknit.com\/lt\/\"},{\"@type\":\"ListItem\",\"position\":2,\"name\":\"Parduotuv\u0117\",\"item\":\"https:\/\/happyinaknit.com\/lt\/parduotuve\/\"},{\"@type\":\"ListItem\",\"position\":3,\"name\":\"Addi CraSy Trio Long Virbalai 26 cm\"}]},{\"@type\":\"WebSite\",\"@id\":\"https:\/\/happyinaknit.com\/lt\/#website\",\"url\":\"https:\/\/happyinaknit.com\/lt\/\",\"name\":\"Happyinaknit.com\",\"description\":\"\",\"potentialAction\":[{\"@type\":\"SearchAction\",\"target\":{\"@type\":\"EntryPoint\",\"urlTemplate\":\"https:\/\/happyinaknit.com\/lt\/?s={search_term_string}\"},\"query-input\":{\"@type\":\"PropertyValueSpecification\",\"valueRequired\":true,\"valueName\":\"search_term_string\"}}],\"inLanguage\":\"en-US\"}]}<\/script>\n<!-- \/ Yoast SEO plugin. -->","yoast_head_json":{"title":"Addi CraSy Trio Long Virbalai 26 cm - Happyinaknit.com","robots":{"index":"index","follow":"follow","max-snippet":"max-snippet:-1","max-image-preview":"max-image-preview:large","max-video-preview":"max-video-preview:-1"},"canonical":"https:\/\/happyinaknit.com\/en\/product\/addi-crasy-trio-long-virbalai-26-cm\/","og_locale":"en_US","og_type":"article","og_title":"Addi CraSy Trio Long Virbalai 26 cm - Happyinaknit.com","og_description":"Revoliucinis Addi CraSy Trio Long rinkinys \u2013 tai trys metaliniai apskritieji virbalai su lank\u0161\u010diu viduriu, leid\u017eiantys patogiai megzti ma\u017eo diametro gaminius be si\u016bli\u0173. Akys paskirstomos ant dviej\u0173 virbal\u0173, o tre\u010diuoju mezgama. \u0160i konstrukcija u\u017etikrina ypating\u0105 mezgimo komfort\u0105 ir greit\u012f. Kiekvienas virbalas turi du skirtingus antgalius: \u2022vienas \u2013 Classic Basic formos (standartinis), \u2022kitas \u2013 Lace formos [&hellip;]","og_url":"https:\/\/happyinaknit.com\/en\/product\/addi-crasy-trio-long-virbalai-26-cm\/","og_site_name":"Happyinaknit.com","article_modified_time":"2025-10-28T13:11:42+00:00","og_image":[{"width":1250,"height":1231,"url":"https:\/\/happyinaknit.com\/wp-content\/uploads\/2025\/10\/addi-crasy-trio-knitting-needle-steel_main-1.jpg.webp","type":"image\/webp"}],"twitter_card":"summary_large_image","twitter_misc":{"Est. reading time":"1 minute"},"schema":{"@context":"https:\/\/schema.org","@graph":[{"@type":"WebPage","@id":"https:\/\/happyinaknit.com\/produktas\/addi-crasy-trio-long-virbalai-26-cm\/","url":"https:\/\/happyinaknit.com\/produktas\/addi-crasy-trio-long-virbalai-26-cm\/","name":"Addi CraSy Trio Long Virbalai 26 cm - Happyinaknit.com","isPartOf":{"@id":"https:\/\/happyinaknit.com\/lt\/#website"},"primaryImageOfPage":{"@id":"https:\/\/happyinaknit.com\/produktas\/addi-crasy-trio-long-virbalai-26-cm\/#primaryimage"},"image":{"@id":"https:\/\/happyinaknit.com\/produktas\/addi-crasy-trio-long-virbalai-26-cm\/#primaryimage"},"thumbnailUrl":"https:\/\/happyinaknit.com\/wp-content\/uploads\/2025\/10\/addi-crasy-trio-knitting-needle-steel_main-1.jpg.webp","datePublished":"2025-10-19T13:52:28+00:00","dateModified":"2025-10-28T13:11:42+00:00","breadcrumb":{"@id":"https:\/\/happyinaknit.com\/produktas\/addi-crasy-trio-long-virbalai-26-cm\/#breadcrumb"},"inLanguage":"en-US","potentialAction":[{"@type":"ReadAction","target":["https:\/\/happyinaknit.com\/produktas\/addi-crasy-trio-long-virbalai-26-cm\/"]}]},{"@type":"ImageObject","inLanguage":"en-US","@id":"https:\/\/happyinaknit.com\/produktas\/addi-crasy-trio-long-virbalai-26-cm\/#primaryimage","url":"https:\/\/happyinaknit.com\/wp-content\/uploads\/2025\/10\/addi-crasy-trio-knitting-needle-steel_main-1.jpg.webp","contentUrl":"https:\/\/happyinaknit.com\/wp-content\/uploads\/2025\/10\/addi-crasy-trio-knitting-needle-steel_main-1.jpg.webp","width":1250,"height":1231},{"@type":"BreadcrumbList","@id":"https:\/\/happyinaknit.com\/produktas\/addi-crasy-trio-long-virbalai-26-cm\/#breadcrumb","itemListElement":[{"@type":"ListItem","position":1,"name":"Home","item":"https:\/\/happyinaknit.com\/lt\/"},{"@type":"ListItem","position":2,"name":"Parduotuv\u0117","item":"https:\/\/happyinaknit.com\/lt\/parduotuve\/"},{"@type":"ListItem","position":3,"name":"Addi CraSy Trio Long Virbalai 26 cm"}]},{"@type":"WebSite","@id":"https:\/\/happyinaknit.com\/lt\/#website","url":"https:\/\/happyinaknit.com\/lt\/","name":"Happyinaknit.com","description":"","potentialAction":[{"@type":"SearchAction","target":{"@type":"EntryPoint","urlTemplate":"https:\/\/happyinaknit.com\/lt\/?s={search_term_string}"},"query-input":{"@type":"PropertyValueSpecification","valueRequired":true,"valueName":"search_term_string"}}],"inLanguage":"en-US"}]}},"_links":{"self":[{"href":"https:\/\/happyinaknit.com\/en\/wp-json\/wp\/v2\/product\/6499","targetHints":{"allow":["GET"]}}],"collection":[{"href":"https:\/\/happyinaknit.com\/en\/wp-json\/wp\/v2\/product"}],"about":[{"href":"https:\/\/happyinaknit.com\/en\/wp-json\/wp\/v2\/types\/product"}],"replies":[{"embeddable":true,"href":"https:\/\/happyinaknit.com\/en\/wp-json\/wp\/v2\/comments?post=6499"}],"wp:featuredmedia":[{"embeddable":true,"href":"https:\/\/happyinaknit.com\/en\/wp-json\/wp\/v2\/media\/6674"}],"wp:attachment":[{"href":"https:\/\/happyinaknit.com\/en\/wp-json\/wp\/v2\/media?parent=6499"}],"wp:term":[{"taxonomy":"product_brand","embeddable":true,"href":"https:\/\/happyinaknit.com\/en\/wp-json\/wp\/v2\/product_brand?post=6499"},{"taxonomy":"product_cat","embeddable":true,"href":"https:\/\/happyinaknit.com\/en\/wp-json\/wp\/v2\/product_cat?post=6499"},{"taxonomy":"product_tag","embeddable":true,"href":"https:\/\/happyinaknit.com\/en\/wp-json\/wp\/v2\/product_tag?post=6499"},{"taxonomy":"pro-kategorijos","embeddable":true,"href":"https:\/\/happyinaknit.com\/en\/wp-json\/wp\/v2\/pro-kategorijos?post=6499"}],"curies":[{"name":"wp","href":"https:\/\/api.w.org\/{rel}","templated":true}]}}