{"id":6457,"date":"2025-10-19T13:30:15","date_gmt":"2025-10-19T13:30:15","guid":{"rendered":"https:\/\/happyinaknit.com\/?post_type=product&#038;p=6457"},"modified":"2025-10-19T13:30:16","modified_gmt":"2025-10-19T13:30:16","slug":"addi-click-lace-valas-prisukamiems-virbalams","status":"publish","type":"product","link":"https:\/\/happyinaknit.com\/en\/product\/addi-click-lace-valas-prisukamiems-virbalams\/","title":{"rendered":"Addi Click Lace Cable"},"content":{"rendered":"<p>The classic Addi Click Lace line is a reliable choice for your spinning rods. Designed specifically for <b>Addi Click<\/b> system, this line ensures smooth connection and easy knitting process. Strong plastic and high-quality metal connections guarantee durability and comfortable use.<\/p>\n<p>Made in Germany.<\/p>\n<p><b>Material:<\/b> metal + plastic<\/p>\n<p><b>Suitable for system:<\/b> <i>Addi Click Lace<\/i> (also compatible with other Addi Click series)<\/p>\n<p><b>Features:<\/b> flexible, durable, ensures smooth thread glide<\/p>\n<p><b>Note:<\/b> Color shades may vary slightly depending on your device&#039;s screen.<\/p>","protected":false},"excerpt":{"rendered":"<p>Klasikinis \u201eAddi Click Lace\u201c valas \u2013 patikimas pasirinkimas j\u016bs\u0173 prisukamiems virbalams. Sukurtas specialiai Addi Click sistemai, \u0161is valas u\u017etikrina skland\u0173 sujungim\u0105 ir lengv\u0105 mezgimo proces\u0105. Tvirtas plastikas ir kokybi\u0161ki metaliniai sujungimai garantuoja ilgaam\u017ei\u0161kum\u0105 ir patog\u0173 naudojim\u0105. Pagaminta Vokietijoje. Med\u017eiaga: metalas + plastikas Tinka sistemai: Addi Click Lace (taip pat suderinamas su kitomis Addi Click serijomis) [&hellip;]<\/p>\n","protected":false},"featured_media":6458,"comment_status":"open","ping_status":"closed","template":"","meta":{"_acf_changed":false},"product_brand":[786],"product_cat":[15,19,864],"product_tag":[],"pro-kategorijos":[],"class_list":{"0":"post-6457","1":"product","2":"type-product","3":"status-publish","4":"has-post-thumbnail","6":"product_brand-addi","7":"product_cat-visi-produktai","8":"product_cat-mezgimo-priemones","9":"product_cat-valai-virbalams","11":"first","12":"instock","13":"shipping-taxable","14":"purchasable","15":"product-type-variable"},"acf":[],"yoast_head":"<!-- This site is optimized with the Yoast SEO plugin v26.8 - https:\/\/yoast.com\/product\/yoast-seo-wordpress\/ -->\n<title>Addi Click Lace Valas prisukamiems virbalams - Happyinaknit.com<\/title>\n<meta name=\"robots\" content=\"index, follow, max-snippet:-1, max-image-preview:large, max-video-preview:-1\" \/>\n<link rel=\"canonical\" href=\"https:\/\/happyinaknit.com\/en\/product\/addi-click-lace-valas-prisukamiems-virbalams\/\" \/>\n<meta property=\"og:locale\" content=\"en_US\" \/>\n<meta property=\"og:type\" content=\"article\" \/>\n<meta property=\"og:title\" content=\"Addi Click Lace Valas prisukamiems virbalams - Happyinaknit.com\" \/>\n<meta property=\"og:description\" content=\"Klasikinis \u201eAddi Click Lace\u201c valas \u2013 patikimas pasirinkimas j\u016bs\u0173 prisukamiems virbalams. Sukurtas specialiai Addi Click sistemai, \u0161is valas u\u017etikrina skland\u0173 sujungim\u0105 ir lengv\u0105 mezgimo proces\u0105. Tvirtas plastikas ir kokybi\u0161ki metaliniai sujungimai garantuoja ilgaam\u017ei\u0161kum\u0105 ir patog\u0173 naudojim\u0105. Pagaminta Vokietijoje. Med\u017eiaga: metalas + plastikas Tinka sistemai: Addi Click Lace (taip pat suderinamas su kitomis Addi Click serijomis) [&hellip;]\" \/>\n<meta property=\"og:url\" content=\"https:\/\/happyinaknit.com\/en\/product\/addi-click-lace-valas-prisukamiems-virbalams\/\" \/>\n<meta property=\"og:site_name\" content=\"Happyinaknit.com\" \/>\n<meta property=\"article:modified_time\" content=\"2025-10-19T13:30:16+00:00\" \/>\n<meta property=\"og:image\" content=\"https:\/\/happyinaknit.com\/wp-content\/uploads\/2025\/10\/759-2_Addi_click_lace_cord_2_0.jpeg\" \/>\n\t<meta property=\"og:image:width\" content=\"301\" \/>\n\t<meta property=\"og:image:height\" content=\"400\" \/>\n\t<meta property=\"og:image:type\" content=\"image\/jpeg\" \/>\n<meta name=\"twitter:card\" content=\"summary_large_image\" \/>\n<script type=\"application\/ld+json\" class=\"yoast-schema-graph\">{\"@context\":\"https:\/\/schema.org\",\"@graph\":[{\"@type\":\"WebPage\",\"@id\":\"https:\/\/happyinaknit.com\/produktas\/addi-click-lace-valas-prisukamiems-virbalams\/\",\"url\":\"https:\/\/happyinaknit.com\/produktas\/addi-click-lace-valas-prisukamiems-virbalams\/\",\"name\":\"Addi Click Lace Valas prisukamiems virbalams - Happyinaknit.com\",\"isPartOf\":{\"@id\":\"https:\/\/happyinaknit.com\/lt\/#website\"},\"primaryImageOfPage\":{\"@id\":\"https:\/\/happyinaknit.com\/produktas\/addi-click-lace-valas-prisukamiems-virbalams\/#primaryimage\"},\"image\":{\"@id\":\"https:\/\/happyinaknit.com\/produktas\/addi-click-lace-valas-prisukamiems-virbalams\/#primaryimage\"},\"thumbnailUrl\":\"https:\/\/happyinaknit.com\/wp-content\/uploads\/2025\/10\/759-2_Addi_click_lace_cord_2_0.jpeg\",\"datePublished\":\"2025-10-19T13:30:15+00:00\",\"dateModified\":\"2025-10-19T13:30:16+00:00\",\"breadcrumb\":{\"@id\":\"https:\/\/happyinaknit.com\/produktas\/addi-click-lace-valas-prisukamiems-virbalams\/#breadcrumb\"},\"inLanguage\":\"en-US\",\"potentialAction\":[{\"@type\":\"ReadAction\",\"target\":[\"https:\/\/happyinaknit.com\/produktas\/addi-click-lace-valas-prisukamiems-virbalams\/\"]}]},{\"@type\":\"ImageObject\",\"inLanguage\":\"en-US\",\"@id\":\"https:\/\/happyinaknit.com\/produktas\/addi-click-lace-valas-prisukamiems-virbalams\/#primaryimage\",\"url\":\"https:\/\/happyinaknit.com\/wp-content\/uploads\/2025\/10\/759-2_Addi_click_lace_cord_2_0.jpeg\",\"contentUrl\":\"https:\/\/happyinaknit.com\/wp-content\/uploads\/2025\/10\/759-2_Addi_click_lace_cord_2_0.jpeg\",\"width\":301,\"height\":400},{\"@type\":\"BreadcrumbList\",\"@id\":\"https:\/\/happyinaknit.com\/produktas\/addi-click-lace-valas-prisukamiems-virbalams\/#breadcrumb\",\"itemListElement\":[{\"@type\":\"ListItem\",\"position\":1,\"name\":\"Home\",\"item\":\"https:\/\/happyinaknit.com\/lt\/\"},{\"@type\":\"ListItem\",\"position\":2,\"name\":\"Parduotuv\u0117\",\"item\":\"https:\/\/happyinaknit.com\/lt\/parduotuve\/\"},{\"@type\":\"ListItem\",\"position\":3,\"name\":\"Addi Click Lace Valas prisukamiems virbalams\"}]},{\"@type\":\"WebSite\",\"@id\":\"https:\/\/happyinaknit.com\/lt\/#website\",\"url\":\"https:\/\/happyinaknit.com\/lt\/\",\"name\":\"Happyinaknit.com\",\"description\":\"\",\"potentialAction\":[{\"@type\":\"SearchAction\",\"target\":{\"@type\":\"EntryPoint\",\"urlTemplate\":\"https:\/\/happyinaknit.com\/lt\/?s={search_term_string}\"},\"query-input\":{\"@type\":\"PropertyValueSpecification\",\"valueRequired\":true,\"valueName\":\"search_term_string\"}}],\"inLanguage\":\"en-US\"}]}<\/script>\n<!-- \/ Yoast SEO plugin. -->","yoast_head_json":{"title":"Addi Click Lace Valas prisukamiems virbalams - Happyinaknit.com","robots":{"index":"index","follow":"follow","max-snippet":"max-snippet:-1","max-image-preview":"max-image-preview:large","max-video-preview":"max-video-preview:-1"},"canonical":"https:\/\/happyinaknit.com\/en\/product\/addi-click-lace-valas-prisukamiems-virbalams\/","og_locale":"en_US","og_type":"article","og_title":"Addi Click Lace Valas prisukamiems virbalams - Happyinaknit.com","og_description":"Klasikinis \u201eAddi Click Lace\u201c valas \u2013 patikimas pasirinkimas j\u016bs\u0173 prisukamiems virbalams. Sukurtas specialiai Addi Click sistemai, \u0161is valas u\u017etikrina skland\u0173 sujungim\u0105 ir lengv\u0105 mezgimo proces\u0105. Tvirtas plastikas ir kokybi\u0161ki metaliniai sujungimai garantuoja ilgaam\u017ei\u0161kum\u0105 ir patog\u0173 naudojim\u0105. Pagaminta Vokietijoje. Med\u017eiaga: metalas + plastikas Tinka sistemai: Addi Click Lace (taip pat suderinamas su kitomis Addi Click serijomis) [&hellip;]","og_url":"https:\/\/happyinaknit.com\/en\/product\/addi-click-lace-valas-prisukamiems-virbalams\/","og_site_name":"Happyinaknit.com","article_modified_time":"2025-10-19T13:30:16+00:00","og_image":[{"width":301,"height":400,"url":"https:\/\/happyinaknit.com\/wp-content\/uploads\/2025\/10\/759-2_Addi_click_lace_cord_2_0.jpeg","type":"image\/jpeg"}],"twitter_card":"summary_large_image","schema":{"@context":"https:\/\/schema.org","@graph":[{"@type":"WebPage","@id":"https:\/\/happyinaknit.com\/produktas\/addi-click-lace-valas-prisukamiems-virbalams\/","url":"https:\/\/happyinaknit.com\/produktas\/addi-click-lace-valas-prisukamiems-virbalams\/","name":"Addi Click Lace Valas prisukamiems virbalams - Happyinaknit.com","isPartOf":{"@id":"https:\/\/happyinaknit.com\/lt\/#website"},"primaryImageOfPage":{"@id":"https:\/\/happyinaknit.com\/produktas\/addi-click-lace-valas-prisukamiems-virbalams\/#primaryimage"},"image":{"@id":"https:\/\/happyinaknit.com\/produktas\/addi-click-lace-valas-prisukamiems-virbalams\/#primaryimage"},"thumbnailUrl":"https:\/\/happyinaknit.com\/wp-content\/uploads\/2025\/10\/759-2_Addi_click_lace_cord_2_0.jpeg","datePublished":"2025-10-19T13:30:15+00:00","dateModified":"2025-10-19T13:30:16+00:00","breadcrumb":{"@id":"https:\/\/happyinaknit.com\/produktas\/addi-click-lace-valas-prisukamiems-virbalams\/#breadcrumb"},"inLanguage":"en-US","potentialAction":[{"@type":"ReadAction","target":["https:\/\/happyinaknit.com\/produktas\/addi-click-lace-valas-prisukamiems-virbalams\/"]}]},{"@type":"ImageObject","inLanguage":"en-US","@id":"https:\/\/happyinaknit.com\/produktas\/addi-click-lace-valas-prisukamiems-virbalams\/#primaryimage","url":"https:\/\/happyinaknit.com\/wp-content\/uploads\/2025\/10\/759-2_Addi_click_lace_cord_2_0.jpeg","contentUrl":"https:\/\/happyinaknit.com\/wp-content\/uploads\/2025\/10\/759-2_Addi_click_lace_cord_2_0.jpeg","width":301,"height":400},{"@type":"BreadcrumbList","@id":"https:\/\/happyinaknit.com\/produktas\/addi-click-lace-valas-prisukamiems-virbalams\/#breadcrumb","itemListElement":[{"@type":"ListItem","position":1,"name":"Home","item":"https:\/\/happyinaknit.com\/lt\/"},{"@type":"ListItem","position":2,"name":"Parduotuv\u0117","item":"https:\/\/happyinaknit.com\/lt\/parduotuve\/"},{"@type":"ListItem","position":3,"name":"Addi Click Lace Valas prisukamiems virbalams"}]},{"@type":"WebSite","@id":"https:\/\/happyinaknit.com\/lt\/#website","url":"https:\/\/happyinaknit.com\/lt\/","name":"Happyinaknit.com","description":"","potentialAction":[{"@type":"SearchAction","target":{"@type":"EntryPoint","urlTemplate":"https:\/\/happyinaknit.com\/lt\/?s={search_term_string}"},"query-input":{"@type":"PropertyValueSpecification","valueRequired":true,"valueName":"search_term_string"}}],"inLanguage":"en-US"}]}},"_links":{"self":[{"href":"https:\/\/happyinaknit.com\/en\/wp-json\/wp\/v2\/product\/6457","targetHints":{"allow":["GET"]}}],"collection":[{"href":"https:\/\/happyinaknit.com\/en\/wp-json\/wp\/v2\/product"}],"about":[{"href":"https:\/\/happyinaknit.com\/en\/wp-json\/wp\/v2\/types\/product"}],"replies":[{"embeddable":true,"href":"https:\/\/happyinaknit.com\/en\/wp-json\/wp\/v2\/comments?post=6457"}],"wp:featuredmedia":[{"embeddable":true,"href":"https:\/\/happyinaknit.com\/en\/wp-json\/wp\/v2\/media\/6458"}],"wp:attachment":[{"href":"https:\/\/happyinaknit.com\/en\/wp-json\/wp\/v2\/media?parent=6457"}],"wp:term":[{"taxonomy":"product_brand","embeddable":true,"href":"https:\/\/happyinaknit.com\/en\/wp-json\/wp\/v2\/product_brand?post=6457"},{"taxonomy":"product_cat","embeddable":true,"href":"https:\/\/happyinaknit.com\/en\/wp-json\/wp\/v2\/product_cat?post=6457"},{"taxonomy":"product_tag","embeddable":true,"href":"https:\/\/happyinaknit.com\/en\/wp-json\/wp\/v2\/product_tag?post=6457"},{"taxonomy":"pro-kategorijos","embeddable":true,"href":"https:\/\/happyinaknit.com\/en\/wp-json\/wp\/v2\/pro-kategorijos?post=6457"}],"curies":[{"name":"wp","href":"https:\/\/api.w.org\/{rel}","templated":true}]}}