{"id":6444,"date":"2025-10-19T13:20:21","date_gmt":"2025-10-19T13:20:21","guid":{"rendered":"https:\/\/happyinaknit.com\/?post_type=product&#038;p=6444"},"modified":"2025-10-19T13:20:21","modified_gmt":"2025-10-19T13:20:21","slug":"addi-click-novel-lace-short-prisukami-virbalai","status":"publish","type":"product","link":"https:\/\/happyinaknit.com\/en\/product\/addi-click-novel-lace-short-prisukami-virbalai\/","title":{"rendered":"Addi Click Novel Lace Short Interchangeable Needles"},"content":{"rendered":"<p>The Addi Click Novel Lace Short pointed needles are designed to make knitting even more precise and comfortable. Their surface has a delicate <strong>Novel<\/strong><b>\u00a0structure<\/b>, which gently massages the fingers and allows the yarn to slide more easily. These needles are ideal for finer, more detailed knitting, especially lace.<\/p>\n<p>Made in Germany.<\/p>\n<p><b>Material:<\/b> brass<\/p>\n<p><b>Needle length:<\/b> 8.7cm<\/p>\n<p><b>Suitable for system:<\/b> <i>Addi Click<\/i> (compatible with all Addi Click lines)<\/p>\n<p><b>Features:<\/b> lightweight, ergonomic, with Novel series structure<\/p>\n<p><b>Manufacturer:<\/b> Addi<\/p>\n<p><b>Note:<\/b> Color shades may vary slightly depending on your device&#039;s screen.<\/p>","protected":false},"excerpt":{"rendered":"<p>Trumpi \u201eAddi Click Novel Lace Short\u201c prisukami virbalai sukurti tam, kad mezgimas b\u016bt\u0173 dar tikslesnis ir patogesnis. J\u0173 pavir\u0161ius turi subtili\u0105 Novel\u00a0strukt\u016br\u0105, kuri \u0161velniai masa\u017euoja pir\u0161tus ir leid\u017eia si\u016blams slysti lengviau. \u0160ie virbalai idealiai tinka smulkesniems, detalizuotiems mezginiams, ypa\u010d n\u0117riniams. Pagaminta Vokietijoje. Med\u017eiaga: \u017ealvaris Virbalo ilgis: 8,7 cm Tinka sistemai: Addi Click (suderinami su visais [&hellip;]<\/p>\n","protected":false},"featured_media":6445,"comment_status":"open","ping_status":"closed","template":"","meta":{"_acf_changed":false},"product_brand":[786],"product_cat":[15,19,863],"product_tag":[],"pro-kategorijos":[],"class_list":{"0":"post-6444","1":"product","2":"type-product","3":"status-publish","4":"has-post-thumbnail","6":"product_brand-addi","7":"product_cat-visi-produktai","8":"product_cat-mezgimo-priemones","9":"product_cat-prisukami-virbalai","11":"first","12":"instock","13":"shipping-taxable","14":"purchasable","15":"product-type-variable"},"acf":[],"yoast_head":"<!-- This site is optimized with the Yoast SEO plugin v26.8 - https:\/\/yoast.com\/product\/yoast-seo-wordpress\/ -->\n<title>Addi Click Novel Lace Short Prisukami Virbalai - Happyinaknit.com<\/title>\n<meta name=\"robots\" content=\"index, follow, max-snippet:-1, max-image-preview:large, max-video-preview:-1\" \/>\n<link rel=\"canonical\" href=\"https:\/\/happyinaknit.com\/en\/product\/addi-click-novel-lace-short-prisukami-virbalai\/\" \/>\n<meta property=\"og:locale\" content=\"en_US\" \/>\n<meta property=\"og:type\" content=\"article\" \/>\n<meta property=\"og:title\" content=\"Addi Click Novel Lace Short Prisukami Virbalai - Happyinaknit.com\" \/>\n<meta property=\"og:description\" content=\"Trumpi \u201eAddi Click Novel Lace Short\u201c prisukami virbalai sukurti tam, kad mezgimas b\u016bt\u0173 dar tikslesnis ir patogesnis. J\u0173 pavir\u0161ius turi subtili\u0105 Novel\u00a0strukt\u016br\u0105, kuri \u0161velniai masa\u017euoja pir\u0161tus ir leid\u017eia si\u016blams slysti lengviau. \u0160ie virbalai idealiai tinka smulkesniems, detalizuotiems mezginiams, ypa\u010d n\u0117riniams. Pagaminta Vokietijoje. Med\u017eiaga: \u017ealvaris Virbalo ilgis: 8,7 cm Tinka sistemai: Addi Click (suderinami su visais [&hellip;]\" \/>\n<meta property=\"og:url\" content=\"https:\/\/happyinaknit.com\/en\/product\/addi-click-novel-lace-short-prisukami-virbalai\/\" \/>\n<meta property=\"og:site_name\" content=\"Happyinaknit.com\" \/>\n<meta property=\"og:image\" content=\"https:\/\/happyinaknit.com\/wp-content\/uploads\/2025\/10\/MG_4463.jpg\" \/>\n\t<meta property=\"og:image:width\" content=\"800\" \/>\n\t<meta property=\"og:image:height\" content=\"670\" \/>\n\t<meta property=\"og:image:type\" content=\"image\/jpeg\" \/>\n<meta name=\"twitter:card\" content=\"summary_large_image\" \/>\n<script type=\"application\/ld+json\" class=\"yoast-schema-graph\">{\"@context\":\"https:\/\/schema.org\",\"@graph\":[{\"@type\":\"WebPage\",\"@id\":\"https:\/\/happyinaknit.com\/produktas\/addi-click-novel-lace-short-prisukami-virbalai\/\",\"url\":\"https:\/\/happyinaknit.com\/produktas\/addi-click-novel-lace-short-prisukami-virbalai\/\",\"name\":\"Addi Click Novel Lace Short Prisukami Virbalai - Happyinaknit.com\",\"isPartOf\":{\"@id\":\"https:\/\/happyinaknit.com\/lt\/#website\"},\"primaryImageOfPage\":{\"@id\":\"https:\/\/happyinaknit.com\/produktas\/addi-click-novel-lace-short-prisukami-virbalai\/#primaryimage\"},\"image\":{\"@id\":\"https:\/\/happyinaknit.com\/produktas\/addi-click-novel-lace-short-prisukami-virbalai\/#primaryimage\"},\"thumbnailUrl\":\"https:\/\/happyinaknit.com\/wp-content\/uploads\/2025\/10\/MG_4463.jpg\",\"datePublished\":\"2025-10-19T13:20:21+00:00\",\"breadcrumb\":{\"@id\":\"https:\/\/happyinaknit.com\/produktas\/addi-click-novel-lace-short-prisukami-virbalai\/#breadcrumb\"},\"inLanguage\":\"en-US\",\"potentialAction\":[{\"@type\":\"ReadAction\",\"target\":[\"https:\/\/happyinaknit.com\/produktas\/addi-click-novel-lace-short-prisukami-virbalai\/\"]}]},{\"@type\":\"ImageObject\",\"inLanguage\":\"en-US\",\"@id\":\"https:\/\/happyinaknit.com\/produktas\/addi-click-novel-lace-short-prisukami-virbalai\/#primaryimage\",\"url\":\"https:\/\/happyinaknit.com\/wp-content\/uploads\/2025\/10\/MG_4463.jpg\",\"contentUrl\":\"https:\/\/happyinaknit.com\/wp-content\/uploads\/2025\/10\/MG_4463.jpg\",\"width\":800,\"height\":670},{\"@type\":\"BreadcrumbList\",\"@id\":\"https:\/\/happyinaknit.com\/produktas\/addi-click-novel-lace-short-prisukami-virbalai\/#breadcrumb\",\"itemListElement\":[{\"@type\":\"ListItem\",\"position\":1,\"name\":\"Home\",\"item\":\"https:\/\/happyinaknit.com\/lt\/\"},{\"@type\":\"ListItem\",\"position\":2,\"name\":\"Parduotuv\u0117\",\"item\":\"https:\/\/happyinaknit.com\/lt\/parduotuve\/\"},{\"@type\":\"ListItem\",\"position\":3,\"name\":\"Addi Click Novel Lace Short Prisukami Virbalai\"}]},{\"@type\":\"WebSite\",\"@id\":\"https:\/\/happyinaknit.com\/lt\/#website\",\"url\":\"https:\/\/happyinaknit.com\/lt\/\",\"name\":\"Happyinaknit.com\",\"description\":\"\",\"potentialAction\":[{\"@type\":\"SearchAction\",\"target\":{\"@type\":\"EntryPoint\",\"urlTemplate\":\"https:\/\/happyinaknit.com\/lt\/?s={search_term_string}\"},\"query-input\":{\"@type\":\"PropertyValueSpecification\",\"valueRequired\":true,\"valueName\":\"search_term_string\"}}],\"inLanguage\":\"en-US\"}]}<\/script>\n<!-- \/ Yoast SEO plugin. -->","yoast_head_json":{"title":"Addi Click Novel Lace Short Prisukami Virbalai - Happyinaknit.com","robots":{"index":"index","follow":"follow","max-snippet":"max-snippet:-1","max-image-preview":"max-image-preview:large","max-video-preview":"max-video-preview:-1"},"canonical":"https:\/\/happyinaknit.com\/en\/product\/addi-click-novel-lace-short-prisukami-virbalai\/","og_locale":"en_US","og_type":"article","og_title":"Addi Click Novel Lace Short Prisukami Virbalai - Happyinaknit.com","og_description":"Trumpi \u201eAddi Click Novel Lace Short\u201c prisukami virbalai sukurti tam, kad mezgimas b\u016bt\u0173 dar tikslesnis ir patogesnis. J\u0173 pavir\u0161ius turi subtili\u0105 Novel\u00a0strukt\u016br\u0105, kuri \u0161velniai masa\u017euoja pir\u0161tus ir leid\u017eia si\u016blams slysti lengviau. \u0160ie virbalai idealiai tinka smulkesniems, detalizuotiems mezginiams, ypa\u010d n\u0117riniams. Pagaminta Vokietijoje. Med\u017eiaga: \u017ealvaris Virbalo ilgis: 8,7 cm Tinka sistemai: Addi Click (suderinami su visais [&hellip;]","og_url":"https:\/\/happyinaknit.com\/en\/product\/addi-click-novel-lace-short-prisukami-virbalai\/","og_site_name":"Happyinaknit.com","og_image":[{"width":800,"height":670,"url":"https:\/\/happyinaknit.com\/wp-content\/uploads\/2025\/10\/MG_4463.jpg","type":"image\/jpeg"}],"twitter_card":"summary_large_image","schema":{"@context":"https:\/\/schema.org","@graph":[{"@type":"WebPage","@id":"https:\/\/happyinaknit.com\/produktas\/addi-click-novel-lace-short-prisukami-virbalai\/","url":"https:\/\/happyinaknit.com\/produktas\/addi-click-novel-lace-short-prisukami-virbalai\/","name":"Addi Click Novel Lace Short Prisukami Virbalai - Happyinaknit.com","isPartOf":{"@id":"https:\/\/happyinaknit.com\/lt\/#website"},"primaryImageOfPage":{"@id":"https:\/\/happyinaknit.com\/produktas\/addi-click-novel-lace-short-prisukami-virbalai\/#primaryimage"},"image":{"@id":"https:\/\/happyinaknit.com\/produktas\/addi-click-novel-lace-short-prisukami-virbalai\/#primaryimage"},"thumbnailUrl":"https:\/\/happyinaknit.com\/wp-content\/uploads\/2025\/10\/MG_4463.jpg","datePublished":"2025-10-19T13:20:21+00:00","breadcrumb":{"@id":"https:\/\/happyinaknit.com\/produktas\/addi-click-novel-lace-short-prisukami-virbalai\/#breadcrumb"},"inLanguage":"en-US","potentialAction":[{"@type":"ReadAction","target":["https:\/\/happyinaknit.com\/produktas\/addi-click-novel-lace-short-prisukami-virbalai\/"]}]},{"@type":"ImageObject","inLanguage":"en-US","@id":"https:\/\/happyinaknit.com\/produktas\/addi-click-novel-lace-short-prisukami-virbalai\/#primaryimage","url":"https:\/\/happyinaknit.com\/wp-content\/uploads\/2025\/10\/MG_4463.jpg","contentUrl":"https:\/\/happyinaknit.com\/wp-content\/uploads\/2025\/10\/MG_4463.jpg","width":800,"height":670},{"@type":"BreadcrumbList","@id":"https:\/\/happyinaknit.com\/produktas\/addi-click-novel-lace-short-prisukami-virbalai\/#breadcrumb","itemListElement":[{"@type":"ListItem","position":1,"name":"Home","item":"https:\/\/happyinaknit.com\/lt\/"},{"@type":"ListItem","position":2,"name":"Parduotuv\u0117","item":"https:\/\/happyinaknit.com\/lt\/parduotuve\/"},{"@type":"ListItem","position":3,"name":"Addi Click Novel Lace Short Prisukami Virbalai"}]},{"@type":"WebSite","@id":"https:\/\/happyinaknit.com\/lt\/#website","url":"https:\/\/happyinaknit.com\/lt\/","name":"Happyinaknit.com","description":"","potentialAction":[{"@type":"SearchAction","target":{"@type":"EntryPoint","urlTemplate":"https:\/\/happyinaknit.com\/lt\/?s={search_term_string}"},"query-input":{"@type":"PropertyValueSpecification","valueRequired":true,"valueName":"search_term_string"}}],"inLanguage":"en-US"}]}},"_links":{"self":[{"href":"https:\/\/happyinaknit.com\/en\/wp-json\/wp\/v2\/product\/6444","targetHints":{"allow":["GET"]}}],"collection":[{"href":"https:\/\/happyinaknit.com\/en\/wp-json\/wp\/v2\/product"}],"about":[{"href":"https:\/\/happyinaknit.com\/en\/wp-json\/wp\/v2\/types\/product"}],"replies":[{"embeddable":true,"href":"https:\/\/happyinaknit.com\/en\/wp-json\/wp\/v2\/comments?post=6444"}],"wp:featuredmedia":[{"embeddable":true,"href":"https:\/\/happyinaknit.com\/en\/wp-json\/wp\/v2\/media\/6445"}],"wp:attachment":[{"href":"https:\/\/happyinaknit.com\/en\/wp-json\/wp\/v2\/media?parent=6444"}],"wp:term":[{"taxonomy":"product_brand","embeddable":true,"href":"https:\/\/happyinaknit.com\/en\/wp-json\/wp\/v2\/product_brand?post=6444"},{"taxonomy":"product_cat","embeddable":true,"href":"https:\/\/happyinaknit.com\/en\/wp-json\/wp\/v2\/product_cat?post=6444"},{"taxonomy":"product_tag","embeddable":true,"href":"https:\/\/happyinaknit.com\/en\/wp-json\/wp\/v2\/product_tag?post=6444"},{"taxonomy":"pro-kategorijos","embeddable":true,"href":"https:\/\/happyinaknit.com\/en\/wp-json\/wp\/v2\/pro-kategorijos?post=6444"}],"curies":[{"name":"wp","href":"https:\/\/api.w.org\/{rel}","templated":true}]}}