{"id":6433,"date":"2025-10-19T13:05:40","date_gmt":"2025-10-19T13:05:40","guid":{"rendered":"https:\/\/happyinaknit.com\/?post_type=product&#038;p=6433"},"modified":"2025-10-19T13:05:41","modified_gmt":"2025-10-19T13:05:41","slug":"addi-nerimo-vaselis-su-graikinio-riesuto-medzio-rankenele-novel-serija","status":"publish","type":"product","link":"https:\/\/happyinaknit.com\/en\/product\/addi-nerimo-vaselis-su-graikinio-riesuto-medzio-rankenele-novel-serija\/","title":{"rendered":"Addi Crochet Hook with Walnut Handle (NOVEL Series)"},"content":{"rendered":"<p>A combination of natural luxury and exceptional comfort \u2013 this Addi bedspread with <b>walnut tree<\/b> knob from <b>NOVEL<\/b> series. The triangular ergonomic handle structure provides a firm, comfortable grip and reduces hand strain even during long knitting sessions. Each hook is an example of meticulous German craftsmanship, designed for true knitting pleasure.<\/p>\n<p>Made in Germany.<\/p>\n<p><b>Material:<\/b> walnut wood (handle), metal head<\/p>\n<p><b>Length:<\/b> 16 cm<\/p>\n<p><b>Features:<\/b> triangular ergonomic shape, natural finish, extremely pleasant to the touch surface<\/p>\n<p><b>Note:<\/b> Color shades may vary slightly depending on your device&#039;s screen.<\/p>","protected":false},"excerpt":{"rendered":"<p>Nat\u016bralios prabangos ir i\u0161skirtinio komforto derinys \u2013 \u0161is \u201eAddi\u201c v\u0105\u0161elis su graikinio rie\u0161uto med\u017eio ranken\u0117le i\u0161 NOVEL serijos. Trikamp\u0117 ergonomin\u0117 ranken\u0117l\u0117s strukt\u016bra suteikia tvirt\u0105, patog\u0173 sukibim\u0105 ir suma\u017eina rank\u0173 \u012ftamp\u0105 net ilgai neriant. Kiekvienas v\u0105\u0161elis \u2013 kruop\u0161taus Vokietijos meistri\u0161kumo pavyzdys, sukurtas tikram mezgimo malonumui. Pagaminta Vokietijoje. Med\u017eiaga: graikinio rie\u0161uto medis (ranken\u0117l\u0117), metalin\u0117 galvut\u0117 Ilgis: 16 [&hellip;]<\/p>\n","protected":false},"featured_media":6418,"comment_status":"open","ping_status":"closed","template":"","meta":{"_acf_changed":false},"product_brand":[786],"product_cat":[15,19,870],"product_tag":[],"pro-kategorijos":[],"class_list":{"0":"post-6433","1":"product","2":"type-product","3":"status-publish","4":"has-post-thumbnail","6":"product_brand-addi","7":"product_cat-visi-produktai","8":"product_cat-mezgimo-priemones","9":"product_cat-nerimo-vaseliai","11":"first","12":"instock","13":"shipping-taxable","14":"purchasable","15":"product-type-variable"},"acf":[],"yoast_head":"<!-- This site is optimized with the Yoast SEO plugin v26.8 - https:\/\/yoast.com\/product\/yoast-seo-wordpress\/ -->\n<title>Addi N\u0117rimo V\u0105\u0161elis su graikinio rie\u0161uto med\u017eio ranken\u0117le (NOVEL serija) - Happyinaknit.com<\/title>\n<meta name=\"robots\" content=\"index, follow, max-snippet:-1, max-image-preview:large, max-video-preview:-1\" \/>\n<link rel=\"canonical\" href=\"https:\/\/happyinaknit.com\/en\/product\/addi-nerimo-vaselis-su-graikinio-riesuto-medzio-rankenele-novel-serija\/\" \/>\n<meta property=\"og:locale\" content=\"en_US\" \/>\n<meta property=\"og:type\" content=\"article\" \/>\n<meta property=\"og:title\" content=\"Addi N\u0117rimo V\u0105\u0161elis su graikinio rie\u0161uto med\u017eio ranken\u0117le (NOVEL serija) - Happyinaknit.com\" \/>\n<meta property=\"og:description\" content=\"Nat\u016bralios prabangos ir i\u0161skirtinio komforto derinys \u2013 \u0161is \u201eAddi\u201c v\u0105\u0161elis su graikinio rie\u0161uto med\u017eio ranken\u0117le i\u0161 NOVEL serijos. Trikamp\u0117 ergonomin\u0117 ranken\u0117l\u0117s strukt\u016bra suteikia tvirt\u0105, patog\u0173 sukibim\u0105 ir suma\u017eina rank\u0173 \u012ftamp\u0105 net ilgai neriant. Kiekvienas v\u0105\u0161elis \u2013 kruop\u0161taus Vokietijos meistri\u0161kumo pavyzdys, sukurtas tikram mezgimo malonumui. Pagaminta Vokietijoje. Med\u017eiaga: graikinio rie\u0161uto medis (ranken\u0117l\u0117), metalin\u0117 galvut\u0117 Ilgis: 16 [&hellip;]\" \/>\n<meta property=\"og:url\" content=\"https:\/\/happyinaknit.com\/en\/product\/addi-nerimo-vaselis-su-graikinio-riesuto-medzio-rankenele-novel-serija\/\" \/>\n<meta property=\"og:site_name\" content=\"Happyinaknit.com\" \/>\n<meta property=\"article:modified_time\" content=\"2025-10-19T13:05:41+00:00\" \/>\n<meta property=\"og:image\" content=\"https:\/\/happyinaknit.com\/wp-content\/uploads\/2025\/10\/addinature-walnut-crochet-hooks-_2_-3474-dv-p.jpg\" \/>\n\t<meta property=\"og:image:width\" content=\"800\" \/>\n\t<meta property=\"og:image:height\" content=\"800\" \/>\n\t<meta property=\"og:image:type\" content=\"image\/jpeg\" \/>\n<meta name=\"twitter:card\" content=\"summary_large_image\" \/>\n<script type=\"application\/ld+json\" class=\"yoast-schema-graph\">{\"@context\":\"https:\/\/schema.org\",\"@graph\":[{\"@type\":\"WebPage\",\"@id\":\"https:\/\/happyinaknit.com\/produktas\/addi-nerimo-vaselis-su-graikinio-riesuto-medzio-rankenele-novel-serija\/\",\"url\":\"https:\/\/happyinaknit.com\/produktas\/addi-nerimo-vaselis-su-graikinio-riesuto-medzio-rankenele-novel-serija\/\",\"name\":\"Addi N\u0117rimo V\u0105\u0161elis su graikinio rie\u0161uto med\u017eio ranken\u0117le (NOVEL serija) - Happyinaknit.com\",\"isPartOf\":{\"@id\":\"https:\/\/happyinaknit.com\/lt\/#website\"},\"primaryImageOfPage\":{\"@id\":\"https:\/\/happyinaknit.com\/produktas\/addi-nerimo-vaselis-su-graikinio-riesuto-medzio-rankenele-novel-serija\/#primaryimage\"},\"image\":{\"@id\":\"https:\/\/happyinaknit.com\/produktas\/addi-nerimo-vaselis-su-graikinio-riesuto-medzio-rankenele-novel-serija\/#primaryimage\"},\"thumbnailUrl\":\"https:\/\/happyinaknit.com\/wp-content\/uploads\/2025\/10\/addinature-walnut-crochet-hooks-_2_-3474-dv-p.jpg\",\"datePublished\":\"2025-10-19T13:05:40+00:00\",\"dateModified\":\"2025-10-19T13:05:41+00:00\",\"breadcrumb\":{\"@id\":\"https:\/\/happyinaknit.com\/produktas\/addi-nerimo-vaselis-su-graikinio-riesuto-medzio-rankenele-novel-serija\/#breadcrumb\"},\"inLanguage\":\"en-US\",\"potentialAction\":[{\"@type\":\"ReadAction\",\"target\":[\"https:\/\/happyinaknit.com\/produktas\/addi-nerimo-vaselis-su-graikinio-riesuto-medzio-rankenele-novel-serija\/\"]}]},{\"@type\":\"ImageObject\",\"inLanguage\":\"en-US\",\"@id\":\"https:\/\/happyinaknit.com\/produktas\/addi-nerimo-vaselis-su-graikinio-riesuto-medzio-rankenele-novel-serija\/#primaryimage\",\"url\":\"https:\/\/happyinaknit.com\/wp-content\/uploads\/2025\/10\/addinature-walnut-crochet-hooks-_2_-3474-dv-p.jpg\",\"contentUrl\":\"https:\/\/happyinaknit.com\/wp-content\/uploads\/2025\/10\/addinature-walnut-crochet-hooks-_2_-3474-dv-p.jpg\",\"width\":800,\"height\":800},{\"@type\":\"BreadcrumbList\",\"@id\":\"https:\/\/happyinaknit.com\/produktas\/addi-nerimo-vaselis-su-graikinio-riesuto-medzio-rankenele-novel-serija\/#breadcrumb\",\"itemListElement\":[{\"@type\":\"ListItem\",\"position\":1,\"name\":\"Home\",\"item\":\"https:\/\/happyinaknit.com\/lt\/\"},{\"@type\":\"ListItem\",\"position\":2,\"name\":\"Parduotuv\u0117\",\"item\":\"https:\/\/happyinaknit.com\/lt\/parduotuve\/\"},{\"@type\":\"ListItem\",\"position\":3,\"name\":\"Addi N\u0117rimo V\u0105\u0161elis su graikinio rie\u0161uto med\u017eio ranken\u0117le (NOVEL serija)\"}]},{\"@type\":\"WebSite\",\"@id\":\"https:\/\/happyinaknit.com\/lt\/#website\",\"url\":\"https:\/\/happyinaknit.com\/lt\/\",\"name\":\"Happyinaknit.com\",\"description\":\"\",\"potentialAction\":[{\"@type\":\"SearchAction\",\"target\":{\"@type\":\"EntryPoint\",\"urlTemplate\":\"https:\/\/happyinaknit.com\/lt\/?s={search_term_string}\"},\"query-input\":{\"@type\":\"PropertyValueSpecification\",\"valueRequired\":true,\"valueName\":\"search_term_string\"}}],\"inLanguage\":\"en-US\"}]}<\/script>\n<!-- \/ Yoast SEO plugin. -->","yoast_head_json":{"title":"Addi N\u0117rimo V\u0105\u0161elis su graikinio rie\u0161uto med\u017eio ranken\u0117le (NOVEL serija) - Happyinaknit.com","robots":{"index":"index","follow":"follow","max-snippet":"max-snippet:-1","max-image-preview":"max-image-preview:large","max-video-preview":"max-video-preview:-1"},"canonical":"https:\/\/happyinaknit.com\/en\/product\/addi-nerimo-vaselis-su-graikinio-riesuto-medzio-rankenele-novel-serija\/","og_locale":"en_US","og_type":"article","og_title":"Addi N\u0117rimo V\u0105\u0161elis su graikinio rie\u0161uto med\u017eio ranken\u0117le (NOVEL serija) - Happyinaknit.com","og_description":"Nat\u016bralios prabangos ir i\u0161skirtinio komforto derinys \u2013 \u0161is \u201eAddi\u201c v\u0105\u0161elis su graikinio rie\u0161uto med\u017eio ranken\u0117le i\u0161 NOVEL serijos. Trikamp\u0117 ergonomin\u0117 ranken\u0117l\u0117s strukt\u016bra suteikia tvirt\u0105, patog\u0173 sukibim\u0105 ir suma\u017eina rank\u0173 \u012ftamp\u0105 net ilgai neriant. Kiekvienas v\u0105\u0161elis \u2013 kruop\u0161taus Vokietijos meistri\u0161kumo pavyzdys, sukurtas tikram mezgimo malonumui. Pagaminta Vokietijoje. Med\u017eiaga: graikinio rie\u0161uto medis (ranken\u0117l\u0117), metalin\u0117 galvut\u0117 Ilgis: 16 [&hellip;]","og_url":"https:\/\/happyinaknit.com\/en\/product\/addi-nerimo-vaselis-su-graikinio-riesuto-medzio-rankenele-novel-serija\/","og_site_name":"Happyinaknit.com","article_modified_time":"2025-10-19T13:05:41+00:00","og_image":[{"width":800,"height":800,"url":"https:\/\/happyinaknit.com\/wp-content\/uploads\/2025\/10\/addinature-walnut-crochet-hooks-_2_-3474-dv-p.jpg","type":"image\/jpeg"}],"twitter_card":"summary_large_image","schema":{"@context":"https:\/\/schema.org","@graph":[{"@type":"WebPage","@id":"https:\/\/happyinaknit.com\/produktas\/addi-nerimo-vaselis-su-graikinio-riesuto-medzio-rankenele-novel-serija\/","url":"https:\/\/happyinaknit.com\/produktas\/addi-nerimo-vaselis-su-graikinio-riesuto-medzio-rankenele-novel-serija\/","name":"Addi N\u0117rimo V\u0105\u0161elis su graikinio rie\u0161uto med\u017eio ranken\u0117le (NOVEL serija) - Happyinaknit.com","isPartOf":{"@id":"https:\/\/happyinaknit.com\/lt\/#website"},"primaryImageOfPage":{"@id":"https:\/\/happyinaknit.com\/produktas\/addi-nerimo-vaselis-su-graikinio-riesuto-medzio-rankenele-novel-serija\/#primaryimage"},"image":{"@id":"https:\/\/happyinaknit.com\/produktas\/addi-nerimo-vaselis-su-graikinio-riesuto-medzio-rankenele-novel-serija\/#primaryimage"},"thumbnailUrl":"https:\/\/happyinaknit.com\/wp-content\/uploads\/2025\/10\/addinature-walnut-crochet-hooks-_2_-3474-dv-p.jpg","datePublished":"2025-10-19T13:05:40+00:00","dateModified":"2025-10-19T13:05:41+00:00","breadcrumb":{"@id":"https:\/\/happyinaknit.com\/produktas\/addi-nerimo-vaselis-su-graikinio-riesuto-medzio-rankenele-novel-serija\/#breadcrumb"},"inLanguage":"en-US","potentialAction":[{"@type":"ReadAction","target":["https:\/\/happyinaknit.com\/produktas\/addi-nerimo-vaselis-su-graikinio-riesuto-medzio-rankenele-novel-serija\/"]}]},{"@type":"ImageObject","inLanguage":"en-US","@id":"https:\/\/happyinaknit.com\/produktas\/addi-nerimo-vaselis-su-graikinio-riesuto-medzio-rankenele-novel-serija\/#primaryimage","url":"https:\/\/happyinaknit.com\/wp-content\/uploads\/2025\/10\/addinature-walnut-crochet-hooks-_2_-3474-dv-p.jpg","contentUrl":"https:\/\/happyinaknit.com\/wp-content\/uploads\/2025\/10\/addinature-walnut-crochet-hooks-_2_-3474-dv-p.jpg","width":800,"height":800},{"@type":"BreadcrumbList","@id":"https:\/\/happyinaknit.com\/produktas\/addi-nerimo-vaselis-su-graikinio-riesuto-medzio-rankenele-novel-serija\/#breadcrumb","itemListElement":[{"@type":"ListItem","position":1,"name":"Home","item":"https:\/\/happyinaknit.com\/lt\/"},{"@type":"ListItem","position":2,"name":"Parduotuv\u0117","item":"https:\/\/happyinaknit.com\/lt\/parduotuve\/"},{"@type":"ListItem","position":3,"name":"Addi N\u0117rimo V\u0105\u0161elis su graikinio rie\u0161uto med\u017eio ranken\u0117le (NOVEL serija)"}]},{"@type":"WebSite","@id":"https:\/\/happyinaknit.com\/lt\/#website","url":"https:\/\/happyinaknit.com\/lt\/","name":"Happyinaknit.com","description":"","potentialAction":[{"@type":"SearchAction","target":{"@type":"EntryPoint","urlTemplate":"https:\/\/happyinaknit.com\/lt\/?s={search_term_string}"},"query-input":{"@type":"PropertyValueSpecification","valueRequired":true,"valueName":"search_term_string"}}],"inLanguage":"en-US"}]}},"_links":{"self":[{"href":"https:\/\/happyinaknit.com\/en\/wp-json\/wp\/v2\/product\/6433","targetHints":{"allow":["GET"]}}],"collection":[{"href":"https:\/\/happyinaknit.com\/en\/wp-json\/wp\/v2\/product"}],"about":[{"href":"https:\/\/happyinaknit.com\/en\/wp-json\/wp\/v2\/types\/product"}],"replies":[{"embeddable":true,"href":"https:\/\/happyinaknit.com\/en\/wp-json\/wp\/v2\/comments?post=6433"}],"wp:featuredmedia":[{"embeddable":true,"href":"https:\/\/happyinaknit.com\/en\/wp-json\/wp\/v2\/media\/6418"}],"wp:attachment":[{"href":"https:\/\/happyinaknit.com\/en\/wp-json\/wp\/v2\/media?parent=6433"}],"wp:term":[{"taxonomy":"product_brand","embeddable":true,"href":"https:\/\/happyinaknit.com\/en\/wp-json\/wp\/v2\/product_brand?post=6433"},{"taxonomy":"product_cat","embeddable":true,"href":"https:\/\/happyinaknit.com\/en\/wp-json\/wp\/v2\/product_cat?post=6433"},{"taxonomy":"product_tag","embeddable":true,"href":"https:\/\/happyinaknit.com\/en\/wp-json\/wp\/v2\/product_tag?post=6433"},{"taxonomy":"pro-kategorijos","embeddable":true,"href":"https:\/\/happyinaknit.com\/en\/wp-json\/wp\/v2\/pro-kategorijos?post=6433"}],"curies":[{"name":"wp","href":"https:\/\/api.w.org\/{rel}","templated":true}]}}