{"id":6427,"date":"2025-10-19T12:57:14","date_gmt":"2025-10-19T12:57:14","guid":{"rendered":"https:\/\/happyinaknit.com\/?post_type=product&#038;p=6427"},"modified":"2025-10-19T12:57:15","modified_gmt":"2025-10-19T12:57:15","slug":"addi-unicorn-purpleheart-nerimo-vaseliai-su-medine-rankenele","status":"publish","type":"product","link":"https:\/\/happyinaknit.com\/en\/product\/addi-unicorn-purpleheart-nerimo-vaseliai-su-medine-rankenele\/","title":{"rendered":"Addi Unicorn PurpleHeart Crochet Bells with Wooden Handle"},"content":{"rendered":"<p>The exclusive Addi Unicorn PurpleHeart crochet hooks are a real luxury in the hands of every knitter. The handle is made of pink amaranth wood, and the entire length of the hook is decorated with an elegant spiral texture. The pink metal part made of anodized aluminum not only looks impressive, but also ensures easy thread sliding and precise work. The sharp, precisely shaped tip makes it easy to thread the threads even in dense knitwear.<\/p>\n<p>Made in Germany.<\/p>\n<p><b>Material:<\/b> pink amaranth wood handle, anodized aluminum head<\/p>\n<p><b>Length:<\/b> standard (about 15 cm)<\/p>\n<p><b>Features:<\/b> spiral-shaped surface, ergonomic shape, pointed tip, light and balanced<\/p>\n<p><b>Note:<\/b> Color shades may vary slightly depending on your device&#039;s screen.<\/p>","protected":false},"excerpt":{"rendered":"<p>I\u0161skirtiniai \u201eAddi Unicorn PurpleHeart\u201c v\u0105\u0161eliai \u2013 tikra prabanga kiekvienos mezg\u0117jos rankose. Ranken\u0117l\u0117 pagaminta i\u0161 ro\u017einio amaranto med\u017eio, o vis\u0105 v\u0105\u0161elio ilg\u012f puo\u0161ia eleganti\u0161ka spiral\u0117s formos tekst\u016bra. Ro\u017ein\u0117 metalin\u0117 dalis i\u0161 anoduoto aliuminio ne tik atrodo \u012fsp\u016bdingai, bet ir u\u017etikrina lengv\u0105 si\u016bl\u0173 slydim\u0105 bei tiksl\u0173 darb\u0105. A\u0161trus, precizi\u0161kai suformuotas galiukas leid\u017eia lengvai \u012fverti si\u016blus net \u012f [&hellip;]<\/p>\n","protected":false},"featured_media":6421,"comment_status":"open","ping_status":"closed","template":"","meta":{"_acf_changed":false},"product_brand":[786],"product_cat":[15,19,870],"product_tag":[],"pro-kategorijos":[],"class_list":{"0":"post-6427","1":"product","2":"type-product","3":"status-publish","4":"has-post-thumbnail","6":"product_brand-addi","7":"product_cat-visi-produktai","8":"product_cat-mezgimo-priemones","9":"product_cat-nerimo-vaseliai","11":"first","12":"instock","13":"shipping-taxable","14":"purchasable","15":"product-type-variable"},"acf":[],"yoast_head":"<!-- This site is optimized with the Yoast SEO plugin v26.8 - https:\/\/yoast.com\/product\/yoast-seo-wordpress\/ -->\n<title>Addi Unicorn PurpleHeart N\u0117rimo V\u0105\u0161eliai su medine ranken\u0117le - Happyinaknit.com<\/title>\n<meta name=\"robots\" content=\"index, follow, max-snippet:-1, max-image-preview:large, max-video-preview:-1\" \/>\n<link rel=\"canonical\" href=\"https:\/\/happyinaknit.com\/en\/product\/addi-unicorn-purpleheart-nerimo-vaseliai-su-medine-rankenele\/\" \/>\n<meta property=\"og:locale\" content=\"en_US\" \/>\n<meta property=\"og:type\" content=\"article\" \/>\n<meta property=\"og:title\" content=\"Addi Unicorn PurpleHeart N\u0117rimo V\u0105\u0161eliai su medine ranken\u0117le - Happyinaknit.com\" \/>\n<meta property=\"og:description\" content=\"I\u0161skirtiniai \u201eAddi Unicorn PurpleHeart\u201c v\u0105\u0161eliai \u2013 tikra prabanga kiekvienos mezg\u0117jos rankose. Ranken\u0117l\u0117 pagaminta i\u0161 ro\u017einio amaranto med\u017eio, o vis\u0105 v\u0105\u0161elio ilg\u012f puo\u0161ia eleganti\u0161ka spiral\u0117s formos tekst\u016bra. Ro\u017ein\u0117 metalin\u0117 dalis i\u0161 anoduoto aliuminio ne tik atrodo \u012fsp\u016bdingai, bet ir u\u017etikrina lengv\u0105 si\u016bl\u0173 slydim\u0105 bei tiksl\u0173 darb\u0105. A\u0161trus, precizi\u0161kai suformuotas galiukas leid\u017eia lengvai \u012fverti si\u016blus net \u012f [&hellip;]\" \/>\n<meta property=\"og:url\" content=\"https:\/\/happyinaknit.com\/en\/product\/addi-unicorn-purpleheart-nerimo-vaseliai-su-medine-rankenele\/\" \/>\n<meta property=\"og:site_name\" content=\"Happyinaknit.com\" \/>\n<meta property=\"article:modified_time\" content=\"2025-10-19T12:57:15+00:00\" \/>\n<meta property=\"og:image\" content=\"https:\/\/happyinaknit.com\/wp-content\/uploads\/2025\/10\/s-l400111.jpg\" \/>\n\t<meta property=\"og:image:width\" content=\"400\" \/>\n\t<meta property=\"og:image:height\" content=\"400\" \/>\n\t<meta property=\"og:image:type\" content=\"image\/jpeg\" \/>\n<meta name=\"twitter:card\" content=\"summary_large_image\" \/>\n<meta name=\"twitter:label1\" content=\"Est. reading time\" \/>\n\t<meta name=\"twitter:data1\" content=\"1 minute\" \/>\n<script type=\"application\/ld+json\" class=\"yoast-schema-graph\">{\"@context\":\"https:\/\/schema.org\",\"@graph\":[{\"@type\":\"WebPage\",\"@id\":\"https:\/\/happyinaknit.com\/produktas\/addi-unicorn-purpleheart-nerimo-vaseliai-su-medine-rankenele\/\",\"url\":\"https:\/\/happyinaknit.com\/produktas\/addi-unicorn-purpleheart-nerimo-vaseliai-su-medine-rankenele\/\",\"name\":\"Addi Unicorn PurpleHeart N\u0117rimo V\u0105\u0161eliai su medine ranken\u0117le - Happyinaknit.com\",\"isPartOf\":{\"@id\":\"https:\/\/happyinaknit.com\/lt\/#website\"},\"primaryImageOfPage\":{\"@id\":\"https:\/\/happyinaknit.com\/produktas\/addi-unicorn-purpleheart-nerimo-vaseliai-su-medine-rankenele\/#primaryimage\"},\"image\":{\"@id\":\"https:\/\/happyinaknit.com\/produktas\/addi-unicorn-purpleheart-nerimo-vaseliai-su-medine-rankenele\/#primaryimage\"},\"thumbnailUrl\":\"https:\/\/happyinaknit.com\/wp-content\/uploads\/2025\/10\/s-l400111.jpg\",\"datePublished\":\"2025-10-19T12:57:14+00:00\",\"dateModified\":\"2025-10-19T12:57:15+00:00\",\"breadcrumb\":{\"@id\":\"https:\/\/happyinaknit.com\/produktas\/addi-unicorn-purpleheart-nerimo-vaseliai-su-medine-rankenele\/#breadcrumb\"},\"inLanguage\":\"en-US\",\"potentialAction\":[{\"@type\":\"ReadAction\",\"target\":[\"https:\/\/happyinaknit.com\/produktas\/addi-unicorn-purpleheart-nerimo-vaseliai-su-medine-rankenele\/\"]}]},{\"@type\":\"ImageObject\",\"inLanguage\":\"en-US\",\"@id\":\"https:\/\/happyinaknit.com\/produktas\/addi-unicorn-purpleheart-nerimo-vaseliai-su-medine-rankenele\/#primaryimage\",\"url\":\"https:\/\/happyinaknit.com\/wp-content\/uploads\/2025\/10\/s-l400111.jpg\",\"contentUrl\":\"https:\/\/happyinaknit.com\/wp-content\/uploads\/2025\/10\/s-l400111.jpg\",\"width\":400,\"height\":400},{\"@type\":\"BreadcrumbList\",\"@id\":\"https:\/\/happyinaknit.com\/produktas\/addi-unicorn-purpleheart-nerimo-vaseliai-su-medine-rankenele\/#breadcrumb\",\"itemListElement\":[{\"@type\":\"ListItem\",\"position\":1,\"name\":\"Home\",\"item\":\"https:\/\/happyinaknit.com\/lt\/\"},{\"@type\":\"ListItem\",\"position\":2,\"name\":\"Parduotuv\u0117\",\"item\":\"https:\/\/happyinaknit.com\/lt\/parduotuve\/\"},{\"@type\":\"ListItem\",\"position\":3,\"name\":\"Addi Unicorn PurpleHeart N\u0117rimo V\u0105\u0161eliai su medine ranken\u0117le\"}]},{\"@type\":\"WebSite\",\"@id\":\"https:\/\/happyinaknit.com\/lt\/#website\",\"url\":\"https:\/\/happyinaknit.com\/lt\/\",\"name\":\"Happyinaknit.com\",\"description\":\"\",\"potentialAction\":[{\"@type\":\"SearchAction\",\"target\":{\"@type\":\"EntryPoint\",\"urlTemplate\":\"https:\/\/happyinaknit.com\/lt\/?s={search_term_string}\"},\"query-input\":{\"@type\":\"PropertyValueSpecification\",\"valueRequired\":true,\"valueName\":\"search_term_string\"}}],\"inLanguage\":\"en-US\"}]}<\/script>\n<!-- \/ Yoast SEO plugin. -->","yoast_head_json":{"title":"Addi Unicorn PurpleHeart N\u0117rimo V\u0105\u0161eliai su medine ranken\u0117le - Happyinaknit.com","robots":{"index":"index","follow":"follow","max-snippet":"max-snippet:-1","max-image-preview":"max-image-preview:large","max-video-preview":"max-video-preview:-1"},"canonical":"https:\/\/happyinaknit.com\/en\/product\/addi-unicorn-purpleheart-nerimo-vaseliai-su-medine-rankenele\/","og_locale":"en_US","og_type":"article","og_title":"Addi Unicorn PurpleHeart N\u0117rimo V\u0105\u0161eliai su medine ranken\u0117le - Happyinaknit.com","og_description":"I\u0161skirtiniai \u201eAddi Unicorn PurpleHeart\u201c v\u0105\u0161eliai \u2013 tikra prabanga kiekvienos mezg\u0117jos rankose. Ranken\u0117l\u0117 pagaminta i\u0161 ro\u017einio amaranto med\u017eio, o vis\u0105 v\u0105\u0161elio ilg\u012f puo\u0161ia eleganti\u0161ka spiral\u0117s formos tekst\u016bra. Ro\u017ein\u0117 metalin\u0117 dalis i\u0161 anoduoto aliuminio ne tik atrodo \u012fsp\u016bdingai, bet ir u\u017etikrina lengv\u0105 si\u016bl\u0173 slydim\u0105 bei tiksl\u0173 darb\u0105. A\u0161trus, precizi\u0161kai suformuotas galiukas leid\u017eia lengvai \u012fverti si\u016blus net \u012f [&hellip;]","og_url":"https:\/\/happyinaknit.com\/en\/product\/addi-unicorn-purpleheart-nerimo-vaseliai-su-medine-rankenele\/","og_site_name":"Happyinaknit.com","article_modified_time":"2025-10-19T12:57:15+00:00","og_image":[{"width":400,"height":400,"url":"https:\/\/happyinaknit.com\/wp-content\/uploads\/2025\/10\/s-l400111.jpg","type":"image\/jpeg"}],"twitter_card":"summary_large_image","twitter_misc":{"Est. reading time":"1 minute"},"schema":{"@context":"https:\/\/schema.org","@graph":[{"@type":"WebPage","@id":"https:\/\/happyinaknit.com\/produktas\/addi-unicorn-purpleheart-nerimo-vaseliai-su-medine-rankenele\/","url":"https:\/\/happyinaknit.com\/produktas\/addi-unicorn-purpleheart-nerimo-vaseliai-su-medine-rankenele\/","name":"Addi Unicorn PurpleHeart N\u0117rimo V\u0105\u0161eliai su medine ranken\u0117le - Happyinaknit.com","isPartOf":{"@id":"https:\/\/happyinaknit.com\/lt\/#website"},"primaryImageOfPage":{"@id":"https:\/\/happyinaknit.com\/produktas\/addi-unicorn-purpleheart-nerimo-vaseliai-su-medine-rankenele\/#primaryimage"},"image":{"@id":"https:\/\/happyinaknit.com\/produktas\/addi-unicorn-purpleheart-nerimo-vaseliai-su-medine-rankenele\/#primaryimage"},"thumbnailUrl":"https:\/\/happyinaknit.com\/wp-content\/uploads\/2025\/10\/s-l400111.jpg","datePublished":"2025-10-19T12:57:14+00:00","dateModified":"2025-10-19T12:57:15+00:00","breadcrumb":{"@id":"https:\/\/happyinaknit.com\/produktas\/addi-unicorn-purpleheart-nerimo-vaseliai-su-medine-rankenele\/#breadcrumb"},"inLanguage":"en-US","potentialAction":[{"@type":"ReadAction","target":["https:\/\/happyinaknit.com\/produktas\/addi-unicorn-purpleheart-nerimo-vaseliai-su-medine-rankenele\/"]}]},{"@type":"ImageObject","inLanguage":"en-US","@id":"https:\/\/happyinaknit.com\/produktas\/addi-unicorn-purpleheart-nerimo-vaseliai-su-medine-rankenele\/#primaryimage","url":"https:\/\/happyinaknit.com\/wp-content\/uploads\/2025\/10\/s-l400111.jpg","contentUrl":"https:\/\/happyinaknit.com\/wp-content\/uploads\/2025\/10\/s-l400111.jpg","width":400,"height":400},{"@type":"BreadcrumbList","@id":"https:\/\/happyinaknit.com\/produktas\/addi-unicorn-purpleheart-nerimo-vaseliai-su-medine-rankenele\/#breadcrumb","itemListElement":[{"@type":"ListItem","position":1,"name":"Home","item":"https:\/\/happyinaknit.com\/lt\/"},{"@type":"ListItem","position":2,"name":"Parduotuv\u0117","item":"https:\/\/happyinaknit.com\/lt\/parduotuve\/"},{"@type":"ListItem","position":3,"name":"Addi Unicorn PurpleHeart N\u0117rimo V\u0105\u0161eliai su medine ranken\u0117le"}]},{"@type":"WebSite","@id":"https:\/\/happyinaknit.com\/lt\/#website","url":"https:\/\/happyinaknit.com\/lt\/","name":"Happyinaknit.com","description":"","potentialAction":[{"@type":"SearchAction","target":{"@type":"EntryPoint","urlTemplate":"https:\/\/happyinaknit.com\/lt\/?s={search_term_string}"},"query-input":{"@type":"PropertyValueSpecification","valueRequired":true,"valueName":"search_term_string"}}],"inLanguage":"en-US"}]}},"_links":{"self":[{"href":"https:\/\/happyinaknit.com\/en\/wp-json\/wp\/v2\/product\/6427","targetHints":{"allow":["GET"]}}],"collection":[{"href":"https:\/\/happyinaknit.com\/en\/wp-json\/wp\/v2\/product"}],"about":[{"href":"https:\/\/happyinaknit.com\/en\/wp-json\/wp\/v2\/types\/product"}],"replies":[{"embeddable":true,"href":"https:\/\/happyinaknit.com\/en\/wp-json\/wp\/v2\/comments?post=6427"}],"wp:featuredmedia":[{"embeddable":true,"href":"https:\/\/happyinaknit.com\/en\/wp-json\/wp\/v2\/media\/6421"}],"wp:attachment":[{"href":"https:\/\/happyinaknit.com\/en\/wp-json\/wp\/v2\/media?parent=6427"}],"wp:term":[{"taxonomy":"product_brand","embeddable":true,"href":"https:\/\/happyinaknit.com\/en\/wp-json\/wp\/v2\/product_brand?post=6427"},{"taxonomy":"product_cat","embeddable":true,"href":"https:\/\/happyinaknit.com\/en\/wp-json\/wp\/v2\/product_cat?post=6427"},{"taxonomy":"product_tag","embeddable":true,"href":"https:\/\/happyinaknit.com\/en\/wp-json\/wp\/v2\/product_tag?post=6427"},{"taxonomy":"pro-kategorijos","embeddable":true,"href":"https:\/\/happyinaknit.com\/en\/wp-json\/wp\/v2\/pro-kategorijos?post=6427"}],"curies":[{"name":"wp","href":"https:\/\/api.w.org\/{rel}","templated":true}]}}