{"id":6411,"date":"2025-10-19T12:42:57","date_gmt":"2025-10-19T12:42:57","guid":{"rendered":"https:\/\/happyinaknit.com\/?post_type=product&#038;p=6411"},"modified":"2026-02-23T13:10:18","modified_gmt":"2026-02-23T13:10:18","slug":"addi-nerimo-vaseliai","status":"publish","type":"product","link":"https:\/\/happyinaknit.com\/en\/product\/addi-nerimo-vaseliai\/","title":{"rendered":"Addi Crochet Bells"},"content":{"rendered":"<p>Comfortable and high-quality Addi hooks are a great choice for both beginners and experienced crocheters. The nickel-plated coating ensures extremely easy thread sliding, and the ergonomic plastic handle allows you to work for a long time without fatigue.<\/p>\n<p>Made in Germany.<\/p>\n<p><b>Material:<\/b> metal with nickel-plated coating, plastic handle (some sizes without handle)<\/p>\n<p><b>Length:<\/b> 15 cm<\/p>\n<p><b>Available sizes<\/b><b><\/b><\/p>\n<p>\u20220.6mm \u00a0<i>without plastic handle<\/i><i><\/i><\/p>\n<p>\u20220.75mm \u00a0<i>without plastic handle<\/i><i><\/i><\/p>\n<p>\u20221.25mm <i>without plastic handle<\/i><i><\/i><\/p>\n<p>\u20223.75mm <em>with<\/em><i>\u00a0plastic handles<\/i><\/p>\n<p>\u20225.0mm <em>with<\/em><i>\u00a0plastic handles<\/i><\/p>\n<p><b>Note:<\/b> Color shades may vary slightly depending on your device&#039;s screen.<\/p>","protected":false},"excerpt":{"rendered":"<p>Patog\u016bs ir kokybi\u0161ki \u201eAddi\u201c v\u0105\u0161eliai \u2013 puikus pasirinkimas tiek pradedantiesiems, tiek patyrusiems n\u0117r\u0117jams. Nikeliuota danga u\u017etikrina ypatingai lengv\u0105 si\u016bl\u0173 slydim\u0105, o ergonomi\u0161ka plastikin\u0117 ranken\u0117l\u0117 leid\u017eia dirbti ilgai be nuovargio. Pagaminta Vokietijoje. Med\u017eiaga: metalas su nikeliuota danga, plastikin\u0117 ranken\u0117l\u0117 (kai kuriuose dyd\u017eiuose be ranken\u0117l\u0117s) Ilgis: 15 cm Turimi dyd\u017eiai \u20220,6 mm \u00a0be plastikin\u0117s ranken\u0117l\u0117s \u20220,75 mm [&hellip;]<\/p>\n","protected":false},"featured_media":6420,"comment_status":"open","ping_status":"closed","template":"","meta":{"_acf_changed":false},"product_brand":[786],"product_cat":[15,870],"product_tag":[],"pro-kategorijos":[],"class_list":{"0":"post-6411","1":"product","2":"type-product","3":"status-publish","4":"has-post-thumbnail","6":"product_brand-addi","7":"product_cat-visi-produktai","8":"product_cat-nerimo-vaseliai","10":"first","11":"instock","12":"shipping-taxable","13":"purchasable","14":"product-type-variable"},"acf":[],"yoast_head":"<!-- This site is optimized with the Yoast SEO plugin v26.8 - https:\/\/yoast.com\/product\/yoast-seo-wordpress\/ -->\n<title>Addi N\u0117rimo V\u0105\u0161eliai - Happyinaknit.com<\/title>\n<meta name=\"robots\" content=\"index, follow, max-snippet:-1, max-image-preview:large, max-video-preview:-1\" \/>\n<link rel=\"canonical\" href=\"https:\/\/happyinaknit.com\/en\/product\/addi-nerimo-vaseliai\/\" \/>\n<meta property=\"og:locale\" content=\"en_US\" \/>\n<meta property=\"og:type\" content=\"article\" \/>\n<meta property=\"og:title\" content=\"Addi N\u0117rimo V\u0105\u0161eliai - Happyinaknit.com\" \/>\n<meta property=\"og:description\" content=\"Patog\u016bs ir kokybi\u0161ki \u201eAddi\u201c v\u0105\u0161eliai \u2013 puikus pasirinkimas tiek pradedantiesiems, tiek patyrusiems n\u0117r\u0117jams. Nikeliuota danga u\u017etikrina ypatingai lengv\u0105 si\u016bl\u0173 slydim\u0105, o ergonomi\u0161ka plastikin\u0117 ranken\u0117l\u0117 leid\u017eia dirbti ilgai be nuovargio. Pagaminta Vokietijoje. Med\u017eiaga: metalas su nikeliuota danga, plastikin\u0117 ranken\u0117l\u0117 (kai kuriuose dyd\u017eiuose be ranken\u0117l\u0117s) Ilgis: 15 cm Turimi dyd\u017eiai \u20220,6 mm \u00a0be plastikin\u0117s ranken\u0117l\u0117s \u20220,75 mm [&hellip;]\" \/>\n<meta property=\"og:url\" content=\"https:\/\/happyinaknit.com\/en\/product\/addi-nerimo-vaseliai\/\" \/>\n<meta property=\"og:site_name\" content=\"Happyinaknit.com\" \/>\n<meta property=\"article:modified_time\" content=\"2026-02-23T13:10:18+00:00\" \/>\n<meta property=\"og:image\" content=\"https:\/\/happyinaknit.com\/wp-content\/uploads\/2025\/10\/image_ad0271d3-30f3-4888-ad4d-3ac182606153_1280x.jpg.webp\" \/>\n\t<meta property=\"og:image:width\" content=\"1280\" \/>\n\t<meta property=\"og:image:height\" content=\"1280\" \/>\n\t<meta property=\"og:image:type\" content=\"image\/webp\" \/>\n<meta name=\"twitter:card\" content=\"summary_large_image\" \/>\n<meta name=\"twitter:label1\" content=\"Est. reading time\" \/>\n\t<meta name=\"twitter:data1\" content=\"1 minute\" \/>\n<script type=\"application\/ld+json\" class=\"yoast-schema-graph\">{\"@context\":\"https:\/\/schema.org\",\"@graph\":[{\"@type\":\"WebPage\",\"@id\":\"https:\/\/happyinaknit.com\/produktas\/addi-nerimo-vaseliai\/\",\"url\":\"https:\/\/happyinaknit.com\/produktas\/addi-nerimo-vaseliai\/\",\"name\":\"Addi N\u0117rimo V\u0105\u0161eliai - Happyinaknit.com\",\"isPartOf\":{\"@id\":\"https:\/\/happyinaknit.com\/lt\/#website\"},\"primaryImageOfPage\":{\"@id\":\"https:\/\/happyinaknit.com\/produktas\/addi-nerimo-vaseliai\/#primaryimage\"},\"image\":{\"@id\":\"https:\/\/happyinaknit.com\/produktas\/addi-nerimo-vaseliai\/#primaryimage\"},\"thumbnailUrl\":\"https:\/\/happyinaknit.com\/wp-content\/uploads\/2025\/10\/image_ad0271d3-30f3-4888-ad4d-3ac182606153_1280x.jpg.webp\",\"datePublished\":\"2025-10-19T12:42:57+00:00\",\"dateModified\":\"2026-02-23T13:10:18+00:00\",\"breadcrumb\":{\"@id\":\"https:\/\/happyinaknit.com\/produktas\/addi-nerimo-vaseliai\/#breadcrumb\"},\"inLanguage\":\"en-US\",\"potentialAction\":[{\"@type\":\"ReadAction\",\"target\":[\"https:\/\/happyinaknit.com\/produktas\/addi-nerimo-vaseliai\/\"]}]},{\"@type\":\"ImageObject\",\"inLanguage\":\"en-US\",\"@id\":\"https:\/\/happyinaknit.com\/produktas\/addi-nerimo-vaseliai\/#primaryimage\",\"url\":\"https:\/\/happyinaknit.com\/wp-content\/uploads\/2025\/10\/image_ad0271d3-30f3-4888-ad4d-3ac182606153_1280x.jpg.webp\",\"contentUrl\":\"https:\/\/happyinaknit.com\/wp-content\/uploads\/2025\/10\/image_ad0271d3-30f3-4888-ad4d-3ac182606153_1280x.jpg.webp\",\"width\":1280,\"height\":1280},{\"@type\":\"BreadcrumbList\",\"@id\":\"https:\/\/happyinaknit.com\/produktas\/addi-nerimo-vaseliai\/#breadcrumb\",\"itemListElement\":[{\"@type\":\"ListItem\",\"position\":1,\"name\":\"Home\",\"item\":\"https:\/\/happyinaknit.com\/lt\/\"},{\"@type\":\"ListItem\",\"position\":2,\"name\":\"Parduotuv\u0117\",\"item\":\"https:\/\/happyinaknit.com\/lt\/parduotuve\/\"},{\"@type\":\"ListItem\",\"position\":3,\"name\":\"Addi N\u0117rimo V\u0105\u0161eliai\"}]},{\"@type\":\"WebSite\",\"@id\":\"https:\/\/happyinaknit.com\/lt\/#website\",\"url\":\"https:\/\/happyinaknit.com\/lt\/\",\"name\":\"Happyinaknit.com\",\"description\":\"\",\"potentialAction\":[{\"@type\":\"SearchAction\",\"target\":{\"@type\":\"EntryPoint\",\"urlTemplate\":\"https:\/\/happyinaknit.com\/lt\/?s={search_term_string}\"},\"query-input\":{\"@type\":\"PropertyValueSpecification\",\"valueRequired\":true,\"valueName\":\"search_term_string\"}}],\"inLanguage\":\"en-US\"}]}<\/script>\n<!-- \/ Yoast SEO plugin. -->","yoast_head_json":{"title":"Addi N\u0117rimo V\u0105\u0161eliai - Happyinaknit.com","robots":{"index":"index","follow":"follow","max-snippet":"max-snippet:-1","max-image-preview":"max-image-preview:large","max-video-preview":"max-video-preview:-1"},"canonical":"https:\/\/happyinaknit.com\/en\/product\/addi-nerimo-vaseliai\/","og_locale":"en_US","og_type":"article","og_title":"Addi N\u0117rimo V\u0105\u0161eliai - Happyinaknit.com","og_description":"Patog\u016bs ir kokybi\u0161ki \u201eAddi\u201c v\u0105\u0161eliai \u2013 puikus pasirinkimas tiek pradedantiesiems, tiek patyrusiems n\u0117r\u0117jams. Nikeliuota danga u\u017etikrina ypatingai lengv\u0105 si\u016bl\u0173 slydim\u0105, o ergonomi\u0161ka plastikin\u0117 ranken\u0117l\u0117 leid\u017eia dirbti ilgai be nuovargio. Pagaminta Vokietijoje. Med\u017eiaga: metalas su nikeliuota danga, plastikin\u0117 ranken\u0117l\u0117 (kai kuriuose dyd\u017eiuose be ranken\u0117l\u0117s) Ilgis: 15 cm Turimi dyd\u017eiai \u20220,6 mm \u00a0be plastikin\u0117s ranken\u0117l\u0117s \u20220,75 mm [&hellip;]","og_url":"https:\/\/happyinaknit.com\/en\/product\/addi-nerimo-vaseliai\/","og_site_name":"Happyinaknit.com","article_modified_time":"2026-02-23T13:10:18+00:00","og_image":[{"width":1280,"height":1280,"url":"https:\/\/happyinaknit.com\/wp-content\/uploads\/2025\/10\/image_ad0271d3-30f3-4888-ad4d-3ac182606153_1280x.jpg.webp","type":"image\/webp"}],"twitter_card":"summary_large_image","twitter_misc":{"Est. reading time":"1 minute"},"schema":{"@context":"https:\/\/schema.org","@graph":[{"@type":"WebPage","@id":"https:\/\/happyinaknit.com\/produktas\/addi-nerimo-vaseliai\/","url":"https:\/\/happyinaknit.com\/produktas\/addi-nerimo-vaseliai\/","name":"Addi N\u0117rimo V\u0105\u0161eliai - Happyinaknit.com","isPartOf":{"@id":"https:\/\/happyinaknit.com\/lt\/#website"},"primaryImageOfPage":{"@id":"https:\/\/happyinaknit.com\/produktas\/addi-nerimo-vaseliai\/#primaryimage"},"image":{"@id":"https:\/\/happyinaknit.com\/produktas\/addi-nerimo-vaseliai\/#primaryimage"},"thumbnailUrl":"https:\/\/happyinaknit.com\/wp-content\/uploads\/2025\/10\/image_ad0271d3-30f3-4888-ad4d-3ac182606153_1280x.jpg.webp","datePublished":"2025-10-19T12:42:57+00:00","dateModified":"2026-02-23T13:10:18+00:00","breadcrumb":{"@id":"https:\/\/happyinaknit.com\/produktas\/addi-nerimo-vaseliai\/#breadcrumb"},"inLanguage":"en-US","potentialAction":[{"@type":"ReadAction","target":["https:\/\/happyinaknit.com\/produktas\/addi-nerimo-vaseliai\/"]}]},{"@type":"ImageObject","inLanguage":"en-US","@id":"https:\/\/happyinaknit.com\/produktas\/addi-nerimo-vaseliai\/#primaryimage","url":"https:\/\/happyinaknit.com\/wp-content\/uploads\/2025\/10\/image_ad0271d3-30f3-4888-ad4d-3ac182606153_1280x.jpg.webp","contentUrl":"https:\/\/happyinaknit.com\/wp-content\/uploads\/2025\/10\/image_ad0271d3-30f3-4888-ad4d-3ac182606153_1280x.jpg.webp","width":1280,"height":1280},{"@type":"BreadcrumbList","@id":"https:\/\/happyinaknit.com\/produktas\/addi-nerimo-vaseliai\/#breadcrumb","itemListElement":[{"@type":"ListItem","position":1,"name":"Home","item":"https:\/\/happyinaknit.com\/lt\/"},{"@type":"ListItem","position":2,"name":"Parduotuv\u0117","item":"https:\/\/happyinaknit.com\/lt\/parduotuve\/"},{"@type":"ListItem","position":3,"name":"Addi N\u0117rimo V\u0105\u0161eliai"}]},{"@type":"WebSite","@id":"https:\/\/happyinaknit.com\/lt\/#website","url":"https:\/\/happyinaknit.com\/lt\/","name":"Happyinaknit.com","description":"","potentialAction":[{"@type":"SearchAction","target":{"@type":"EntryPoint","urlTemplate":"https:\/\/happyinaknit.com\/lt\/?s={search_term_string}"},"query-input":{"@type":"PropertyValueSpecification","valueRequired":true,"valueName":"search_term_string"}}],"inLanguage":"en-US"}]}},"_links":{"self":[{"href":"https:\/\/happyinaknit.com\/en\/wp-json\/wp\/v2\/product\/6411","targetHints":{"allow":["GET"]}}],"collection":[{"href":"https:\/\/happyinaknit.com\/en\/wp-json\/wp\/v2\/product"}],"about":[{"href":"https:\/\/happyinaknit.com\/en\/wp-json\/wp\/v2\/types\/product"}],"replies":[{"embeddable":true,"href":"https:\/\/happyinaknit.com\/en\/wp-json\/wp\/v2\/comments?post=6411"}],"wp:featuredmedia":[{"embeddable":true,"href":"https:\/\/happyinaknit.com\/en\/wp-json\/wp\/v2\/media\/6420"}],"wp:attachment":[{"href":"https:\/\/happyinaknit.com\/en\/wp-json\/wp\/v2\/media?parent=6411"}],"wp:term":[{"taxonomy":"product_brand","embeddable":true,"href":"https:\/\/happyinaknit.com\/en\/wp-json\/wp\/v2\/product_brand?post=6411"},{"taxonomy":"product_cat","embeddable":true,"href":"https:\/\/happyinaknit.com\/en\/wp-json\/wp\/v2\/product_cat?post=6411"},{"taxonomy":"product_tag","embeddable":true,"href":"https:\/\/happyinaknit.com\/en\/wp-json\/wp\/v2\/product_tag?post=6411"},{"taxonomy":"pro-kategorijos","embeddable":true,"href":"https:\/\/happyinaknit.com\/en\/wp-json\/wp\/v2\/pro-kategorijos?post=6411"}],"curies":[{"name":"wp","href":"https:\/\/api.w.org\/{rel}","templated":true}]}}