{"id":6378,"date":"2025-10-19T12:27:22","date_gmt":"2025-10-19T12:27:22","guid":{"rendered":"https:\/\/happyinaknit.com\/?post_type=product&#038;p=6378"},"modified":"2026-01-20T13:23:18","modified_gmt":"2026-01-20T13:23:18","slug":"addi-unicorn-%f0%9f%a6%84-virbalai-su-valu-80-60-cm","status":"publish","type":"product","link":"https:\/\/happyinaknit.com\/en\/product\/addi-unicorn-%f0%9f%a6%84-virbalai-su-valu-80-60-cm\/","title":{"rendered":"Addi Unicorn \ud83e\udd84 Circular Knitting Needles (80 \/ 60 cm)"},"content":{"rendered":"<p>Elegant and comfortable, the Addi Unicorn knitting needles are a real joy for every knitter! The spiral-shaped surface provides a gentle massage effect for your fingers, and the smooth transition between the tip and the line allows the yarn to glide extremely easily. These are not only functional, but also aesthetic knitting needles that will make every knitting a pleasure.<\/p>\n<p>Made in Germany.<\/p>\n<p><b>Material:<\/b> brass, coated with white silver luster<\/p>\n<p><b>Total length:<\/b> 80cm or 60cm<\/p>\n<p><b>Tips:<\/b> pointed, spiral-shaped<\/p>\n<p><b>Features:<\/b> extremely light, quiet and ergonomic<\/p>\n<p><b>Note:<\/b> Color shades may vary slightly depending on your device&#039;s screen.<\/p>","protected":false},"excerpt":{"rendered":"<p>Eleganti\u0161ki ir patog\u016bs \u201eAddi Unicorn\u201c virbalai \u2013 tikras d\u017eiaugsmas kiekvienai mezg\u0117jai! Spiral\u0117s formos pavir\u0161ius suteikia \u0161veln\u0173 masa\u017eo efekt\u0105 pir\u0161tams, o lygus per\u0117jimas tarp antgalio ir valo leid\u017eia si\u016blams slysti itin lengvai. Tai ne tik funkcional\u016bs, bet ir esteti\u0161ki virbalai, kurie pavers kiekvien\u0105 mezgim\u0105 malonumu. Pagaminta Vokietijoje. Med\u017eiaga: \u017ealvaris, padengtas balto sidabro blizgesiu Bendras ilgis: 80 [&hellip;]<\/p>\n","protected":false},"featured_media":6379,"comment_status":"open","ping_status":"closed","template":"","meta":{"_acf_changed":false},"product_brand":[786],"product_cat":[15,19,862],"product_tag":[],"pro-kategorijos":[],"class_list":{"0":"post-6378","1":"product","2":"type-product","3":"status-publish","4":"has-post-thumbnail","6":"product_brand-addi","7":"product_cat-visi-produktai","8":"product_cat-mezgimo-priemones","9":"product_cat-virbalai-su-valu","11":"first","12":"instock","13":"shipping-taxable","14":"purchasable","15":"product-type-variable"},"acf":[],"yoast_head":"<!-- This site is optimized with the Yoast SEO plugin v26.8 - https:\/\/yoast.com\/product\/yoast-seo-wordpress\/ -->\n<title>Addi Unicorn \ud83e\udd84 Virbalai su valu (80 \/ 60 cm) - Happyinaknit.com<\/title>\n<meta name=\"robots\" content=\"index, follow, max-snippet:-1, max-image-preview:large, max-video-preview:-1\" \/>\n<link rel=\"canonical\" href=\"https:\/\/happyinaknit.com\/en\/product\/addi-unicorn-\ud83e\udd84-virbalai-su-valu-80-60-cm\/\" \/>\n<meta property=\"og:locale\" content=\"en_US\" \/>\n<meta property=\"og:type\" content=\"article\" \/>\n<meta property=\"og:title\" content=\"Addi Unicorn \ud83e\udd84 Virbalai su valu (80 \/ 60 cm) - Happyinaknit.com\" \/>\n<meta property=\"og:description\" content=\"Eleganti\u0161ki ir patog\u016bs \u201eAddi Unicorn\u201c virbalai \u2013 tikras d\u017eiaugsmas kiekvienai mezg\u0117jai! Spiral\u0117s formos pavir\u0161ius suteikia \u0161veln\u0173 masa\u017eo efekt\u0105 pir\u0161tams, o lygus per\u0117jimas tarp antgalio ir valo leid\u017eia si\u016blams slysti itin lengvai. Tai ne tik funkcional\u016bs, bet ir esteti\u0161ki virbalai, kurie pavers kiekvien\u0105 mezgim\u0105 malonumu. Pagaminta Vokietijoje. Med\u017eiaga: \u017ealvaris, padengtas balto sidabro blizgesiu Bendras ilgis: 80 [&hellip;]\" \/>\n<meta property=\"og:url\" content=\"https:\/\/happyinaknit.com\/en\/product\/addi-unicorn-\ud83e\udd84-virbalai-su-valu-80-60-cm\/\" \/>\n<meta property=\"og:site_name\" content=\"Happyinaknit.com\" \/>\n<meta property=\"article:modified_time\" content=\"2026-01-20T13:23:18+00:00\" \/>\n<meta property=\"og:image\" content=\"https:\/\/happyinaknit.com\/wp-content\/uploads\/2025\/10\/115-7_addiUnicorn_Rundstricknadel.jpg\" \/>\n\t<meta property=\"og:image:width\" content=\"800\" \/>\n\t<meta property=\"og:image:height\" content=\"800\" \/>\n\t<meta property=\"og:image:type\" content=\"image\/jpeg\" \/>\n<meta name=\"twitter:card\" content=\"summary_large_image\" \/>\n<script type=\"application\/ld+json\" class=\"yoast-schema-graph\">{\"@context\":\"https:\/\/schema.org\",\"@graph\":[{\"@type\":\"WebPage\",\"@id\":\"https:\/\/happyinaknit.com\/produktas\/addi-unicorn-%f0%9f%a6%84-virbalai-su-valu-80-60-cm\/\",\"url\":\"https:\/\/happyinaknit.com\/produktas\/addi-unicorn-%f0%9f%a6%84-virbalai-su-valu-80-60-cm\/\",\"name\":\"Addi Unicorn \ud83e\udd84 Virbalai su valu (80 \/ 60 cm) - Happyinaknit.com\",\"isPartOf\":{\"@id\":\"https:\/\/happyinaknit.com\/lt\/#website\"},\"primaryImageOfPage\":{\"@id\":\"https:\/\/happyinaknit.com\/produktas\/addi-unicorn-%f0%9f%a6%84-virbalai-su-valu-80-60-cm\/#primaryimage\"},\"image\":{\"@id\":\"https:\/\/happyinaknit.com\/produktas\/addi-unicorn-%f0%9f%a6%84-virbalai-su-valu-80-60-cm\/#primaryimage\"},\"thumbnailUrl\":\"https:\/\/happyinaknit.com\/wp-content\/uploads\/2025\/10\/115-7_addiUnicorn_Rundstricknadel.jpg\",\"datePublished\":\"2025-10-19T12:27:22+00:00\",\"dateModified\":\"2026-01-20T13:23:18+00:00\",\"breadcrumb\":{\"@id\":\"https:\/\/happyinaknit.com\/produktas\/addi-unicorn-%f0%9f%a6%84-virbalai-su-valu-80-60-cm\/#breadcrumb\"},\"inLanguage\":\"en-US\",\"potentialAction\":[{\"@type\":\"ReadAction\",\"target\":[\"https:\/\/happyinaknit.com\/produktas\/addi-unicorn-%f0%9f%a6%84-virbalai-su-valu-80-60-cm\/\"]}]},{\"@type\":\"ImageObject\",\"inLanguage\":\"en-US\",\"@id\":\"https:\/\/happyinaknit.com\/produktas\/addi-unicorn-%f0%9f%a6%84-virbalai-su-valu-80-60-cm\/#primaryimage\",\"url\":\"https:\/\/happyinaknit.com\/wp-content\/uploads\/2025\/10\/115-7_addiUnicorn_Rundstricknadel.jpg\",\"contentUrl\":\"https:\/\/happyinaknit.com\/wp-content\/uploads\/2025\/10\/115-7_addiUnicorn_Rundstricknadel.jpg\",\"width\":800,\"height\":800},{\"@type\":\"BreadcrumbList\",\"@id\":\"https:\/\/happyinaknit.com\/produktas\/addi-unicorn-%f0%9f%a6%84-virbalai-su-valu-80-60-cm\/#breadcrumb\",\"itemListElement\":[{\"@type\":\"ListItem\",\"position\":1,\"name\":\"Home\",\"item\":\"https:\/\/happyinaknit.com\/lt\/\"},{\"@type\":\"ListItem\",\"position\":2,\"name\":\"Parduotuv\u0117\",\"item\":\"https:\/\/happyinaknit.com\/lt\/parduotuve\/\"},{\"@type\":\"ListItem\",\"position\":3,\"name\":\"Addi Unicorn \ud83e\udd84 Virbalai su valu (80 \/ 60 cm)\"}]},{\"@type\":\"WebSite\",\"@id\":\"https:\/\/happyinaknit.com\/lt\/#website\",\"url\":\"https:\/\/happyinaknit.com\/lt\/\",\"name\":\"Happyinaknit.com\",\"description\":\"\",\"potentialAction\":[{\"@type\":\"SearchAction\",\"target\":{\"@type\":\"EntryPoint\",\"urlTemplate\":\"https:\/\/happyinaknit.com\/lt\/?s={search_term_string}\"},\"query-input\":{\"@type\":\"PropertyValueSpecification\",\"valueRequired\":true,\"valueName\":\"search_term_string\"}}],\"inLanguage\":\"en-US\"}]}<\/script>\n<!-- \/ Yoast SEO plugin. -->","yoast_head_json":{"title":"Addi Unicorn \ud83e\udd84 Virbalai su valu (80 \/ 60 cm) - Happyinaknit.com","robots":{"index":"index","follow":"follow","max-snippet":"max-snippet:-1","max-image-preview":"max-image-preview:large","max-video-preview":"max-video-preview:-1"},"canonical":"https:\/\/happyinaknit.com\/en\/product\/addi-unicorn-\ud83e\udd84-virbalai-su-valu-80-60-cm\/","og_locale":"en_US","og_type":"article","og_title":"Addi Unicorn \ud83e\udd84 Virbalai su valu (80 \/ 60 cm) - Happyinaknit.com","og_description":"Eleganti\u0161ki ir patog\u016bs \u201eAddi Unicorn\u201c virbalai \u2013 tikras d\u017eiaugsmas kiekvienai mezg\u0117jai! Spiral\u0117s formos pavir\u0161ius suteikia \u0161veln\u0173 masa\u017eo efekt\u0105 pir\u0161tams, o lygus per\u0117jimas tarp antgalio ir valo leid\u017eia si\u016blams slysti itin lengvai. Tai ne tik funkcional\u016bs, bet ir esteti\u0161ki virbalai, kurie pavers kiekvien\u0105 mezgim\u0105 malonumu. Pagaminta Vokietijoje. Med\u017eiaga: \u017ealvaris, padengtas balto sidabro blizgesiu Bendras ilgis: 80 [&hellip;]","og_url":"https:\/\/happyinaknit.com\/en\/product\/addi-unicorn-\ud83e\udd84-virbalai-su-valu-80-60-cm\/","og_site_name":"Happyinaknit.com","article_modified_time":"2026-01-20T13:23:18+00:00","og_image":[{"width":800,"height":800,"url":"https:\/\/happyinaknit.com\/wp-content\/uploads\/2025\/10\/115-7_addiUnicorn_Rundstricknadel.jpg","type":"image\/jpeg"}],"twitter_card":"summary_large_image","schema":{"@context":"https:\/\/schema.org","@graph":[{"@type":"WebPage","@id":"https:\/\/happyinaknit.com\/produktas\/addi-unicorn-%f0%9f%a6%84-virbalai-su-valu-80-60-cm\/","url":"https:\/\/happyinaknit.com\/produktas\/addi-unicorn-%f0%9f%a6%84-virbalai-su-valu-80-60-cm\/","name":"Addi Unicorn \ud83e\udd84 Virbalai su valu (80 \/ 60 cm) - Happyinaknit.com","isPartOf":{"@id":"https:\/\/happyinaknit.com\/lt\/#website"},"primaryImageOfPage":{"@id":"https:\/\/happyinaknit.com\/produktas\/addi-unicorn-%f0%9f%a6%84-virbalai-su-valu-80-60-cm\/#primaryimage"},"image":{"@id":"https:\/\/happyinaknit.com\/produktas\/addi-unicorn-%f0%9f%a6%84-virbalai-su-valu-80-60-cm\/#primaryimage"},"thumbnailUrl":"https:\/\/happyinaknit.com\/wp-content\/uploads\/2025\/10\/115-7_addiUnicorn_Rundstricknadel.jpg","datePublished":"2025-10-19T12:27:22+00:00","dateModified":"2026-01-20T13:23:18+00:00","breadcrumb":{"@id":"https:\/\/happyinaknit.com\/produktas\/addi-unicorn-%f0%9f%a6%84-virbalai-su-valu-80-60-cm\/#breadcrumb"},"inLanguage":"en-US","potentialAction":[{"@type":"ReadAction","target":["https:\/\/happyinaknit.com\/produktas\/addi-unicorn-%f0%9f%a6%84-virbalai-su-valu-80-60-cm\/"]}]},{"@type":"ImageObject","inLanguage":"en-US","@id":"https:\/\/happyinaknit.com\/produktas\/addi-unicorn-%f0%9f%a6%84-virbalai-su-valu-80-60-cm\/#primaryimage","url":"https:\/\/happyinaknit.com\/wp-content\/uploads\/2025\/10\/115-7_addiUnicorn_Rundstricknadel.jpg","contentUrl":"https:\/\/happyinaknit.com\/wp-content\/uploads\/2025\/10\/115-7_addiUnicorn_Rundstricknadel.jpg","width":800,"height":800},{"@type":"BreadcrumbList","@id":"https:\/\/happyinaknit.com\/produktas\/addi-unicorn-%f0%9f%a6%84-virbalai-su-valu-80-60-cm\/#breadcrumb","itemListElement":[{"@type":"ListItem","position":1,"name":"Home","item":"https:\/\/happyinaknit.com\/lt\/"},{"@type":"ListItem","position":2,"name":"Parduotuv\u0117","item":"https:\/\/happyinaknit.com\/lt\/parduotuve\/"},{"@type":"ListItem","position":3,"name":"Addi Unicorn \ud83e\udd84 Virbalai su valu (80 \/ 60 cm)"}]},{"@type":"WebSite","@id":"https:\/\/happyinaknit.com\/lt\/#website","url":"https:\/\/happyinaknit.com\/lt\/","name":"Happyinaknit.com","description":"","potentialAction":[{"@type":"SearchAction","target":{"@type":"EntryPoint","urlTemplate":"https:\/\/happyinaknit.com\/lt\/?s={search_term_string}"},"query-input":{"@type":"PropertyValueSpecification","valueRequired":true,"valueName":"search_term_string"}}],"inLanguage":"en-US"}]}},"_links":{"self":[{"href":"https:\/\/happyinaknit.com\/en\/wp-json\/wp\/v2\/product\/6378","targetHints":{"allow":["GET"]}}],"collection":[{"href":"https:\/\/happyinaknit.com\/en\/wp-json\/wp\/v2\/product"}],"about":[{"href":"https:\/\/happyinaknit.com\/en\/wp-json\/wp\/v2\/types\/product"}],"replies":[{"embeddable":true,"href":"https:\/\/happyinaknit.com\/en\/wp-json\/wp\/v2\/comments?post=6378"}],"wp:featuredmedia":[{"embeddable":true,"href":"https:\/\/happyinaknit.com\/en\/wp-json\/wp\/v2\/media\/6379"}],"wp:attachment":[{"href":"https:\/\/happyinaknit.com\/en\/wp-json\/wp\/v2\/media?parent=6378"}],"wp:term":[{"taxonomy":"product_brand","embeddable":true,"href":"https:\/\/happyinaknit.com\/en\/wp-json\/wp\/v2\/product_brand?post=6378"},{"taxonomy":"product_cat","embeddable":true,"href":"https:\/\/happyinaknit.com\/en\/wp-json\/wp\/v2\/product_cat?post=6378"},{"taxonomy":"product_tag","embeddable":true,"href":"https:\/\/happyinaknit.com\/en\/wp-json\/wp\/v2\/product_tag?post=6378"},{"taxonomy":"pro-kategorijos","embeddable":true,"href":"https:\/\/happyinaknit.com\/en\/wp-json\/wp\/v2\/pro-kategorijos?post=6378"}],"curies":[{"name":"wp","href":"https:\/\/api.w.org\/{rel}","templated":true}]}}