{"id":6359,"date":"2025-10-19T11:48:25","date_gmt":"2025-10-19T11:48:25","guid":{"rendered":"https:\/\/happyinaknit.com\/?post_type=product&#038;p=6359"},"modified":"2026-03-04T07:11:21","modified_gmt":"2026-03-04T07:11:21","slug":"rico-design-punch-needle-siuvinejimo-adata-19-cm","status":"publish","type":"product","link":"https:\/\/happyinaknit.com\/en\/product\/rico-design-punch-needle-siuvinejimo-adata-19-cm\/","title":{"rendered":"Rico Design Punch Needle  19 cm"},"content":{"rendered":"<p><b>Punch needle<\/b> \u2013 this is a simple but very effective embroidery technique that allows you to create <b>spatial, relief patterns<\/b> on a variety of fabrics. Using this needle, you can embroider original designs for cushions, paintings, handbags or other creative projects.<\/p>\n<p><b>Needle size:<\/b> 5mm<\/p>\n<p><b>Length:<\/b> 19 cm<\/p>\n<p><b>Purpose:<\/b> for embroidery using the punch needle technique on fabrics<\/p>\n<p><b>Suitable for:<\/b> for medium and thick threads<\/p>\n<p><b>Note:<\/b> Color shades may vary slightly depending on your device&#039;s screen.<\/p>","protected":false},"excerpt":{"rendered":"<p>Punch needle \u2013 tai paprasta, bet labai efektinga siuvin\u0117jimo technika, kuri leid\u017eia kurti erdvinius, reljefinius ra\u0161tus ant \u012fvairi\u0173 audini\u0173. Naudodami \u0161i\u0105 adat\u0105 galite i\u0161siuvin\u0117ti originalius dizainus pagalv\u0117l\u0117ms, paveikslams, rankin\u0117ms ar kitiems k\u016brybiniams projektams. Adatos dydis: 5 mm Ilgis: 19 cm Paskirtis: siuvin\u0117jimui \u201epunch needle\u201c technika ant audini\u0173 Tinka: vidutinio ir storo storio si\u016blams Pastaba: spalv\u0173 [&hellip;]<\/p>\n","protected":false},"featured_media":6364,"comment_status":"open","ping_status":"closed","template":"","meta":{"_acf_changed":false},"product_brand":[68],"product_cat":[15,1080,52,20],"product_tag":[],"pro-kategorijos":[],"class_list":{"0":"post-6359","1":"product","2":"type-product","3":"status-publish","4":"has-post-thumbnail","6":"product_brand-rico-design","7":"product_cat-visi-produktai","8":"product_cat-adatos","9":"product_cat-kiti-mezgimo-reikmenys","10":"product_cat-priedai-mezgimui","12":"first","13":"outofstock","14":"shipping-taxable","15":"purchasable","16":"product-type-simple"},"acf":[],"yoast_head":"<!-- This site is optimized with the Yoast SEO plugin v26.8 - https:\/\/yoast.com\/product\/yoast-seo-wordpress\/ -->\n<title>Rico Design Punch Needle siuvin\u0117jimo adata 19 cm - Happyinaknit.com<\/title>\n<meta name=\"robots\" content=\"index, follow, max-snippet:-1, max-image-preview:large, max-video-preview:-1\" \/>\n<link rel=\"canonical\" href=\"https:\/\/happyinaknit.com\/en\/product\/rico-design-punch-needle-siuvinejimo-adata-19-cm\/\" \/>\n<meta property=\"og:locale\" content=\"en_US\" \/>\n<meta property=\"og:type\" content=\"article\" \/>\n<meta property=\"og:title\" content=\"Rico Design Punch Needle siuvin\u0117jimo adata 19 cm - Happyinaknit.com\" \/>\n<meta property=\"og:description\" content=\"Punch needle \u2013 tai paprasta, bet labai efektinga siuvin\u0117jimo technika, kuri leid\u017eia kurti erdvinius, reljefinius ra\u0161tus ant \u012fvairi\u0173 audini\u0173. Naudodami \u0161i\u0105 adat\u0105 galite i\u0161siuvin\u0117ti originalius dizainus pagalv\u0117l\u0117ms, paveikslams, rankin\u0117ms ar kitiems k\u016brybiniams projektams. Adatos dydis: 5 mm Ilgis: 19 cm Paskirtis: siuvin\u0117jimui \u201epunch needle\u201c technika ant audini\u0173 Tinka: vidutinio ir storo storio si\u016blams Pastaba: spalv\u0173 [&hellip;]\" \/>\n<meta property=\"og:url\" content=\"https:\/\/happyinaknit.com\/en\/product\/rico-design-punch-needle-siuvinejimo-adata-19-cm\/\" \/>\n<meta property=\"og:site_name\" content=\"Happyinaknit.com\" \/>\n<meta property=\"article:modified_time\" content=\"2026-03-04T07:11:21+00:00\" \/>\n<meta property=\"og:image\" content=\"https:\/\/happyinaknit.com\/wp-content\/uploads\/2025\/10\/rico-needle-punch-19.jpg.webp\" \/>\n\t<meta property=\"og:image:width\" content=\"1500\" \/>\n\t<meta property=\"og:image:height\" content=\"1500\" \/>\n\t<meta property=\"og:image:type\" content=\"image\/webp\" \/>\n<meta name=\"twitter:card\" content=\"summary_large_image\" \/>\n<script type=\"application\/ld+json\" class=\"yoast-schema-graph\">{\"@context\":\"https:\/\/schema.org\",\"@graph\":[{\"@type\":\"WebPage\",\"@id\":\"https:\/\/happyinaknit.com\/produktas\/rico-design-punch-needle-siuvinejimo-adata-19-cm\/\",\"url\":\"https:\/\/happyinaknit.com\/produktas\/rico-design-punch-needle-siuvinejimo-adata-19-cm\/\",\"name\":\"Rico Design Punch Needle siuvin\u0117jimo adata 19 cm - Happyinaknit.com\",\"isPartOf\":{\"@id\":\"https:\/\/happyinaknit.com\/lt\/#website\"},\"primaryImageOfPage\":{\"@id\":\"https:\/\/happyinaknit.com\/produktas\/rico-design-punch-needle-siuvinejimo-adata-19-cm\/#primaryimage\"},\"image\":{\"@id\":\"https:\/\/happyinaknit.com\/produktas\/rico-design-punch-needle-siuvinejimo-adata-19-cm\/#primaryimage\"},\"thumbnailUrl\":\"https:\/\/happyinaknit.com\/wp-content\/uploads\/2025\/10\/rico-needle-punch-19.jpg.webp\",\"datePublished\":\"2025-10-19T11:48:25+00:00\",\"dateModified\":\"2026-03-04T07:11:21+00:00\",\"breadcrumb\":{\"@id\":\"https:\/\/happyinaknit.com\/produktas\/rico-design-punch-needle-siuvinejimo-adata-19-cm\/#breadcrumb\"},\"inLanguage\":\"en-US\",\"potentialAction\":[{\"@type\":\"ReadAction\",\"target\":[\"https:\/\/happyinaknit.com\/produktas\/rico-design-punch-needle-siuvinejimo-adata-19-cm\/\"]}]},{\"@type\":\"ImageObject\",\"inLanguage\":\"en-US\",\"@id\":\"https:\/\/happyinaknit.com\/produktas\/rico-design-punch-needle-siuvinejimo-adata-19-cm\/#primaryimage\",\"url\":\"https:\/\/happyinaknit.com\/wp-content\/uploads\/2025\/10\/rico-needle-punch-19.jpg.webp\",\"contentUrl\":\"https:\/\/happyinaknit.com\/wp-content\/uploads\/2025\/10\/rico-needle-punch-19.jpg.webp\",\"width\":1500,\"height\":1500},{\"@type\":\"BreadcrumbList\",\"@id\":\"https:\/\/happyinaknit.com\/produktas\/rico-design-punch-needle-siuvinejimo-adata-19-cm\/#breadcrumb\",\"itemListElement\":[{\"@type\":\"ListItem\",\"position\":1,\"name\":\"Home\",\"item\":\"https:\/\/happyinaknit.com\/lt\/\"},{\"@type\":\"ListItem\",\"position\":2,\"name\":\"Parduotuv\u0117\",\"item\":\"https:\/\/happyinaknit.com\/lt\/parduotuve\/\"},{\"@type\":\"ListItem\",\"position\":3,\"name\":\"Rico Design Punch Needle siuvin\u0117jimo adata 19 cm\"}]},{\"@type\":\"WebSite\",\"@id\":\"https:\/\/happyinaknit.com\/lt\/#website\",\"url\":\"https:\/\/happyinaknit.com\/lt\/\",\"name\":\"Happyinaknit.com\",\"description\":\"\",\"potentialAction\":[{\"@type\":\"SearchAction\",\"target\":{\"@type\":\"EntryPoint\",\"urlTemplate\":\"https:\/\/happyinaknit.com\/lt\/?s={search_term_string}\"},\"query-input\":{\"@type\":\"PropertyValueSpecification\",\"valueRequired\":true,\"valueName\":\"search_term_string\"}}],\"inLanguage\":\"en-US\"}]}<\/script>\n<!-- \/ Yoast SEO plugin. -->","yoast_head_json":{"title":"Rico Design Punch Needle siuvin\u0117jimo adata 19 cm - Happyinaknit.com","robots":{"index":"index","follow":"follow","max-snippet":"max-snippet:-1","max-image-preview":"max-image-preview:large","max-video-preview":"max-video-preview:-1"},"canonical":"https:\/\/happyinaknit.com\/en\/product\/rico-design-punch-needle-siuvinejimo-adata-19-cm\/","og_locale":"en_US","og_type":"article","og_title":"Rico Design Punch Needle siuvin\u0117jimo adata 19 cm - Happyinaknit.com","og_description":"Punch needle \u2013 tai paprasta, bet labai efektinga siuvin\u0117jimo technika, kuri leid\u017eia kurti erdvinius, reljefinius ra\u0161tus ant \u012fvairi\u0173 audini\u0173. Naudodami \u0161i\u0105 adat\u0105 galite i\u0161siuvin\u0117ti originalius dizainus pagalv\u0117l\u0117ms, paveikslams, rankin\u0117ms ar kitiems k\u016brybiniams projektams. Adatos dydis: 5 mm Ilgis: 19 cm Paskirtis: siuvin\u0117jimui \u201epunch needle\u201c technika ant audini\u0173 Tinka: vidutinio ir storo storio si\u016blams Pastaba: spalv\u0173 [&hellip;]","og_url":"https:\/\/happyinaknit.com\/en\/product\/rico-design-punch-needle-siuvinejimo-adata-19-cm\/","og_site_name":"Happyinaknit.com","article_modified_time":"2026-03-04T07:11:21+00:00","og_image":[{"width":1500,"height":1500,"url":"https:\/\/happyinaknit.com\/wp-content\/uploads\/2025\/10\/rico-needle-punch-19.jpg.webp","type":"image\/webp"}],"twitter_card":"summary_large_image","schema":{"@context":"https:\/\/schema.org","@graph":[{"@type":"WebPage","@id":"https:\/\/happyinaknit.com\/produktas\/rico-design-punch-needle-siuvinejimo-adata-19-cm\/","url":"https:\/\/happyinaknit.com\/produktas\/rico-design-punch-needle-siuvinejimo-adata-19-cm\/","name":"Rico Design Punch Needle siuvin\u0117jimo adata 19 cm - Happyinaknit.com","isPartOf":{"@id":"https:\/\/happyinaknit.com\/lt\/#website"},"primaryImageOfPage":{"@id":"https:\/\/happyinaknit.com\/produktas\/rico-design-punch-needle-siuvinejimo-adata-19-cm\/#primaryimage"},"image":{"@id":"https:\/\/happyinaknit.com\/produktas\/rico-design-punch-needle-siuvinejimo-adata-19-cm\/#primaryimage"},"thumbnailUrl":"https:\/\/happyinaknit.com\/wp-content\/uploads\/2025\/10\/rico-needle-punch-19.jpg.webp","datePublished":"2025-10-19T11:48:25+00:00","dateModified":"2026-03-04T07:11:21+00:00","breadcrumb":{"@id":"https:\/\/happyinaknit.com\/produktas\/rico-design-punch-needle-siuvinejimo-adata-19-cm\/#breadcrumb"},"inLanguage":"en-US","potentialAction":[{"@type":"ReadAction","target":["https:\/\/happyinaknit.com\/produktas\/rico-design-punch-needle-siuvinejimo-adata-19-cm\/"]}]},{"@type":"ImageObject","inLanguage":"en-US","@id":"https:\/\/happyinaknit.com\/produktas\/rico-design-punch-needle-siuvinejimo-adata-19-cm\/#primaryimage","url":"https:\/\/happyinaknit.com\/wp-content\/uploads\/2025\/10\/rico-needle-punch-19.jpg.webp","contentUrl":"https:\/\/happyinaknit.com\/wp-content\/uploads\/2025\/10\/rico-needle-punch-19.jpg.webp","width":1500,"height":1500},{"@type":"BreadcrumbList","@id":"https:\/\/happyinaknit.com\/produktas\/rico-design-punch-needle-siuvinejimo-adata-19-cm\/#breadcrumb","itemListElement":[{"@type":"ListItem","position":1,"name":"Home","item":"https:\/\/happyinaknit.com\/lt\/"},{"@type":"ListItem","position":2,"name":"Parduotuv\u0117","item":"https:\/\/happyinaknit.com\/lt\/parduotuve\/"},{"@type":"ListItem","position":3,"name":"Rico Design Punch Needle siuvin\u0117jimo adata 19 cm"}]},{"@type":"WebSite","@id":"https:\/\/happyinaknit.com\/lt\/#website","url":"https:\/\/happyinaknit.com\/lt\/","name":"Happyinaknit.com","description":"","potentialAction":[{"@type":"SearchAction","target":{"@type":"EntryPoint","urlTemplate":"https:\/\/happyinaknit.com\/lt\/?s={search_term_string}"},"query-input":{"@type":"PropertyValueSpecification","valueRequired":true,"valueName":"search_term_string"}}],"inLanguage":"en-US"}]}},"_links":{"self":[{"href":"https:\/\/happyinaknit.com\/en\/wp-json\/wp\/v2\/product\/6359","targetHints":{"allow":["GET"]}}],"collection":[{"href":"https:\/\/happyinaknit.com\/en\/wp-json\/wp\/v2\/product"}],"about":[{"href":"https:\/\/happyinaknit.com\/en\/wp-json\/wp\/v2\/types\/product"}],"replies":[{"embeddable":true,"href":"https:\/\/happyinaknit.com\/en\/wp-json\/wp\/v2\/comments?post=6359"}],"wp:featuredmedia":[{"embeddable":true,"href":"https:\/\/happyinaknit.com\/en\/wp-json\/wp\/v2\/media\/6364"}],"wp:attachment":[{"href":"https:\/\/happyinaknit.com\/en\/wp-json\/wp\/v2\/media?parent=6359"}],"wp:term":[{"taxonomy":"product_brand","embeddable":true,"href":"https:\/\/happyinaknit.com\/en\/wp-json\/wp\/v2\/product_brand?post=6359"},{"taxonomy":"product_cat","embeddable":true,"href":"https:\/\/happyinaknit.com\/en\/wp-json\/wp\/v2\/product_cat?post=6359"},{"taxonomy":"product_tag","embeddable":true,"href":"https:\/\/happyinaknit.com\/en\/wp-json\/wp\/v2\/product_tag?post=6359"},{"taxonomy":"pro-kategorijos","embeddable":true,"href":"https:\/\/happyinaknit.com\/en\/wp-json\/wp\/v2\/pro-kategorijos?post=6359"}],"curies":[{"name":"wp","href":"https:\/\/api.w.org\/{rel}","templated":true}]}}