{"id":6352,"date":"2025-10-19T11:42:33","date_gmt":"2025-10-19T11:42:33","guid":{"rendered":"https:\/\/happyinaknit.com\/?post_type=product&#038;p=6352"},"modified":"2025-12-29T21:09:39","modified_gmt":"2025-12-29T21:09:39","slug":"wolle-rodel-prisukami-virbalai-115-cm","status":"publish","type":"product","link":"https:\/\/happyinaknit.com\/en\/product\/wolle-rodel-prisukami-virbalai-115-cm\/","title":{"rendered":"Wolle R\u00f6del Interchangeable Knitting Needles 11.5 cm"},"content":{"rendered":"<p>High-quality screw-on interchangeable  needle tips from Wolle R\u00f6del, made of natural birch wood. Lightweight, warm and pleasant to the touch, these bobbins ensure comfortable knitting and a smooth glide.<\/p>\n<p>The 11.5 cm tips  are ideal for smaller to medium sized projects and are compatible with cables from KnitPro, LYKKE, The Mindful Collection and Lantern Moon.<\/p>\n<p><strong>Available from<\/strong>: birch<\/p>\n<p><b>Length:<\/b> 11.5 cm<\/p>\n<p><b>Quantity per package:<\/b> 1 pair<\/p>\n<p><b>Compatibility:<\/b> KnitPro, LYKKE, The Mindful Collection, Lantern Moon<\/p>\n<p><b>Note:<\/b> Color shades may vary slightly depending on your device&#039;s screen.<\/p>","protected":false},"excerpt":{"rendered":"<p>Auk\u0161tos kokyb\u0117s prisukami virbalai i\u0161 Wolle R\u00f6del, pagaminti i\u0161 nat\u016bralios ber\u017eo medienos. Lengvi, \u0161ilti ir malon\u016bs liesti, \u0161ie virbalai u\u017etikrina patog\u0173 mezgim\u0105 ir tolyg\u0173 si\u016bl\u0173 slydim\u0105. 11,5 cm ilgio virbalai yra ideal\u016bs tiek ma\u017eesniems, tiek vidutinio dyd\u017eio projektams ir suderinami su valais prisukamiems virbalams i\u0161 KnitPro, LYKKE, The Mindful Collection ir Lantern Moon. Med\u017eiaga: ber\u017eas [&hellip;]<\/p>\n","protected":false},"featured_media":6333,"comment_status":"open","ping_status":"closed","template":"","meta":{"_acf_changed":false},"product_brand":[68,1070],"product_cat":[15,19,863],"product_tag":[],"pro-kategorijos":[],"class_list":{"0":"post-6352","1":"product","2":"type-product","3":"status-publish","4":"has-post-thumbnail","6":"product_brand-rico-design","7":"product_brand-wolle-rodel","8":"product_cat-visi-produktai","9":"product_cat-mezgimo-priemones","10":"product_cat-prisukami-virbalai","12":"first","13":"instock","14":"shipping-taxable","15":"purchasable","16":"product-type-variable"},"acf":[],"yoast_head":"<!-- This site is optimized with the Yoast SEO plugin v26.8 - https:\/\/yoast.com\/product\/yoast-seo-wordpress\/ -->\n<title>Wolle R\u00f6del Prisukami Virbalai 11,5 cm - Happyinaknit.com<\/title>\n<meta name=\"robots\" content=\"index, follow, max-snippet:-1, max-image-preview:large, max-video-preview:-1\" \/>\n<link rel=\"canonical\" href=\"https:\/\/happyinaknit.com\/en\/product\/wolle-rodel-prisukami-virbalai-115-cm\/\" \/>\n<meta property=\"og:locale\" content=\"en_US\" \/>\n<meta property=\"og:type\" content=\"article\" \/>\n<meta property=\"og:title\" content=\"Wolle R\u00f6del Prisukami Virbalai 11,5 cm - Happyinaknit.com\" \/>\n<meta property=\"og:description\" content=\"Auk\u0161tos kokyb\u0117s prisukami virbalai i\u0161 Wolle R\u00f6del, pagaminti i\u0161 nat\u016bralios ber\u017eo medienos. Lengvi, \u0161ilti ir malon\u016bs liesti, \u0161ie virbalai u\u017etikrina patog\u0173 mezgim\u0105 ir tolyg\u0173 si\u016bl\u0173 slydim\u0105. 11,5 cm ilgio virbalai yra ideal\u016bs tiek ma\u017eesniems, tiek vidutinio dyd\u017eio projektams ir suderinami su valais prisukamiems virbalams i\u0161 KnitPro, LYKKE, The Mindful Collection ir Lantern Moon. Med\u017eiaga: ber\u017eas [&hellip;]\" \/>\n<meta property=\"og:url\" content=\"https:\/\/happyinaknit.com\/en\/product\/wolle-rodel-prisukami-virbalai-115-cm\/\" \/>\n<meta property=\"og:site_name\" content=\"Happyinaknit.com\" \/>\n<meta property=\"article:modified_time\" content=\"2025-12-29T21:09:39+00:00\" \/>\n<meta property=\"og:image\" content=\"https:\/\/happyinaknit.com\/wp-content\/uploads\/2025\/10\/562468-3022.00.55_2.jpg\" \/>\n\t<meta property=\"og:image:width\" content=\"1500\" \/>\n\t<meta property=\"og:image:height\" content=\"1500\" \/>\n\t<meta property=\"og:image:type\" content=\"image\/jpeg\" \/>\n<meta name=\"twitter:card\" content=\"summary_large_image\" \/>\n<script type=\"application\/ld+json\" class=\"yoast-schema-graph\">{\"@context\":\"https:\/\/schema.org\",\"@graph\":[{\"@type\":\"WebPage\",\"@id\":\"https:\/\/happyinaknit.com\/produktas\/wolle-rodel-prisukami-virbalai-115-cm\/\",\"url\":\"https:\/\/happyinaknit.com\/produktas\/wolle-rodel-prisukami-virbalai-115-cm\/\",\"name\":\"Wolle R\u00f6del Prisukami Virbalai 11,5 cm - Happyinaknit.com\",\"isPartOf\":{\"@id\":\"https:\/\/happyinaknit.com\/lt\/#website\"},\"primaryImageOfPage\":{\"@id\":\"https:\/\/happyinaknit.com\/produktas\/wolle-rodel-prisukami-virbalai-115-cm\/#primaryimage\"},\"image\":{\"@id\":\"https:\/\/happyinaknit.com\/produktas\/wolle-rodel-prisukami-virbalai-115-cm\/#primaryimage\"},\"thumbnailUrl\":\"https:\/\/happyinaknit.com\/wp-content\/uploads\/2025\/10\/562468-3022.00.55_2.jpg\",\"datePublished\":\"2025-10-19T11:42:33+00:00\",\"dateModified\":\"2025-12-29T21:09:39+00:00\",\"breadcrumb\":{\"@id\":\"https:\/\/happyinaknit.com\/produktas\/wolle-rodel-prisukami-virbalai-115-cm\/#breadcrumb\"},\"inLanguage\":\"en-US\",\"potentialAction\":[{\"@type\":\"ReadAction\",\"target\":[\"https:\/\/happyinaknit.com\/produktas\/wolle-rodel-prisukami-virbalai-115-cm\/\"]}]},{\"@type\":\"ImageObject\",\"inLanguage\":\"en-US\",\"@id\":\"https:\/\/happyinaknit.com\/produktas\/wolle-rodel-prisukami-virbalai-115-cm\/#primaryimage\",\"url\":\"https:\/\/happyinaknit.com\/wp-content\/uploads\/2025\/10\/562468-3022.00.55_2.jpg\",\"contentUrl\":\"https:\/\/happyinaknit.com\/wp-content\/uploads\/2025\/10\/562468-3022.00.55_2.jpg\",\"width\":1500,\"height\":1500},{\"@type\":\"BreadcrumbList\",\"@id\":\"https:\/\/happyinaknit.com\/produktas\/wolle-rodel-prisukami-virbalai-115-cm\/#breadcrumb\",\"itemListElement\":[{\"@type\":\"ListItem\",\"position\":1,\"name\":\"Home\",\"item\":\"https:\/\/happyinaknit.com\/lt\/\"},{\"@type\":\"ListItem\",\"position\":2,\"name\":\"Parduotuv\u0117\",\"item\":\"https:\/\/happyinaknit.com\/lt\/parduotuve\/\"},{\"@type\":\"ListItem\",\"position\":3,\"name\":\"Wolle R\u00f6del Prisukami Virbalai 11,5 cm\"}]},{\"@type\":\"WebSite\",\"@id\":\"https:\/\/happyinaknit.com\/lt\/#website\",\"url\":\"https:\/\/happyinaknit.com\/lt\/\",\"name\":\"Happyinaknit.com\",\"description\":\"\",\"potentialAction\":[{\"@type\":\"SearchAction\",\"target\":{\"@type\":\"EntryPoint\",\"urlTemplate\":\"https:\/\/happyinaknit.com\/lt\/?s={search_term_string}\"},\"query-input\":{\"@type\":\"PropertyValueSpecification\",\"valueRequired\":true,\"valueName\":\"search_term_string\"}}],\"inLanguage\":\"en-US\"}]}<\/script>\n<!-- \/ Yoast SEO plugin. -->","yoast_head_json":{"title":"Wolle R\u00f6del Prisukami Virbalai 11,5 cm - Happyinaknit.com","robots":{"index":"index","follow":"follow","max-snippet":"max-snippet:-1","max-image-preview":"max-image-preview:large","max-video-preview":"max-video-preview:-1"},"canonical":"https:\/\/happyinaknit.com\/en\/product\/wolle-rodel-prisukami-virbalai-115-cm\/","og_locale":"en_US","og_type":"article","og_title":"Wolle R\u00f6del Prisukami Virbalai 11,5 cm - Happyinaknit.com","og_description":"Auk\u0161tos kokyb\u0117s prisukami virbalai i\u0161 Wolle R\u00f6del, pagaminti i\u0161 nat\u016bralios ber\u017eo medienos. Lengvi, \u0161ilti ir malon\u016bs liesti, \u0161ie virbalai u\u017etikrina patog\u0173 mezgim\u0105 ir tolyg\u0173 si\u016bl\u0173 slydim\u0105. 11,5 cm ilgio virbalai yra ideal\u016bs tiek ma\u017eesniems, tiek vidutinio dyd\u017eio projektams ir suderinami su valais prisukamiems virbalams i\u0161 KnitPro, LYKKE, The Mindful Collection ir Lantern Moon. Med\u017eiaga: ber\u017eas [&hellip;]","og_url":"https:\/\/happyinaknit.com\/en\/product\/wolle-rodel-prisukami-virbalai-115-cm\/","og_site_name":"Happyinaknit.com","article_modified_time":"2025-12-29T21:09:39+00:00","og_image":[{"width":1500,"height":1500,"url":"https:\/\/happyinaknit.com\/wp-content\/uploads\/2025\/10\/562468-3022.00.55_2.jpg","type":"image\/jpeg"}],"twitter_card":"summary_large_image","schema":{"@context":"https:\/\/schema.org","@graph":[{"@type":"WebPage","@id":"https:\/\/happyinaknit.com\/produktas\/wolle-rodel-prisukami-virbalai-115-cm\/","url":"https:\/\/happyinaknit.com\/produktas\/wolle-rodel-prisukami-virbalai-115-cm\/","name":"Wolle R\u00f6del Prisukami Virbalai 11,5 cm - Happyinaknit.com","isPartOf":{"@id":"https:\/\/happyinaknit.com\/lt\/#website"},"primaryImageOfPage":{"@id":"https:\/\/happyinaknit.com\/produktas\/wolle-rodel-prisukami-virbalai-115-cm\/#primaryimage"},"image":{"@id":"https:\/\/happyinaknit.com\/produktas\/wolle-rodel-prisukami-virbalai-115-cm\/#primaryimage"},"thumbnailUrl":"https:\/\/happyinaknit.com\/wp-content\/uploads\/2025\/10\/562468-3022.00.55_2.jpg","datePublished":"2025-10-19T11:42:33+00:00","dateModified":"2025-12-29T21:09:39+00:00","breadcrumb":{"@id":"https:\/\/happyinaknit.com\/produktas\/wolle-rodel-prisukami-virbalai-115-cm\/#breadcrumb"},"inLanguage":"en-US","potentialAction":[{"@type":"ReadAction","target":["https:\/\/happyinaknit.com\/produktas\/wolle-rodel-prisukami-virbalai-115-cm\/"]}]},{"@type":"ImageObject","inLanguage":"en-US","@id":"https:\/\/happyinaknit.com\/produktas\/wolle-rodel-prisukami-virbalai-115-cm\/#primaryimage","url":"https:\/\/happyinaknit.com\/wp-content\/uploads\/2025\/10\/562468-3022.00.55_2.jpg","contentUrl":"https:\/\/happyinaknit.com\/wp-content\/uploads\/2025\/10\/562468-3022.00.55_2.jpg","width":1500,"height":1500},{"@type":"BreadcrumbList","@id":"https:\/\/happyinaknit.com\/produktas\/wolle-rodel-prisukami-virbalai-115-cm\/#breadcrumb","itemListElement":[{"@type":"ListItem","position":1,"name":"Home","item":"https:\/\/happyinaknit.com\/lt\/"},{"@type":"ListItem","position":2,"name":"Parduotuv\u0117","item":"https:\/\/happyinaknit.com\/lt\/parduotuve\/"},{"@type":"ListItem","position":3,"name":"Wolle R\u00f6del Prisukami Virbalai 11,5 cm"}]},{"@type":"WebSite","@id":"https:\/\/happyinaknit.com\/lt\/#website","url":"https:\/\/happyinaknit.com\/lt\/","name":"Happyinaknit.com","description":"","potentialAction":[{"@type":"SearchAction","target":{"@type":"EntryPoint","urlTemplate":"https:\/\/happyinaknit.com\/lt\/?s={search_term_string}"},"query-input":{"@type":"PropertyValueSpecification","valueRequired":true,"valueName":"search_term_string"}}],"inLanguage":"en-US"}]}},"_links":{"self":[{"href":"https:\/\/happyinaknit.com\/en\/wp-json\/wp\/v2\/product\/6352","targetHints":{"allow":["GET"]}}],"collection":[{"href":"https:\/\/happyinaknit.com\/en\/wp-json\/wp\/v2\/product"}],"about":[{"href":"https:\/\/happyinaknit.com\/en\/wp-json\/wp\/v2\/types\/product"}],"replies":[{"embeddable":true,"href":"https:\/\/happyinaknit.com\/en\/wp-json\/wp\/v2\/comments?post=6352"}],"wp:featuredmedia":[{"embeddable":true,"href":"https:\/\/happyinaknit.com\/en\/wp-json\/wp\/v2\/media\/6333"}],"wp:attachment":[{"href":"https:\/\/happyinaknit.com\/en\/wp-json\/wp\/v2\/media?parent=6352"}],"wp:term":[{"taxonomy":"product_brand","embeddable":true,"href":"https:\/\/happyinaknit.com\/en\/wp-json\/wp\/v2\/product_brand?post=6352"},{"taxonomy":"product_cat","embeddable":true,"href":"https:\/\/happyinaknit.com\/en\/wp-json\/wp\/v2\/product_cat?post=6352"},{"taxonomy":"product_tag","embeddable":true,"href":"https:\/\/happyinaknit.com\/en\/wp-json\/wp\/v2\/product_tag?post=6352"},{"taxonomy":"pro-kategorijos","embeddable":true,"href":"https:\/\/happyinaknit.com\/en\/wp-json\/wp\/v2\/pro-kategorijos?post=6352"}],"curies":[{"name":"wp","href":"https:\/\/api.w.org\/{rel}","templated":true}]}}