{"id":6300,"date":"2025-10-19T10:39:29","date_gmt":"2025-10-19T10:39:29","guid":{"rendered":"https:\/\/happyinaknit.com\/?post_type=product&#038;p=6300"},"modified":"2025-12-13T08:49:06","modified_gmt":"2025-12-13T08:49:06","slug":"knitpro-the-mindful-collection-prisukamos-virbalai-10-cm","status":"publish","type":"product","link":"https:\/\/happyinaknit.com\/en\/product\/knitpro-the-mindful-collection-prisukamos-virbalai-10-cm\/","title":{"rendered":"KnitPro The Mindful Collection Interchangeable  Knitting needles 10 cm"},"content":{"rendered":"<p>Shorten <b>screw-on pins <\/b>\u00a0from <b>KnitPro&#039;s The Mindful Collection<\/b> \u2013 ideal for knitting smaller diameter projects such as sleeves, hats or children&#039;s items. Designed with comfort and balance in mind, these needles ensure smooth gliding and enjoyable knitting.<\/p>\n<p>Made of <b>polished metal<\/b>, they maintain perfect surface smoothness and are compatible with <b>for all The Mindful Collection screw-in rods<\/b>.<\/p>\n<p><b>Length:<\/b> 10 cm<\/p>\n<p><b>Compatibility:<\/b> all The Mindful Collection and Knitpro systems<\/p>\n<p><b>Purpose:<\/b> for small knitting projects<\/p>\n<p><b>Note:<\/b> Color shades may vary slightly depending on your device&#039;s screen.<\/p>","protected":false},"excerpt":{"rendered":"<p>Trumpinti prisukami virbalai \u00a0i\u0161 KnitPro \u201eThe Mindful Collection\u201c \u2013 idealus pasirinkimas mezgant ma\u017eesnio skersmens projektus, tokius kaip rankov\u0117s, kepur\u0117s ar vaiki\u0161ki gaminiai. Sukurtos atsi\u017evelgiant \u012f komfort\u0105 ir balans\u0105, \u0161ie virbalai u\u017etikrina skland\u0173 slydim\u0105 ir malon\u0173 mezgim\u0105. Pagamintos i\u0161 poliruoto metalo, jos i\u0161laiko tobul\u0105 pavir\u0161iaus lygum\u0105 ir dera su visais \u201eThe Mindful Collection\u201c valais prisukamiems virbalams. [&hellip;]<\/p>\n","protected":false},"featured_media":6301,"comment_status":"open","ping_status":"closed","template":"","meta":{"_acf_changed":false},"product_brand":[1069,1071],"product_cat":[15,19,863],"product_tag":[],"pro-kategorijos":[],"class_list":{"0":"post-6300","1":"product","2":"type-product","3":"status-publish","4":"has-post-thumbnail","6":"product_brand-knitpro","7":"product_brand-the-mindful-collection","8":"product_cat-visi-produktai","9":"product_cat-mezgimo-priemones","10":"product_cat-prisukami-virbalai","12":"first","13":"instock","14":"shipping-taxable","15":"purchasable","16":"product-type-variable"},"acf":[],"yoast_head":"<!-- This site is optimized with the Yoast SEO plugin v26.8 - https:\/\/yoast.com\/product\/yoast-seo-wordpress\/ -->\n<title>KnitPro The Mindful Collection prisukamos virbalai 10 cm - Happyinaknit.com<\/title>\n<meta name=\"robots\" content=\"index, follow, max-snippet:-1, max-image-preview:large, max-video-preview:-1\" \/>\n<link rel=\"canonical\" href=\"https:\/\/happyinaknit.com\/en\/product\/knitpro-the-mindful-collection-prisukamos-virbalai-10-cm\/\" \/>\n<meta property=\"og:locale\" content=\"en_US\" \/>\n<meta property=\"og:type\" content=\"article\" \/>\n<meta property=\"og:title\" content=\"KnitPro The Mindful Collection prisukamos virbalai 10 cm - Happyinaknit.com\" \/>\n<meta property=\"og:description\" content=\"Trumpinti prisukami virbalai \u00a0i\u0161 KnitPro \u201eThe Mindful Collection\u201c \u2013 idealus pasirinkimas mezgant ma\u017eesnio skersmens projektus, tokius kaip rankov\u0117s, kepur\u0117s ar vaiki\u0161ki gaminiai. Sukurtos atsi\u017evelgiant \u012f komfort\u0105 ir balans\u0105, \u0161ie virbalai u\u017etikrina skland\u0173 slydim\u0105 ir malon\u0173 mezgim\u0105. Pagamintos i\u0161 poliruoto metalo, jos i\u0161laiko tobul\u0105 pavir\u0161iaus lygum\u0105 ir dera su visais \u201eThe Mindful Collection\u201c valais prisukamiems virbalams. [&hellip;]\" \/>\n<meta property=\"og:url\" content=\"https:\/\/happyinaknit.com\/en\/product\/knitpro-the-mindful-collection-prisukamos-virbalai-10-cm\/\" \/>\n<meta property=\"og:site_name\" content=\"Happyinaknit.com\" \/>\n<meta property=\"article:modified_time\" content=\"2025-12-13T08:49:06+00:00\" \/>\n<meta property=\"og:image\" content=\"https:\/\/happyinaknit.com\/wp-content\/uploads\/2025\/10\/51heECgykcL.jpg\" \/>\n\t<meta property=\"og:image:width\" content=\"1100\" \/>\n\t<meta property=\"og:image:height\" content=\"1100\" \/>\n\t<meta property=\"og:image:type\" content=\"image\/jpeg\" \/>\n<meta name=\"twitter:card\" content=\"summary_large_image\" \/>\n<script type=\"application\/ld+json\" class=\"yoast-schema-graph\">{\"@context\":\"https:\/\/schema.org\",\"@graph\":[{\"@type\":\"WebPage\",\"@id\":\"https:\/\/happyinaknit.com\/produktas\/knitpro-the-mindful-collection-prisukamos-virbalai-10-cm\/\",\"url\":\"https:\/\/happyinaknit.com\/produktas\/knitpro-the-mindful-collection-prisukamos-virbalai-10-cm\/\",\"name\":\"KnitPro The Mindful Collection prisukamos virbalai 10 cm - Happyinaknit.com\",\"isPartOf\":{\"@id\":\"https:\/\/happyinaknit.com\/lt\/#website\"},\"primaryImageOfPage\":{\"@id\":\"https:\/\/happyinaknit.com\/produktas\/knitpro-the-mindful-collection-prisukamos-virbalai-10-cm\/#primaryimage\"},\"image\":{\"@id\":\"https:\/\/happyinaknit.com\/produktas\/knitpro-the-mindful-collection-prisukamos-virbalai-10-cm\/#primaryimage\"},\"thumbnailUrl\":\"https:\/\/happyinaknit.com\/wp-content\/uploads\/2025\/10\/51heECgykcL.jpg\",\"datePublished\":\"2025-10-19T10:39:29+00:00\",\"dateModified\":\"2025-12-13T08:49:06+00:00\",\"breadcrumb\":{\"@id\":\"https:\/\/happyinaknit.com\/produktas\/knitpro-the-mindful-collection-prisukamos-virbalai-10-cm\/#breadcrumb\"},\"inLanguage\":\"en-US\",\"potentialAction\":[{\"@type\":\"ReadAction\",\"target\":[\"https:\/\/happyinaknit.com\/produktas\/knitpro-the-mindful-collection-prisukamos-virbalai-10-cm\/\"]}]},{\"@type\":\"ImageObject\",\"inLanguage\":\"en-US\",\"@id\":\"https:\/\/happyinaknit.com\/produktas\/knitpro-the-mindful-collection-prisukamos-virbalai-10-cm\/#primaryimage\",\"url\":\"https:\/\/happyinaknit.com\/wp-content\/uploads\/2025\/10\/51heECgykcL.jpg\",\"contentUrl\":\"https:\/\/happyinaknit.com\/wp-content\/uploads\/2025\/10\/51heECgykcL.jpg\",\"width\":1100,\"height\":1100},{\"@type\":\"BreadcrumbList\",\"@id\":\"https:\/\/happyinaknit.com\/produktas\/knitpro-the-mindful-collection-prisukamos-virbalai-10-cm\/#breadcrumb\",\"itemListElement\":[{\"@type\":\"ListItem\",\"position\":1,\"name\":\"Home\",\"item\":\"https:\/\/happyinaknit.com\/lt\/\"},{\"@type\":\"ListItem\",\"position\":2,\"name\":\"Parduotuv\u0117\",\"item\":\"https:\/\/happyinaknit.com\/lt\/parduotuve\/\"},{\"@type\":\"ListItem\",\"position\":3,\"name\":\"KnitPro The Mindful Collection prisukamos virbalai 10 cm\"}]},{\"@type\":\"WebSite\",\"@id\":\"https:\/\/happyinaknit.com\/lt\/#website\",\"url\":\"https:\/\/happyinaknit.com\/lt\/\",\"name\":\"Happyinaknit.com\",\"description\":\"\",\"potentialAction\":[{\"@type\":\"SearchAction\",\"target\":{\"@type\":\"EntryPoint\",\"urlTemplate\":\"https:\/\/happyinaknit.com\/lt\/?s={search_term_string}\"},\"query-input\":{\"@type\":\"PropertyValueSpecification\",\"valueRequired\":true,\"valueName\":\"search_term_string\"}}],\"inLanguage\":\"en-US\"}]}<\/script>\n<!-- \/ Yoast SEO plugin. -->","yoast_head_json":{"title":"KnitPro The Mindful Collection prisukamos virbalai 10 cm - Happyinaknit.com","robots":{"index":"index","follow":"follow","max-snippet":"max-snippet:-1","max-image-preview":"max-image-preview:large","max-video-preview":"max-video-preview:-1"},"canonical":"https:\/\/happyinaknit.com\/en\/product\/knitpro-the-mindful-collection-prisukamos-virbalai-10-cm\/","og_locale":"en_US","og_type":"article","og_title":"KnitPro The Mindful Collection prisukamos virbalai 10 cm - Happyinaknit.com","og_description":"Trumpinti prisukami virbalai \u00a0i\u0161 KnitPro \u201eThe Mindful Collection\u201c \u2013 idealus pasirinkimas mezgant ma\u017eesnio skersmens projektus, tokius kaip rankov\u0117s, kepur\u0117s ar vaiki\u0161ki gaminiai. Sukurtos atsi\u017evelgiant \u012f komfort\u0105 ir balans\u0105, \u0161ie virbalai u\u017etikrina skland\u0173 slydim\u0105 ir malon\u0173 mezgim\u0105. Pagamintos i\u0161 poliruoto metalo, jos i\u0161laiko tobul\u0105 pavir\u0161iaus lygum\u0105 ir dera su visais \u201eThe Mindful Collection\u201c valais prisukamiems virbalams. [&hellip;]","og_url":"https:\/\/happyinaknit.com\/en\/product\/knitpro-the-mindful-collection-prisukamos-virbalai-10-cm\/","og_site_name":"Happyinaknit.com","article_modified_time":"2025-12-13T08:49:06+00:00","og_image":[{"width":1100,"height":1100,"url":"https:\/\/happyinaknit.com\/wp-content\/uploads\/2025\/10\/51heECgykcL.jpg","type":"image\/jpeg"}],"twitter_card":"summary_large_image","schema":{"@context":"https:\/\/schema.org","@graph":[{"@type":"WebPage","@id":"https:\/\/happyinaknit.com\/produktas\/knitpro-the-mindful-collection-prisukamos-virbalai-10-cm\/","url":"https:\/\/happyinaknit.com\/produktas\/knitpro-the-mindful-collection-prisukamos-virbalai-10-cm\/","name":"KnitPro The Mindful Collection prisukamos virbalai 10 cm - Happyinaknit.com","isPartOf":{"@id":"https:\/\/happyinaknit.com\/lt\/#website"},"primaryImageOfPage":{"@id":"https:\/\/happyinaknit.com\/produktas\/knitpro-the-mindful-collection-prisukamos-virbalai-10-cm\/#primaryimage"},"image":{"@id":"https:\/\/happyinaknit.com\/produktas\/knitpro-the-mindful-collection-prisukamos-virbalai-10-cm\/#primaryimage"},"thumbnailUrl":"https:\/\/happyinaknit.com\/wp-content\/uploads\/2025\/10\/51heECgykcL.jpg","datePublished":"2025-10-19T10:39:29+00:00","dateModified":"2025-12-13T08:49:06+00:00","breadcrumb":{"@id":"https:\/\/happyinaknit.com\/produktas\/knitpro-the-mindful-collection-prisukamos-virbalai-10-cm\/#breadcrumb"},"inLanguage":"en-US","potentialAction":[{"@type":"ReadAction","target":["https:\/\/happyinaknit.com\/produktas\/knitpro-the-mindful-collection-prisukamos-virbalai-10-cm\/"]}]},{"@type":"ImageObject","inLanguage":"en-US","@id":"https:\/\/happyinaknit.com\/produktas\/knitpro-the-mindful-collection-prisukamos-virbalai-10-cm\/#primaryimage","url":"https:\/\/happyinaknit.com\/wp-content\/uploads\/2025\/10\/51heECgykcL.jpg","contentUrl":"https:\/\/happyinaknit.com\/wp-content\/uploads\/2025\/10\/51heECgykcL.jpg","width":1100,"height":1100},{"@type":"BreadcrumbList","@id":"https:\/\/happyinaknit.com\/produktas\/knitpro-the-mindful-collection-prisukamos-virbalai-10-cm\/#breadcrumb","itemListElement":[{"@type":"ListItem","position":1,"name":"Home","item":"https:\/\/happyinaknit.com\/lt\/"},{"@type":"ListItem","position":2,"name":"Parduotuv\u0117","item":"https:\/\/happyinaknit.com\/lt\/parduotuve\/"},{"@type":"ListItem","position":3,"name":"KnitPro The Mindful Collection prisukamos virbalai 10 cm"}]},{"@type":"WebSite","@id":"https:\/\/happyinaknit.com\/lt\/#website","url":"https:\/\/happyinaknit.com\/lt\/","name":"Happyinaknit.com","description":"","potentialAction":[{"@type":"SearchAction","target":{"@type":"EntryPoint","urlTemplate":"https:\/\/happyinaknit.com\/lt\/?s={search_term_string}"},"query-input":{"@type":"PropertyValueSpecification","valueRequired":true,"valueName":"search_term_string"}}],"inLanguage":"en-US"}]}},"_links":{"self":[{"href":"https:\/\/happyinaknit.com\/en\/wp-json\/wp\/v2\/product\/6300","targetHints":{"allow":["GET"]}}],"collection":[{"href":"https:\/\/happyinaknit.com\/en\/wp-json\/wp\/v2\/product"}],"about":[{"href":"https:\/\/happyinaknit.com\/en\/wp-json\/wp\/v2\/types\/product"}],"replies":[{"embeddable":true,"href":"https:\/\/happyinaknit.com\/en\/wp-json\/wp\/v2\/comments?post=6300"}],"wp:featuredmedia":[{"embeddable":true,"href":"https:\/\/happyinaknit.com\/en\/wp-json\/wp\/v2\/media\/6301"}],"wp:attachment":[{"href":"https:\/\/happyinaknit.com\/en\/wp-json\/wp\/v2\/media?parent=6300"}],"wp:term":[{"taxonomy":"product_brand","embeddable":true,"href":"https:\/\/happyinaknit.com\/en\/wp-json\/wp\/v2\/product_brand?post=6300"},{"taxonomy":"product_cat","embeddable":true,"href":"https:\/\/happyinaknit.com\/en\/wp-json\/wp\/v2\/product_cat?post=6300"},{"taxonomy":"product_tag","embeddable":true,"href":"https:\/\/happyinaknit.com\/en\/wp-json\/wp\/v2\/product_tag?post=6300"},{"taxonomy":"pro-kategorijos","embeddable":true,"href":"https:\/\/happyinaknit.com\/en\/wp-json\/wp\/v2\/pro-kategorijos?post=6300"}],"curies":[{"name":"wp","href":"https:\/\/api.w.org\/{rel}","templated":true}]}}