{"id":6272,"date":"2025-10-19T10:02:21","date_gmt":"2025-10-19T10:02:21","guid":{"rendered":"https:\/\/happyinaknit.com\/?post_type=product&#038;p=6272"},"modified":"2025-10-19T10:02:21","modified_gmt":"2025-10-19T10:02:21","slug":"knitpro-the-mindful-collection-virbalu-dydzio-matuoklis","status":"publish","type":"product","link":"https:\/\/happyinaknit.com\/en\/product\/knitpro-the-mindful-collection-virbalu-dydzio-matuoklis\/","title":{"rendered":"KnitPro The Mindful Collection \u2013 Needle Size Gauge"},"content":{"rendered":"<p>Elegant and functional <b>round needle size gauge<\/b> from <b>KnitPro&#039;s The Mindful Collection<\/b> \u2013 an essential tool for every knitter. Made of <b>metal with sterling silver coating<\/b>, this meter is characterized by its robustness, durability and distinctive design.<\/p>\n<p>The meter is provided <b>in a convenient fabric bag<\/b>, making it easy to store or take with your knitting supplies. It fits perfectly with the overall aesthetic of the Mindful collection - a combination of turquoise and silver shades.<\/p>\n<p><b>Material:<\/b> metal with sterling silver coating<\/p>\n<p><b>Form:<\/b> round<\/p>\n<p><b>Packaging:<\/b> cloth bag<\/p>\n<p><b>Note:<\/b> Color shades may vary slightly depending on your device&#039;s screen.<\/p>","protected":false},"excerpt":{"rendered":"<p>Eleganti\u0161kas ir funkcionalus apvalus virbal\u0173 dyd\u017eio matuoklis i\u0161 KnitPro \u201eThe Mindful Collection\u201c \u2013 b\u016btinas \u012frankis kiekvienai mezg\u0117jai. Pagamintas i\u0161 metalo su sterlingo sidabro danga, \u0161is matuoklis pasi\u017eymi tvirtumu, ilgaam\u017ei\u0161kumu ir i\u0161skirtiniu dizainu. Matuoklis pateikiamas patogiame audinio mai\u0161elyje, tod\u0117l j\u012f lengva laikyti ar pasiimti kartu su mezgimo reikmenimis. Puikiai dera su visa \u201eMindful\u201c kolekcijos estetika \u2013 [&hellip;]<\/p>\n","protected":false},"featured_media":6274,"comment_status":"open","ping_status":"closed","template":"","meta":{"_acf_changed":false},"product_brand":[1071],"product_cat":[15,92,20],"product_tag":[],"pro-kategorijos":[],"class_list":{"0":"post-6272","1":"product","2":"type-product","3":"status-publish","4":"has-post-thumbnail","6":"product_brand-the-mindful-collection","7":"product_cat-visi-produktai","8":"product_cat-matavimo-priemones","9":"product_cat-priedai-mezgimui","11":"first","12":"instock","13":"shipping-taxable","14":"purchasable","15":"product-type-simple"},"acf":[],"yoast_head":"<!-- This site is optimized with the Yoast SEO plugin v26.8 - https:\/\/yoast.com\/product\/yoast-seo-wordpress\/ -->\n<title>KnitPro The Mindful Collection \u2013 virbal\u0173 dyd\u017eio matuoklis - Happyinaknit.com<\/title>\n<meta name=\"robots\" content=\"index, follow, max-snippet:-1, max-image-preview:large, max-video-preview:-1\" \/>\n<link rel=\"canonical\" href=\"https:\/\/happyinaknit.com\/en\/product\/knitpro-the-mindful-collection-virbalu-dydzio-matuoklis\/\" \/>\n<meta property=\"og:locale\" content=\"en_US\" \/>\n<meta property=\"og:type\" content=\"article\" \/>\n<meta property=\"og:title\" content=\"KnitPro The Mindful Collection \u2013 virbal\u0173 dyd\u017eio matuoklis - Happyinaknit.com\" \/>\n<meta property=\"og:description\" content=\"Eleganti\u0161kas ir funkcionalus apvalus virbal\u0173 dyd\u017eio matuoklis i\u0161 KnitPro \u201eThe Mindful Collection\u201c \u2013 b\u016btinas \u012frankis kiekvienai mezg\u0117jai. Pagamintas i\u0161 metalo su sterlingo sidabro danga, \u0161is matuoklis pasi\u017eymi tvirtumu, ilgaam\u017ei\u0161kumu ir i\u0161skirtiniu dizainu. Matuoklis pateikiamas patogiame audinio mai\u0161elyje, tod\u0117l j\u012f lengva laikyti ar pasiimti kartu su mezgimo reikmenimis. Puikiai dera su visa \u201eMindful\u201c kolekcijos estetika \u2013 [&hellip;]\" \/>\n<meta property=\"og:url\" content=\"https:\/\/happyinaknit.com\/en\/product\/knitpro-the-mindful-collection-virbalu-dydzio-matuoklis\/\" \/>\n<meta property=\"og:site_name\" content=\"Happyinaknit.com\" \/>\n<meta property=\"og:image\" content=\"https:\/\/happyinaknit.com\/wp-content\/uploads\/2025\/10\/s-l12001.jpg\" \/>\n\t<meta property=\"og:image:width\" content=\"600\" \/>\n\t<meta property=\"og:image:height\" content=\"600\" \/>\n\t<meta property=\"og:image:type\" content=\"image\/jpeg\" \/>\n<meta name=\"twitter:card\" content=\"summary_large_image\" \/>\n<script type=\"application\/ld+json\" class=\"yoast-schema-graph\">{\"@context\":\"https:\/\/schema.org\",\"@graph\":[{\"@type\":\"WebPage\",\"@id\":\"https:\/\/happyinaknit.com\/produktas\/knitpro-the-mindful-collection-virbalu-dydzio-matuoklis\/\",\"url\":\"https:\/\/happyinaknit.com\/produktas\/knitpro-the-mindful-collection-virbalu-dydzio-matuoklis\/\",\"name\":\"KnitPro The Mindful Collection \u2013 virbal\u0173 dyd\u017eio matuoklis - Happyinaknit.com\",\"isPartOf\":{\"@id\":\"https:\/\/happyinaknit.com\/lt\/#website\"},\"primaryImageOfPage\":{\"@id\":\"https:\/\/happyinaknit.com\/produktas\/knitpro-the-mindful-collection-virbalu-dydzio-matuoklis\/#primaryimage\"},\"image\":{\"@id\":\"https:\/\/happyinaknit.com\/produktas\/knitpro-the-mindful-collection-virbalu-dydzio-matuoklis\/#primaryimage\"},\"thumbnailUrl\":\"https:\/\/happyinaknit.com\/wp-content\/uploads\/2025\/10\/s-l12001.jpg\",\"datePublished\":\"2025-10-19T10:02:21+00:00\",\"breadcrumb\":{\"@id\":\"https:\/\/happyinaknit.com\/produktas\/knitpro-the-mindful-collection-virbalu-dydzio-matuoklis\/#breadcrumb\"},\"inLanguage\":\"en-US\",\"potentialAction\":[{\"@type\":\"ReadAction\",\"target\":[\"https:\/\/happyinaknit.com\/produktas\/knitpro-the-mindful-collection-virbalu-dydzio-matuoklis\/\"]}]},{\"@type\":\"ImageObject\",\"inLanguage\":\"en-US\",\"@id\":\"https:\/\/happyinaknit.com\/produktas\/knitpro-the-mindful-collection-virbalu-dydzio-matuoklis\/#primaryimage\",\"url\":\"https:\/\/happyinaknit.com\/wp-content\/uploads\/2025\/10\/s-l12001.jpg\",\"contentUrl\":\"https:\/\/happyinaknit.com\/wp-content\/uploads\/2025\/10\/s-l12001.jpg\",\"width\":600,\"height\":600},{\"@type\":\"BreadcrumbList\",\"@id\":\"https:\/\/happyinaknit.com\/produktas\/knitpro-the-mindful-collection-virbalu-dydzio-matuoklis\/#breadcrumb\",\"itemListElement\":[{\"@type\":\"ListItem\",\"position\":1,\"name\":\"Home\",\"item\":\"https:\/\/happyinaknit.com\/lt\/\"},{\"@type\":\"ListItem\",\"position\":2,\"name\":\"Parduotuv\u0117\",\"item\":\"https:\/\/happyinaknit.com\/lt\/parduotuve\/\"},{\"@type\":\"ListItem\",\"position\":3,\"name\":\"KnitPro The Mindful Collection \u2013 virbal\u0173 dyd\u017eio matuoklis\"}]},{\"@type\":\"WebSite\",\"@id\":\"https:\/\/happyinaknit.com\/lt\/#website\",\"url\":\"https:\/\/happyinaknit.com\/lt\/\",\"name\":\"Happyinaknit.com\",\"description\":\"\",\"potentialAction\":[{\"@type\":\"SearchAction\",\"target\":{\"@type\":\"EntryPoint\",\"urlTemplate\":\"https:\/\/happyinaknit.com\/lt\/?s={search_term_string}\"},\"query-input\":{\"@type\":\"PropertyValueSpecification\",\"valueRequired\":true,\"valueName\":\"search_term_string\"}}],\"inLanguage\":\"en-US\"}]}<\/script>\n<!-- \/ Yoast SEO plugin. -->","yoast_head_json":{"title":"KnitPro The Mindful Collection \u2013 virbal\u0173 dyd\u017eio matuoklis - Happyinaknit.com","robots":{"index":"index","follow":"follow","max-snippet":"max-snippet:-1","max-image-preview":"max-image-preview:large","max-video-preview":"max-video-preview:-1"},"canonical":"https:\/\/happyinaknit.com\/en\/product\/knitpro-the-mindful-collection-virbalu-dydzio-matuoklis\/","og_locale":"en_US","og_type":"article","og_title":"KnitPro The Mindful Collection \u2013 virbal\u0173 dyd\u017eio matuoklis - Happyinaknit.com","og_description":"Eleganti\u0161kas ir funkcionalus apvalus virbal\u0173 dyd\u017eio matuoklis i\u0161 KnitPro \u201eThe Mindful Collection\u201c \u2013 b\u016btinas \u012frankis kiekvienai mezg\u0117jai. Pagamintas i\u0161 metalo su sterlingo sidabro danga, \u0161is matuoklis pasi\u017eymi tvirtumu, ilgaam\u017ei\u0161kumu ir i\u0161skirtiniu dizainu. Matuoklis pateikiamas patogiame audinio mai\u0161elyje, tod\u0117l j\u012f lengva laikyti ar pasiimti kartu su mezgimo reikmenimis. Puikiai dera su visa \u201eMindful\u201c kolekcijos estetika \u2013 [&hellip;]","og_url":"https:\/\/happyinaknit.com\/en\/product\/knitpro-the-mindful-collection-virbalu-dydzio-matuoklis\/","og_site_name":"Happyinaknit.com","og_image":[{"width":600,"height":600,"url":"https:\/\/happyinaknit.com\/wp-content\/uploads\/2025\/10\/s-l12001.jpg","type":"image\/jpeg"}],"twitter_card":"summary_large_image","schema":{"@context":"https:\/\/schema.org","@graph":[{"@type":"WebPage","@id":"https:\/\/happyinaknit.com\/produktas\/knitpro-the-mindful-collection-virbalu-dydzio-matuoklis\/","url":"https:\/\/happyinaknit.com\/produktas\/knitpro-the-mindful-collection-virbalu-dydzio-matuoklis\/","name":"KnitPro The Mindful Collection \u2013 virbal\u0173 dyd\u017eio matuoklis - Happyinaknit.com","isPartOf":{"@id":"https:\/\/happyinaknit.com\/lt\/#website"},"primaryImageOfPage":{"@id":"https:\/\/happyinaknit.com\/produktas\/knitpro-the-mindful-collection-virbalu-dydzio-matuoklis\/#primaryimage"},"image":{"@id":"https:\/\/happyinaknit.com\/produktas\/knitpro-the-mindful-collection-virbalu-dydzio-matuoklis\/#primaryimage"},"thumbnailUrl":"https:\/\/happyinaknit.com\/wp-content\/uploads\/2025\/10\/s-l12001.jpg","datePublished":"2025-10-19T10:02:21+00:00","breadcrumb":{"@id":"https:\/\/happyinaknit.com\/produktas\/knitpro-the-mindful-collection-virbalu-dydzio-matuoklis\/#breadcrumb"},"inLanguage":"en-US","potentialAction":[{"@type":"ReadAction","target":["https:\/\/happyinaknit.com\/produktas\/knitpro-the-mindful-collection-virbalu-dydzio-matuoklis\/"]}]},{"@type":"ImageObject","inLanguage":"en-US","@id":"https:\/\/happyinaknit.com\/produktas\/knitpro-the-mindful-collection-virbalu-dydzio-matuoklis\/#primaryimage","url":"https:\/\/happyinaknit.com\/wp-content\/uploads\/2025\/10\/s-l12001.jpg","contentUrl":"https:\/\/happyinaknit.com\/wp-content\/uploads\/2025\/10\/s-l12001.jpg","width":600,"height":600},{"@type":"BreadcrumbList","@id":"https:\/\/happyinaknit.com\/produktas\/knitpro-the-mindful-collection-virbalu-dydzio-matuoklis\/#breadcrumb","itemListElement":[{"@type":"ListItem","position":1,"name":"Home","item":"https:\/\/happyinaknit.com\/lt\/"},{"@type":"ListItem","position":2,"name":"Parduotuv\u0117","item":"https:\/\/happyinaknit.com\/lt\/parduotuve\/"},{"@type":"ListItem","position":3,"name":"KnitPro The Mindful Collection \u2013 virbal\u0173 dyd\u017eio matuoklis"}]},{"@type":"WebSite","@id":"https:\/\/happyinaknit.com\/lt\/#website","url":"https:\/\/happyinaknit.com\/lt\/","name":"Happyinaknit.com","description":"","potentialAction":[{"@type":"SearchAction","target":{"@type":"EntryPoint","urlTemplate":"https:\/\/happyinaknit.com\/lt\/?s={search_term_string}"},"query-input":{"@type":"PropertyValueSpecification","valueRequired":true,"valueName":"search_term_string"}}],"inLanguage":"en-US"}]}},"_links":{"self":[{"href":"https:\/\/happyinaknit.com\/en\/wp-json\/wp\/v2\/product\/6272","targetHints":{"allow":["GET"]}}],"collection":[{"href":"https:\/\/happyinaknit.com\/en\/wp-json\/wp\/v2\/product"}],"about":[{"href":"https:\/\/happyinaknit.com\/en\/wp-json\/wp\/v2\/types\/product"}],"replies":[{"embeddable":true,"href":"https:\/\/happyinaknit.com\/en\/wp-json\/wp\/v2\/comments?post=6272"}],"wp:featuredmedia":[{"embeddable":true,"href":"https:\/\/happyinaknit.com\/en\/wp-json\/wp\/v2\/media\/6274"}],"wp:attachment":[{"href":"https:\/\/happyinaknit.com\/en\/wp-json\/wp\/v2\/media?parent=6272"}],"wp:term":[{"taxonomy":"product_brand","embeddable":true,"href":"https:\/\/happyinaknit.com\/en\/wp-json\/wp\/v2\/product_brand?post=6272"},{"taxonomy":"product_cat","embeddable":true,"href":"https:\/\/happyinaknit.com\/en\/wp-json\/wp\/v2\/product_cat?post=6272"},{"taxonomy":"product_tag","embeddable":true,"href":"https:\/\/happyinaknit.com\/en\/wp-json\/wp\/v2\/product_tag?post=6272"},{"taxonomy":"pro-kategorijos","embeddable":true,"href":"https:\/\/happyinaknit.com\/en\/wp-json\/wp\/v2\/pro-kategorijos?post=6272"}],"curies":[{"name":"wp","href":"https:\/\/api.w.org\/{rel}","templated":true}]}}