{"id":6264,"date":"2025-10-19T09:45:49","date_gmt":"2025-10-19T09:45:49","guid":{"rendered":"https:\/\/happyinaknit.com\/?post_type=product&#038;p=6264"},"modified":"2025-10-19T09:45:50","modified_gmt":"2025-10-19T09:45:50","slug":"knitpro-the-mindful-collection-apvaliu-krepseliu-rinkinys-2-in-1","status":"publish","type":"product","link":"https:\/\/happyinaknit.com\/en\/product\/knitpro-the-mindful-collection-apvaliu-krepseliu-rinkinys-2-in-1\/","title":{"rendered":"KnitPro The Mindful Collection  2-in-1 Round basket Set"},"content":{"rendered":"<p>Stylish and practical <b>2 in 1 round handbag set<\/b> from <b>KnitPro&#039;s The Mindful Collection<\/b> lines are a great choice for knitting or other needlework. Created <b>turquoise themed design<\/b>As is typical of the Mindful collection, these fabric bags are not only beautiful but also extremely functional.<\/p>\n<p>The set includes two round handbags of different sizes, <b>zipped<\/b>, with <b>with a comfortable long strap<\/b>for easy carrying. Inside is <b>several sections<\/b>, designed to neatly store knitting supplies, project notes and small items.<\/p>\n<p><b>Sizes:<\/b><b><\/b><\/p>\n<p>\u2013 Large handbag: 22 \u00d7 22 \u00d7 8 cm<\/p>\n<p>\u2013 Small handbag: 10 \u00d7 10 \u00d7 4 cm<\/p>\n<p><b>Material:<\/b> fabric<\/p>\n<p><b>Color:<\/b> turquoise (&quot;Mindful&quot;) theme<\/p>\n<p><b>Clasp:<\/b> zippers<\/p>\n<p><b>Included:<\/b> two handbags + long strap<\/p>\n<p><b>Note:<\/b> Color shades may vary slightly depending on your device&#039;s screen.<\/p>","protected":false},"excerpt":{"rendered":"<p>Stilingas ir prakti\u0161kas 2 in 1 apvali\u0173 rankini\u0173 rinkinys i\u0161 KnitPro \u201eThe Mindful Collection\u201c linijos \u2013 puikus pasirinkimas mezgimo ar kitiems rankdarbiams. Sukurtos turkio tematikos dizainu, b\u016bdingu \u201eMindful\u201c kolekcijai, \u0161ios audinio rankin\u0117s yra ne tik gra\u017eios, bet ir itin funkcionalios. Rinkin\u012f sudaro dvi skirtingo dyd\u017eio apvalios rankin\u0117s, u\u017esegamos u\u017etrauktuku, su patogiu ilgu dir\u017eeliu, kad b\u016bt\u0173 [&hellip;]<\/p>\n","protected":false},"featured_media":6266,"comment_status":"open","ping_status":"closed","template":"","meta":{"_acf_changed":false},"product_brand":[1071],"product_cat":[15,1079],"product_tag":[],"pro-kategorijos":[],"class_list":{"0":"post-6264","1":"product","2":"type-product","3":"status-publish","4":"has-post-thumbnail","6":"product_brand-the-mindful-collection","7":"product_cat-visi-produktai","8":"product_cat-deklai","10":"first","11":"instock","12":"shipping-taxable","13":"purchasable","14":"product-type-simple"},"acf":[],"yoast_head":"<!-- This site is optimized with the Yoast SEO plugin v26.8 - https:\/\/yoast.com\/product\/yoast-seo-wordpress\/ -->\n<title>KnitPro The Mindful Collection \u2013 apvali\u0173 krep\u0161eli\u0173 rinkinys 2 in 1 - Happyinaknit.com<\/title>\n<meta name=\"robots\" content=\"index, follow, max-snippet:-1, max-image-preview:large, max-video-preview:-1\" \/>\n<link rel=\"canonical\" href=\"https:\/\/happyinaknit.com\/en\/product\/knitpro-the-mindful-collection-apvaliu-krepseliu-rinkinys-2-in-1\/\" \/>\n<meta property=\"og:locale\" content=\"en_US\" \/>\n<meta property=\"og:type\" content=\"article\" \/>\n<meta property=\"og:title\" content=\"KnitPro The Mindful Collection \u2013 apvali\u0173 krep\u0161eli\u0173 rinkinys 2 in 1 - Happyinaknit.com\" \/>\n<meta property=\"og:description\" content=\"Stilingas ir prakti\u0161kas 2 in 1 apvali\u0173 rankini\u0173 rinkinys i\u0161 KnitPro \u201eThe Mindful Collection\u201c linijos \u2013 puikus pasirinkimas mezgimo ar kitiems rankdarbiams. Sukurtos turkio tematikos dizainu, b\u016bdingu \u201eMindful\u201c kolekcijai, \u0161ios audinio rankin\u0117s yra ne tik gra\u017eios, bet ir itin funkcionalios. Rinkin\u012f sudaro dvi skirtingo dyd\u017eio apvalios rankin\u0117s, u\u017esegamos u\u017etrauktuku, su patogiu ilgu dir\u017eeliu, kad b\u016bt\u0173 [&hellip;]\" \/>\n<meta property=\"og:url\" content=\"https:\/\/happyinaknit.com\/en\/product\/knitpro-the-mindful-collection-apvaliu-krepseliu-rinkinys-2-in-1\/\" \/>\n<meta property=\"og:site_name\" content=\"Happyinaknit.com\" \/>\n<meta property=\"article:modified_time\" content=\"2025-10-19T09:45:50+00:00\" \/>\n<meta property=\"og:image\" content=\"https:\/\/happyinaknit.com\/wp-content\/uploads\/2025\/10\/KnitPro_20Mindful_20Twin_20ronde_20tassen_2036663.jpg\" \/>\n\t<meta property=\"og:image:width\" content=\"1000\" \/>\n\t<meta property=\"og:image:height\" content=\"1000\" \/>\n\t<meta property=\"og:image:type\" content=\"image\/jpeg\" \/>\n<meta name=\"twitter:card\" content=\"summary_large_image\" \/>\n<meta name=\"twitter:label1\" content=\"Est. reading time\" \/>\n\t<meta name=\"twitter:data1\" content=\"1 minute\" \/>\n<script type=\"application\/ld+json\" class=\"yoast-schema-graph\">{\"@context\":\"https:\/\/schema.org\",\"@graph\":[{\"@type\":\"WebPage\",\"@id\":\"https:\/\/happyinaknit.com\/produktas\/knitpro-the-mindful-collection-apvaliu-krepseliu-rinkinys-2-in-1\/\",\"url\":\"https:\/\/happyinaknit.com\/produktas\/knitpro-the-mindful-collection-apvaliu-krepseliu-rinkinys-2-in-1\/\",\"name\":\"KnitPro The Mindful Collection \u2013 apvali\u0173 krep\u0161eli\u0173 rinkinys 2 in 1 - Happyinaknit.com\",\"isPartOf\":{\"@id\":\"https:\/\/happyinaknit.com\/lt\/#website\"},\"primaryImageOfPage\":{\"@id\":\"https:\/\/happyinaknit.com\/produktas\/knitpro-the-mindful-collection-apvaliu-krepseliu-rinkinys-2-in-1\/#primaryimage\"},\"image\":{\"@id\":\"https:\/\/happyinaknit.com\/produktas\/knitpro-the-mindful-collection-apvaliu-krepseliu-rinkinys-2-in-1\/#primaryimage\"},\"thumbnailUrl\":\"https:\/\/happyinaknit.com\/wp-content\/uploads\/2025\/10\/KnitPro_20Mindful_20Twin_20ronde_20tassen_2036663.jpg\",\"datePublished\":\"2025-10-19T09:45:49+00:00\",\"dateModified\":\"2025-10-19T09:45:50+00:00\",\"breadcrumb\":{\"@id\":\"https:\/\/happyinaknit.com\/produktas\/knitpro-the-mindful-collection-apvaliu-krepseliu-rinkinys-2-in-1\/#breadcrumb\"},\"inLanguage\":\"en-US\",\"potentialAction\":[{\"@type\":\"ReadAction\",\"target\":[\"https:\/\/happyinaknit.com\/produktas\/knitpro-the-mindful-collection-apvaliu-krepseliu-rinkinys-2-in-1\/\"]}]},{\"@type\":\"ImageObject\",\"inLanguage\":\"en-US\",\"@id\":\"https:\/\/happyinaknit.com\/produktas\/knitpro-the-mindful-collection-apvaliu-krepseliu-rinkinys-2-in-1\/#primaryimage\",\"url\":\"https:\/\/happyinaknit.com\/wp-content\/uploads\/2025\/10\/KnitPro_20Mindful_20Twin_20ronde_20tassen_2036663.jpg\",\"contentUrl\":\"https:\/\/happyinaknit.com\/wp-content\/uploads\/2025\/10\/KnitPro_20Mindful_20Twin_20ronde_20tassen_2036663.jpg\",\"width\":1000,\"height\":1000},{\"@type\":\"BreadcrumbList\",\"@id\":\"https:\/\/happyinaknit.com\/produktas\/knitpro-the-mindful-collection-apvaliu-krepseliu-rinkinys-2-in-1\/#breadcrumb\",\"itemListElement\":[{\"@type\":\"ListItem\",\"position\":1,\"name\":\"Home\",\"item\":\"https:\/\/happyinaknit.com\/lt\/\"},{\"@type\":\"ListItem\",\"position\":2,\"name\":\"Parduotuv\u0117\",\"item\":\"https:\/\/happyinaknit.com\/lt\/parduotuve\/\"},{\"@type\":\"ListItem\",\"position\":3,\"name\":\"KnitPro The Mindful Collection \u2013 apvali\u0173 krep\u0161eli\u0173 rinkinys 2 in 1\"}]},{\"@type\":\"WebSite\",\"@id\":\"https:\/\/happyinaknit.com\/lt\/#website\",\"url\":\"https:\/\/happyinaknit.com\/lt\/\",\"name\":\"Happyinaknit.com\",\"description\":\"\",\"potentialAction\":[{\"@type\":\"SearchAction\",\"target\":{\"@type\":\"EntryPoint\",\"urlTemplate\":\"https:\/\/happyinaknit.com\/lt\/?s={search_term_string}\"},\"query-input\":{\"@type\":\"PropertyValueSpecification\",\"valueRequired\":true,\"valueName\":\"search_term_string\"}}],\"inLanguage\":\"en-US\"}]}<\/script>\n<!-- \/ Yoast SEO plugin. -->","yoast_head_json":{"title":"KnitPro The Mindful Collection \u2013 apvali\u0173 krep\u0161eli\u0173 rinkinys 2 in 1 - Happyinaknit.com","robots":{"index":"index","follow":"follow","max-snippet":"max-snippet:-1","max-image-preview":"max-image-preview:large","max-video-preview":"max-video-preview:-1"},"canonical":"https:\/\/happyinaknit.com\/en\/product\/knitpro-the-mindful-collection-apvaliu-krepseliu-rinkinys-2-in-1\/","og_locale":"en_US","og_type":"article","og_title":"KnitPro The Mindful Collection \u2013 apvali\u0173 krep\u0161eli\u0173 rinkinys 2 in 1 - Happyinaknit.com","og_description":"Stilingas ir prakti\u0161kas 2 in 1 apvali\u0173 rankini\u0173 rinkinys i\u0161 KnitPro \u201eThe Mindful Collection\u201c linijos \u2013 puikus pasirinkimas mezgimo ar kitiems rankdarbiams. Sukurtos turkio tematikos dizainu, b\u016bdingu \u201eMindful\u201c kolekcijai, \u0161ios audinio rankin\u0117s yra ne tik gra\u017eios, bet ir itin funkcionalios. Rinkin\u012f sudaro dvi skirtingo dyd\u017eio apvalios rankin\u0117s, u\u017esegamos u\u017etrauktuku, su patogiu ilgu dir\u017eeliu, kad b\u016bt\u0173 [&hellip;]","og_url":"https:\/\/happyinaknit.com\/en\/product\/knitpro-the-mindful-collection-apvaliu-krepseliu-rinkinys-2-in-1\/","og_site_name":"Happyinaknit.com","article_modified_time":"2025-10-19T09:45:50+00:00","og_image":[{"width":1000,"height":1000,"url":"https:\/\/happyinaknit.com\/wp-content\/uploads\/2025\/10\/KnitPro_20Mindful_20Twin_20ronde_20tassen_2036663.jpg","type":"image\/jpeg"}],"twitter_card":"summary_large_image","twitter_misc":{"Est. reading time":"1 minute"},"schema":{"@context":"https:\/\/schema.org","@graph":[{"@type":"WebPage","@id":"https:\/\/happyinaknit.com\/produktas\/knitpro-the-mindful-collection-apvaliu-krepseliu-rinkinys-2-in-1\/","url":"https:\/\/happyinaknit.com\/produktas\/knitpro-the-mindful-collection-apvaliu-krepseliu-rinkinys-2-in-1\/","name":"KnitPro The Mindful Collection \u2013 apvali\u0173 krep\u0161eli\u0173 rinkinys 2 in 1 - Happyinaknit.com","isPartOf":{"@id":"https:\/\/happyinaknit.com\/lt\/#website"},"primaryImageOfPage":{"@id":"https:\/\/happyinaknit.com\/produktas\/knitpro-the-mindful-collection-apvaliu-krepseliu-rinkinys-2-in-1\/#primaryimage"},"image":{"@id":"https:\/\/happyinaknit.com\/produktas\/knitpro-the-mindful-collection-apvaliu-krepseliu-rinkinys-2-in-1\/#primaryimage"},"thumbnailUrl":"https:\/\/happyinaknit.com\/wp-content\/uploads\/2025\/10\/KnitPro_20Mindful_20Twin_20ronde_20tassen_2036663.jpg","datePublished":"2025-10-19T09:45:49+00:00","dateModified":"2025-10-19T09:45:50+00:00","breadcrumb":{"@id":"https:\/\/happyinaknit.com\/produktas\/knitpro-the-mindful-collection-apvaliu-krepseliu-rinkinys-2-in-1\/#breadcrumb"},"inLanguage":"en-US","potentialAction":[{"@type":"ReadAction","target":["https:\/\/happyinaknit.com\/produktas\/knitpro-the-mindful-collection-apvaliu-krepseliu-rinkinys-2-in-1\/"]}]},{"@type":"ImageObject","inLanguage":"en-US","@id":"https:\/\/happyinaknit.com\/produktas\/knitpro-the-mindful-collection-apvaliu-krepseliu-rinkinys-2-in-1\/#primaryimage","url":"https:\/\/happyinaknit.com\/wp-content\/uploads\/2025\/10\/KnitPro_20Mindful_20Twin_20ronde_20tassen_2036663.jpg","contentUrl":"https:\/\/happyinaknit.com\/wp-content\/uploads\/2025\/10\/KnitPro_20Mindful_20Twin_20ronde_20tassen_2036663.jpg","width":1000,"height":1000},{"@type":"BreadcrumbList","@id":"https:\/\/happyinaknit.com\/produktas\/knitpro-the-mindful-collection-apvaliu-krepseliu-rinkinys-2-in-1\/#breadcrumb","itemListElement":[{"@type":"ListItem","position":1,"name":"Home","item":"https:\/\/happyinaknit.com\/lt\/"},{"@type":"ListItem","position":2,"name":"Parduotuv\u0117","item":"https:\/\/happyinaknit.com\/lt\/parduotuve\/"},{"@type":"ListItem","position":3,"name":"KnitPro The Mindful Collection \u2013 apvali\u0173 krep\u0161eli\u0173 rinkinys 2 in 1"}]},{"@type":"WebSite","@id":"https:\/\/happyinaknit.com\/lt\/#website","url":"https:\/\/happyinaknit.com\/lt\/","name":"Happyinaknit.com","description":"","potentialAction":[{"@type":"SearchAction","target":{"@type":"EntryPoint","urlTemplate":"https:\/\/happyinaknit.com\/lt\/?s={search_term_string}"},"query-input":{"@type":"PropertyValueSpecification","valueRequired":true,"valueName":"search_term_string"}}],"inLanguage":"en-US"}]}},"_links":{"self":[{"href":"https:\/\/happyinaknit.com\/en\/wp-json\/wp\/v2\/product\/6264","targetHints":{"allow":["GET"]}}],"collection":[{"href":"https:\/\/happyinaknit.com\/en\/wp-json\/wp\/v2\/product"}],"about":[{"href":"https:\/\/happyinaknit.com\/en\/wp-json\/wp\/v2\/types\/product"}],"replies":[{"embeddable":true,"href":"https:\/\/happyinaknit.com\/en\/wp-json\/wp\/v2\/comments?post=6264"}],"wp:featuredmedia":[{"embeddable":true,"href":"https:\/\/happyinaknit.com\/en\/wp-json\/wp\/v2\/media\/6266"}],"wp:attachment":[{"href":"https:\/\/happyinaknit.com\/en\/wp-json\/wp\/v2\/media?parent=6264"}],"wp:term":[{"taxonomy":"product_brand","embeddable":true,"href":"https:\/\/happyinaknit.com\/en\/wp-json\/wp\/v2\/product_brand?post=6264"},{"taxonomy":"product_cat","embeddable":true,"href":"https:\/\/happyinaknit.com\/en\/wp-json\/wp\/v2\/product_cat?post=6264"},{"taxonomy":"product_tag","embeddable":true,"href":"https:\/\/happyinaknit.com\/en\/wp-json\/wp\/v2\/product_tag?post=6264"},{"taxonomy":"pro-kategorijos","embeddable":true,"href":"https:\/\/happyinaknit.com\/en\/wp-json\/wp\/v2\/pro-kategorijos?post=6264"}],"curies":[{"name":"wp","href":"https:\/\/api.w.org\/{rel}","templated":true}]}}