{"id":6258,"date":"2025-10-19T09:40:27","date_gmt":"2025-10-19T09:40:27","guid":{"rendered":"https:\/\/happyinaknit.com\/?post_type=product&#038;p=6258"},"modified":"2025-10-19T09:40:28","modified_gmt":"2025-10-19T09:40:28","slug":"knitpro-the-mindful-collection-soperis","status":"publish","type":"product","link":"https:\/\/happyinaknit.com\/en\/product\/knitpro-the-mindful-collection-soperis\/","title":{"rendered":"KnitPro The Mindful Collection shopping bag"},"content":{"rendered":"<p>Stylish and functional fabric shopper from <b>KnitPro&#039;s The Mindful Collection<\/b> lines are the perfect choice for knitting projects and everyday use. Made <b>turquoise color themes<\/b> in a design typical of the Mindful collection.<\/p>\n<p>The spacious and thoughtfully designed bag has plenty of space for larger knitting projects, yarn and tools. Inside there are several <b>internal compartments<\/b> for convenient organization, and <b>small pocket with snap closure<\/b> will allow you to keep keys and small items always at hand. It is also equipped with <b>separate compartment for needles and accessories<\/b>.<\/p>\n<p><b>Material:<\/b> strong fabric<\/p>\n<p><b>Color:<\/b> turquoise (&quot;Mindful&quot;) theme<\/p>\n<p><b>Clasp:<\/b> with zippers<\/p>\n<p><b>Size:<\/b> 36 \u00d7 30 \u00d7 12 cm<\/p>\n<p><b>Note:<\/b> Color shades may vary slightly depending on your device&#039;s screen.<\/p>","protected":false},"excerpt":{"rendered":"<p>Stilingas ir funkcionalus audinio \u0161operis i\u0161 KnitPro \u201eThe Mindful Collection\u201c linijos \u2013 tobulas pasirinkimas mezgimo projektams ir kasdieniam naudojimui. Pagamintas turkio spalv\u0173 tematikos dizainu, b\u016bdingu \u201eMindful\u201c kolekcijai. Erdvi ir apgalvotai sukurta rankin\u0117 turi daug vietos didesniems mezgimo projektams, si\u016blams ir \u012frankiams. Viduje yra keli vidiniai skyriai patogiam organizavimui, o ma\u017eas ki\u0161en\u0117lis su prisegimu leis laikyti [&hellip;]<\/p>\n","protected":false},"featured_media":6259,"comment_status":"open","ping_status":"closed","template":"","meta":{"_acf_changed":false},"product_brand":[1071],"product_cat":[15,1079],"product_tag":[],"pro-kategorijos":[],"class_list":{"0":"post-6258","1":"product","2":"type-product","3":"status-publish","4":"has-post-thumbnail","6":"product_brand-the-mindful-collection","7":"product_cat-visi-produktai","8":"product_cat-deklai","10":"first","11":"instock","12":"shipping-taxable","13":"purchasable","14":"product-type-simple"},"acf":[],"yoast_head":"<!-- This site is optimized with the Yoast SEO plugin v26.8 - https:\/\/yoast.com\/product\/yoast-seo-wordpress\/ -->\n<title>KnitPro The Mindful Collection \u0161operis - Happyinaknit.com<\/title>\n<meta name=\"robots\" content=\"index, follow, max-snippet:-1, max-image-preview:large, max-video-preview:-1\" \/>\n<link rel=\"canonical\" href=\"https:\/\/happyinaknit.com\/en\/product\/knitpro-the-mindful-collection-soperis\/\" \/>\n<meta property=\"og:locale\" content=\"en_US\" \/>\n<meta property=\"og:type\" content=\"article\" \/>\n<meta property=\"og:title\" content=\"KnitPro The Mindful Collection \u0161operis - Happyinaknit.com\" \/>\n<meta property=\"og:description\" content=\"Stilingas ir funkcionalus audinio \u0161operis i\u0161 KnitPro \u201eThe Mindful Collection\u201c linijos \u2013 tobulas pasirinkimas mezgimo projektams ir kasdieniam naudojimui. Pagamintas turkio spalv\u0173 tematikos dizainu, b\u016bdingu \u201eMindful\u201c kolekcijai. Erdvi ir apgalvotai sukurta rankin\u0117 turi daug vietos didesniems mezgimo projektams, si\u016blams ir \u012frankiams. Viduje yra keli vidiniai skyriai patogiam organizavimui, o ma\u017eas ki\u0161en\u0117lis su prisegimu leis laikyti [&hellip;]\" \/>\n<meta property=\"og:url\" content=\"https:\/\/happyinaknit.com\/en\/product\/knitpro-the-mindful-collection-soperis\/\" \/>\n<meta property=\"og:site_name\" content=\"Happyinaknit.com\" \/>\n<meta property=\"article:modified_time\" content=\"2025-10-19T09:40:28+00:00\" \/>\n<meta property=\"og:image\" content=\"https:\/\/happyinaknit.com\/wp-content\/uploads\/2025\/10\/jj1nxu0si0g_1024x1024@2x.jpg.webp\" \/>\n\t<meta property=\"og:image:width\" content=\"2048\" \/>\n\t<meta property=\"og:image:height\" content=\"2048\" \/>\n\t<meta property=\"og:image:type\" content=\"image\/webp\" \/>\n<meta name=\"twitter:card\" content=\"summary_large_image\" \/>\n<script type=\"application\/ld+json\" class=\"yoast-schema-graph\">{\"@context\":\"https:\/\/schema.org\",\"@graph\":[{\"@type\":\"WebPage\",\"@id\":\"https:\/\/happyinaknit.com\/produktas\/knitpro-the-mindful-collection-soperis\/\",\"url\":\"https:\/\/happyinaknit.com\/produktas\/knitpro-the-mindful-collection-soperis\/\",\"name\":\"KnitPro The Mindful Collection \u0161operis - Happyinaknit.com\",\"isPartOf\":{\"@id\":\"https:\/\/happyinaknit.com\/lt\/#website\"},\"primaryImageOfPage\":{\"@id\":\"https:\/\/happyinaknit.com\/produktas\/knitpro-the-mindful-collection-soperis\/#primaryimage\"},\"image\":{\"@id\":\"https:\/\/happyinaknit.com\/produktas\/knitpro-the-mindful-collection-soperis\/#primaryimage\"},\"thumbnailUrl\":\"https:\/\/happyinaknit.com\/wp-content\/uploads\/2025\/10\/jj1nxu0si0g_1024x1024@2x.jpg.webp\",\"datePublished\":\"2025-10-19T09:40:27+00:00\",\"dateModified\":\"2025-10-19T09:40:28+00:00\",\"breadcrumb\":{\"@id\":\"https:\/\/happyinaknit.com\/produktas\/knitpro-the-mindful-collection-soperis\/#breadcrumb\"},\"inLanguage\":\"en-US\",\"potentialAction\":[{\"@type\":\"ReadAction\",\"target\":[\"https:\/\/happyinaknit.com\/produktas\/knitpro-the-mindful-collection-soperis\/\"]}]},{\"@type\":\"ImageObject\",\"inLanguage\":\"en-US\",\"@id\":\"https:\/\/happyinaknit.com\/produktas\/knitpro-the-mindful-collection-soperis\/#primaryimage\",\"url\":\"https:\/\/happyinaknit.com\/wp-content\/uploads\/2025\/10\/jj1nxu0si0g_1024x1024@2x.jpg.webp\",\"contentUrl\":\"https:\/\/happyinaknit.com\/wp-content\/uploads\/2025\/10\/jj1nxu0si0g_1024x1024@2x.jpg.webp\",\"width\":2048,\"height\":2048},{\"@type\":\"BreadcrumbList\",\"@id\":\"https:\/\/happyinaknit.com\/produktas\/knitpro-the-mindful-collection-soperis\/#breadcrumb\",\"itemListElement\":[{\"@type\":\"ListItem\",\"position\":1,\"name\":\"Home\",\"item\":\"https:\/\/happyinaknit.com\/lt\/\"},{\"@type\":\"ListItem\",\"position\":2,\"name\":\"Parduotuv\u0117\",\"item\":\"https:\/\/happyinaknit.com\/lt\/parduotuve\/\"},{\"@type\":\"ListItem\",\"position\":3,\"name\":\"KnitPro The Mindful Collection \u0161operis\"}]},{\"@type\":\"WebSite\",\"@id\":\"https:\/\/happyinaknit.com\/lt\/#website\",\"url\":\"https:\/\/happyinaknit.com\/lt\/\",\"name\":\"Happyinaknit.com\",\"description\":\"\",\"potentialAction\":[{\"@type\":\"SearchAction\",\"target\":{\"@type\":\"EntryPoint\",\"urlTemplate\":\"https:\/\/happyinaknit.com\/lt\/?s={search_term_string}\"},\"query-input\":{\"@type\":\"PropertyValueSpecification\",\"valueRequired\":true,\"valueName\":\"search_term_string\"}}],\"inLanguage\":\"en-US\"}]}<\/script>\n<!-- \/ Yoast SEO plugin. -->","yoast_head_json":{"title":"KnitPro The Mindful Collection \u0161operis - Happyinaknit.com","robots":{"index":"index","follow":"follow","max-snippet":"max-snippet:-1","max-image-preview":"max-image-preview:large","max-video-preview":"max-video-preview:-1"},"canonical":"https:\/\/happyinaknit.com\/en\/product\/knitpro-the-mindful-collection-soperis\/","og_locale":"en_US","og_type":"article","og_title":"KnitPro The Mindful Collection \u0161operis - Happyinaknit.com","og_description":"Stilingas ir funkcionalus audinio \u0161operis i\u0161 KnitPro \u201eThe Mindful Collection\u201c linijos \u2013 tobulas pasirinkimas mezgimo projektams ir kasdieniam naudojimui. Pagamintas turkio spalv\u0173 tematikos dizainu, b\u016bdingu \u201eMindful\u201c kolekcijai. Erdvi ir apgalvotai sukurta rankin\u0117 turi daug vietos didesniems mezgimo projektams, si\u016blams ir \u012frankiams. Viduje yra keli vidiniai skyriai patogiam organizavimui, o ma\u017eas ki\u0161en\u0117lis su prisegimu leis laikyti [&hellip;]","og_url":"https:\/\/happyinaknit.com\/en\/product\/knitpro-the-mindful-collection-soperis\/","og_site_name":"Happyinaknit.com","article_modified_time":"2025-10-19T09:40:28+00:00","og_image":[{"width":2048,"height":2048,"url":"https:\/\/happyinaknit.com\/wp-content\/uploads\/2025\/10\/jj1nxu0si0g_1024x1024@2x.jpg.webp","type":"image\/webp"}],"twitter_card":"summary_large_image","schema":{"@context":"https:\/\/schema.org","@graph":[{"@type":"WebPage","@id":"https:\/\/happyinaknit.com\/produktas\/knitpro-the-mindful-collection-soperis\/","url":"https:\/\/happyinaknit.com\/produktas\/knitpro-the-mindful-collection-soperis\/","name":"KnitPro The Mindful Collection \u0161operis - Happyinaknit.com","isPartOf":{"@id":"https:\/\/happyinaknit.com\/lt\/#website"},"primaryImageOfPage":{"@id":"https:\/\/happyinaknit.com\/produktas\/knitpro-the-mindful-collection-soperis\/#primaryimage"},"image":{"@id":"https:\/\/happyinaknit.com\/produktas\/knitpro-the-mindful-collection-soperis\/#primaryimage"},"thumbnailUrl":"https:\/\/happyinaknit.com\/wp-content\/uploads\/2025\/10\/jj1nxu0si0g_1024x1024@2x.jpg.webp","datePublished":"2025-10-19T09:40:27+00:00","dateModified":"2025-10-19T09:40:28+00:00","breadcrumb":{"@id":"https:\/\/happyinaknit.com\/produktas\/knitpro-the-mindful-collection-soperis\/#breadcrumb"},"inLanguage":"en-US","potentialAction":[{"@type":"ReadAction","target":["https:\/\/happyinaknit.com\/produktas\/knitpro-the-mindful-collection-soperis\/"]}]},{"@type":"ImageObject","inLanguage":"en-US","@id":"https:\/\/happyinaknit.com\/produktas\/knitpro-the-mindful-collection-soperis\/#primaryimage","url":"https:\/\/happyinaknit.com\/wp-content\/uploads\/2025\/10\/jj1nxu0si0g_1024x1024@2x.jpg.webp","contentUrl":"https:\/\/happyinaknit.com\/wp-content\/uploads\/2025\/10\/jj1nxu0si0g_1024x1024@2x.jpg.webp","width":2048,"height":2048},{"@type":"BreadcrumbList","@id":"https:\/\/happyinaknit.com\/produktas\/knitpro-the-mindful-collection-soperis\/#breadcrumb","itemListElement":[{"@type":"ListItem","position":1,"name":"Home","item":"https:\/\/happyinaknit.com\/lt\/"},{"@type":"ListItem","position":2,"name":"Parduotuv\u0117","item":"https:\/\/happyinaknit.com\/lt\/parduotuve\/"},{"@type":"ListItem","position":3,"name":"KnitPro The Mindful Collection \u0161operis"}]},{"@type":"WebSite","@id":"https:\/\/happyinaknit.com\/lt\/#website","url":"https:\/\/happyinaknit.com\/lt\/","name":"Happyinaknit.com","description":"","potentialAction":[{"@type":"SearchAction","target":{"@type":"EntryPoint","urlTemplate":"https:\/\/happyinaknit.com\/lt\/?s={search_term_string}"},"query-input":{"@type":"PropertyValueSpecification","valueRequired":true,"valueName":"search_term_string"}}],"inLanguage":"en-US"}]}},"_links":{"self":[{"href":"https:\/\/happyinaknit.com\/en\/wp-json\/wp\/v2\/product\/6258","targetHints":{"allow":["GET"]}}],"collection":[{"href":"https:\/\/happyinaknit.com\/en\/wp-json\/wp\/v2\/product"}],"about":[{"href":"https:\/\/happyinaknit.com\/en\/wp-json\/wp\/v2\/types\/product"}],"replies":[{"embeddable":true,"href":"https:\/\/happyinaknit.com\/en\/wp-json\/wp\/v2\/comments?post=6258"}],"wp:featuredmedia":[{"embeddable":true,"href":"https:\/\/happyinaknit.com\/en\/wp-json\/wp\/v2\/media\/6259"}],"wp:attachment":[{"href":"https:\/\/happyinaknit.com\/en\/wp-json\/wp\/v2\/media?parent=6258"}],"wp:term":[{"taxonomy":"product_brand","embeddable":true,"href":"https:\/\/happyinaknit.com\/en\/wp-json\/wp\/v2\/product_brand?post=6258"},{"taxonomy":"product_cat","embeddable":true,"href":"https:\/\/happyinaknit.com\/en\/wp-json\/wp\/v2\/product_cat?post=6258"},{"taxonomy":"product_tag","embeddable":true,"href":"https:\/\/happyinaknit.com\/en\/wp-json\/wp\/v2\/product_tag?post=6258"},{"taxonomy":"pro-kategorijos","embeddable":true,"href":"https:\/\/happyinaknit.com\/en\/wp-json\/wp\/v2\/pro-kategorijos?post=6258"}],"curies":[{"name":"wp","href":"https:\/\/api.w.org\/{rel}","templated":true}]}}