{"id":6235,"date":"2025-10-19T08:51:02","date_gmt":"2025-10-19T08:51:02","guid":{"rendered":"https:\/\/happyinaknit.com\/?post_type=product&#038;p=6235"},"modified":"2026-03-27T15:34:38","modified_gmt":"2026-03-27T15:34:38","slug":"lang-yarns-wooladdicts-%e2%84%9614","status":"publish","type":"product","link":"https:\/\/happyinaknit.com\/en\/product\/lang-yarns-wooladdicts-%e2%84%9614\/","title":{"rendered":"Lang Yarns Wooladdicts \u211614"},"content":{"rendered":"<p>Inspiration can come from many places. This <b>Lang Yarns Wooladdicts<\/b> For the collection, the creative team traveled to <b>Burgundy region in France<\/b>to discover the traditions that inspire perfect knitting. From a summer garden party to a peaceful retreat in the countryside \u2013 each location provides a unique mood for creativity and relaxation.<\/p>\n<p>Imagine knitting surrounded by a fairytale castle garden or next to ancient ruins that quietly tell stories of the past. Let us take you and your knitting on a journey through a variety of yarns, textures and colors inspired by <b>Burgundy&#039;s history and natural beauty<\/b>.<\/p>\n<p><b>Language:<\/b> magazine in German, with Russian translation leaflets attached.<\/p>\n<p><b>Number of models:<\/b> 39 models with translation add-on.<\/p>\n<p><b>Note:<\/b> Color shades may vary slightly depending on your device&#039;s screen.<\/p>","protected":false},"excerpt":{"rendered":"<p>\u012ekv\u0117pimas gali ateiti i\u0161 daugelio viet\u0173. \u0160iai Lang Yarns Wooladdicts kolekcijai k\u016br\u0117j\u0173 komanda keliavo \u012f Burgundijos region\u0105 Pranc\u016bzijoje, kad atrast\u0173 tradicijas, kurios \u012fkvepia tobulam mezgimui. Nuo vasaros vakar\u0117lio sode iki ramaus poilsio kaime \u2013 kiekviena vieta suteikia unikali\u0105 nuotaik\u0105 k\u016brybai ir poilsiui. \u012esivaizduokite, kad mezgate pasaki\u0161ko pilies sodo apsuptyje arba \u0161alia senovini\u0173 griuv\u0117si\u0173, kurie tyliai [&hellip;]<\/p>\n","protected":false},"featured_media":6238,"comment_status":"open","ping_status":"closed","template":"","meta":{"_acf_changed":false},"product_brand":[70],"product_cat":[15,397],"product_tag":[],"pro-kategorijos":[],"class_list":{"0":"post-6235","1":"product","2":"type-product","3":"status-publish","4":"has-post-thumbnail","6":"product_brand-lang-yarns","7":"product_cat-visi-produktai","8":"product_cat-spauda","10":"first","11":"instock","12":"shipping-taxable","13":"purchasable","14":"product-type-simple"},"acf":[],"yoast_head":"<!-- This site is optimized with the Yoast SEO plugin v26.8 - https:\/\/yoast.com\/product\/yoast-seo-wordpress\/ -->\n<title>Lang Yarns Wooladdicts \u211614 - Happyinaknit.com<\/title>\n<meta name=\"robots\" content=\"index, follow, max-snippet:-1, max-image-preview:large, max-video-preview:-1\" \/>\n<link rel=\"canonical\" href=\"https:\/\/happyinaknit.com\/en\/product\/lang-yarns-wooladdicts-\u211614\/\" \/>\n<meta property=\"og:locale\" content=\"en_US\" \/>\n<meta property=\"og:type\" content=\"article\" \/>\n<meta property=\"og:title\" content=\"Lang Yarns Wooladdicts \u211614 - Happyinaknit.com\" \/>\n<meta property=\"og:description\" content=\"\u012ekv\u0117pimas gali ateiti i\u0161 daugelio viet\u0173. \u0160iai Lang Yarns Wooladdicts kolekcijai k\u016br\u0117j\u0173 komanda keliavo \u012f Burgundijos region\u0105 Pranc\u016bzijoje, kad atrast\u0173 tradicijas, kurios \u012fkvepia tobulam mezgimui. Nuo vasaros vakar\u0117lio sode iki ramaus poilsio kaime \u2013 kiekviena vieta suteikia unikali\u0105 nuotaik\u0105 k\u016brybai ir poilsiui. \u012esivaizduokite, kad mezgate pasaki\u0161ko pilies sodo apsuptyje arba \u0161alia senovini\u0173 griuv\u0117si\u0173, kurie tyliai [&hellip;]\" \/>\n<meta property=\"og:url\" content=\"https:\/\/happyinaknit.com\/en\/product\/lang-yarns-wooladdicts-\u211614\/\" \/>\n<meta property=\"og:site_name\" content=\"Happyinaknit.com\" \/>\n<meta property=\"article:modified_time\" content=\"2026-03-27T15:34:38+00:00\" \/>\n<meta property=\"og:image\" content=\"https:\/\/happyinaknit.com\/wp-content\/uploads\/2025\/10\/IMG_0168.jpg\" \/>\n\t<meta property=\"og:image:width\" content=\"1320\" \/>\n\t<meta property=\"og:image:height\" content=\"1588\" \/>\n\t<meta property=\"og:image:type\" content=\"image\/jpeg\" \/>\n<meta name=\"twitter:card\" content=\"summary_large_image\" \/>\n<meta name=\"twitter:label1\" content=\"Est. reading time\" \/>\n\t<meta name=\"twitter:data1\" content=\"1 minute\" \/>\n<script type=\"application\/ld+json\" class=\"yoast-schema-graph\">{\"@context\":\"https:\/\/schema.org\",\"@graph\":[{\"@type\":\"WebPage\",\"@id\":\"https:\/\/happyinaknit.com\/produktas\/lang-yarns-wooladdicts-%e2%84%9614\/\",\"url\":\"https:\/\/happyinaknit.com\/produktas\/lang-yarns-wooladdicts-%e2%84%9614\/\",\"name\":\"Lang Yarns Wooladdicts \u211614 - Happyinaknit.com\",\"isPartOf\":{\"@id\":\"https:\/\/happyinaknit.com\/lt\/#website\"},\"primaryImageOfPage\":{\"@id\":\"https:\/\/happyinaknit.com\/produktas\/lang-yarns-wooladdicts-%e2%84%9614\/#primaryimage\"},\"image\":{\"@id\":\"https:\/\/happyinaknit.com\/produktas\/lang-yarns-wooladdicts-%e2%84%9614\/#primaryimage\"},\"thumbnailUrl\":\"https:\/\/happyinaknit.com\/wp-content\/uploads\/2025\/10\/IMG_0168.jpg\",\"datePublished\":\"2025-10-19T08:51:02+00:00\",\"dateModified\":\"2026-03-27T15:34:38+00:00\",\"breadcrumb\":{\"@id\":\"https:\/\/happyinaknit.com\/produktas\/lang-yarns-wooladdicts-%e2%84%9614\/#breadcrumb\"},\"inLanguage\":\"en-US\",\"potentialAction\":[{\"@type\":\"ReadAction\",\"target\":[\"https:\/\/happyinaknit.com\/produktas\/lang-yarns-wooladdicts-%e2%84%9614\/\"]}]},{\"@type\":\"ImageObject\",\"inLanguage\":\"en-US\",\"@id\":\"https:\/\/happyinaknit.com\/produktas\/lang-yarns-wooladdicts-%e2%84%9614\/#primaryimage\",\"url\":\"https:\/\/happyinaknit.com\/wp-content\/uploads\/2025\/10\/IMG_0168.jpg\",\"contentUrl\":\"https:\/\/happyinaknit.com\/wp-content\/uploads\/2025\/10\/IMG_0168.jpg\",\"width\":1320,\"height\":1588},{\"@type\":\"BreadcrumbList\",\"@id\":\"https:\/\/happyinaknit.com\/produktas\/lang-yarns-wooladdicts-%e2%84%9614\/#breadcrumb\",\"itemListElement\":[{\"@type\":\"ListItem\",\"position\":1,\"name\":\"Home\",\"item\":\"https:\/\/happyinaknit.com\/lt\/\"},{\"@type\":\"ListItem\",\"position\":2,\"name\":\"Parduotuv\u0117\",\"item\":\"https:\/\/happyinaknit.com\/lt\/parduotuve\/\"},{\"@type\":\"ListItem\",\"position\":3,\"name\":\"Lang Yarns Wooladdicts \u211614\"}]},{\"@type\":\"WebSite\",\"@id\":\"https:\/\/happyinaknit.com\/lt\/#website\",\"url\":\"https:\/\/happyinaknit.com\/lt\/\",\"name\":\"Happyinaknit.com\",\"description\":\"\",\"potentialAction\":[{\"@type\":\"SearchAction\",\"target\":{\"@type\":\"EntryPoint\",\"urlTemplate\":\"https:\/\/happyinaknit.com\/lt\/?s={search_term_string}\"},\"query-input\":{\"@type\":\"PropertyValueSpecification\",\"valueRequired\":true,\"valueName\":\"search_term_string\"}}],\"inLanguage\":\"en-US\"}]}<\/script>\n<!-- \/ Yoast SEO plugin. -->","yoast_head_json":{"title":"Lang Yarns Wooladdicts \u211614 - Happyinaknit.com","robots":{"index":"index","follow":"follow","max-snippet":"max-snippet:-1","max-image-preview":"max-image-preview:large","max-video-preview":"max-video-preview:-1"},"canonical":"https:\/\/happyinaknit.com\/en\/product\/lang-yarns-wooladdicts-\u211614\/","og_locale":"en_US","og_type":"article","og_title":"Lang Yarns Wooladdicts \u211614 - Happyinaknit.com","og_description":"\u012ekv\u0117pimas gali ateiti i\u0161 daugelio viet\u0173. \u0160iai Lang Yarns Wooladdicts kolekcijai k\u016br\u0117j\u0173 komanda keliavo \u012f Burgundijos region\u0105 Pranc\u016bzijoje, kad atrast\u0173 tradicijas, kurios \u012fkvepia tobulam mezgimui. Nuo vasaros vakar\u0117lio sode iki ramaus poilsio kaime \u2013 kiekviena vieta suteikia unikali\u0105 nuotaik\u0105 k\u016brybai ir poilsiui. \u012esivaizduokite, kad mezgate pasaki\u0161ko pilies sodo apsuptyje arba \u0161alia senovini\u0173 griuv\u0117si\u0173, kurie tyliai [&hellip;]","og_url":"https:\/\/happyinaknit.com\/en\/product\/lang-yarns-wooladdicts-\u211614\/","og_site_name":"Happyinaknit.com","article_modified_time":"2026-03-27T15:34:38+00:00","og_image":[{"width":1320,"height":1588,"url":"https:\/\/happyinaknit.com\/wp-content\/uploads\/2025\/10\/IMG_0168.jpg","type":"image\/jpeg"}],"twitter_card":"summary_large_image","twitter_misc":{"Est. reading time":"1 minute"},"schema":{"@context":"https:\/\/schema.org","@graph":[{"@type":"WebPage","@id":"https:\/\/happyinaknit.com\/produktas\/lang-yarns-wooladdicts-%e2%84%9614\/","url":"https:\/\/happyinaknit.com\/produktas\/lang-yarns-wooladdicts-%e2%84%9614\/","name":"Lang Yarns Wooladdicts \u211614 - Happyinaknit.com","isPartOf":{"@id":"https:\/\/happyinaknit.com\/lt\/#website"},"primaryImageOfPage":{"@id":"https:\/\/happyinaknit.com\/produktas\/lang-yarns-wooladdicts-%e2%84%9614\/#primaryimage"},"image":{"@id":"https:\/\/happyinaknit.com\/produktas\/lang-yarns-wooladdicts-%e2%84%9614\/#primaryimage"},"thumbnailUrl":"https:\/\/happyinaknit.com\/wp-content\/uploads\/2025\/10\/IMG_0168.jpg","datePublished":"2025-10-19T08:51:02+00:00","dateModified":"2026-03-27T15:34:38+00:00","breadcrumb":{"@id":"https:\/\/happyinaknit.com\/produktas\/lang-yarns-wooladdicts-%e2%84%9614\/#breadcrumb"},"inLanguage":"en-US","potentialAction":[{"@type":"ReadAction","target":["https:\/\/happyinaknit.com\/produktas\/lang-yarns-wooladdicts-%e2%84%9614\/"]}]},{"@type":"ImageObject","inLanguage":"en-US","@id":"https:\/\/happyinaknit.com\/produktas\/lang-yarns-wooladdicts-%e2%84%9614\/#primaryimage","url":"https:\/\/happyinaknit.com\/wp-content\/uploads\/2025\/10\/IMG_0168.jpg","contentUrl":"https:\/\/happyinaknit.com\/wp-content\/uploads\/2025\/10\/IMG_0168.jpg","width":1320,"height":1588},{"@type":"BreadcrumbList","@id":"https:\/\/happyinaknit.com\/produktas\/lang-yarns-wooladdicts-%e2%84%9614\/#breadcrumb","itemListElement":[{"@type":"ListItem","position":1,"name":"Home","item":"https:\/\/happyinaknit.com\/lt\/"},{"@type":"ListItem","position":2,"name":"Parduotuv\u0117","item":"https:\/\/happyinaknit.com\/lt\/parduotuve\/"},{"@type":"ListItem","position":3,"name":"Lang Yarns Wooladdicts \u211614"}]},{"@type":"WebSite","@id":"https:\/\/happyinaknit.com\/lt\/#website","url":"https:\/\/happyinaknit.com\/lt\/","name":"Happyinaknit.com","description":"","potentialAction":[{"@type":"SearchAction","target":{"@type":"EntryPoint","urlTemplate":"https:\/\/happyinaknit.com\/lt\/?s={search_term_string}"},"query-input":{"@type":"PropertyValueSpecification","valueRequired":true,"valueName":"search_term_string"}}],"inLanguage":"en-US"}]}},"_links":{"self":[{"href":"https:\/\/happyinaknit.com\/en\/wp-json\/wp\/v2\/product\/6235","targetHints":{"allow":["GET"]}}],"collection":[{"href":"https:\/\/happyinaknit.com\/en\/wp-json\/wp\/v2\/product"}],"about":[{"href":"https:\/\/happyinaknit.com\/en\/wp-json\/wp\/v2\/types\/product"}],"replies":[{"embeddable":true,"href":"https:\/\/happyinaknit.com\/en\/wp-json\/wp\/v2\/comments?post=6235"}],"wp:featuredmedia":[{"embeddable":true,"href":"https:\/\/happyinaknit.com\/en\/wp-json\/wp\/v2\/media\/6238"}],"wp:attachment":[{"href":"https:\/\/happyinaknit.com\/en\/wp-json\/wp\/v2\/media?parent=6235"}],"wp:term":[{"taxonomy":"product_brand","embeddable":true,"href":"https:\/\/happyinaknit.com\/en\/wp-json\/wp\/v2\/product_brand?post=6235"},{"taxonomy":"product_cat","embeddable":true,"href":"https:\/\/happyinaknit.com\/en\/wp-json\/wp\/v2\/product_cat?post=6235"},{"taxonomy":"product_tag","embeddable":true,"href":"https:\/\/happyinaknit.com\/en\/wp-json\/wp\/v2\/product_tag?post=6235"},{"taxonomy":"pro-kategorijos","embeddable":true,"href":"https:\/\/happyinaknit.com\/en\/wp-json\/wp\/v2\/pro-kategorijos?post=6235"}],"curies":[{"name":"wp","href":"https:\/\/api.w.org\/{rel}","templated":true}]}}