{"id":6228,"date":"2025-10-19T08:39:23","date_gmt":"2025-10-19T08:39:23","guid":{"rendered":"https:\/\/happyinaknit.com\/?post_type=product&#038;p=6228"},"modified":"2025-10-19T08:57:45","modified_gmt":"2025-10-19T08:57:45","slug":"lang-yarns-fam-286","status":"publish","type":"product","link":"https:\/\/happyinaknit.com\/en\/product\/lang-yarns-fam-286\/","title":{"rendered":"Lang Yarns FAM 286"},"content":{"rendered":"<p>This season, Lang Yarns invites you to discover <b>three creative worlds<\/b>, each with its own unique identity. From soft, flowing silhouettes to more structured textures, with subtle shades of glow in between, each theme offers a unique way to approach the art of creation.<\/p>\n<p>Luminous hues blend with earthy tones, textures oscillate between lightness and depth, and luxurious fibers reveal a soft sheen or a subtle silkiness. This collection is <b>an invitation to create, feel and let your hands tell the story.<\/b><b><\/b><\/p>\n<p><b>Language:<\/b> magazine in German, with Russian translation leaflets attached.<\/p>\n<p><b>Number of models:<\/b> 87 models with translation add-on.<\/p>\n<p><b>Note:<\/b> Color shades may vary slightly depending on your device&#039;s screen.<\/p>","protected":false},"excerpt":{"rendered":"<p>\u0160\u012f sezon\u0105 \u201eLang Yarns\u201c kvie\u010dia jus atrasti tris k\u016brybinius pasaulius, kuri\u0173 kiekvienas turi savo unikali\u0105 tapatyb\u0119. Nuo mink\u0161t\u0173, krintan\u010di\u0173 siluet\u0173 iki labiau strukt\u016bruot\u0173 tekst\u016br\u0173, su vos pastebimais \u0161vyt\u0117jimo atspalviais tarp j\u0173 \u2013 kiekviena tema suteikia savit\u0105 b\u016bd\u0105 prisiliesti prie k\u016brybos meno. \u0160vytintys atspalviai dera su \u017eemi\u0161kais tonais, fakt\u016bros svyruoja tarp lengvumo ir gilumos, o prabang\u016bs [&hellip;]<\/p>\n","protected":false},"featured_media":6248,"comment_status":"open","ping_status":"closed","template":"","meta":{"_acf_changed":false},"product_brand":[70],"product_cat":[15,397],"product_tag":[],"pro-kategorijos":[],"class_list":{"0":"post-6228","1":"product","2":"type-product","3":"status-publish","4":"has-post-thumbnail","6":"product_brand-lang-yarns","7":"product_cat-visi-produktai","8":"product_cat-spauda","10":"first","11":"instock","12":"shipping-taxable","13":"purchasable","14":"product-type-simple"},"acf":[],"yoast_head":"<!-- This site is optimized with the Yoast SEO plugin v26.8 - https:\/\/yoast.com\/product\/yoast-seo-wordpress\/ -->\n<title>Lang Yarns FAM 286 - Happyinaknit.com<\/title>\n<meta name=\"robots\" content=\"index, follow, max-snippet:-1, max-image-preview:large, max-video-preview:-1\" \/>\n<link rel=\"canonical\" href=\"https:\/\/happyinaknit.com\/en\/product\/lang-yarns-fam-286\/\" \/>\n<meta property=\"og:locale\" content=\"en_US\" \/>\n<meta property=\"og:type\" content=\"article\" \/>\n<meta property=\"og:title\" content=\"Lang Yarns FAM 286 - Happyinaknit.com\" \/>\n<meta property=\"og:description\" content=\"\u0160\u012f sezon\u0105 \u201eLang Yarns\u201c kvie\u010dia jus atrasti tris k\u016brybinius pasaulius, kuri\u0173 kiekvienas turi savo unikali\u0105 tapatyb\u0119. Nuo mink\u0161t\u0173, krintan\u010di\u0173 siluet\u0173 iki labiau strukt\u016bruot\u0173 tekst\u016br\u0173, su vos pastebimais \u0161vyt\u0117jimo atspalviais tarp j\u0173 \u2013 kiekviena tema suteikia savit\u0105 b\u016bd\u0105 prisiliesti prie k\u016brybos meno. \u0160vytintys atspalviai dera su \u017eemi\u0161kais tonais, fakt\u016bros svyruoja tarp lengvumo ir gilumos, o prabang\u016bs [&hellip;]\" \/>\n<meta property=\"og:url\" content=\"https:\/\/happyinaknit.com\/en\/product\/lang-yarns-fam-286\/\" \/>\n<meta property=\"og:site_name\" content=\"Happyinaknit.com\" \/>\n<meta property=\"article:modified_time\" content=\"2025-10-19T08:57:45+00:00\" \/>\n<meta property=\"og:image\" content=\"https:\/\/happyinaknit.com\/wp-content\/uploads\/2025\/10\/IMG_0180.jpg\" \/>\n\t<meta property=\"og:image:width\" content=\"800\" \/>\n\t<meta property=\"og:image:height\" content=\"1141\" \/>\n\t<meta property=\"og:image:type\" content=\"image\/jpeg\" \/>\n<meta name=\"twitter:card\" content=\"summary_large_image\" \/>\n<meta name=\"twitter:label1\" content=\"Est. reading time\" \/>\n\t<meta name=\"twitter:data1\" content=\"1 minute\" \/>\n<script type=\"application\/ld+json\" class=\"yoast-schema-graph\">{\"@context\":\"https:\/\/schema.org\",\"@graph\":[{\"@type\":\"WebPage\",\"@id\":\"https:\/\/happyinaknit.com\/produktas\/lang-yarns-fam-286\/\",\"url\":\"https:\/\/happyinaknit.com\/produktas\/lang-yarns-fam-286\/\",\"name\":\"Lang Yarns FAM 286 - Happyinaknit.com\",\"isPartOf\":{\"@id\":\"https:\/\/happyinaknit.com\/lt\/#website\"},\"primaryImageOfPage\":{\"@id\":\"https:\/\/happyinaknit.com\/produktas\/lang-yarns-fam-286\/#primaryimage\"},\"image\":{\"@id\":\"https:\/\/happyinaknit.com\/produktas\/lang-yarns-fam-286\/#primaryimage\"},\"thumbnailUrl\":\"https:\/\/happyinaknit.com\/wp-content\/uploads\/2025\/10\/IMG_0180.jpg\",\"datePublished\":\"2025-10-19T08:39:23+00:00\",\"dateModified\":\"2025-10-19T08:57:45+00:00\",\"breadcrumb\":{\"@id\":\"https:\/\/happyinaknit.com\/produktas\/lang-yarns-fam-286\/#breadcrumb\"},\"inLanguage\":\"en-US\",\"potentialAction\":[{\"@type\":\"ReadAction\",\"target\":[\"https:\/\/happyinaknit.com\/produktas\/lang-yarns-fam-286\/\"]}]},{\"@type\":\"ImageObject\",\"inLanguage\":\"en-US\",\"@id\":\"https:\/\/happyinaknit.com\/produktas\/lang-yarns-fam-286\/#primaryimage\",\"url\":\"https:\/\/happyinaknit.com\/wp-content\/uploads\/2025\/10\/IMG_0180.jpg\",\"contentUrl\":\"https:\/\/happyinaknit.com\/wp-content\/uploads\/2025\/10\/IMG_0180.jpg\",\"width\":800,\"height\":1141},{\"@type\":\"BreadcrumbList\",\"@id\":\"https:\/\/happyinaknit.com\/produktas\/lang-yarns-fam-286\/#breadcrumb\",\"itemListElement\":[{\"@type\":\"ListItem\",\"position\":1,\"name\":\"Home\",\"item\":\"https:\/\/happyinaknit.com\/lt\/\"},{\"@type\":\"ListItem\",\"position\":2,\"name\":\"Parduotuv\u0117\",\"item\":\"https:\/\/happyinaknit.com\/lt\/parduotuve\/\"},{\"@type\":\"ListItem\",\"position\":3,\"name\":\"Lang Yarns FAM 286\"}]},{\"@type\":\"WebSite\",\"@id\":\"https:\/\/happyinaknit.com\/lt\/#website\",\"url\":\"https:\/\/happyinaknit.com\/lt\/\",\"name\":\"Happyinaknit.com\",\"description\":\"\",\"potentialAction\":[{\"@type\":\"SearchAction\",\"target\":{\"@type\":\"EntryPoint\",\"urlTemplate\":\"https:\/\/happyinaknit.com\/lt\/?s={search_term_string}\"},\"query-input\":{\"@type\":\"PropertyValueSpecification\",\"valueRequired\":true,\"valueName\":\"search_term_string\"}}],\"inLanguage\":\"en-US\"}]}<\/script>\n<!-- \/ Yoast SEO plugin. -->","yoast_head_json":{"title":"Lang Yarns FAM 286 - Happyinaknit.com","robots":{"index":"index","follow":"follow","max-snippet":"max-snippet:-1","max-image-preview":"max-image-preview:large","max-video-preview":"max-video-preview:-1"},"canonical":"https:\/\/happyinaknit.com\/en\/product\/lang-yarns-fam-286\/","og_locale":"en_US","og_type":"article","og_title":"Lang Yarns FAM 286 - Happyinaknit.com","og_description":"\u0160\u012f sezon\u0105 \u201eLang Yarns\u201c kvie\u010dia jus atrasti tris k\u016brybinius pasaulius, kuri\u0173 kiekvienas turi savo unikali\u0105 tapatyb\u0119. Nuo mink\u0161t\u0173, krintan\u010di\u0173 siluet\u0173 iki labiau strukt\u016bruot\u0173 tekst\u016br\u0173, su vos pastebimais \u0161vyt\u0117jimo atspalviais tarp j\u0173 \u2013 kiekviena tema suteikia savit\u0105 b\u016bd\u0105 prisiliesti prie k\u016brybos meno. \u0160vytintys atspalviai dera su \u017eemi\u0161kais tonais, fakt\u016bros svyruoja tarp lengvumo ir gilumos, o prabang\u016bs [&hellip;]","og_url":"https:\/\/happyinaknit.com\/en\/product\/lang-yarns-fam-286\/","og_site_name":"Happyinaknit.com","article_modified_time":"2025-10-19T08:57:45+00:00","og_image":[{"width":800,"height":1141,"url":"https:\/\/happyinaknit.com\/wp-content\/uploads\/2025\/10\/IMG_0180.jpg","type":"image\/jpeg"}],"twitter_card":"summary_large_image","twitter_misc":{"Est. reading time":"1 minute"},"schema":{"@context":"https:\/\/schema.org","@graph":[{"@type":"WebPage","@id":"https:\/\/happyinaknit.com\/produktas\/lang-yarns-fam-286\/","url":"https:\/\/happyinaknit.com\/produktas\/lang-yarns-fam-286\/","name":"Lang Yarns FAM 286 - Happyinaknit.com","isPartOf":{"@id":"https:\/\/happyinaknit.com\/lt\/#website"},"primaryImageOfPage":{"@id":"https:\/\/happyinaknit.com\/produktas\/lang-yarns-fam-286\/#primaryimage"},"image":{"@id":"https:\/\/happyinaknit.com\/produktas\/lang-yarns-fam-286\/#primaryimage"},"thumbnailUrl":"https:\/\/happyinaknit.com\/wp-content\/uploads\/2025\/10\/IMG_0180.jpg","datePublished":"2025-10-19T08:39:23+00:00","dateModified":"2025-10-19T08:57:45+00:00","breadcrumb":{"@id":"https:\/\/happyinaknit.com\/produktas\/lang-yarns-fam-286\/#breadcrumb"},"inLanguage":"en-US","potentialAction":[{"@type":"ReadAction","target":["https:\/\/happyinaknit.com\/produktas\/lang-yarns-fam-286\/"]}]},{"@type":"ImageObject","inLanguage":"en-US","@id":"https:\/\/happyinaknit.com\/produktas\/lang-yarns-fam-286\/#primaryimage","url":"https:\/\/happyinaknit.com\/wp-content\/uploads\/2025\/10\/IMG_0180.jpg","contentUrl":"https:\/\/happyinaknit.com\/wp-content\/uploads\/2025\/10\/IMG_0180.jpg","width":800,"height":1141},{"@type":"BreadcrumbList","@id":"https:\/\/happyinaknit.com\/produktas\/lang-yarns-fam-286\/#breadcrumb","itemListElement":[{"@type":"ListItem","position":1,"name":"Home","item":"https:\/\/happyinaknit.com\/lt\/"},{"@type":"ListItem","position":2,"name":"Parduotuv\u0117","item":"https:\/\/happyinaknit.com\/lt\/parduotuve\/"},{"@type":"ListItem","position":3,"name":"Lang Yarns FAM 286"}]},{"@type":"WebSite","@id":"https:\/\/happyinaknit.com\/lt\/#website","url":"https:\/\/happyinaknit.com\/lt\/","name":"Happyinaknit.com","description":"","potentialAction":[{"@type":"SearchAction","target":{"@type":"EntryPoint","urlTemplate":"https:\/\/happyinaknit.com\/lt\/?s={search_term_string}"},"query-input":{"@type":"PropertyValueSpecification","valueRequired":true,"valueName":"search_term_string"}}],"inLanguage":"en-US"}]}},"_links":{"self":[{"href":"https:\/\/happyinaknit.com\/en\/wp-json\/wp\/v2\/product\/6228","targetHints":{"allow":["GET"]}}],"collection":[{"href":"https:\/\/happyinaknit.com\/en\/wp-json\/wp\/v2\/product"}],"about":[{"href":"https:\/\/happyinaknit.com\/en\/wp-json\/wp\/v2\/types\/product"}],"replies":[{"embeddable":true,"href":"https:\/\/happyinaknit.com\/en\/wp-json\/wp\/v2\/comments?post=6228"}],"wp:featuredmedia":[{"embeddable":true,"href":"https:\/\/happyinaknit.com\/en\/wp-json\/wp\/v2\/media\/6248"}],"wp:attachment":[{"href":"https:\/\/happyinaknit.com\/en\/wp-json\/wp\/v2\/media?parent=6228"}],"wp:term":[{"taxonomy":"product_brand","embeddable":true,"href":"https:\/\/happyinaknit.com\/en\/wp-json\/wp\/v2\/product_brand?post=6228"},{"taxonomy":"product_cat","embeddable":true,"href":"https:\/\/happyinaknit.com\/en\/wp-json\/wp\/v2\/product_cat?post=6228"},{"taxonomy":"product_tag","embeddable":true,"href":"https:\/\/happyinaknit.com\/en\/wp-json\/wp\/v2\/product_tag?post=6228"},{"taxonomy":"pro-kategorijos","embeddable":true,"href":"https:\/\/happyinaknit.com\/en\/wp-json\/wp\/v2\/pro-kategorijos?post=6228"}],"curies":[{"name":"wp","href":"https:\/\/api.w.org\/{rel}","templated":true}]}}