{"id":6215,"date":"2025-10-19T00:27:05","date_gmt":"2025-10-19T00:27:05","guid":{"rendered":"https:\/\/happyinaknit.com\/?post_type=product&#038;p=6215"},"modified":"2026-04-06T18:12:41","modified_gmt":"2026-04-06T18:12:41","slug":"lykke-blush-rotacinis-valas-prisukamiems-virbalams","status":"publish","type":"product","link":"https:\/\/happyinaknit.com\/en\/product\/lykke-blush-rotacinis-valas-prisukamiems-virbalams\/","title":{"rendered":"Lykke Blush Cable  for Interchangeable Needles"},"content":{"rendered":"<p><strong>Lykke Blush<\/strong> rotating rollers made of soft plastic in a soft peachy pink colour. The roller joints with cords are made of strong steel, ensuring a stable and smooth connection. The roller rotates 360\u00b0, so it does not twist when knitting and provides extra comfort.<\/p>\n<p>Welsh fit <b>Lykke<\/b>, <b>KnitPro<\/b>, <b>Lantern Moon<\/b> and <b>Wolle R\u00f6del<\/b> for screw-on pins.<\/p>\n<p>The set also includes a tightening wrench and 2 sockets.<\/p>\n<p>\u203c\ufe0f <i>The total length is shown with the cords - the actual length of the line is shorter.<\/i><i><\/i><\/p>\n<p><b>In the kit:<\/b><b><\/b><\/p>\n<p>-1 rotating roller<\/p>\n<p>\u20222 nozzles<\/p>\n<p>\u20221 key<\/p>\n<p><b>Material:<\/b> soft plastic, steel connectors<\/p>\n<p><b>Color:<\/b> Peach Pink (Pink)<\/p>\n<p>Note: Color shades may vary slightly depending on your device&#039;s screen.<\/p>","protected":false},"excerpt":{"rendered":"<p>Lykke Blush rotaciniai valai pagaminti i\u0161 mink\u0161to plastiko \u0161velnios persikin\u0117s ro\u017ein\u0117s spalvos. Valo jungtys su virbalais pagamintos i\u0161 tvirto plieno, u\u017etikrinan\u010dio stabil\u0173 ir skland\u0173 sujungim\u0105. Valas sukasi 360\u00b0, tod\u0117l mezgant nesusisuka ir suteikia papildomo patogumo. Valai tinka Lykke, KnitPro, Lantern Moon ir Wolle R\u00f6del prisukamiems virbalams. Rinkinyje taip pat yra u\u017ever\u017eimo raktelis ir 2 antgaliai. [&hellip;]<\/p>\n","protected":false},"featured_media":6217,"comment_status":"open","ping_status":"closed","template":"","meta":{"_acf_changed":false},"product_brand":[790],"product_cat":[15,19,864],"product_tag":[],"pro-kategorijos":[],"class_list":{"0":"post-6215","1":"product","2":"type-product","3":"status-publish","4":"has-post-thumbnail","6":"product_brand-lykke","7":"product_cat-visi-produktai","8":"product_cat-mezgimo-priemones","9":"product_cat-valai-virbalams","11":"first","12":"instock","13":"shipping-taxable","14":"purchasable","15":"product-type-variable"},"acf":[],"yoast_head":"<!-- This site is optimized with the Yoast SEO plugin v26.8 - https:\/\/yoast.com\/product\/yoast-seo-wordpress\/ -->\n<title>Lykke Blush Rotacinis Valas prisukamiems virbalams - Happyinaknit.com<\/title>\n<meta name=\"robots\" content=\"index, follow, max-snippet:-1, max-image-preview:large, max-video-preview:-1\" \/>\n<link rel=\"canonical\" href=\"https:\/\/happyinaknit.com\/en\/product\/lykke-blush-rotacinis-valas-prisukamiems-virbalams\/\" \/>\n<meta property=\"og:locale\" content=\"en_US\" \/>\n<meta property=\"og:type\" content=\"article\" \/>\n<meta property=\"og:title\" content=\"Lykke Blush Rotacinis Valas prisukamiems virbalams - Happyinaknit.com\" \/>\n<meta property=\"og:description\" content=\"Lykke Blush rotaciniai valai pagaminti i\u0161 mink\u0161to plastiko \u0161velnios persikin\u0117s ro\u017ein\u0117s spalvos. Valo jungtys su virbalais pagamintos i\u0161 tvirto plieno, u\u017etikrinan\u010dio stabil\u0173 ir skland\u0173 sujungim\u0105. Valas sukasi 360\u00b0, tod\u0117l mezgant nesusisuka ir suteikia papildomo patogumo. Valai tinka Lykke, KnitPro, Lantern Moon ir Wolle R\u00f6del prisukamiems virbalams. Rinkinyje taip pat yra u\u017ever\u017eimo raktelis ir 2 antgaliai. [&hellip;]\" \/>\n<meta property=\"og:url\" content=\"https:\/\/happyinaknit.com\/en\/product\/lykke-blush-rotacinis-valas-prisukamiems-virbalams\/\" \/>\n<meta property=\"og:site_name\" content=\"Happyinaknit.com\" \/>\n<meta property=\"article:modified_time\" content=\"2026-04-06T18:12:41+00:00\" \/>\n<meta property=\"og:image\" content=\"https:\/\/happyinaknit.com\/wp-content\/uploads\/2025\/10\/New-Pink-Swivel-Cords_1024x.jpg\" \/>\n\t<meta property=\"og:image:width\" content=\"1024\" \/>\n\t<meta property=\"og:image:height\" content=\"1024\" \/>\n\t<meta property=\"og:image:type\" content=\"image\/jpeg\" \/>\n<meta name=\"twitter:card\" content=\"summary_large_image\" \/>\n<meta name=\"twitter:label1\" content=\"Est. reading time\" \/>\n\t<meta name=\"twitter:data1\" content=\"1 minute\" \/>\n<script type=\"application\/ld+json\" class=\"yoast-schema-graph\">{\"@context\":\"https:\/\/schema.org\",\"@graph\":[{\"@type\":\"WebPage\",\"@id\":\"https:\/\/happyinaknit.com\/produktas\/lykke-blush-rotacinis-valas-prisukamiems-virbalams\/\",\"url\":\"https:\/\/happyinaknit.com\/produktas\/lykke-blush-rotacinis-valas-prisukamiems-virbalams\/\",\"name\":\"Lykke Blush Rotacinis Valas prisukamiems virbalams - Happyinaknit.com\",\"isPartOf\":{\"@id\":\"https:\/\/happyinaknit.com\/lt\/#website\"},\"primaryImageOfPage\":{\"@id\":\"https:\/\/happyinaknit.com\/produktas\/lykke-blush-rotacinis-valas-prisukamiems-virbalams\/#primaryimage\"},\"image\":{\"@id\":\"https:\/\/happyinaknit.com\/produktas\/lykke-blush-rotacinis-valas-prisukamiems-virbalams\/#primaryimage\"},\"thumbnailUrl\":\"https:\/\/happyinaknit.com\/wp-content\/uploads\/2025\/10\/New-Pink-Swivel-Cords_1024x.jpg\",\"datePublished\":\"2025-10-19T00:27:05+00:00\",\"dateModified\":\"2026-04-06T18:12:41+00:00\",\"breadcrumb\":{\"@id\":\"https:\/\/happyinaknit.com\/produktas\/lykke-blush-rotacinis-valas-prisukamiems-virbalams\/#breadcrumb\"},\"inLanguage\":\"en-US\",\"potentialAction\":[{\"@type\":\"ReadAction\",\"target\":[\"https:\/\/happyinaknit.com\/produktas\/lykke-blush-rotacinis-valas-prisukamiems-virbalams\/\"]}]},{\"@type\":\"ImageObject\",\"inLanguage\":\"en-US\",\"@id\":\"https:\/\/happyinaknit.com\/produktas\/lykke-blush-rotacinis-valas-prisukamiems-virbalams\/#primaryimage\",\"url\":\"https:\/\/happyinaknit.com\/wp-content\/uploads\/2025\/10\/New-Pink-Swivel-Cords_1024x.jpg\",\"contentUrl\":\"https:\/\/happyinaknit.com\/wp-content\/uploads\/2025\/10\/New-Pink-Swivel-Cords_1024x.jpg\",\"width\":1024,\"height\":1024},{\"@type\":\"BreadcrumbList\",\"@id\":\"https:\/\/happyinaknit.com\/produktas\/lykke-blush-rotacinis-valas-prisukamiems-virbalams\/#breadcrumb\",\"itemListElement\":[{\"@type\":\"ListItem\",\"position\":1,\"name\":\"Home\",\"item\":\"https:\/\/happyinaknit.com\/lt\/\"},{\"@type\":\"ListItem\",\"position\":2,\"name\":\"Parduotuv\u0117\",\"item\":\"https:\/\/happyinaknit.com\/lt\/parduotuve\/\"},{\"@type\":\"ListItem\",\"position\":3,\"name\":\"Lykke Blush Rotacinis Valas prisukamiems virbalams\"}]},{\"@type\":\"WebSite\",\"@id\":\"https:\/\/happyinaknit.com\/lt\/#website\",\"url\":\"https:\/\/happyinaknit.com\/lt\/\",\"name\":\"Happyinaknit.com\",\"description\":\"\",\"potentialAction\":[{\"@type\":\"SearchAction\",\"target\":{\"@type\":\"EntryPoint\",\"urlTemplate\":\"https:\/\/happyinaknit.com\/lt\/?s={search_term_string}\"},\"query-input\":{\"@type\":\"PropertyValueSpecification\",\"valueRequired\":true,\"valueName\":\"search_term_string\"}}],\"inLanguage\":\"en-US\"}]}<\/script>\n<!-- \/ Yoast SEO plugin. -->","yoast_head_json":{"title":"Lykke Blush Rotacinis Valas prisukamiems virbalams - Happyinaknit.com","robots":{"index":"index","follow":"follow","max-snippet":"max-snippet:-1","max-image-preview":"max-image-preview:large","max-video-preview":"max-video-preview:-1"},"canonical":"https:\/\/happyinaknit.com\/en\/product\/lykke-blush-rotacinis-valas-prisukamiems-virbalams\/","og_locale":"en_US","og_type":"article","og_title":"Lykke Blush Rotacinis Valas prisukamiems virbalams - Happyinaknit.com","og_description":"Lykke Blush rotaciniai valai pagaminti i\u0161 mink\u0161to plastiko \u0161velnios persikin\u0117s ro\u017ein\u0117s spalvos. Valo jungtys su virbalais pagamintos i\u0161 tvirto plieno, u\u017etikrinan\u010dio stabil\u0173 ir skland\u0173 sujungim\u0105. Valas sukasi 360\u00b0, tod\u0117l mezgant nesusisuka ir suteikia papildomo patogumo. Valai tinka Lykke, KnitPro, Lantern Moon ir Wolle R\u00f6del prisukamiems virbalams. Rinkinyje taip pat yra u\u017ever\u017eimo raktelis ir 2 antgaliai. [&hellip;]","og_url":"https:\/\/happyinaknit.com\/en\/product\/lykke-blush-rotacinis-valas-prisukamiems-virbalams\/","og_site_name":"Happyinaknit.com","article_modified_time":"2026-04-06T18:12:41+00:00","og_image":[{"width":1024,"height":1024,"url":"https:\/\/happyinaknit.com\/wp-content\/uploads\/2025\/10\/New-Pink-Swivel-Cords_1024x.jpg","type":"image\/jpeg"}],"twitter_card":"summary_large_image","twitter_misc":{"Est. reading time":"1 minute"},"schema":{"@context":"https:\/\/schema.org","@graph":[{"@type":"WebPage","@id":"https:\/\/happyinaknit.com\/produktas\/lykke-blush-rotacinis-valas-prisukamiems-virbalams\/","url":"https:\/\/happyinaknit.com\/produktas\/lykke-blush-rotacinis-valas-prisukamiems-virbalams\/","name":"Lykke Blush Rotacinis Valas prisukamiems virbalams - Happyinaknit.com","isPartOf":{"@id":"https:\/\/happyinaknit.com\/lt\/#website"},"primaryImageOfPage":{"@id":"https:\/\/happyinaknit.com\/produktas\/lykke-blush-rotacinis-valas-prisukamiems-virbalams\/#primaryimage"},"image":{"@id":"https:\/\/happyinaknit.com\/produktas\/lykke-blush-rotacinis-valas-prisukamiems-virbalams\/#primaryimage"},"thumbnailUrl":"https:\/\/happyinaknit.com\/wp-content\/uploads\/2025\/10\/New-Pink-Swivel-Cords_1024x.jpg","datePublished":"2025-10-19T00:27:05+00:00","dateModified":"2026-04-06T18:12:41+00:00","breadcrumb":{"@id":"https:\/\/happyinaknit.com\/produktas\/lykke-blush-rotacinis-valas-prisukamiems-virbalams\/#breadcrumb"},"inLanguage":"en-US","potentialAction":[{"@type":"ReadAction","target":["https:\/\/happyinaknit.com\/produktas\/lykke-blush-rotacinis-valas-prisukamiems-virbalams\/"]}]},{"@type":"ImageObject","inLanguage":"en-US","@id":"https:\/\/happyinaknit.com\/produktas\/lykke-blush-rotacinis-valas-prisukamiems-virbalams\/#primaryimage","url":"https:\/\/happyinaknit.com\/wp-content\/uploads\/2025\/10\/New-Pink-Swivel-Cords_1024x.jpg","contentUrl":"https:\/\/happyinaknit.com\/wp-content\/uploads\/2025\/10\/New-Pink-Swivel-Cords_1024x.jpg","width":1024,"height":1024},{"@type":"BreadcrumbList","@id":"https:\/\/happyinaknit.com\/produktas\/lykke-blush-rotacinis-valas-prisukamiems-virbalams\/#breadcrumb","itemListElement":[{"@type":"ListItem","position":1,"name":"Home","item":"https:\/\/happyinaknit.com\/lt\/"},{"@type":"ListItem","position":2,"name":"Parduotuv\u0117","item":"https:\/\/happyinaknit.com\/lt\/parduotuve\/"},{"@type":"ListItem","position":3,"name":"Lykke Blush Rotacinis Valas prisukamiems virbalams"}]},{"@type":"WebSite","@id":"https:\/\/happyinaknit.com\/lt\/#website","url":"https:\/\/happyinaknit.com\/lt\/","name":"Happyinaknit.com","description":"","potentialAction":[{"@type":"SearchAction","target":{"@type":"EntryPoint","urlTemplate":"https:\/\/happyinaknit.com\/lt\/?s={search_term_string}"},"query-input":{"@type":"PropertyValueSpecification","valueRequired":true,"valueName":"search_term_string"}}],"inLanguage":"en-US"}]}},"_links":{"self":[{"href":"https:\/\/happyinaknit.com\/en\/wp-json\/wp\/v2\/product\/6215","targetHints":{"allow":["GET"]}}],"collection":[{"href":"https:\/\/happyinaknit.com\/en\/wp-json\/wp\/v2\/product"}],"about":[{"href":"https:\/\/happyinaknit.com\/en\/wp-json\/wp\/v2\/types\/product"}],"replies":[{"embeddable":true,"href":"https:\/\/happyinaknit.com\/en\/wp-json\/wp\/v2\/comments?post=6215"}],"wp:featuredmedia":[{"embeddable":true,"href":"https:\/\/happyinaknit.com\/en\/wp-json\/wp\/v2\/media\/6217"}],"wp:attachment":[{"href":"https:\/\/happyinaknit.com\/en\/wp-json\/wp\/v2\/media?parent=6215"}],"wp:term":[{"taxonomy":"product_brand","embeddable":true,"href":"https:\/\/happyinaknit.com\/en\/wp-json\/wp\/v2\/product_brand?post=6215"},{"taxonomy":"product_cat","embeddable":true,"href":"https:\/\/happyinaknit.com\/en\/wp-json\/wp\/v2\/product_cat?post=6215"},{"taxonomy":"product_tag","embeddable":true,"href":"https:\/\/happyinaknit.com\/en\/wp-json\/wp\/v2\/product_tag?post=6215"},{"taxonomy":"pro-kategorijos","embeddable":true,"href":"https:\/\/happyinaknit.com\/en\/wp-json\/wp\/v2\/pro-kategorijos?post=6215"}],"curies":[{"name":"wp","href":"https:\/\/api.w.org\/{rel}","templated":true}]}}