{"id":6186,"date":"2025-10-19T00:03:10","date_gmt":"2025-10-19T00:03:10","guid":{"rendered":"https:\/\/happyinaknit.com\/?post_type=product&#038;p=6186"},"modified":"2025-10-28T13:00:03","modified_gmt":"2025-10-28T13:00:03","slug":"lykke-cypra-servetele-virbalu-poliravimui","status":"publish","type":"product","link":"https:\/\/happyinaknit.com\/en\/product\/lykke-cypra-servetele-virbalu-poliravimui\/","title":{"rendered":"Lykke Cypra Needle Polishing Cloth"},"content":{"rendered":"<p><i>Lykke Cypra<\/i> Polishing cloth is designed for the care of copper and brass needles. It gently cleans, removes traces of oxidation and gives the surface a shine without damaging the metal. With regular use, the cloth helps maintain the smoothness and durability of the needles.<\/p>\n<p><b>Purpose:<\/b> for cleaning and polishing needles<\/p>\n<p>Note: Color shades may vary slightly depending on your device&#039;s screen.<\/p>","protected":false},"excerpt":{"rendered":"<p>Lykke Cypra poliravimo servet\u0117l\u0117 skirta varini\u0173 ir \u017ealvarini\u0173 virbal\u0173 prie\u017ei\u016brai. Ji \u0161velniai valo, pa\u0161alina oksidacijos p\u0117dsakus ir suteikia pavir\u0161iui blizgesio, nepa\u017eeisdama metalo. Reguliariai naudojant, servet\u0117l\u0117 padeda i\u0161laikyti virbal\u0173 glotnum\u0105 ir ilgaam\u017ei\u0161kum\u0105. Paskirtis: virbal\u0173 valymui ir poliravimui Pastaba: spalv\u0173 atspalviai gali \u0161iek tiek skirtis priklausomai nuo \u012frenginio ekrano.<\/p>","protected":false},"featured_media":6187,"comment_status":"open","ping_status":"closed","template":"","meta":{"_acf_changed":false},"product_brand":[790],"product_cat":[15,52,20],"product_tag":[],"pro-kategorijos":[],"class_list":{"0":"post-6186","1":"product","2":"type-product","3":"status-publish","4":"has-post-thumbnail","6":"product_brand-lykke","7":"product_cat-visi-produktai","8":"product_cat-kiti-mezgimo-reikmenys","9":"product_cat-priedai-mezgimui","11":"first","12":"instock","13":"shipping-taxable","14":"purchasable","15":"product-type-simple"},"acf":[],"yoast_head":"<!-- This site is optimized with the Yoast SEO plugin v26.8 - https:\/\/yoast.com\/product\/yoast-seo-wordpress\/ -->\n<title>Lykke Cypra Servet\u0117l\u0117 Virbal\u0173 Poliravimui - Happyinaknit.com<\/title>\n<meta name=\"robots\" content=\"index, follow, max-snippet:-1, max-image-preview:large, max-video-preview:-1\" \/>\n<link rel=\"canonical\" href=\"https:\/\/happyinaknit.com\/en\/product\/lykke-cypra-servetele-virbalu-poliravimui\/\" \/>\n<meta property=\"og:locale\" content=\"en_US\" \/>\n<meta property=\"og:type\" content=\"article\" \/>\n<meta property=\"og:title\" content=\"Lykke Cypra Servet\u0117l\u0117 Virbal\u0173 Poliravimui - Happyinaknit.com\" \/>\n<meta property=\"og:description\" content=\"Lykke Cypra poliravimo servet\u0117l\u0117 skirta varini\u0173 ir \u017ealvarini\u0173 virbal\u0173 prie\u017ei\u016brai. Ji \u0161velniai valo, pa\u0161alina oksidacijos p\u0117dsakus ir suteikia pavir\u0161iui blizgesio, nepa\u017eeisdama metalo. Reguliariai naudojant, servet\u0117l\u0117 padeda i\u0161laikyti virbal\u0173 glotnum\u0105 ir ilgaam\u017ei\u0161kum\u0105. Paskirtis: virbal\u0173 valymui ir poliravimui Pastaba: spalv\u0173 atspalviai gali \u0161iek tiek skirtis priklausomai nuo \u012frenginio ekrano.\" \/>\n<meta property=\"og:url\" content=\"https:\/\/happyinaknit.com\/en\/product\/lykke-cypra-servetele-virbalu-poliravimui\/\" \/>\n<meta property=\"og:site_name\" content=\"Happyinaknit.com\" \/>\n<meta property=\"article:modified_time\" content=\"2025-10-28T13:00:03+00:00\" \/>\n<meta property=\"og:image\" content=\"https:\/\/happyinaknit.com\/wp-content\/uploads\/2025\/10\/K-LYKKE-ACC-CLOTH_1445x.jpg.webp\" \/>\n\t<meta property=\"og:image:width\" content=\"1200\" \/>\n\t<meta property=\"og:image:height\" content=\"1200\" \/>\n\t<meta property=\"og:image:type\" content=\"image\/webp\" \/>\n<meta name=\"twitter:card\" content=\"summary_large_image\" \/>\n<script type=\"application\/ld+json\" class=\"yoast-schema-graph\">{\"@context\":\"https:\/\/schema.org\",\"@graph\":[{\"@type\":\"WebPage\",\"@id\":\"https:\/\/happyinaknit.com\/produktas\/lykke-cypra-servetele-virbalu-poliravimui\/\",\"url\":\"https:\/\/happyinaknit.com\/produktas\/lykke-cypra-servetele-virbalu-poliravimui\/\",\"name\":\"Lykke Cypra Servet\u0117l\u0117 Virbal\u0173 Poliravimui - Happyinaknit.com\",\"isPartOf\":{\"@id\":\"https:\/\/happyinaknit.com\/lt\/#website\"},\"primaryImageOfPage\":{\"@id\":\"https:\/\/happyinaknit.com\/produktas\/lykke-cypra-servetele-virbalu-poliravimui\/#primaryimage\"},\"image\":{\"@id\":\"https:\/\/happyinaknit.com\/produktas\/lykke-cypra-servetele-virbalu-poliravimui\/#primaryimage\"},\"thumbnailUrl\":\"https:\/\/happyinaknit.com\/wp-content\/uploads\/2025\/10\/K-LYKKE-ACC-CLOTH_1445x.jpg.webp\",\"datePublished\":\"2025-10-19T00:03:10+00:00\",\"dateModified\":\"2025-10-28T13:00:03+00:00\",\"breadcrumb\":{\"@id\":\"https:\/\/happyinaknit.com\/produktas\/lykke-cypra-servetele-virbalu-poliravimui\/#breadcrumb\"},\"inLanguage\":\"en-US\",\"potentialAction\":[{\"@type\":\"ReadAction\",\"target\":[\"https:\/\/happyinaknit.com\/produktas\/lykke-cypra-servetele-virbalu-poliravimui\/\"]}]},{\"@type\":\"ImageObject\",\"inLanguage\":\"en-US\",\"@id\":\"https:\/\/happyinaknit.com\/produktas\/lykke-cypra-servetele-virbalu-poliravimui\/#primaryimage\",\"url\":\"https:\/\/happyinaknit.com\/wp-content\/uploads\/2025\/10\/K-LYKKE-ACC-CLOTH_1445x.jpg.webp\",\"contentUrl\":\"https:\/\/happyinaknit.com\/wp-content\/uploads\/2025\/10\/K-LYKKE-ACC-CLOTH_1445x.jpg.webp\",\"width\":1200,\"height\":1200},{\"@type\":\"BreadcrumbList\",\"@id\":\"https:\/\/happyinaknit.com\/produktas\/lykke-cypra-servetele-virbalu-poliravimui\/#breadcrumb\",\"itemListElement\":[{\"@type\":\"ListItem\",\"position\":1,\"name\":\"Home\",\"item\":\"https:\/\/happyinaknit.com\/lt\/\"},{\"@type\":\"ListItem\",\"position\":2,\"name\":\"Parduotuv\u0117\",\"item\":\"https:\/\/happyinaknit.com\/lt\/parduotuve\/\"},{\"@type\":\"ListItem\",\"position\":3,\"name\":\"Lykke Cypra Servet\u0117l\u0117 Virbal\u0173 Poliravimui\"}]},{\"@type\":\"WebSite\",\"@id\":\"https:\/\/happyinaknit.com\/lt\/#website\",\"url\":\"https:\/\/happyinaknit.com\/lt\/\",\"name\":\"Happyinaknit.com\",\"description\":\"\",\"potentialAction\":[{\"@type\":\"SearchAction\",\"target\":{\"@type\":\"EntryPoint\",\"urlTemplate\":\"https:\/\/happyinaknit.com\/lt\/?s={search_term_string}\"},\"query-input\":{\"@type\":\"PropertyValueSpecification\",\"valueRequired\":true,\"valueName\":\"search_term_string\"}}],\"inLanguage\":\"en-US\"}]}<\/script>\n<!-- \/ Yoast SEO plugin. -->","yoast_head_json":{"title":"Lykke Cypra Servet\u0117l\u0117 Virbal\u0173 Poliravimui - Happyinaknit.com","robots":{"index":"index","follow":"follow","max-snippet":"max-snippet:-1","max-image-preview":"max-image-preview:large","max-video-preview":"max-video-preview:-1"},"canonical":"https:\/\/happyinaknit.com\/en\/product\/lykke-cypra-servetele-virbalu-poliravimui\/","og_locale":"en_US","og_type":"article","og_title":"Lykke Cypra Servet\u0117l\u0117 Virbal\u0173 Poliravimui - Happyinaknit.com","og_description":"Lykke Cypra poliravimo servet\u0117l\u0117 skirta varini\u0173 ir \u017ealvarini\u0173 virbal\u0173 prie\u017ei\u016brai. Ji \u0161velniai valo, pa\u0161alina oksidacijos p\u0117dsakus ir suteikia pavir\u0161iui blizgesio, nepa\u017eeisdama metalo. Reguliariai naudojant, servet\u0117l\u0117 padeda i\u0161laikyti virbal\u0173 glotnum\u0105 ir ilgaam\u017ei\u0161kum\u0105. Paskirtis: virbal\u0173 valymui ir poliravimui Pastaba: spalv\u0173 atspalviai gali \u0161iek tiek skirtis priklausomai nuo \u012frenginio ekrano.","og_url":"https:\/\/happyinaknit.com\/en\/product\/lykke-cypra-servetele-virbalu-poliravimui\/","og_site_name":"Happyinaknit.com","article_modified_time":"2025-10-28T13:00:03+00:00","og_image":[{"width":1200,"height":1200,"url":"https:\/\/happyinaknit.com\/wp-content\/uploads\/2025\/10\/K-LYKKE-ACC-CLOTH_1445x.jpg.webp","type":"image\/webp"}],"twitter_card":"summary_large_image","schema":{"@context":"https:\/\/schema.org","@graph":[{"@type":"WebPage","@id":"https:\/\/happyinaknit.com\/produktas\/lykke-cypra-servetele-virbalu-poliravimui\/","url":"https:\/\/happyinaknit.com\/produktas\/lykke-cypra-servetele-virbalu-poliravimui\/","name":"Lykke Cypra Servet\u0117l\u0117 Virbal\u0173 Poliravimui - Happyinaknit.com","isPartOf":{"@id":"https:\/\/happyinaknit.com\/lt\/#website"},"primaryImageOfPage":{"@id":"https:\/\/happyinaknit.com\/produktas\/lykke-cypra-servetele-virbalu-poliravimui\/#primaryimage"},"image":{"@id":"https:\/\/happyinaknit.com\/produktas\/lykke-cypra-servetele-virbalu-poliravimui\/#primaryimage"},"thumbnailUrl":"https:\/\/happyinaknit.com\/wp-content\/uploads\/2025\/10\/K-LYKKE-ACC-CLOTH_1445x.jpg.webp","datePublished":"2025-10-19T00:03:10+00:00","dateModified":"2025-10-28T13:00:03+00:00","breadcrumb":{"@id":"https:\/\/happyinaknit.com\/produktas\/lykke-cypra-servetele-virbalu-poliravimui\/#breadcrumb"},"inLanguage":"en-US","potentialAction":[{"@type":"ReadAction","target":["https:\/\/happyinaknit.com\/produktas\/lykke-cypra-servetele-virbalu-poliravimui\/"]}]},{"@type":"ImageObject","inLanguage":"en-US","@id":"https:\/\/happyinaknit.com\/produktas\/lykke-cypra-servetele-virbalu-poliravimui\/#primaryimage","url":"https:\/\/happyinaknit.com\/wp-content\/uploads\/2025\/10\/K-LYKKE-ACC-CLOTH_1445x.jpg.webp","contentUrl":"https:\/\/happyinaknit.com\/wp-content\/uploads\/2025\/10\/K-LYKKE-ACC-CLOTH_1445x.jpg.webp","width":1200,"height":1200},{"@type":"BreadcrumbList","@id":"https:\/\/happyinaknit.com\/produktas\/lykke-cypra-servetele-virbalu-poliravimui\/#breadcrumb","itemListElement":[{"@type":"ListItem","position":1,"name":"Home","item":"https:\/\/happyinaknit.com\/lt\/"},{"@type":"ListItem","position":2,"name":"Parduotuv\u0117","item":"https:\/\/happyinaknit.com\/lt\/parduotuve\/"},{"@type":"ListItem","position":3,"name":"Lykke Cypra Servet\u0117l\u0117 Virbal\u0173 Poliravimui"}]},{"@type":"WebSite","@id":"https:\/\/happyinaknit.com\/lt\/#website","url":"https:\/\/happyinaknit.com\/lt\/","name":"Happyinaknit.com","description":"","potentialAction":[{"@type":"SearchAction","target":{"@type":"EntryPoint","urlTemplate":"https:\/\/happyinaknit.com\/lt\/?s={search_term_string}"},"query-input":{"@type":"PropertyValueSpecification","valueRequired":true,"valueName":"search_term_string"}}],"inLanguage":"en-US"}]}},"_links":{"self":[{"href":"https:\/\/happyinaknit.com\/en\/wp-json\/wp\/v2\/product\/6186","targetHints":{"allow":["GET"]}}],"collection":[{"href":"https:\/\/happyinaknit.com\/en\/wp-json\/wp\/v2\/product"}],"about":[{"href":"https:\/\/happyinaknit.com\/en\/wp-json\/wp\/v2\/types\/product"}],"replies":[{"embeddable":true,"href":"https:\/\/happyinaknit.com\/en\/wp-json\/wp\/v2\/comments?post=6186"}],"wp:featuredmedia":[{"embeddable":true,"href":"https:\/\/happyinaknit.com\/en\/wp-json\/wp\/v2\/media\/6187"}],"wp:attachment":[{"href":"https:\/\/happyinaknit.com\/en\/wp-json\/wp\/v2\/media?parent=6186"}],"wp:term":[{"taxonomy":"product_brand","embeddable":true,"href":"https:\/\/happyinaknit.com\/en\/wp-json\/wp\/v2\/product_brand?post=6186"},{"taxonomy":"product_cat","embeddable":true,"href":"https:\/\/happyinaknit.com\/en\/wp-json\/wp\/v2\/product_cat?post=6186"},{"taxonomy":"product_tag","embeddable":true,"href":"https:\/\/happyinaknit.com\/en\/wp-json\/wp\/v2\/product_tag?post=6186"},{"taxonomy":"pro-kategorijos","embeddable":true,"href":"https:\/\/happyinaknit.com\/en\/wp-json\/wp\/v2\/pro-kategorijos?post=6186"}],"curies":[{"name":"wp","href":"https:\/\/api.w.org\/{rel}","templated":true}]}}