{"id":6183,"date":"2025-10-18T23:59:11","date_gmt":"2025-10-18T23:59:11","guid":{"rendered":"https:\/\/happyinaknit.com\/?post_type=product&#038;p=6183"},"modified":"2025-10-18T23:59:12","modified_gmt":"2025-10-18T23:59:12","slug":"namaste-oh-snap-maiseliu-rinkinys","status":"publish","type":"product","link":"https:\/\/happyinaknit.com\/en\/product\/namaste-oh-snap-maiseliu-rinkinys\/","title":{"rendered":"Namaste - Oh Snap Project Bag Set"},"content":{"rendered":"<p><i>Namaste Oh Snap<\/i> \u2013 is the ideal solution when you are knitting several projects at the same time. These semi-transparent, mesh-type bags are designed to conveniently store knitting needles, yarn, tools and other small items in one place. Thanks to the light, breathable structure, the contents can be seen without unrolling the bag - everything is always at hand and organized.<\/p>\n<p><b>The set includes 3 bags:<\/b><b><\/b><\/p>\n<p>\u2022Size S \u2013 10 \u00d7 15 \u00d7 4 cm<\/p>\n<p>\u2022Size M \u2013 16.5 \u00d7 23 \u00d7 5 cm<\/p>\n<p>\u2022Size L \u2013 20 \u00d7 25.5 \u00d7 5 cm<\/p>\n<p>Note: Color shades may vary slightly depending on your device&#039;s screen.<\/p>","protected":false},"excerpt":{"rendered":"<p>Namaste Oh Snap \u2013 tai idealus sprendimas, kai vienu metu mezgate kelis projektus. \u0160ie pusiau permatomi, tinklelio tipo mai\u0161eliai skirti patogiam mezgini\u0173, si\u016bl\u0173, \u012franki\u0173 ir kit\u0173 smulkmen\u0173 laikymui vienoje vietoje. D\u0117l lengvos, kv\u0117puojan\u010dios strukt\u016bros turin\u012f galima matyti nei\u0161vyniojus mai\u0161elio \u2013 viskas visada po ranka ir tvarkinga. Rinkin\u012f sudaro 3 mai\u0161eliai: \u2022Dydis S \u2013 10 \u00d7 [&hellip;]<\/p>\n","protected":false},"featured_media":6184,"comment_status":"open","ping_status":"closed","template":"","meta":{"_acf_changed":false},"product_brand":[1077],"product_cat":[15,1079,20],"product_tag":[],"pro-kategorijos":[],"class_list":{"0":"post-6183","1":"product","2":"type-product","3":"status-publish","4":"has-post-thumbnail","6":"product_brand-namaste","7":"product_cat-visi-produktai","8":"product_cat-deklai","9":"product_cat-priedai-mezgimui","11":"first","12":"instock","13":"shipping-taxable","14":"purchasable","15":"product-type-simple"},"acf":[],"yoast_head":"<!-- This site is optimized with the Yoast SEO plugin v26.8 - https:\/\/yoast.com\/product\/yoast-seo-wordpress\/ -->\n<title>Namaste \u2013 \u201eOh Snap\u201c mai\u0161eli\u0173 rinkinys - Happyinaknit.com<\/title>\n<meta name=\"robots\" content=\"index, follow, max-snippet:-1, max-image-preview:large, max-video-preview:-1\" \/>\n<link rel=\"canonical\" href=\"https:\/\/happyinaknit.com\/en\/product\/namaste-oh-snap-maiseliu-rinkinys\/\" \/>\n<meta property=\"og:locale\" content=\"en_US\" \/>\n<meta property=\"og:type\" content=\"article\" \/>\n<meta property=\"og:title\" content=\"Namaste \u2013 \u201eOh Snap\u201c mai\u0161eli\u0173 rinkinys - Happyinaknit.com\" \/>\n<meta property=\"og:description\" content=\"Namaste Oh Snap \u2013 tai idealus sprendimas, kai vienu metu mezgate kelis projektus. \u0160ie pusiau permatomi, tinklelio tipo mai\u0161eliai skirti patogiam mezgini\u0173, si\u016bl\u0173, \u012franki\u0173 ir kit\u0173 smulkmen\u0173 laikymui vienoje vietoje. D\u0117l lengvos, kv\u0117puojan\u010dios strukt\u016bros turin\u012f galima matyti nei\u0161vyniojus mai\u0161elio \u2013 viskas visada po ranka ir tvarkinga. Rinkin\u012f sudaro 3 mai\u0161eliai: \u2022Dydis S \u2013 10 \u00d7 [&hellip;]\" \/>\n<meta property=\"og:url\" content=\"https:\/\/happyinaknit.com\/en\/product\/namaste-oh-snap-maiseliu-rinkinys\/\" \/>\n<meta property=\"og:site_name\" content=\"Happyinaknit.com\" \/>\n<meta property=\"article:modified_time\" content=\"2025-10-18T23:59:12+00:00\" \/>\n<meta property=\"og:image\" content=\"https:\/\/happyinaknit.com\/wp-content\/uploads\/2025\/10\/61zuFhToSFL.jpg\" \/>\n\t<meta property=\"og:image:width\" content=\"1500\" \/>\n\t<meta property=\"og:image:height\" content=\"1500\" \/>\n\t<meta property=\"og:image:type\" content=\"image\/jpeg\" \/>\n<meta name=\"twitter:card\" content=\"summary_large_image\" \/>\n<script type=\"application\/ld+json\" class=\"yoast-schema-graph\">{\"@context\":\"https:\/\/schema.org\",\"@graph\":[{\"@type\":\"WebPage\",\"@id\":\"https:\/\/happyinaknit.com\/produktas\/namaste-oh-snap-maiseliu-rinkinys\/\",\"url\":\"https:\/\/happyinaknit.com\/produktas\/namaste-oh-snap-maiseliu-rinkinys\/\",\"name\":\"Namaste \u2013 \u201eOh Snap\u201c mai\u0161eli\u0173 rinkinys - Happyinaknit.com\",\"isPartOf\":{\"@id\":\"https:\/\/happyinaknit.com\/lt\/#website\"},\"primaryImageOfPage\":{\"@id\":\"https:\/\/happyinaknit.com\/produktas\/namaste-oh-snap-maiseliu-rinkinys\/#primaryimage\"},\"image\":{\"@id\":\"https:\/\/happyinaknit.com\/produktas\/namaste-oh-snap-maiseliu-rinkinys\/#primaryimage\"},\"thumbnailUrl\":\"https:\/\/happyinaknit.com\/wp-content\/uploads\/2025\/10\/61zuFhToSFL.jpg\",\"datePublished\":\"2025-10-18T23:59:11+00:00\",\"dateModified\":\"2025-10-18T23:59:12+00:00\",\"breadcrumb\":{\"@id\":\"https:\/\/happyinaknit.com\/produktas\/namaste-oh-snap-maiseliu-rinkinys\/#breadcrumb\"},\"inLanguage\":\"en-US\",\"potentialAction\":[{\"@type\":\"ReadAction\",\"target\":[\"https:\/\/happyinaknit.com\/produktas\/namaste-oh-snap-maiseliu-rinkinys\/\"]}]},{\"@type\":\"ImageObject\",\"inLanguage\":\"en-US\",\"@id\":\"https:\/\/happyinaknit.com\/produktas\/namaste-oh-snap-maiseliu-rinkinys\/#primaryimage\",\"url\":\"https:\/\/happyinaknit.com\/wp-content\/uploads\/2025\/10\/61zuFhToSFL.jpg\",\"contentUrl\":\"https:\/\/happyinaknit.com\/wp-content\/uploads\/2025\/10\/61zuFhToSFL.jpg\",\"width\":1500,\"height\":1500},{\"@type\":\"BreadcrumbList\",\"@id\":\"https:\/\/happyinaknit.com\/produktas\/namaste-oh-snap-maiseliu-rinkinys\/#breadcrumb\",\"itemListElement\":[{\"@type\":\"ListItem\",\"position\":1,\"name\":\"Home\",\"item\":\"https:\/\/happyinaknit.com\/lt\/\"},{\"@type\":\"ListItem\",\"position\":2,\"name\":\"Parduotuv\u0117\",\"item\":\"https:\/\/happyinaknit.com\/lt\/parduotuve\/\"},{\"@type\":\"ListItem\",\"position\":3,\"name\":\"Namaste \u2013 \u201eOh Snap\u201c mai\u0161eli\u0173 rinkinys\"}]},{\"@type\":\"WebSite\",\"@id\":\"https:\/\/happyinaknit.com\/lt\/#website\",\"url\":\"https:\/\/happyinaknit.com\/lt\/\",\"name\":\"Happyinaknit.com\",\"description\":\"\",\"potentialAction\":[{\"@type\":\"SearchAction\",\"target\":{\"@type\":\"EntryPoint\",\"urlTemplate\":\"https:\/\/happyinaknit.com\/lt\/?s={search_term_string}\"},\"query-input\":{\"@type\":\"PropertyValueSpecification\",\"valueRequired\":true,\"valueName\":\"search_term_string\"}}],\"inLanguage\":\"en-US\"}]}<\/script>\n<!-- \/ Yoast SEO plugin. -->","yoast_head_json":{"title":"Namaste \u2013 \u201eOh Snap\u201c mai\u0161eli\u0173 rinkinys - Happyinaknit.com","robots":{"index":"index","follow":"follow","max-snippet":"max-snippet:-1","max-image-preview":"max-image-preview:large","max-video-preview":"max-video-preview:-1"},"canonical":"https:\/\/happyinaknit.com\/en\/product\/namaste-oh-snap-maiseliu-rinkinys\/","og_locale":"en_US","og_type":"article","og_title":"Namaste \u2013 \u201eOh Snap\u201c mai\u0161eli\u0173 rinkinys - Happyinaknit.com","og_description":"Namaste Oh Snap \u2013 tai idealus sprendimas, kai vienu metu mezgate kelis projektus. \u0160ie pusiau permatomi, tinklelio tipo mai\u0161eliai skirti patogiam mezgini\u0173, si\u016bl\u0173, \u012franki\u0173 ir kit\u0173 smulkmen\u0173 laikymui vienoje vietoje. D\u0117l lengvos, kv\u0117puojan\u010dios strukt\u016bros turin\u012f galima matyti nei\u0161vyniojus mai\u0161elio \u2013 viskas visada po ranka ir tvarkinga. Rinkin\u012f sudaro 3 mai\u0161eliai: \u2022Dydis S \u2013 10 \u00d7 [&hellip;]","og_url":"https:\/\/happyinaknit.com\/en\/product\/namaste-oh-snap-maiseliu-rinkinys\/","og_site_name":"Happyinaknit.com","article_modified_time":"2025-10-18T23:59:12+00:00","og_image":[{"width":1500,"height":1500,"url":"https:\/\/happyinaknit.com\/wp-content\/uploads\/2025\/10\/61zuFhToSFL.jpg","type":"image\/jpeg"}],"twitter_card":"summary_large_image","schema":{"@context":"https:\/\/schema.org","@graph":[{"@type":"WebPage","@id":"https:\/\/happyinaknit.com\/produktas\/namaste-oh-snap-maiseliu-rinkinys\/","url":"https:\/\/happyinaknit.com\/produktas\/namaste-oh-snap-maiseliu-rinkinys\/","name":"Namaste \u2013 \u201eOh Snap\u201c mai\u0161eli\u0173 rinkinys - Happyinaknit.com","isPartOf":{"@id":"https:\/\/happyinaknit.com\/lt\/#website"},"primaryImageOfPage":{"@id":"https:\/\/happyinaknit.com\/produktas\/namaste-oh-snap-maiseliu-rinkinys\/#primaryimage"},"image":{"@id":"https:\/\/happyinaknit.com\/produktas\/namaste-oh-snap-maiseliu-rinkinys\/#primaryimage"},"thumbnailUrl":"https:\/\/happyinaknit.com\/wp-content\/uploads\/2025\/10\/61zuFhToSFL.jpg","datePublished":"2025-10-18T23:59:11+00:00","dateModified":"2025-10-18T23:59:12+00:00","breadcrumb":{"@id":"https:\/\/happyinaknit.com\/produktas\/namaste-oh-snap-maiseliu-rinkinys\/#breadcrumb"},"inLanguage":"en-US","potentialAction":[{"@type":"ReadAction","target":["https:\/\/happyinaknit.com\/produktas\/namaste-oh-snap-maiseliu-rinkinys\/"]}]},{"@type":"ImageObject","inLanguage":"en-US","@id":"https:\/\/happyinaknit.com\/produktas\/namaste-oh-snap-maiseliu-rinkinys\/#primaryimage","url":"https:\/\/happyinaknit.com\/wp-content\/uploads\/2025\/10\/61zuFhToSFL.jpg","contentUrl":"https:\/\/happyinaknit.com\/wp-content\/uploads\/2025\/10\/61zuFhToSFL.jpg","width":1500,"height":1500},{"@type":"BreadcrumbList","@id":"https:\/\/happyinaknit.com\/produktas\/namaste-oh-snap-maiseliu-rinkinys\/#breadcrumb","itemListElement":[{"@type":"ListItem","position":1,"name":"Home","item":"https:\/\/happyinaknit.com\/lt\/"},{"@type":"ListItem","position":2,"name":"Parduotuv\u0117","item":"https:\/\/happyinaknit.com\/lt\/parduotuve\/"},{"@type":"ListItem","position":3,"name":"Namaste \u2013 \u201eOh Snap\u201c mai\u0161eli\u0173 rinkinys"}]},{"@type":"WebSite","@id":"https:\/\/happyinaknit.com\/lt\/#website","url":"https:\/\/happyinaknit.com\/lt\/","name":"Happyinaknit.com","description":"","potentialAction":[{"@type":"SearchAction","target":{"@type":"EntryPoint","urlTemplate":"https:\/\/happyinaknit.com\/lt\/?s={search_term_string}"},"query-input":{"@type":"PropertyValueSpecification","valueRequired":true,"valueName":"search_term_string"}}],"inLanguage":"en-US"}]}},"_links":{"self":[{"href":"https:\/\/happyinaknit.com\/en\/wp-json\/wp\/v2\/product\/6183","targetHints":{"allow":["GET"]}}],"collection":[{"href":"https:\/\/happyinaknit.com\/en\/wp-json\/wp\/v2\/product"}],"about":[{"href":"https:\/\/happyinaknit.com\/en\/wp-json\/wp\/v2\/types\/product"}],"replies":[{"embeddable":true,"href":"https:\/\/happyinaknit.com\/en\/wp-json\/wp\/v2\/comments?post=6183"}],"wp:featuredmedia":[{"embeddable":true,"href":"https:\/\/happyinaknit.com\/en\/wp-json\/wp\/v2\/media\/6184"}],"wp:attachment":[{"href":"https:\/\/happyinaknit.com\/en\/wp-json\/wp\/v2\/media?parent=6183"}],"wp:term":[{"taxonomy":"product_brand","embeddable":true,"href":"https:\/\/happyinaknit.com\/en\/wp-json\/wp\/v2\/product_brand?post=6183"},{"taxonomy":"product_cat","embeddable":true,"href":"https:\/\/happyinaknit.com\/en\/wp-json\/wp\/v2\/product_cat?post=6183"},{"taxonomy":"product_tag","embeddable":true,"href":"https:\/\/happyinaknit.com\/en\/wp-json\/wp\/v2\/product_tag?post=6183"},{"taxonomy":"pro-kategorijos","embeddable":true,"href":"https:\/\/happyinaknit.com\/en\/wp-json\/wp\/v2\/pro-kategorijos?post=6183"}],"curies":[{"name":"wp","href":"https:\/\/api.w.org\/{rel}","templated":true}]}}