{"id":6175,"date":"2025-10-18T23:44:48","date_gmt":"2025-10-18T23:44:48","guid":{"rendered":"https:\/\/happyinaknit.com\/?post_type=product&#038;p=6175"},"modified":"2026-03-06T10:08:03","modified_gmt":"2026-03-06T10:08:03","slug":"lantern-moon-medines-adatos","status":"publish","type":"product","link":"https:\/\/happyinaknit.com\/en\/product\/lantern-moon-medines-adatos\/","title":{"rendered":"Lantern Moon Ebony Finishing  Needles"},"content":{"rendered":"<p><i>Lantern Moon<\/i> The needles are made of ebony wood \u2013 an ecological, luxurious and extremely smooth type of wood. Each needle has a wide eye opening, making it convenient to use with threads made of various fibers. The liquid silk finish gives the surface an especially smoothness \u2013 the needles glide easily through the knitted fabric without snagging or tearing the threads.<\/p>\n<p><b>In the kit:<\/b><b><\/b><\/p>\n<p>\u20222.25mm<\/p>\n<p>\u20222.75mm<\/p>\n<p>\u20223.25mm<\/p>\n<p>(3 needles per pack)<\/p>\n<p><b>Material:<\/b> ebony tree (blackwood)<\/p>\n<p><b>Finish:<\/b> liquid silk<\/p>\n<p>Note: Color shades may vary slightly depending on your device&#039;s screen.<\/p>","protected":false},"excerpt":{"rendered":"<p>Lantern Moon adatos pagamintos i\u0161 ebeno med\u017eio (juodmed\u017eio) \u2013 ekologi\u0161kos, prabangios ir itin glotnios medienos r\u016b\u0161ies. Kiekviena adata turi plat\u0173 akut\u0117s atidarym\u0105, tod\u0117l patogu naudoti su si\u016blais i\u0161 \u012fvairi\u0173 pluo\u0161t\u0173. Skystojo \u0161ilko apdaila suteikia pavir\u0161iui ypating\u0105 glotnum\u0105 \u2013 adatos lengvai slysta per megzt\u0105 audin\u012f, ne\u012fkabindamos ir neardydamos si\u016bl\u0173. Rinkinyje: \u20222,25 mm \u20222,75 mm \u20223,25 mm [&hellip;]<\/p>\n","protected":false},"featured_media":6177,"comment_status":"open","ping_status":"closed","template":"","meta":{"_acf_changed":false},"product_brand":[787],"product_cat":[15,1080,20],"product_tag":[],"pro-kategorijos":[],"class_list":{"0":"post-6175","1":"product","2":"type-product","3":"status-publish","4":"has-post-thumbnail","6":"product_brand-lantern-moon","7":"product_cat-visi-produktai","8":"product_cat-adatos","9":"product_cat-priedai-mezgimui","11":"first","12":"outofstock","13":"shipping-taxable","14":"purchasable","15":"product-type-simple"},"acf":[],"yoast_head":"<!-- This site is optimized with the Yoast SEO plugin v26.8 - https:\/\/yoast.com\/product\/yoast-seo-wordpress\/ -->\n<title>Lantern Moon Medin\u0117s Adatos - Happyinaknit.com<\/title>\n<meta name=\"robots\" content=\"index, follow, max-snippet:-1, max-image-preview:large, max-video-preview:-1\" \/>\n<link rel=\"canonical\" href=\"https:\/\/happyinaknit.com\/en\/product\/lantern-moon-medines-adatos\/\" \/>\n<meta property=\"og:locale\" content=\"en_US\" \/>\n<meta property=\"og:type\" content=\"article\" \/>\n<meta property=\"og:title\" content=\"Lantern Moon Medin\u0117s Adatos - Happyinaknit.com\" \/>\n<meta property=\"og:description\" content=\"Lantern Moon adatos pagamintos i\u0161 ebeno med\u017eio (juodmed\u017eio) \u2013 ekologi\u0161kos, prabangios ir itin glotnios medienos r\u016b\u0161ies. Kiekviena adata turi plat\u0173 akut\u0117s atidarym\u0105, tod\u0117l patogu naudoti su si\u016blais i\u0161 \u012fvairi\u0173 pluo\u0161t\u0173. Skystojo \u0161ilko apdaila suteikia pavir\u0161iui ypating\u0105 glotnum\u0105 \u2013 adatos lengvai slysta per megzt\u0105 audin\u012f, ne\u012fkabindamos ir neardydamos si\u016bl\u0173. Rinkinyje: \u20222,25 mm \u20222,75 mm \u20223,25 mm [&hellip;]\" \/>\n<meta property=\"og:url\" content=\"https:\/\/happyinaknit.com\/en\/product\/lantern-moon-medines-adatos\/\" \/>\n<meta property=\"og:site_name\" content=\"Happyinaknit.com\" \/>\n<meta property=\"article:modified_time\" content=\"2026-03-06T10:08:03+00:00\" \/>\n<meta property=\"og:image\" content=\"https:\/\/happyinaknit.com\/wp-content\/uploads\/2025\/10\/ka-lm-fn1.jpg\" \/>\n\t<meta property=\"og:image:width\" content=\"500\" \/>\n\t<meta property=\"og:image:height\" content=\"500\" \/>\n\t<meta property=\"og:image:type\" content=\"image\/jpeg\" \/>\n<meta name=\"twitter:card\" content=\"summary_large_image\" \/>\n<script type=\"application\/ld+json\" class=\"yoast-schema-graph\">{\"@context\":\"https:\/\/schema.org\",\"@graph\":[{\"@type\":\"WebPage\",\"@id\":\"https:\/\/happyinaknit.com\/produktas\/lantern-moon-medines-adatos\/\",\"url\":\"https:\/\/happyinaknit.com\/produktas\/lantern-moon-medines-adatos\/\",\"name\":\"Lantern Moon Medin\u0117s Adatos - Happyinaknit.com\",\"isPartOf\":{\"@id\":\"https:\/\/happyinaknit.com\/lt\/#website\"},\"primaryImageOfPage\":{\"@id\":\"https:\/\/happyinaknit.com\/produktas\/lantern-moon-medines-adatos\/#primaryimage\"},\"image\":{\"@id\":\"https:\/\/happyinaknit.com\/produktas\/lantern-moon-medines-adatos\/#primaryimage\"},\"thumbnailUrl\":\"https:\/\/happyinaknit.com\/wp-content\/uploads\/2025\/10\/ka-lm-fn1.jpg\",\"datePublished\":\"2025-10-18T23:44:48+00:00\",\"dateModified\":\"2026-03-06T10:08:03+00:00\",\"breadcrumb\":{\"@id\":\"https:\/\/happyinaknit.com\/produktas\/lantern-moon-medines-adatos\/#breadcrumb\"},\"inLanguage\":\"en-US\",\"potentialAction\":[{\"@type\":\"ReadAction\",\"target\":[\"https:\/\/happyinaknit.com\/produktas\/lantern-moon-medines-adatos\/\"]}]},{\"@type\":\"ImageObject\",\"inLanguage\":\"en-US\",\"@id\":\"https:\/\/happyinaknit.com\/produktas\/lantern-moon-medines-adatos\/#primaryimage\",\"url\":\"https:\/\/happyinaknit.com\/wp-content\/uploads\/2025\/10\/ka-lm-fn1.jpg\",\"contentUrl\":\"https:\/\/happyinaknit.com\/wp-content\/uploads\/2025\/10\/ka-lm-fn1.jpg\",\"width\":500,\"height\":500},{\"@type\":\"BreadcrumbList\",\"@id\":\"https:\/\/happyinaknit.com\/produktas\/lantern-moon-medines-adatos\/#breadcrumb\",\"itemListElement\":[{\"@type\":\"ListItem\",\"position\":1,\"name\":\"Home\",\"item\":\"https:\/\/happyinaknit.com\/lt\/\"},{\"@type\":\"ListItem\",\"position\":2,\"name\":\"Parduotuv\u0117\",\"item\":\"https:\/\/happyinaknit.com\/lt\/parduotuve\/\"},{\"@type\":\"ListItem\",\"position\":3,\"name\":\"Lantern Moon Medin\u0117s Adatos\"}]},{\"@type\":\"WebSite\",\"@id\":\"https:\/\/happyinaknit.com\/lt\/#website\",\"url\":\"https:\/\/happyinaknit.com\/lt\/\",\"name\":\"Happyinaknit.com\",\"description\":\"\",\"potentialAction\":[{\"@type\":\"SearchAction\",\"target\":{\"@type\":\"EntryPoint\",\"urlTemplate\":\"https:\/\/happyinaknit.com\/lt\/?s={search_term_string}\"},\"query-input\":{\"@type\":\"PropertyValueSpecification\",\"valueRequired\":true,\"valueName\":\"search_term_string\"}}],\"inLanguage\":\"en-US\"}]}<\/script>\n<!-- \/ Yoast SEO plugin. -->","yoast_head_json":{"title":"Lantern Moon Medin\u0117s Adatos - Happyinaknit.com","robots":{"index":"index","follow":"follow","max-snippet":"max-snippet:-1","max-image-preview":"max-image-preview:large","max-video-preview":"max-video-preview:-1"},"canonical":"https:\/\/happyinaknit.com\/en\/product\/lantern-moon-medines-adatos\/","og_locale":"en_US","og_type":"article","og_title":"Lantern Moon Medin\u0117s Adatos - Happyinaknit.com","og_description":"Lantern Moon adatos pagamintos i\u0161 ebeno med\u017eio (juodmed\u017eio) \u2013 ekologi\u0161kos, prabangios ir itin glotnios medienos r\u016b\u0161ies. Kiekviena adata turi plat\u0173 akut\u0117s atidarym\u0105, tod\u0117l patogu naudoti su si\u016blais i\u0161 \u012fvairi\u0173 pluo\u0161t\u0173. Skystojo \u0161ilko apdaila suteikia pavir\u0161iui ypating\u0105 glotnum\u0105 \u2013 adatos lengvai slysta per megzt\u0105 audin\u012f, ne\u012fkabindamos ir neardydamos si\u016bl\u0173. Rinkinyje: \u20222,25 mm \u20222,75 mm \u20223,25 mm [&hellip;]","og_url":"https:\/\/happyinaknit.com\/en\/product\/lantern-moon-medines-adatos\/","og_site_name":"Happyinaknit.com","article_modified_time":"2026-03-06T10:08:03+00:00","og_image":[{"width":500,"height":500,"url":"https:\/\/happyinaknit.com\/wp-content\/uploads\/2025\/10\/ka-lm-fn1.jpg","type":"image\/jpeg"}],"twitter_card":"summary_large_image","schema":{"@context":"https:\/\/schema.org","@graph":[{"@type":"WebPage","@id":"https:\/\/happyinaknit.com\/produktas\/lantern-moon-medines-adatos\/","url":"https:\/\/happyinaknit.com\/produktas\/lantern-moon-medines-adatos\/","name":"Lantern Moon Medin\u0117s Adatos - Happyinaknit.com","isPartOf":{"@id":"https:\/\/happyinaknit.com\/lt\/#website"},"primaryImageOfPage":{"@id":"https:\/\/happyinaknit.com\/produktas\/lantern-moon-medines-adatos\/#primaryimage"},"image":{"@id":"https:\/\/happyinaknit.com\/produktas\/lantern-moon-medines-adatos\/#primaryimage"},"thumbnailUrl":"https:\/\/happyinaknit.com\/wp-content\/uploads\/2025\/10\/ka-lm-fn1.jpg","datePublished":"2025-10-18T23:44:48+00:00","dateModified":"2026-03-06T10:08:03+00:00","breadcrumb":{"@id":"https:\/\/happyinaknit.com\/produktas\/lantern-moon-medines-adatos\/#breadcrumb"},"inLanguage":"en-US","potentialAction":[{"@type":"ReadAction","target":["https:\/\/happyinaknit.com\/produktas\/lantern-moon-medines-adatos\/"]}]},{"@type":"ImageObject","inLanguage":"en-US","@id":"https:\/\/happyinaknit.com\/produktas\/lantern-moon-medines-adatos\/#primaryimage","url":"https:\/\/happyinaknit.com\/wp-content\/uploads\/2025\/10\/ka-lm-fn1.jpg","contentUrl":"https:\/\/happyinaknit.com\/wp-content\/uploads\/2025\/10\/ka-lm-fn1.jpg","width":500,"height":500},{"@type":"BreadcrumbList","@id":"https:\/\/happyinaknit.com\/produktas\/lantern-moon-medines-adatos\/#breadcrumb","itemListElement":[{"@type":"ListItem","position":1,"name":"Home","item":"https:\/\/happyinaknit.com\/lt\/"},{"@type":"ListItem","position":2,"name":"Parduotuv\u0117","item":"https:\/\/happyinaknit.com\/lt\/parduotuve\/"},{"@type":"ListItem","position":3,"name":"Lantern Moon Medin\u0117s Adatos"}]},{"@type":"WebSite","@id":"https:\/\/happyinaknit.com\/lt\/#website","url":"https:\/\/happyinaknit.com\/lt\/","name":"Happyinaknit.com","description":"","potentialAction":[{"@type":"SearchAction","target":{"@type":"EntryPoint","urlTemplate":"https:\/\/happyinaknit.com\/lt\/?s={search_term_string}"},"query-input":{"@type":"PropertyValueSpecification","valueRequired":true,"valueName":"search_term_string"}}],"inLanguage":"en-US"}]}},"_links":{"self":[{"href":"https:\/\/happyinaknit.com\/en\/wp-json\/wp\/v2\/product\/6175","targetHints":{"allow":["GET"]}}],"collection":[{"href":"https:\/\/happyinaknit.com\/en\/wp-json\/wp\/v2\/product"}],"about":[{"href":"https:\/\/happyinaknit.com\/en\/wp-json\/wp\/v2\/types\/product"}],"replies":[{"embeddable":true,"href":"https:\/\/happyinaknit.com\/en\/wp-json\/wp\/v2\/comments?post=6175"}],"wp:featuredmedia":[{"embeddable":true,"href":"https:\/\/happyinaknit.com\/en\/wp-json\/wp\/v2\/media\/6177"}],"wp:attachment":[{"href":"https:\/\/happyinaknit.com\/en\/wp-json\/wp\/v2\/media?parent=6175"}],"wp:term":[{"taxonomy":"product_brand","embeddable":true,"href":"https:\/\/happyinaknit.com\/en\/wp-json\/wp\/v2\/product_brand?post=6175"},{"taxonomy":"product_cat","embeddable":true,"href":"https:\/\/happyinaknit.com\/en\/wp-json\/wp\/v2\/product_cat?post=6175"},{"taxonomy":"product_tag","embeddable":true,"href":"https:\/\/happyinaknit.com\/en\/wp-json\/wp\/v2\/product_tag?post=6175"},{"taxonomy":"pro-kategorijos","embeddable":true,"href":"https:\/\/happyinaknit.com\/en\/wp-json\/wp\/v2\/pro-kategorijos?post=6175"}],"curies":[{"name":"wp","href":"https:\/\/api.w.org\/{rel}","templated":true}]}}