{"id":6174,"date":"2025-10-18T23:37:45","date_gmt":"2025-10-18T23:37:45","guid":{"rendered":"https:\/\/happyinaknit.com\/?post_type=product&#038;p=6174"},"modified":"2025-10-18T23:37:46","modified_gmt":"2025-10-18T23:37:46","slug":"lantern-moon-aksesuaru-laikiklis-baabs","status":"publish","type":"product","link":"https:\/\/happyinaknit.com\/en\/product\/lantern-moon-aksesuaru-laikiklis-baabs\/","title":{"rendered":"Lantern Moon Accessory Holder &quot;Baabs&quot;"},"content":{"rendered":"<p><strong>Lantern Moon &quot;Baabs&quot;<\/strong> \u2013 is a charming and functional accessory holder for knitters. This cute sheep-shaped holder will not only decorate your knitting corner, but also help you keep small tools neatly organized. The pocket apron holds several small items, and scissors can be conveniently attached to the end of the ribbon with a special adhesive tape (<i>Velcro<\/i> clasp).<\/p>\n<p><b>Purpose:<\/b> storage of accessories and small knitting supplies<\/p>\n<p><b>Features:<\/b> pockets for small items, adhesive tape for attaching scissors<\/p>\n<p>Note: Color shades may vary slightly depending on your device&#039;s screen.<\/p>","protected":false},"excerpt":{"rendered":"<p>Lantern Moon \u201eBaabs\u201c \u2013 tai \u017eavingas ir funkcionalus aksesuar\u0173 laikiklis mezg\u0117joms. \u0160is mielas avyt\u0117s formos laikiklis ne tik papuo\u0161 j\u016bs\u0173 mezgimo kampel\u012f, bet ir pad\u0117s tvarkingai laikyti smulkius \u012frankius. Ki\u0161en\u0117l\u0117s prijuost\u0117je telpa keli ma\u017ei daiktai, o \u017eirklutes galima patogiai pritvirtinti prie juostos galo specialia lipnia juostele (Velcro u\u017esegimu). Paskirtis: aksesuar\u0173 ir smulki\u0173 mezgimo reikmen\u0173 laikymas [&hellip;]<\/p>\n","protected":false},"featured_media":6168,"comment_status":"open","ping_status":"closed","template":"","meta":{"_acf_changed":false},"product_brand":[787],"product_cat":[15,1079,52,1350],"product_tag":[],"pro-kategorijos":[],"class_list":{"0":"post-6174","1":"product","2":"type-product","3":"status-publish","4":"has-post-thumbnail","6":"product_brand-lantern-moon","7":"product_cat-visi-produktai","8":"product_cat-deklai","9":"product_cat-kiti-mezgimo-reikmenys","10":"product_cat-laikikliai","12":"first","13":"instock","14":"shipping-taxable","15":"purchasable","16":"product-type-simple"},"acf":[],"yoast_head":"<!-- This site is optimized with the Yoast SEO plugin v26.8 - https:\/\/yoast.com\/product\/yoast-seo-wordpress\/ -->\n<title>Lantern Moon Aksesuar\u0173 Laikiklis \u201eBaabs\u201c - Happyinaknit.com<\/title>\n<meta name=\"robots\" content=\"index, follow, max-snippet:-1, max-image-preview:large, max-video-preview:-1\" \/>\n<link rel=\"canonical\" href=\"https:\/\/happyinaknit.com\/en\/product\/lantern-moon-aksesuaru-laikiklis-baabs\/\" \/>\n<meta property=\"og:locale\" content=\"en_US\" \/>\n<meta property=\"og:type\" content=\"article\" \/>\n<meta property=\"og:title\" content=\"Lantern Moon Aksesuar\u0173 Laikiklis \u201eBaabs\u201c - Happyinaknit.com\" \/>\n<meta property=\"og:description\" content=\"Lantern Moon \u201eBaabs\u201c \u2013 tai \u017eavingas ir funkcionalus aksesuar\u0173 laikiklis mezg\u0117joms. \u0160is mielas avyt\u0117s formos laikiklis ne tik papuo\u0161 j\u016bs\u0173 mezgimo kampel\u012f, bet ir pad\u0117s tvarkingai laikyti smulkius \u012frankius. Ki\u0161en\u0117l\u0117s prijuost\u0117je telpa keli ma\u017ei daiktai, o \u017eirklutes galima patogiai pritvirtinti prie juostos galo specialia lipnia juostele (Velcro u\u017esegimu). Paskirtis: aksesuar\u0173 ir smulki\u0173 mezgimo reikmen\u0173 laikymas [&hellip;]\" \/>\n<meta property=\"og:url\" content=\"https:\/\/happyinaknit.com\/en\/product\/lantern-moon-aksesuaru-laikiklis-baabs\/\" \/>\n<meta property=\"og:site_name\" content=\"Happyinaknit.com\" \/>\n<meta property=\"article:modified_time\" content=\"2025-10-18T23:37:46+00:00\" \/>\n<meta property=\"og:image\" content=\"https:\/\/happyinaknit.com\/wp-content\/uploads\/2025\/10\/il_fullxfull.5130472183_ihp2.jpg.webp\" \/>\n\t<meta property=\"og:image:width\" content=\"1000\" \/>\n\t<meta property=\"og:image:height\" content=\"1000\" \/>\n\t<meta property=\"og:image:type\" content=\"image\/webp\" \/>\n<meta name=\"twitter:card\" content=\"summary_large_image\" \/>\n<script type=\"application\/ld+json\" class=\"yoast-schema-graph\">{\"@context\":\"https:\/\/schema.org\",\"@graph\":[{\"@type\":\"WebPage\",\"@id\":\"https:\/\/happyinaknit.com\/produktas\/lantern-moon-aksesuaru-laikiklis-baabs\/\",\"url\":\"https:\/\/happyinaknit.com\/produktas\/lantern-moon-aksesuaru-laikiklis-baabs\/\",\"name\":\"Lantern Moon Aksesuar\u0173 Laikiklis \u201eBaabs\u201c - Happyinaknit.com\",\"isPartOf\":{\"@id\":\"https:\/\/happyinaknit.com\/lt\/#website\"},\"primaryImageOfPage\":{\"@id\":\"https:\/\/happyinaknit.com\/produktas\/lantern-moon-aksesuaru-laikiklis-baabs\/#primaryimage\"},\"image\":{\"@id\":\"https:\/\/happyinaknit.com\/produktas\/lantern-moon-aksesuaru-laikiklis-baabs\/#primaryimage\"},\"thumbnailUrl\":\"https:\/\/happyinaknit.com\/wp-content\/uploads\/2025\/10\/il_fullxfull.5130472183_ihp2.jpg.webp\",\"datePublished\":\"2025-10-18T23:37:45+00:00\",\"dateModified\":\"2025-10-18T23:37:46+00:00\",\"breadcrumb\":{\"@id\":\"https:\/\/happyinaknit.com\/produktas\/lantern-moon-aksesuaru-laikiklis-baabs\/#breadcrumb\"},\"inLanguage\":\"en-US\",\"potentialAction\":[{\"@type\":\"ReadAction\",\"target\":[\"https:\/\/happyinaknit.com\/produktas\/lantern-moon-aksesuaru-laikiklis-baabs\/\"]}]},{\"@type\":\"ImageObject\",\"inLanguage\":\"en-US\",\"@id\":\"https:\/\/happyinaknit.com\/produktas\/lantern-moon-aksesuaru-laikiklis-baabs\/#primaryimage\",\"url\":\"https:\/\/happyinaknit.com\/wp-content\/uploads\/2025\/10\/il_fullxfull.5130472183_ihp2.jpg.webp\",\"contentUrl\":\"https:\/\/happyinaknit.com\/wp-content\/uploads\/2025\/10\/il_fullxfull.5130472183_ihp2.jpg.webp\",\"width\":1000,\"height\":1000},{\"@type\":\"BreadcrumbList\",\"@id\":\"https:\/\/happyinaknit.com\/produktas\/lantern-moon-aksesuaru-laikiklis-baabs\/#breadcrumb\",\"itemListElement\":[{\"@type\":\"ListItem\",\"position\":1,\"name\":\"Home\",\"item\":\"https:\/\/happyinaknit.com\/lt\/\"},{\"@type\":\"ListItem\",\"position\":2,\"name\":\"Parduotuv\u0117\",\"item\":\"https:\/\/happyinaknit.com\/lt\/parduotuve\/\"},{\"@type\":\"ListItem\",\"position\":3,\"name\":\"Lantern Moon Aksesuar\u0173 Laikiklis \u201eBaabs\u201c\"}]},{\"@type\":\"WebSite\",\"@id\":\"https:\/\/happyinaknit.com\/lt\/#website\",\"url\":\"https:\/\/happyinaknit.com\/lt\/\",\"name\":\"Happyinaknit.com\",\"description\":\"\",\"potentialAction\":[{\"@type\":\"SearchAction\",\"target\":{\"@type\":\"EntryPoint\",\"urlTemplate\":\"https:\/\/happyinaknit.com\/lt\/?s={search_term_string}\"},\"query-input\":{\"@type\":\"PropertyValueSpecification\",\"valueRequired\":true,\"valueName\":\"search_term_string\"}}],\"inLanguage\":\"en-US\"}]}<\/script>\n<!-- \/ Yoast SEO plugin. -->","yoast_head_json":{"title":"Lantern Moon Aksesuar\u0173 Laikiklis \u201eBaabs\u201c - Happyinaknit.com","robots":{"index":"index","follow":"follow","max-snippet":"max-snippet:-1","max-image-preview":"max-image-preview:large","max-video-preview":"max-video-preview:-1"},"canonical":"https:\/\/happyinaknit.com\/en\/product\/lantern-moon-aksesuaru-laikiklis-baabs\/","og_locale":"en_US","og_type":"article","og_title":"Lantern Moon Aksesuar\u0173 Laikiklis \u201eBaabs\u201c - Happyinaknit.com","og_description":"Lantern Moon \u201eBaabs\u201c \u2013 tai \u017eavingas ir funkcionalus aksesuar\u0173 laikiklis mezg\u0117joms. \u0160is mielas avyt\u0117s formos laikiklis ne tik papuo\u0161 j\u016bs\u0173 mezgimo kampel\u012f, bet ir pad\u0117s tvarkingai laikyti smulkius \u012frankius. Ki\u0161en\u0117l\u0117s prijuost\u0117je telpa keli ma\u017ei daiktai, o \u017eirklutes galima patogiai pritvirtinti prie juostos galo specialia lipnia juostele (Velcro u\u017esegimu). Paskirtis: aksesuar\u0173 ir smulki\u0173 mezgimo reikmen\u0173 laikymas [&hellip;]","og_url":"https:\/\/happyinaknit.com\/en\/product\/lantern-moon-aksesuaru-laikiklis-baabs\/","og_site_name":"Happyinaknit.com","article_modified_time":"2025-10-18T23:37:46+00:00","og_image":[{"width":1000,"height":1000,"url":"https:\/\/happyinaknit.com\/wp-content\/uploads\/2025\/10\/il_fullxfull.5130472183_ihp2.jpg.webp","type":"image\/webp"}],"twitter_card":"summary_large_image","schema":{"@context":"https:\/\/schema.org","@graph":[{"@type":"WebPage","@id":"https:\/\/happyinaknit.com\/produktas\/lantern-moon-aksesuaru-laikiklis-baabs\/","url":"https:\/\/happyinaknit.com\/produktas\/lantern-moon-aksesuaru-laikiklis-baabs\/","name":"Lantern Moon Aksesuar\u0173 Laikiklis \u201eBaabs\u201c - Happyinaknit.com","isPartOf":{"@id":"https:\/\/happyinaknit.com\/lt\/#website"},"primaryImageOfPage":{"@id":"https:\/\/happyinaknit.com\/produktas\/lantern-moon-aksesuaru-laikiklis-baabs\/#primaryimage"},"image":{"@id":"https:\/\/happyinaknit.com\/produktas\/lantern-moon-aksesuaru-laikiklis-baabs\/#primaryimage"},"thumbnailUrl":"https:\/\/happyinaknit.com\/wp-content\/uploads\/2025\/10\/il_fullxfull.5130472183_ihp2.jpg.webp","datePublished":"2025-10-18T23:37:45+00:00","dateModified":"2025-10-18T23:37:46+00:00","breadcrumb":{"@id":"https:\/\/happyinaknit.com\/produktas\/lantern-moon-aksesuaru-laikiklis-baabs\/#breadcrumb"},"inLanguage":"en-US","potentialAction":[{"@type":"ReadAction","target":["https:\/\/happyinaknit.com\/produktas\/lantern-moon-aksesuaru-laikiklis-baabs\/"]}]},{"@type":"ImageObject","inLanguage":"en-US","@id":"https:\/\/happyinaknit.com\/produktas\/lantern-moon-aksesuaru-laikiklis-baabs\/#primaryimage","url":"https:\/\/happyinaknit.com\/wp-content\/uploads\/2025\/10\/il_fullxfull.5130472183_ihp2.jpg.webp","contentUrl":"https:\/\/happyinaknit.com\/wp-content\/uploads\/2025\/10\/il_fullxfull.5130472183_ihp2.jpg.webp","width":1000,"height":1000},{"@type":"BreadcrumbList","@id":"https:\/\/happyinaknit.com\/produktas\/lantern-moon-aksesuaru-laikiklis-baabs\/#breadcrumb","itemListElement":[{"@type":"ListItem","position":1,"name":"Home","item":"https:\/\/happyinaknit.com\/lt\/"},{"@type":"ListItem","position":2,"name":"Parduotuv\u0117","item":"https:\/\/happyinaknit.com\/lt\/parduotuve\/"},{"@type":"ListItem","position":3,"name":"Lantern Moon Aksesuar\u0173 Laikiklis \u201eBaabs\u201c"}]},{"@type":"WebSite","@id":"https:\/\/happyinaknit.com\/lt\/#website","url":"https:\/\/happyinaknit.com\/lt\/","name":"Happyinaknit.com","description":"","potentialAction":[{"@type":"SearchAction","target":{"@type":"EntryPoint","urlTemplate":"https:\/\/happyinaknit.com\/lt\/?s={search_term_string}"},"query-input":{"@type":"PropertyValueSpecification","valueRequired":true,"valueName":"search_term_string"}}],"inLanguage":"en-US"}]}},"_links":{"self":[{"href":"https:\/\/happyinaknit.com\/en\/wp-json\/wp\/v2\/product\/6174","targetHints":{"allow":["GET"]}}],"collection":[{"href":"https:\/\/happyinaknit.com\/en\/wp-json\/wp\/v2\/product"}],"about":[{"href":"https:\/\/happyinaknit.com\/en\/wp-json\/wp\/v2\/types\/product"}],"replies":[{"embeddable":true,"href":"https:\/\/happyinaknit.com\/en\/wp-json\/wp\/v2\/comments?post=6174"}],"wp:featuredmedia":[{"embeddable":true,"href":"https:\/\/happyinaknit.com\/en\/wp-json\/wp\/v2\/media\/6168"}],"wp:attachment":[{"href":"https:\/\/happyinaknit.com\/en\/wp-json\/wp\/v2\/media?parent=6174"}],"wp:term":[{"taxonomy":"product_brand","embeddable":true,"href":"https:\/\/happyinaknit.com\/en\/wp-json\/wp\/v2\/product_brand?post=6174"},{"taxonomy":"product_cat","embeddable":true,"href":"https:\/\/happyinaknit.com\/en\/wp-json\/wp\/v2\/product_cat?post=6174"},{"taxonomy":"product_tag","embeddable":true,"href":"https:\/\/happyinaknit.com\/en\/wp-json\/wp\/v2\/product_tag?post=6174"},{"taxonomy":"pro-kategorijos","embeddable":true,"href":"https:\/\/happyinaknit.com\/en\/wp-json\/wp\/v2\/pro-kategorijos?post=6174"}],"curies":[{"name":"wp","href":"https:\/\/api.w.org\/{rel}","templated":true}]}}