{"id":6164,"date":"2025-10-18T23:17:23","date_gmt":"2025-10-18T23:17:23","guid":{"rendered":"https:\/\/happyinaknit.com\/?post_type=product&#038;p=6164"},"modified":"2025-10-28T12:36:18","modified_gmt":"2025-10-28T12:36:18","slug":"lantern-moon-mezgimo-zymekliai-avytes","status":"publish","type":"product","link":"https:\/\/happyinaknit.com\/en\/product\/lantern-moon-mezgimo-zymekliai-avytes\/","title":{"rendered":"Lantern Moon Knitting Markers &quot;Raspberries&quot;"},"content":{"rendered":"<p><i>Lantern Moon<\/i> Metal stitch markers are cute and functional accessories for knitters. The markers are shaped like sheep, so they not only help you follow patterns or row boundaries, but also add a playful touch to your knitting. The metal ring fits most knitting needle sizes (up to 9 mm \/ US13).<\/p>\n<p><b>Form:<\/b> sheep<\/p>\n<p><b>Quantity per package:<\/b> 6 pcs<\/p>\n<p><b>Suitable for:<\/b> for needles up to 9 mm (US13)<\/p>\n<p><b>Material:<\/b> metal<\/p>\n<p>Note: Color shades may vary slightly depending on your device&#039;s screen.<\/p>","protected":false},"excerpt":{"rendered":"<p>Lantern Moon metaliniai \u017eymekliai kilpoms \u2013 mieli ir funkcional\u016bs aksesuarai mezg\u0117joms. \u017dymekliai pagaminti avyt\u0117s formos, tod\u0117l ne tik padeda sekti ra\u0161tus ar eilu\u010di\u0173 ribas, bet ir suteikia mezgimui \u017eaismingumo. Metalinis \u017eiedelis tinka daugumai virbal\u0173 dyd\u017ei\u0173 (iki 9 mm \/ US13). Forma: avyt\u0117s Kiekis pakuot\u0117je: 6 vnt Tinka: virbalams iki 9 mm (US13) Med\u017eiaga: metalas Pastaba: [&hellip;]<\/p>\n","protected":false},"featured_media":6161,"comment_status":"open","ping_status":"closed","template":"","meta":{"_acf_changed":false},"product_brand":[787],"product_cat":[15,20,1081],"product_tag":[],"pro-kategorijos":[],"class_list":{"0":"post-6164","1":"product","2":"type-product","3":"status-publish","4":"has-post-thumbnail","6":"product_brand-lantern-moon","7":"product_cat-visi-produktai","8":"product_cat-priedai-mezgimui","9":"product_cat-zymekliai","11":"first","12":"instock","13":"shipping-taxable","14":"purchasable","15":"product-type-simple"},"acf":[],"yoast_head":"<!-- This site is optimized with the Yoast SEO plugin v26.8 - https:\/\/yoast.com\/product\/yoast-seo-wordpress\/ -->\n<title>Lantern Moon Mezgimo \u017dymekliai \u201eAvyt\u0117s\u201c - Happyinaknit.com<\/title>\n<meta name=\"robots\" content=\"index, follow, max-snippet:-1, max-image-preview:large, max-video-preview:-1\" \/>\n<link rel=\"canonical\" href=\"https:\/\/happyinaknit.com\/en\/product\/lantern-moon-mezgimo-zymekliai-avytes\/\" \/>\n<meta property=\"og:locale\" content=\"en_US\" \/>\n<meta property=\"og:type\" content=\"article\" \/>\n<meta property=\"og:title\" content=\"Lantern Moon Mezgimo \u017dymekliai \u201eAvyt\u0117s\u201c - Happyinaknit.com\" \/>\n<meta property=\"og:description\" content=\"Lantern Moon metaliniai \u017eymekliai kilpoms \u2013 mieli ir funkcional\u016bs aksesuarai mezg\u0117joms. \u017dymekliai pagaminti avyt\u0117s formos, tod\u0117l ne tik padeda sekti ra\u0161tus ar eilu\u010di\u0173 ribas, bet ir suteikia mezgimui \u017eaismingumo. Metalinis \u017eiedelis tinka daugumai virbal\u0173 dyd\u017ei\u0173 (iki 9 mm \/ US13). Forma: avyt\u0117s Kiekis pakuot\u0117je: 6 vnt Tinka: virbalams iki 9 mm (US13) Med\u017eiaga: metalas Pastaba: [&hellip;]\" \/>\n<meta property=\"og:url\" content=\"https:\/\/happyinaknit.com\/en\/product\/lantern-moon-mezgimo-zymekliai-avytes\/\" \/>\n<meta property=\"og:site_name\" content=\"Happyinaknit.com\" \/>\n<meta property=\"article:modified_time\" content=\"2025-10-28T12:36:18+00:00\" \/>\n<meta property=\"og:image\" content=\"https:\/\/happyinaknit.com\/wp-content\/uploads\/2025\/10\/measuring-tapes-2_886aab32-69a0-4add-b7db-2c2eec1d1613_1000x.jpg.webp\" \/>\n\t<meta property=\"og:image:width\" content=\"1000\" \/>\n\t<meta property=\"og:image:height\" content=\"1000\" \/>\n\t<meta property=\"og:image:type\" content=\"image\/webp\" \/>\n<meta name=\"twitter:card\" content=\"summary_large_image\" \/>\n<script type=\"application\/ld+json\" class=\"yoast-schema-graph\">{\"@context\":\"https:\/\/schema.org\",\"@graph\":[{\"@type\":\"WebPage\",\"@id\":\"https:\/\/happyinaknit.com\/produktas\/lantern-moon-mezgimo-zymekliai-avytes\/\",\"url\":\"https:\/\/happyinaknit.com\/produktas\/lantern-moon-mezgimo-zymekliai-avytes\/\",\"name\":\"Lantern Moon Mezgimo \u017dymekliai \u201eAvyt\u0117s\u201c - Happyinaknit.com\",\"isPartOf\":{\"@id\":\"https:\/\/happyinaknit.com\/lt\/#website\"},\"primaryImageOfPage\":{\"@id\":\"https:\/\/happyinaknit.com\/produktas\/lantern-moon-mezgimo-zymekliai-avytes\/#primaryimage\"},\"image\":{\"@id\":\"https:\/\/happyinaknit.com\/produktas\/lantern-moon-mezgimo-zymekliai-avytes\/#primaryimage\"},\"thumbnailUrl\":\"https:\/\/happyinaknit.com\/wp-content\/uploads\/2025\/10\/measuring-tapes-2_886aab32-69a0-4add-b7db-2c2eec1d1613_1000x.jpg.webp\",\"datePublished\":\"2025-10-18T23:17:23+00:00\",\"dateModified\":\"2025-10-28T12:36:18+00:00\",\"breadcrumb\":{\"@id\":\"https:\/\/happyinaknit.com\/produktas\/lantern-moon-mezgimo-zymekliai-avytes\/#breadcrumb\"},\"inLanguage\":\"en-US\",\"potentialAction\":[{\"@type\":\"ReadAction\",\"target\":[\"https:\/\/happyinaknit.com\/produktas\/lantern-moon-mezgimo-zymekliai-avytes\/\"]}]},{\"@type\":\"ImageObject\",\"inLanguage\":\"en-US\",\"@id\":\"https:\/\/happyinaknit.com\/produktas\/lantern-moon-mezgimo-zymekliai-avytes\/#primaryimage\",\"url\":\"https:\/\/happyinaknit.com\/wp-content\/uploads\/2025\/10\/measuring-tapes-2_886aab32-69a0-4add-b7db-2c2eec1d1613_1000x.jpg.webp\",\"contentUrl\":\"https:\/\/happyinaknit.com\/wp-content\/uploads\/2025\/10\/measuring-tapes-2_886aab32-69a0-4add-b7db-2c2eec1d1613_1000x.jpg.webp\",\"width\":1000,\"height\":1000},{\"@type\":\"BreadcrumbList\",\"@id\":\"https:\/\/happyinaknit.com\/produktas\/lantern-moon-mezgimo-zymekliai-avytes\/#breadcrumb\",\"itemListElement\":[{\"@type\":\"ListItem\",\"position\":1,\"name\":\"Home\",\"item\":\"https:\/\/happyinaknit.com\/lt\/\"},{\"@type\":\"ListItem\",\"position\":2,\"name\":\"Parduotuv\u0117\",\"item\":\"https:\/\/happyinaknit.com\/lt\/parduotuve\/\"},{\"@type\":\"ListItem\",\"position\":3,\"name\":\"Lantern Moon Mezgimo \u017dymekliai \u201eAvyt\u0117s\u201c\"}]},{\"@type\":\"WebSite\",\"@id\":\"https:\/\/happyinaknit.com\/lt\/#website\",\"url\":\"https:\/\/happyinaknit.com\/lt\/\",\"name\":\"Happyinaknit.com\",\"description\":\"\",\"potentialAction\":[{\"@type\":\"SearchAction\",\"target\":{\"@type\":\"EntryPoint\",\"urlTemplate\":\"https:\/\/happyinaknit.com\/lt\/?s={search_term_string}\"},\"query-input\":{\"@type\":\"PropertyValueSpecification\",\"valueRequired\":true,\"valueName\":\"search_term_string\"}}],\"inLanguage\":\"en-US\"}]}<\/script>\n<!-- \/ Yoast SEO plugin. -->","yoast_head_json":{"title":"Lantern Moon Mezgimo \u017dymekliai \u201eAvyt\u0117s\u201c - Happyinaknit.com","robots":{"index":"index","follow":"follow","max-snippet":"max-snippet:-1","max-image-preview":"max-image-preview:large","max-video-preview":"max-video-preview:-1"},"canonical":"https:\/\/happyinaknit.com\/en\/product\/lantern-moon-mezgimo-zymekliai-avytes\/","og_locale":"en_US","og_type":"article","og_title":"Lantern Moon Mezgimo \u017dymekliai \u201eAvyt\u0117s\u201c - Happyinaknit.com","og_description":"Lantern Moon metaliniai \u017eymekliai kilpoms \u2013 mieli ir funkcional\u016bs aksesuarai mezg\u0117joms. \u017dymekliai pagaminti avyt\u0117s formos, tod\u0117l ne tik padeda sekti ra\u0161tus ar eilu\u010di\u0173 ribas, bet ir suteikia mezgimui \u017eaismingumo. Metalinis \u017eiedelis tinka daugumai virbal\u0173 dyd\u017ei\u0173 (iki 9 mm \/ US13). Forma: avyt\u0117s Kiekis pakuot\u0117je: 6 vnt Tinka: virbalams iki 9 mm (US13) Med\u017eiaga: metalas Pastaba: [&hellip;]","og_url":"https:\/\/happyinaknit.com\/en\/product\/lantern-moon-mezgimo-zymekliai-avytes\/","og_site_name":"Happyinaknit.com","article_modified_time":"2025-10-28T12:36:18+00:00","og_image":[{"width":1000,"height":1000,"url":"https:\/\/happyinaknit.com\/wp-content\/uploads\/2025\/10\/measuring-tapes-2_886aab32-69a0-4add-b7db-2c2eec1d1613_1000x.jpg.webp","type":"image\/webp"}],"twitter_card":"summary_large_image","schema":{"@context":"https:\/\/schema.org","@graph":[{"@type":"WebPage","@id":"https:\/\/happyinaknit.com\/produktas\/lantern-moon-mezgimo-zymekliai-avytes\/","url":"https:\/\/happyinaknit.com\/produktas\/lantern-moon-mezgimo-zymekliai-avytes\/","name":"Lantern Moon Mezgimo \u017dymekliai \u201eAvyt\u0117s\u201c - Happyinaknit.com","isPartOf":{"@id":"https:\/\/happyinaknit.com\/lt\/#website"},"primaryImageOfPage":{"@id":"https:\/\/happyinaknit.com\/produktas\/lantern-moon-mezgimo-zymekliai-avytes\/#primaryimage"},"image":{"@id":"https:\/\/happyinaknit.com\/produktas\/lantern-moon-mezgimo-zymekliai-avytes\/#primaryimage"},"thumbnailUrl":"https:\/\/happyinaknit.com\/wp-content\/uploads\/2025\/10\/measuring-tapes-2_886aab32-69a0-4add-b7db-2c2eec1d1613_1000x.jpg.webp","datePublished":"2025-10-18T23:17:23+00:00","dateModified":"2025-10-28T12:36:18+00:00","breadcrumb":{"@id":"https:\/\/happyinaknit.com\/produktas\/lantern-moon-mezgimo-zymekliai-avytes\/#breadcrumb"},"inLanguage":"en-US","potentialAction":[{"@type":"ReadAction","target":["https:\/\/happyinaknit.com\/produktas\/lantern-moon-mezgimo-zymekliai-avytes\/"]}]},{"@type":"ImageObject","inLanguage":"en-US","@id":"https:\/\/happyinaknit.com\/produktas\/lantern-moon-mezgimo-zymekliai-avytes\/#primaryimage","url":"https:\/\/happyinaknit.com\/wp-content\/uploads\/2025\/10\/measuring-tapes-2_886aab32-69a0-4add-b7db-2c2eec1d1613_1000x.jpg.webp","contentUrl":"https:\/\/happyinaknit.com\/wp-content\/uploads\/2025\/10\/measuring-tapes-2_886aab32-69a0-4add-b7db-2c2eec1d1613_1000x.jpg.webp","width":1000,"height":1000},{"@type":"BreadcrumbList","@id":"https:\/\/happyinaknit.com\/produktas\/lantern-moon-mezgimo-zymekliai-avytes\/#breadcrumb","itemListElement":[{"@type":"ListItem","position":1,"name":"Home","item":"https:\/\/happyinaknit.com\/lt\/"},{"@type":"ListItem","position":2,"name":"Parduotuv\u0117","item":"https:\/\/happyinaknit.com\/lt\/parduotuve\/"},{"@type":"ListItem","position":3,"name":"Lantern Moon Mezgimo \u017dymekliai \u201eAvyt\u0117s\u201c"}]},{"@type":"WebSite","@id":"https:\/\/happyinaknit.com\/lt\/#website","url":"https:\/\/happyinaknit.com\/lt\/","name":"Happyinaknit.com","description":"","potentialAction":[{"@type":"SearchAction","target":{"@type":"EntryPoint","urlTemplate":"https:\/\/happyinaknit.com\/lt\/?s={search_term_string}"},"query-input":{"@type":"PropertyValueSpecification","valueRequired":true,"valueName":"search_term_string"}}],"inLanguage":"en-US"}]}},"_links":{"self":[{"href":"https:\/\/happyinaknit.com\/en\/wp-json\/wp\/v2\/product\/6164","targetHints":{"allow":["GET"]}}],"collection":[{"href":"https:\/\/happyinaknit.com\/en\/wp-json\/wp\/v2\/product"}],"about":[{"href":"https:\/\/happyinaknit.com\/en\/wp-json\/wp\/v2\/types\/product"}],"replies":[{"embeddable":true,"href":"https:\/\/happyinaknit.com\/en\/wp-json\/wp\/v2\/comments?post=6164"}],"wp:featuredmedia":[{"embeddable":true,"href":"https:\/\/happyinaknit.com\/en\/wp-json\/wp\/v2\/media\/6161"}],"wp:attachment":[{"href":"https:\/\/happyinaknit.com\/en\/wp-json\/wp\/v2\/media?parent=6164"}],"wp:term":[{"taxonomy":"product_brand","embeddable":true,"href":"https:\/\/happyinaknit.com\/en\/wp-json\/wp\/v2\/product_brand?post=6164"},{"taxonomy":"product_cat","embeddable":true,"href":"https:\/\/happyinaknit.com\/en\/wp-json\/wp\/v2\/product_cat?post=6164"},{"taxonomy":"product_tag","embeddable":true,"href":"https:\/\/happyinaknit.com\/en\/wp-json\/wp\/v2\/product_tag?post=6164"},{"taxonomy":"pro-kategorijos","embeddable":true,"href":"https:\/\/happyinaknit.com\/en\/wp-json\/wp\/v2\/pro-kategorijos?post=6164"}],"curies":[{"name":"wp","href":"https:\/\/api.w.org\/{rel}","templated":true}]}}