{"id":6159,"date":"2025-10-18T23:15:20","date_gmt":"2025-10-18T23:15:20","guid":{"rendered":"https:\/\/happyinaknit.com\/?post_type=product&#038;p=6159"},"modified":"2025-10-28T12:36:45","modified_gmt":"2025-10-28T12:36:45","slug":"lantern-moon-silkiniai-akiu-zymekliai","status":"publish","type":"product","link":"https:\/\/happyinaknit.com\/en\/product\/lantern-moon-silkiniai-akiu-zymekliai\/","title":{"rendered":"Lantern Moon Silky Tassel Stitch Markers"},"content":{"rendered":"<p><i>Lantern Moon<\/i> Markers are a stylish and practical accessory for every knitter. Bright, easy-to-see markers are decorated with a silk tassel for a subtle charm. They fit most knitting needle sizes and help you conveniently mark the beginning and end of a pattern or row.<\/p>\n<p><b>Quantity per package:<\/b> 10 pcs<\/p>\n<p><b>Suitable for:<\/b> for most needle sizes<\/p>\n<p><b>Additional detail:<\/b> silk tassel<\/p>\n<p>Note: Color shades may vary slightly depending on your device&#039;s screen.<\/p>","protected":false},"excerpt":{"rendered":"<p>Lantern Moon \u017eymekliai \u2013 tai stilingas ir prakti\u0161kas aksesuaras kiekvienai mezg\u0117jai. Ry\u0161k\u016bs, lengvai pastebimi \u017eymekliai papuo\u0161ti \u0161ilkine kutyte, suteikian\u010dia subtilaus \u017eavesio. Jie tinka daugumai virbal\u0173 dyd\u017ei\u0173 ir padeda patogiai \u017eym\u0117ti ra\u0161to ar eilu\u010di\u0173 prad\u017ei\u0105 bei pabaig\u0105. Kiekis pakuot\u0117je: 10 vnt Tinka: daugumai virbal\u0173 dyd\u017ei\u0173 Papildoma detal\u0117: \u0161ilkin\u0117 kutyt\u0117 Pastaba: spalv\u0173 atspalviai gali \u0161iek tiek skirtis [&hellip;]<\/p>\n","protected":false},"featured_media":6163,"comment_status":"open","ping_status":"closed","template":"","meta":{"_acf_changed":false},"product_brand":[787],"product_cat":[15,20,1081],"product_tag":[],"pro-kategorijos":[],"class_list":{"0":"post-6159","1":"product","2":"type-product","3":"status-publish","4":"has-post-thumbnail","6":"product_brand-lantern-moon","7":"product_cat-visi-produktai","8":"product_cat-priedai-mezgimui","9":"product_cat-zymekliai","11":"first","12":"instock","13":"shipping-taxable","14":"purchasable","15":"product-type-simple"},"acf":[],"yoast_head":"<!-- This site is optimized with the Yoast SEO plugin v26.8 - https:\/\/yoast.com\/product\/yoast-seo-wordpress\/ -->\n<title>Lantern Moon \u0160ilkiniai Aki\u0173 \u017dymekliai - Happyinaknit.com<\/title>\n<meta name=\"robots\" content=\"index, follow, max-snippet:-1, max-image-preview:large, max-video-preview:-1\" \/>\n<link rel=\"canonical\" href=\"https:\/\/happyinaknit.com\/en\/product\/lantern-moon-silkiniai-akiu-zymekliai\/\" \/>\n<meta property=\"og:locale\" content=\"en_US\" \/>\n<meta property=\"og:type\" content=\"article\" \/>\n<meta property=\"og:title\" content=\"Lantern Moon \u0160ilkiniai Aki\u0173 \u017dymekliai - Happyinaknit.com\" \/>\n<meta property=\"og:description\" content=\"Lantern Moon \u017eymekliai \u2013 tai stilingas ir prakti\u0161kas aksesuaras kiekvienai mezg\u0117jai. Ry\u0161k\u016bs, lengvai pastebimi \u017eymekliai papuo\u0161ti \u0161ilkine kutyte, suteikian\u010dia subtilaus \u017eavesio. Jie tinka daugumai virbal\u0173 dyd\u017ei\u0173 ir padeda patogiai \u017eym\u0117ti ra\u0161to ar eilu\u010di\u0173 prad\u017ei\u0105 bei pabaig\u0105. Kiekis pakuot\u0117je: 10 vnt Tinka: daugumai virbal\u0173 dyd\u017ei\u0173 Papildoma detal\u0117: \u0161ilkin\u0117 kutyt\u0117 Pastaba: spalv\u0173 atspalviai gali \u0161iek tiek skirtis [&hellip;]\" \/>\n<meta property=\"og:url\" content=\"https:\/\/happyinaknit.com\/en\/product\/lantern-moon-silkiniai-akiu-zymekliai\/\" \/>\n<meta property=\"og:site_name\" content=\"Happyinaknit.com\" \/>\n<meta property=\"article:modified_time\" content=\"2025-10-28T12:36:45+00:00\" \/>\n<meta property=\"og:image\" content=\"https:\/\/happyinaknit.com\/wp-content\/uploads\/2025\/10\/measuring-tapes-7_fbb261a2-5df0-42ec-8bbf-be0f23171a6d_1000x.jpg.webp\" \/>\n\t<meta property=\"og:image:width\" content=\"1000\" \/>\n\t<meta property=\"og:image:height\" content=\"1000\" \/>\n\t<meta property=\"og:image:type\" content=\"image\/webp\" \/>\n<meta name=\"twitter:card\" content=\"summary_large_image\" \/>\n<script type=\"application\/ld+json\" class=\"yoast-schema-graph\">{\"@context\":\"https:\/\/schema.org\",\"@graph\":[{\"@type\":\"WebPage\",\"@id\":\"https:\/\/happyinaknit.com\/produktas\/lantern-moon-silkiniai-akiu-zymekliai\/\",\"url\":\"https:\/\/happyinaknit.com\/produktas\/lantern-moon-silkiniai-akiu-zymekliai\/\",\"name\":\"Lantern Moon \u0160ilkiniai Aki\u0173 \u017dymekliai - Happyinaknit.com\",\"isPartOf\":{\"@id\":\"https:\/\/happyinaknit.com\/lt\/#website\"},\"primaryImageOfPage\":{\"@id\":\"https:\/\/happyinaknit.com\/produktas\/lantern-moon-silkiniai-akiu-zymekliai\/#primaryimage\"},\"image\":{\"@id\":\"https:\/\/happyinaknit.com\/produktas\/lantern-moon-silkiniai-akiu-zymekliai\/#primaryimage\"},\"thumbnailUrl\":\"https:\/\/happyinaknit.com\/wp-content\/uploads\/2025\/10\/measuring-tapes-7_fbb261a2-5df0-42ec-8bbf-be0f23171a6d_1000x.jpg.webp\",\"datePublished\":\"2025-10-18T23:15:20+00:00\",\"dateModified\":\"2025-10-28T12:36:45+00:00\",\"breadcrumb\":{\"@id\":\"https:\/\/happyinaknit.com\/produktas\/lantern-moon-silkiniai-akiu-zymekliai\/#breadcrumb\"},\"inLanguage\":\"en-US\",\"potentialAction\":[{\"@type\":\"ReadAction\",\"target\":[\"https:\/\/happyinaknit.com\/produktas\/lantern-moon-silkiniai-akiu-zymekliai\/\"]}]},{\"@type\":\"ImageObject\",\"inLanguage\":\"en-US\",\"@id\":\"https:\/\/happyinaknit.com\/produktas\/lantern-moon-silkiniai-akiu-zymekliai\/#primaryimage\",\"url\":\"https:\/\/happyinaknit.com\/wp-content\/uploads\/2025\/10\/measuring-tapes-7_fbb261a2-5df0-42ec-8bbf-be0f23171a6d_1000x.jpg.webp\",\"contentUrl\":\"https:\/\/happyinaknit.com\/wp-content\/uploads\/2025\/10\/measuring-tapes-7_fbb261a2-5df0-42ec-8bbf-be0f23171a6d_1000x.jpg.webp\",\"width\":1000,\"height\":1000},{\"@type\":\"BreadcrumbList\",\"@id\":\"https:\/\/happyinaknit.com\/produktas\/lantern-moon-silkiniai-akiu-zymekliai\/#breadcrumb\",\"itemListElement\":[{\"@type\":\"ListItem\",\"position\":1,\"name\":\"Home\",\"item\":\"https:\/\/happyinaknit.com\/lt\/\"},{\"@type\":\"ListItem\",\"position\":2,\"name\":\"Parduotuv\u0117\",\"item\":\"https:\/\/happyinaknit.com\/lt\/parduotuve\/\"},{\"@type\":\"ListItem\",\"position\":3,\"name\":\"Lantern Moon \u0160ilkiniai Aki\u0173 \u017dymekliai\"}]},{\"@type\":\"WebSite\",\"@id\":\"https:\/\/happyinaknit.com\/lt\/#website\",\"url\":\"https:\/\/happyinaknit.com\/lt\/\",\"name\":\"Happyinaknit.com\",\"description\":\"\",\"potentialAction\":[{\"@type\":\"SearchAction\",\"target\":{\"@type\":\"EntryPoint\",\"urlTemplate\":\"https:\/\/happyinaknit.com\/lt\/?s={search_term_string}\"},\"query-input\":{\"@type\":\"PropertyValueSpecification\",\"valueRequired\":true,\"valueName\":\"search_term_string\"}}],\"inLanguage\":\"en-US\"}]}<\/script>\n<!-- \/ Yoast SEO plugin. -->","yoast_head_json":{"title":"Lantern Moon \u0160ilkiniai Aki\u0173 \u017dymekliai - Happyinaknit.com","robots":{"index":"index","follow":"follow","max-snippet":"max-snippet:-1","max-image-preview":"max-image-preview:large","max-video-preview":"max-video-preview:-1"},"canonical":"https:\/\/happyinaknit.com\/en\/product\/lantern-moon-silkiniai-akiu-zymekliai\/","og_locale":"en_US","og_type":"article","og_title":"Lantern Moon \u0160ilkiniai Aki\u0173 \u017dymekliai - Happyinaknit.com","og_description":"Lantern Moon \u017eymekliai \u2013 tai stilingas ir prakti\u0161kas aksesuaras kiekvienai mezg\u0117jai. Ry\u0161k\u016bs, lengvai pastebimi \u017eymekliai papuo\u0161ti \u0161ilkine kutyte, suteikian\u010dia subtilaus \u017eavesio. Jie tinka daugumai virbal\u0173 dyd\u017ei\u0173 ir padeda patogiai \u017eym\u0117ti ra\u0161to ar eilu\u010di\u0173 prad\u017ei\u0105 bei pabaig\u0105. Kiekis pakuot\u0117je: 10 vnt Tinka: daugumai virbal\u0173 dyd\u017ei\u0173 Papildoma detal\u0117: \u0161ilkin\u0117 kutyt\u0117 Pastaba: spalv\u0173 atspalviai gali \u0161iek tiek skirtis [&hellip;]","og_url":"https:\/\/happyinaknit.com\/en\/product\/lantern-moon-silkiniai-akiu-zymekliai\/","og_site_name":"Happyinaknit.com","article_modified_time":"2025-10-28T12:36:45+00:00","og_image":[{"width":1000,"height":1000,"url":"https:\/\/happyinaknit.com\/wp-content\/uploads\/2025\/10\/measuring-tapes-7_fbb261a2-5df0-42ec-8bbf-be0f23171a6d_1000x.jpg.webp","type":"image\/webp"}],"twitter_card":"summary_large_image","schema":{"@context":"https:\/\/schema.org","@graph":[{"@type":"WebPage","@id":"https:\/\/happyinaknit.com\/produktas\/lantern-moon-silkiniai-akiu-zymekliai\/","url":"https:\/\/happyinaknit.com\/produktas\/lantern-moon-silkiniai-akiu-zymekliai\/","name":"Lantern Moon \u0160ilkiniai Aki\u0173 \u017dymekliai - Happyinaknit.com","isPartOf":{"@id":"https:\/\/happyinaknit.com\/lt\/#website"},"primaryImageOfPage":{"@id":"https:\/\/happyinaknit.com\/produktas\/lantern-moon-silkiniai-akiu-zymekliai\/#primaryimage"},"image":{"@id":"https:\/\/happyinaknit.com\/produktas\/lantern-moon-silkiniai-akiu-zymekliai\/#primaryimage"},"thumbnailUrl":"https:\/\/happyinaknit.com\/wp-content\/uploads\/2025\/10\/measuring-tapes-7_fbb261a2-5df0-42ec-8bbf-be0f23171a6d_1000x.jpg.webp","datePublished":"2025-10-18T23:15:20+00:00","dateModified":"2025-10-28T12:36:45+00:00","breadcrumb":{"@id":"https:\/\/happyinaknit.com\/produktas\/lantern-moon-silkiniai-akiu-zymekliai\/#breadcrumb"},"inLanguage":"en-US","potentialAction":[{"@type":"ReadAction","target":["https:\/\/happyinaknit.com\/produktas\/lantern-moon-silkiniai-akiu-zymekliai\/"]}]},{"@type":"ImageObject","inLanguage":"en-US","@id":"https:\/\/happyinaknit.com\/produktas\/lantern-moon-silkiniai-akiu-zymekliai\/#primaryimage","url":"https:\/\/happyinaknit.com\/wp-content\/uploads\/2025\/10\/measuring-tapes-7_fbb261a2-5df0-42ec-8bbf-be0f23171a6d_1000x.jpg.webp","contentUrl":"https:\/\/happyinaknit.com\/wp-content\/uploads\/2025\/10\/measuring-tapes-7_fbb261a2-5df0-42ec-8bbf-be0f23171a6d_1000x.jpg.webp","width":1000,"height":1000},{"@type":"BreadcrumbList","@id":"https:\/\/happyinaknit.com\/produktas\/lantern-moon-silkiniai-akiu-zymekliai\/#breadcrumb","itemListElement":[{"@type":"ListItem","position":1,"name":"Home","item":"https:\/\/happyinaknit.com\/lt\/"},{"@type":"ListItem","position":2,"name":"Parduotuv\u0117","item":"https:\/\/happyinaknit.com\/lt\/parduotuve\/"},{"@type":"ListItem","position":3,"name":"Lantern Moon \u0160ilkiniai Aki\u0173 \u017dymekliai"}]},{"@type":"WebSite","@id":"https:\/\/happyinaknit.com\/lt\/#website","url":"https:\/\/happyinaknit.com\/lt\/","name":"Happyinaknit.com","description":"","potentialAction":[{"@type":"SearchAction","target":{"@type":"EntryPoint","urlTemplate":"https:\/\/happyinaknit.com\/lt\/?s={search_term_string}"},"query-input":{"@type":"PropertyValueSpecification","valueRequired":true,"valueName":"search_term_string"}}],"inLanguage":"en-US"}]}},"_links":{"self":[{"href":"https:\/\/happyinaknit.com\/en\/wp-json\/wp\/v2\/product\/6159","targetHints":{"allow":["GET"]}}],"collection":[{"href":"https:\/\/happyinaknit.com\/en\/wp-json\/wp\/v2\/product"}],"about":[{"href":"https:\/\/happyinaknit.com\/en\/wp-json\/wp\/v2\/types\/product"}],"replies":[{"embeddable":true,"href":"https:\/\/happyinaknit.com\/en\/wp-json\/wp\/v2\/comments?post=6159"}],"wp:featuredmedia":[{"embeddable":true,"href":"https:\/\/happyinaknit.com\/en\/wp-json\/wp\/v2\/media\/6163"}],"wp:attachment":[{"href":"https:\/\/happyinaknit.com\/en\/wp-json\/wp\/v2\/media?parent=6159"}],"wp:term":[{"taxonomy":"product_brand","embeddable":true,"href":"https:\/\/happyinaknit.com\/en\/wp-json\/wp\/v2\/product_brand?post=6159"},{"taxonomy":"product_cat","embeddable":true,"href":"https:\/\/happyinaknit.com\/en\/wp-json\/wp\/v2\/product_cat?post=6159"},{"taxonomy":"product_tag","embeddable":true,"href":"https:\/\/happyinaknit.com\/en\/wp-json\/wp\/v2\/product_tag?post=6159"},{"taxonomy":"pro-kategorijos","embeddable":true,"href":"https:\/\/happyinaknit.com\/en\/wp-json\/wp\/v2\/pro-kategorijos?post=6159"}],"curies":[{"name":"wp","href":"https:\/\/api.w.org\/{rel}","templated":true}]}}