{"id":6156,"date":"2025-10-18T23:08:37","date_gmt":"2025-10-18T23:08:37","guid":{"rendered":"https:\/\/happyinaknit.com\/?post_type=product&#038;p=6156"},"modified":"2025-10-28T12:37:02","modified_gmt":"2025-10-28T12:37:02","slug":"lantern-moon-pagalbiniai-virbalai-pynems","status":"publish","type":"product","link":"https:\/\/happyinaknit.com\/en\/product\/lantern-moon-pagalbiniai-virbalai-pynems\/","title":{"rendered":"Lantern Moon Ebony Cable  Needles"},"content":{"rendered":"<p><i>Lantern Moon<\/i> The knitting needles are made of ebony wood, a unique, strong and luxurious type of wood that ensures durability and exceptional smoothness. They are ideal for knitting braids or other patterns where you need to temporarily move the stitches. The smooth surface allows the yarn to glide easily, and the natural warmth of the wood provides exceptional comfort while knitting.<\/p>\n<p><b>In the kit:<\/b><b><\/b><\/p>\n<p>\u20223.25mm<\/p>\n<p>\u20224.0mm<\/p>\n<p>\u20225.0mm<\/p>\n<p>(3 pcs per pack)<\/p>\n<p><b>Material:<\/b> ebony tree (blackwood)<\/p>\n<p><b>Color:<\/b> black<\/p>\n<p>Note: Color shades may vary slightly depending on your device&#039;s screen.<\/p>","protected":false},"excerpt":{"rendered":"<p>Lantern Moon pagalbiniai virbalai pyn\u0117ms pagaminti i\u0161 ebeno med\u017eio (juodmed\u017eio) \u2013 i\u0161skirtin\u0117s, tvirtos ir prabangios medienos r\u016b\u0161ies, u\u017etikrinan\u010dios ilgaam\u017ei\u0161kum\u0105 ir ypating\u0105 glotnum\u0105. Jie idealiai tinka mezgant pynes ar kitus ra\u0161tus, kai reikia laikinai perkelti akis. Glotnus pavir\u0161ius leid\u017eia si\u016blams lengvai slysti, o nat\u016bralus med\u017eio \u0161iltumas suteikia ypatingo komforto mezgimo metu. Rinkinyje: \u20223,25 mm \u20224,0 mm [&hellip;]<\/p>\n","protected":false},"featured_media":6158,"comment_status":"open","ping_status":"closed","template":"","meta":{"_acf_changed":false},"product_brand":[787],"product_cat":[15,19,866],"product_tag":[],"pro-kategorijos":[],"class_list":{"0":"post-6156","1":"product","2":"type-product","3":"status-publish","4":"has-post-thumbnail","6":"product_brand-lantern-moon","7":"product_cat-visi-produktai","8":"product_cat-mezgimo-priemones","9":"product_cat-virbalai-pynems","11":"first","12":"instock","13":"shipping-taxable","14":"purchasable","15":"product-type-simple"},"acf":[],"yoast_head":"<!-- This site is optimized with the Yoast SEO plugin v26.8 - https:\/\/yoast.com\/product\/yoast-seo-wordpress\/ -->\n<title>Lantern Moon Pagalbiniai Virbalai Pyn\u0117ms - Happyinaknit.com<\/title>\n<meta name=\"robots\" content=\"index, follow, max-snippet:-1, max-image-preview:large, max-video-preview:-1\" \/>\n<link rel=\"canonical\" href=\"https:\/\/happyinaknit.com\/en\/product\/lantern-moon-pagalbiniai-virbalai-pynems\/\" \/>\n<meta property=\"og:locale\" content=\"en_US\" \/>\n<meta property=\"og:type\" content=\"article\" \/>\n<meta property=\"og:title\" content=\"Lantern Moon Pagalbiniai Virbalai Pyn\u0117ms - Happyinaknit.com\" \/>\n<meta property=\"og:description\" content=\"Lantern Moon pagalbiniai virbalai pyn\u0117ms pagaminti i\u0161 ebeno med\u017eio (juodmed\u017eio) \u2013 i\u0161skirtin\u0117s, tvirtos ir prabangios medienos r\u016b\u0161ies, u\u017etikrinan\u010dios ilgaam\u017ei\u0161kum\u0105 ir ypating\u0105 glotnum\u0105. Jie idealiai tinka mezgant pynes ar kitus ra\u0161tus, kai reikia laikinai perkelti akis. Glotnus pavir\u0161ius leid\u017eia si\u016blams lengvai slysti, o nat\u016bralus med\u017eio \u0161iltumas suteikia ypatingo komforto mezgimo metu. Rinkinyje: \u20223,25 mm \u20224,0 mm [&hellip;]\" \/>\n<meta property=\"og:url\" content=\"https:\/\/happyinaknit.com\/en\/product\/lantern-moon-pagalbiniai-virbalai-pynems\/\" \/>\n<meta property=\"og:site_name\" content=\"Happyinaknit.com\" \/>\n<meta property=\"article:modified_time\" content=\"2025-10-28T12:37:02+00:00\" \/>\n<meta property=\"og:image\" content=\"https:\/\/happyinaknit.com\/wp-content\/uploads\/2025\/10\/lm-ebony-cable-ndls-us3-6-8__82964.jpg\" \/>\n\t<meta property=\"og:image:width\" content=\"1280\" \/>\n\t<meta property=\"og:image:height\" content=\"1280\" \/>\n\t<meta property=\"og:image:type\" content=\"image\/jpeg\" \/>\n<meta name=\"twitter:card\" content=\"summary_large_image\" \/>\n<script type=\"application\/ld+json\" class=\"yoast-schema-graph\">{\"@context\":\"https:\/\/schema.org\",\"@graph\":[{\"@type\":\"WebPage\",\"@id\":\"https:\/\/happyinaknit.com\/produktas\/lantern-moon-pagalbiniai-virbalai-pynems\/\",\"url\":\"https:\/\/happyinaknit.com\/produktas\/lantern-moon-pagalbiniai-virbalai-pynems\/\",\"name\":\"Lantern Moon Pagalbiniai Virbalai Pyn\u0117ms - Happyinaknit.com\",\"isPartOf\":{\"@id\":\"https:\/\/happyinaknit.com\/lt\/#website\"},\"primaryImageOfPage\":{\"@id\":\"https:\/\/happyinaknit.com\/produktas\/lantern-moon-pagalbiniai-virbalai-pynems\/#primaryimage\"},\"image\":{\"@id\":\"https:\/\/happyinaknit.com\/produktas\/lantern-moon-pagalbiniai-virbalai-pynems\/#primaryimage\"},\"thumbnailUrl\":\"https:\/\/happyinaknit.com\/wp-content\/uploads\/2025\/10\/lm-ebony-cable-ndls-us3-6-8__82964.jpg\",\"datePublished\":\"2025-10-18T23:08:37+00:00\",\"dateModified\":\"2025-10-28T12:37:02+00:00\",\"breadcrumb\":{\"@id\":\"https:\/\/happyinaknit.com\/produktas\/lantern-moon-pagalbiniai-virbalai-pynems\/#breadcrumb\"},\"inLanguage\":\"en-US\",\"potentialAction\":[{\"@type\":\"ReadAction\",\"target\":[\"https:\/\/happyinaknit.com\/produktas\/lantern-moon-pagalbiniai-virbalai-pynems\/\"]}]},{\"@type\":\"ImageObject\",\"inLanguage\":\"en-US\",\"@id\":\"https:\/\/happyinaknit.com\/produktas\/lantern-moon-pagalbiniai-virbalai-pynems\/#primaryimage\",\"url\":\"https:\/\/happyinaknit.com\/wp-content\/uploads\/2025\/10\/lm-ebony-cable-ndls-us3-6-8__82964.jpg\",\"contentUrl\":\"https:\/\/happyinaknit.com\/wp-content\/uploads\/2025\/10\/lm-ebony-cable-ndls-us3-6-8__82964.jpg\",\"width\":1280,\"height\":1280},{\"@type\":\"BreadcrumbList\",\"@id\":\"https:\/\/happyinaknit.com\/produktas\/lantern-moon-pagalbiniai-virbalai-pynems\/#breadcrumb\",\"itemListElement\":[{\"@type\":\"ListItem\",\"position\":1,\"name\":\"Home\",\"item\":\"https:\/\/happyinaknit.com\/lt\/\"},{\"@type\":\"ListItem\",\"position\":2,\"name\":\"Parduotuv\u0117\",\"item\":\"https:\/\/happyinaknit.com\/lt\/parduotuve\/\"},{\"@type\":\"ListItem\",\"position\":3,\"name\":\"Lantern Moon Pagalbiniai Virbalai Pyn\u0117ms\"}]},{\"@type\":\"WebSite\",\"@id\":\"https:\/\/happyinaknit.com\/lt\/#website\",\"url\":\"https:\/\/happyinaknit.com\/lt\/\",\"name\":\"Happyinaknit.com\",\"description\":\"\",\"potentialAction\":[{\"@type\":\"SearchAction\",\"target\":{\"@type\":\"EntryPoint\",\"urlTemplate\":\"https:\/\/happyinaknit.com\/lt\/?s={search_term_string}\"},\"query-input\":{\"@type\":\"PropertyValueSpecification\",\"valueRequired\":true,\"valueName\":\"search_term_string\"}}],\"inLanguage\":\"en-US\"}]}<\/script>\n<!-- \/ Yoast SEO plugin. -->","yoast_head_json":{"title":"Lantern Moon Pagalbiniai Virbalai Pyn\u0117ms - Happyinaknit.com","robots":{"index":"index","follow":"follow","max-snippet":"max-snippet:-1","max-image-preview":"max-image-preview:large","max-video-preview":"max-video-preview:-1"},"canonical":"https:\/\/happyinaknit.com\/en\/product\/lantern-moon-pagalbiniai-virbalai-pynems\/","og_locale":"en_US","og_type":"article","og_title":"Lantern Moon Pagalbiniai Virbalai Pyn\u0117ms - Happyinaknit.com","og_description":"Lantern Moon pagalbiniai virbalai pyn\u0117ms pagaminti i\u0161 ebeno med\u017eio (juodmed\u017eio) \u2013 i\u0161skirtin\u0117s, tvirtos ir prabangios medienos r\u016b\u0161ies, u\u017etikrinan\u010dios ilgaam\u017ei\u0161kum\u0105 ir ypating\u0105 glotnum\u0105. Jie idealiai tinka mezgant pynes ar kitus ra\u0161tus, kai reikia laikinai perkelti akis. Glotnus pavir\u0161ius leid\u017eia si\u016blams lengvai slysti, o nat\u016bralus med\u017eio \u0161iltumas suteikia ypatingo komforto mezgimo metu. Rinkinyje: \u20223,25 mm \u20224,0 mm [&hellip;]","og_url":"https:\/\/happyinaknit.com\/en\/product\/lantern-moon-pagalbiniai-virbalai-pynems\/","og_site_name":"Happyinaknit.com","article_modified_time":"2025-10-28T12:37:02+00:00","og_image":[{"width":1280,"height":1280,"url":"https:\/\/happyinaknit.com\/wp-content\/uploads\/2025\/10\/lm-ebony-cable-ndls-us3-6-8__82964.jpg","type":"image\/jpeg"}],"twitter_card":"summary_large_image","schema":{"@context":"https:\/\/schema.org","@graph":[{"@type":"WebPage","@id":"https:\/\/happyinaknit.com\/produktas\/lantern-moon-pagalbiniai-virbalai-pynems\/","url":"https:\/\/happyinaknit.com\/produktas\/lantern-moon-pagalbiniai-virbalai-pynems\/","name":"Lantern Moon Pagalbiniai Virbalai Pyn\u0117ms - Happyinaknit.com","isPartOf":{"@id":"https:\/\/happyinaknit.com\/lt\/#website"},"primaryImageOfPage":{"@id":"https:\/\/happyinaknit.com\/produktas\/lantern-moon-pagalbiniai-virbalai-pynems\/#primaryimage"},"image":{"@id":"https:\/\/happyinaknit.com\/produktas\/lantern-moon-pagalbiniai-virbalai-pynems\/#primaryimage"},"thumbnailUrl":"https:\/\/happyinaknit.com\/wp-content\/uploads\/2025\/10\/lm-ebony-cable-ndls-us3-6-8__82964.jpg","datePublished":"2025-10-18T23:08:37+00:00","dateModified":"2025-10-28T12:37:02+00:00","breadcrumb":{"@id":"https:\/\/happyinaknit.com\/produktas\/lantern-moon-pagalbiniai-virbalai-pynems\/#breadcrumb"},"inLanguage":"en-US","potentialAction":[{"@type":"ReadAction","target":["https:\/\/happyinaknit.com\/produktas\/lantern-moon-pagalbiniai-virbalai-pynems\/"]}]},{"@type":"ImageObject","inLanguage":"en-US","@id":"https:\/\/happyinaknit.com\/produktas\/lantern-moon-pagalbiniai-virbalai-pynems\/#primaryimage","url":"https:\/\/happyinaknit.com\/wp-content\/uploads\/2025\/10\/lm-ebony-cable-ndls-us3-6-8__82964.jpg","contentUrl":"https:\/\/happyinaknit.com\/wp-content\/uploads\/2025\/10\/lm-ebony-cable-ndls-us3-6-8__82964.jpg","width":1280,"height":1280},{"@type":"BreadcrumbList","@id":"https:\/\/happyinaknit.com\/produktas\/lantern-moon-pagalbiniai-virbalai-pynems\/#breadcrumb","itemListElement":[{"@type":"ListItem","position":1,"name":"Home","item":"https:\/\/happyinaknit.com\/lt\/"},{"@type":"ListItem","position":2,"name":"Parduotuv\u0117","item":"https:\/\/happyinaknit.com\/lt\/parduotuve\/"},{"@type":"ListItem","position":3,"name":"Lantern Moon Pagalbiniai Virbalai Pyn\u0117ms"}]},{"@type":"WebSite","@id":"https:\/\/happyinaknit.com\/lt\/#website","url":"https:\/\/happyinaknit.com\/lt\/","name":"Happyinaknit.com","description":"","potentialAction":[{"@type":"SearchAction","target":{"@type":"EntryPoint","urlTemplate":"https:\/\/happyinaknit.com\/lt\/?s={search_term_string}"},"query-input":{"@type":"PropertyValueSpecification","valueRequired":true,"valueName":"search_term_string"}}],"inLanguage":"en-US"}]}},"_links":{"self":[{"href":"https:\/\/happyinaknit.com\/en\/wp-json\/wp\/v2\/product\/6156","targetHints":{"allow":["GET"]}}],"collection":[{"href":"https:\/\/happyinaknit.com\/en\/wp-json\/wp\/v2\/product"}],"about":[{"href":"https:\/\/happyinaknit.com\/en\/wp-json\/wp\/v2\/types\/product"}],"replies":[{"embeddable":true,"href":"https:\/\/happyinaknit.com\/en\/wp-json\/wp\/v2\/comments?post=6156"}],"wp:featuredmedia":[{"embeddable":true,"href":"https:\/\/happyinaknit.com\/en\/wp-json\/wp\/v2\/media\/6158"}],"wp:attachment":[{"href":"https:\/\/happyinaknit.com\/en\/wp-json\/wp\/v2\/media?parent=6156"}],"wp:term":[{"taxonomy":"product_brand","embeddable":true,"href":"https:\/\/happyinaknit.com\/en\/wp-json\/wp\/v2\/product_brand?post=6156"},{"taxonomy":"product_cat","embeddable":true,"href":"https:\/\/happyinaknit.com\/en\/wp-json\/wp\/v2\/product_cat?post=6156"},{"taxonomy":"product_tag","embeddable":true,"href":"https:\/\/happyinaknit.com\/en\/wp-json\/wp\/v2\/product_tag?post=6156"},{"taxonomy":"pro-kategorijos","embeddable":true,"href":"https:\/\/happyinaknit.com\/en\/wp-json\/wp\/v2\/pro-kategorijos?post=6156"}],"curies":[{"name":"wp","href":"https:\/\/api.w.org\/{rel}","templated":true}]}}