{"id":6129,"date":"2025-10-18T22:47:08","date_gmt":"2025-10-18T22:47:08","guid":{"rendered":"https:\/\/happyinaknit.com\/?post_type=product&#038;p=6129"},"modified":"2025-10-28T12:38:58","modified_gmt":"2025-10-28T12:38:58","slug":"lantern-moon-mindy-sleeves-irankiu-deklas","status":"publish","type":"product","link":"https:\/\/happyinaknit.com\/en\/product\/lantern-moon-mindy-sleeves-irankiu-deklas\/","title":{"rendered":"Lantern Moon &quot;Mindy Sleeves&quot; Tool Case"},"content":{"rendered":"<p><i>Lantern Moon<\/i> Mindy Sleeves is a stylish and functional case for knitting tools. It features 5 narrow compartments for neatly storing various knitting accessories: extra needles, hooks, auxiliary needles for braids and other small tools. The top fabric flap and magnetic closure keep all the contents securely in place, making the case perfect for both home and travel.<\/p>\n<p><b>Dimensions (unfolded):<\/b> 11.5 \u00d7 11.5 cm<\/p>\n<p><b>Colors:<\/b> gray, denim, burgundy, green\u00a0<i><\/i><\/p>\n<p>Note: Color shades may vary slightly depending on your device&#039;s screen.<\/p>","protected":false},"excerpt":{"rendered":"<p>Lantern Moon \u201eMindy Sleeves\u201c \u2013 tai stilingas ir funkcionalus d\u0117klas mezgimo \u012frankiams. Jame yra 5 siauri skyreliai, skirti tvarkingai laikyti \u012fvairius mezgimo reikmenis: papildomus virbalus, kabliukus, pagalbinius virbalus pyn\u0117ms ir kitus smulkius \u012frankius. Vir\u0161utinis audinio atvartas ir magnetinis u\u017esegimas saugiai laiko vis\u0105 turin\u012f vietoje, tod\u0117l d\u0117klas puikiai tinka tiek namams, tiek kelion\u0117ms. I\u0161matavimai (i\u0161skleisto): 11,5 [&hellip;]<\/p>\n","protected":false},"featured_media":6139,"comment_status":"open","ping_status":"closed","template":"","meta":{"_acf_changed":false},"product_brand":[787],"product_cat":[15,1079,20],"product_tag":[],"pro-kategorijos":[],"class_list":{"0":"post-6129","1":"product","2":"type-product","3":"status-publish","4":"has-post-thumbnail","6":"product_brand-lantern-moon","7":"product_cat-visi-produktai","8":"product_cat-deklai","9":"product_cat-priedai-mezgimui","11":"first","12":"instock","13":"shipping-taxable","14":"purchasable","15":"product-type-variable"},"acf":[],"yoast_head":"<!-- This site is optimized with the Yoast SEO plugin v26.8 - https:\/\/yoast.com\/product\/yoast-seo-wordpress\/ -->\n<title>Lantern Moon \u201eMindy Sleeves\u201c Iranki\u0173 D\u0117klas - Happyinaknit.com<\/title>\n<meta name=\"robots\" content=\"index, follow, max-snippet:-1, max-image-preview:large, max-video-preview:-1\" \/>\n<link rel=\"canonical\" href=\"https:\/\/happyinaknit.com\/en\/product\/lantern-moon-mindy-sleeves-irankiu-deklas\/\" \/>\n<meta property=\"og:locale\" content=\"en_US\" \/>\n<meta property=\"og:type\" content=\"article\" \/>\n<meta property=\"og:title\" content=\"Lantern Moon \u201eMindy Sleeves\u201c Iranki\u0173 D\u0117klas - Happyinaknit.com\" \/>\n<meta property=\"og:description\" content=\"Lantern Moon \u201eMindy Sleeves\u201c \u2013 tai stilingas ir funkcionalus d\u0117klas mezgimo \u012frankiams. Jame yra 5 siauri skyreliai, skirti tvarkingai laikyti \u012fvairius mezgimo reikmenis: papildomus virbalus, kabliukus, pagalbinius virbalus pyn\u0117ms ir kitus smulkius \u012frankius. Vir\u0161utinis audinio atvartas ir magnetinis u\u017esegimas saugiai laiko vis\u0105 turin\u012f vietoje, tod\u0117l d\u0117klas puikiai tinka tiek namams, tiek kelion\u0117ms. I\u0161matavimai (i\u0161skleisto): 11,5 [&hellip;]\" \/>\n<meta property=\"og:url\" content=\"https:\/\/happyinaknit.com\/en\/product\/lantern-moon-mindy-sleeves-irankiu-deklas\/\" \/>\n<meta property=\"og:site_name\" content=\"Happyinaknit.com\" \/>\n<meta property=\"article:modified_time\" content=\"2025-10-28T12:38:58+00:00\" \/>\n<meta property=\"og:image\" content=\"https:\/\/happyinaknit.com\/wp-content\/uploads\/2025\/10\/mezgimo-priemoniu-deklas-lantern-moon-mindy-sleeves-deklas-virbalams-knitpro-mezgimo-priemones-internetu-gera-kaina-pigiau-680x1024-1.jpg\" \/>\n\t<meta property=\"og:image:width\" content=\"680\" \/>\n\t<meta property=\"og:image:height\" content=\"1024\" \/>\n\t<meta property=\"og:image:type\" content=\"image\/jpeg\" \/>\n<meta name=\"twitter:card\" content=\"summary_large_image\" \/>\n<script type=\"application\/ld+json\" class=\"yoast-schema-graph\">{\"@context\":\"https:\/\/schema.org\",\"@graph\":[{\"@type\":\"WebPage\",\"@id\":\"https:\/\/happyinaknit.com\/produktas\/lantern-moon-mindy-sleeves-irankiu-deklas\/\",\"url\":\"https:\/\/happyinaknit.com\/produktas\/lantern-moon-mindy-sleeves-irankiu-deklas\/\",\"name\":\"Lantern Moon \u201eMindy Sleeves\u201c Iranki\u0173 D\u0117klas - Happyinaknit.com\",\"isPartOf\":{\"@id\":\"https:\/\/happyinaknit.com\/lt\/#website\"},\"primaryImageOfPage\":{\"@id\":\"https:\/\/happyinaknit.com\/produktas\/lantern-moon-mindy-sleeves-irankiu-deklas\/#primaryimage\"},\"image\":{\"@id\":\"https:\/\/happyinaknit.com\/produktas\/lantern-moon-mindy-sleeves-irankiu-deklas\/#primaryimage\"},\"thumbnailUrl\":\"https:\/\/happyinaknit.com\/wp-content\/uploads\/2025\/10\/mezgimo-priemoniu-deklas-lantern-moon-mindy-sleeves-deklas-virbalams-knitpro-mezgimo-priemones-internetu-gera-kaina-pigiau-680x1024-1.jpg\",\"datePublished\":\"2025-10-18T22:47:08+00:00\",\"dateModified\":\"2025-10-28T12:38:58+00:00\",\"breadcrumb\":{\"@id\":\"https:\/\/happyinaknit.com\/produktas\/lantern-moon-mindy-sleeves-irankiu-deklas\/#breadcrumb\"},\"inLanguage\":\"en-US\",\"potentialAction\":[{\"@type\":\"ReadAction\",\"target\":[\"https:\/\/happyinaknit.com\/produktas\/lantern-moon-mindy-sleeves-irankiu-deklas\/\"]}]},{\"@type\":\"ImageObject\",\"inLanguage\":\"en-US\",\"@id\":\"https:\/\/happyinaknit.com\/produktas\/lantern-moon-mindy-sleeves-irankiu-deklas\/#primaryimage\",\"url\":\"https:\/\/happyinaknit.com\/wp-content\/uploads\/2025\/10\/mezgimo-priemoniu-deklas-lantern-moon-mindy-sleeves-deklas-virbalams-knitpro-mezgimo-priemones-internetu-gera-kaina-pigiau-680x1024-1.jpg\",\"contentUrl\":\"https:\/\/happyinaknit.com\/wp-content\/uploads\/2025\/10\/mezgimo-priemoniu-deklas-lantern-moon-mindy-sleeves-deklas-virbalams-knitpro-mezgimo-priemones-internetu-gera-kaina-pigiau-680x1024-1.jpg\",\"width\":680,\"height\":1024},{\"@type\":\"BreadcrumbList\",\"@id\":\"https:\/\/happyinaknit.com\/produktas\/lantern-moon-mindy-sleeves-irankiu-deklas\/#breadcrumb\",\"itemListElement\":[{\"@type\":\"ListItem\",\"position\":1,\"name\":\"Home\",\"item\":\"https:\/\/happyinaknit.com\/lt\/\"},{\"@type\":\"ListItem\",\"position\":2,\"name\":\"Parduotuv\u0117\",\"item\":\"https:\/\/happyinaknit.com\/lt\/parduotuve\/\"},{\"@type\":\"ListItem\",\"position\":3,\"name\":\"Lantern Moon \u201eMindy Sleeves\u201c Iranki\u0173 D\u0117klas\"}]},{\"@type\":\"WebSite\",\"@id\":\"https:\/\/happyinaknit.com\/lt\/#website\",\"url\":\"https:\/\/happyinaknit.com\/lt\/\",\"name\":\"Happyinaknit.com\",\"description\":\"\",\"potentialAction\":[{\"@type\":\"SearchAction\",\"target\":{\"@type\":\"EntryPoint\",\"urlTemplate\":\"https:\/\/happyinaknit.com\/lt\/?s={search_term_string}\"},\"query-input\":{\"@type\":\"PropertyValueSpecification\",\"valueRequired\":true,\"valueName\":\"search_term_string\"}}],\"inLanguage\":\"en-US\"}]}<\/script>\n<!-- \/ Yoast SEO plugin. -->","yoast_head_json":{"title":"Lantern Moon \u201eMindy Sleeves\u201c Iranki\u0173 D\u0117klas - Happyinaknit.com","robots":{"index":"index","follow":"follow","max-snippet":"max-snippet:-1","max-image-preview":"max-image-preview:large","max-video-preview":"max-video-preview:-1"},"canonical":"https:\/\/happyinaknit.com\/en\/product\/lantern-moon-mindy-sleeves-irankiu-deklas\/","og_locale":"en_US","og_type":"article","og_title":"Lantern Moon \u201eMindy Sleeves\u201c Iranki\u0173 D\u0117klas - Happyinaknit.com","og_description":"Lantern Moon \u201eMindy Sleeves\u201c \u2013 tai stilingas ir funkcionalus d\u0117klas mezgimo \u012frankiams. Jame yra 5 siauri skyreliai, skirti tvarkingai laikyti \u012fvairius mezgimo reikmenis: papildomus virbalus, kabliukus, pagalbinius virbalus pyn\u0117ms ir kitus smulkius \u012frankius. Vir\u0161utinis audinio atvartas ir magnetinis u\u017esegimas saugiai laiko vis\u0105 turin\u012f vietoje, tod\u0117l d\u0117klas puikiai tinka tiek namams, tiek kelion\u0117ms. I\u0161matavimai (i\u0161skleisto): 11,5 [&hellip;]","og_url":"https:\/\/happyinaknit.com\/en\/product\/lantern-moon-mindy-sleeves-irankiu-deklas\/","og_site_name":"Happyinaknit.com","article_modified_time":"2025-10-28T12:38:58+00:00","og_image":[{"width":680,"height":1024,"url":"https:\/\/happyinaknit.com\/wp-content\/uploads\/2025\/10\/mezgimo-priemoniu-deklas-lantern-moon-mindy-sleeves-deklas-virbalams-knitpro-mezgimo-priemones-internetu-gera-kaina-pigiau-680x1024-1.jpg","type":"image\/jpeg"}],"twitter_card":"summary_large_image","schema":{"@context":"https:\/\/schema.org","@graph":[{"@type":"WebPage","@id":"https:\/\/happyinaknit.com\/produktas\/lantern-moon-mindy-sleeves-irankiu-deklas\/","url":"https:\/\/happyinaknit.com\/produktas\/lantern-moon-mindy-sleeves-irankiu-deklas\/","name":"Lantern Moon \u201eMindy Sleeves\u201c Iranki\u0173 D\u0117klas - Happyinaknit.com","isPartOf":{"@id":"https:\/\/happyinaknit.com\/lt\/#website"},"primaryImageOfPage":{"@id":"https:\/\/happyinaknit.com\/produktas\/lantern-moon-mindy-sleeves-irankiu-deklas\/#primaryimage"},"image":{"@id":"https:\/\/happyinaknit.com\/produktas\/lantern-moon-mindy-sleeves-irankiu-deklas\/#primaryimage"},"thumbnailUrl":"https:\/\/happyinaknit.com\/wp-content\/uploads\/2025\/10\/mezgimo-priemoniu-deklas-lantern-moon-mindy-sleeves-deklas-virbalams-knitpro-mezgimo-priemones-internetu-gera-kaina-pigiau-680x1024-1.jpg","datePublished":"2025-10-18T22:47:08+00:00","dateModified":"2025-10-28T12:38:58+00:00","breadcrumb":{"@id":"https:\/\/happyinaknit.com\/produktas\/lantern-moon-mindy-sleeves-irankiu-deklas\/#breadcrumb"},"inLanguage":"en-US","potentialAction":[{"@type":"ReadAction","target":["https:\/\/happyinaknit.com\/produktas\/lantern-moon-mindy-sleeves-irankiu-deklas\/"]}]},{"@type":"ImageObject","inLanguage":"en-US","@id":"https:\/\/happyinaknit.com\/produktas\/lantern-moon-mindy-sleeves-irankiu-deklas\/#primaryimage","url":"https:\/\/happyinaknit.com\/wp-content\/uploads\/2025\/10\/mezgimo-priemoniu-deklas-lantern-moon-mindy-sleeves-deklas-virbalams-knitpro-mezgimo-priemones-internetu-gera-kaina-pigiau-680x1024-1.jpg","contentUrl":"https:\/\/happyinaknit.com\/wp-content\/uploads\/2025\/10\/mezgimo-priemoniu-deklas-lantern-moon-mindy-sleeves-deklas-virbalams-knitpro-mezgimo-priemones-internetu-gera-kaina-pigiau-680x1024-1.jpg","width":680,"height":1024},{"@type":"BreadcrumbList","@id":"https:\/\/happyinaknit.com\/produktas\/lantern-moon-mindy-sleeves-irankiu-deklas\/#breadcrumb","itemListElement":[{"@type":"ListItem","position":1,"name":"Home","item":"https:\/\/happyinaknit.com\/lt\/"},{"@type":"ListItem","position":2,"name":"Parduotuv\u0117","item":"https:\/\/happyinaknit.com\/lt\/parduotuve\/"},{"@type":"ListItem","position":3,"name":"Lantern Moon \u201eMindy Sleeves\u201c Iranki\u0173 D\u0117klas"}]},{"@type":"WebSite","@id":"https:\/\/happyinaknit.com\/lt\/#website","url":"https:\/\/happyinaknit.com\/lt\/","name":"Happyinaknit.com","description":"","potentialAction":[{"@type":"SearchAction","target":{"@type":"EntryPoint","urlTemplate":"https:\/\/happyinaknit.com\/lt\/?s={search_term_string}"},"query-input":{"@type":"PropertyValueSpecification","valueRequired":true,"valueName":"search_term_string"}}],"inLanguage":"en-US"}]}},"_links":{"self":[{"href":"https:\/\/happyinaknit.com\/en\/wp-json\/wp\/v2\/product\/6129","targetHints":{"allow":["GET"]}}],"collection":[{"href":"https:\/\/happyinaknit.com\/en\/wp-json\/wp\/v2\/product"}],"about":[{"href":"https:\/\/happyinaknit.com\/en\/wp-json\/wp\/v2\/types\/product"}],"replies":[{"embeddable":true,"href":"https:\/\/happyinaknit.com\/en\/wp-json\/wp\/v2\/comments?post=6129"}],"wp:featuredmedia":[{"embeddable":true,"href":"https:\/\/happyinaknit.com\/en\/wp-json\/wp\/v2\/media\/6139"}],"wp:attachment":[{"href":"https:\/\/happyinaknit.com\/en\/wp-json\/wp\/v2\/media?parent=6129"}],"wp:term":[{"taxonomy":"product_brand","embeddable":true,"href":"https:\/\/happyinaknit.com\/en\/wp-json\/wp\/v2\/product_brand?post=6129"},{"taxonomy":"product_cat","embeddable":true,"href":"https:\/\/happyinaknit.com\/en\/wp-json\/wp\/v2\/product_cat?post=6129"},{"taxonomy":"product_tag","embeddable":true,"href":"https:\/\/happyinaknit.com\/en\/wp-json\/wp\/v2\/product_tag?post=6129"},{"taxonomy":"pro-kategorijos","embeddable":true,"href":"https:\/\/happyinaknit.com\/en\/wp-json\/wp\/v2\/pro-kategorijos?post=6129"}],"curies":[{"name":"wp","href":"https:\/\/api.w.org\/{rel}","templated":true}]}}