{"id":6112,"date":"2025-10-18T22:37:40","date_gmt":"2025-10-18T22:37:40","guid":{"rendered":"https:\/\/happyinaknit.com\/?post_type=product&#038;p=6112"},"modified":"2026-02-09T12:09:05","modified_gmt":"2026-02-09T12:09:05","slug":"lantern-moon-kojininiai-virbalai-15-cm","status":"publish","type":"product","link":"https:\/\/happyinaknit.com\/en\/product\/lantern-moon-kojininiai-virbalai-15-cm\/","title":{"rendered":"Lantern Moon double pointed needles 15 cm"},"content":{"rendered":"<p><i>Lantern Moon<\/i> The knitting needles are made from ebony wood, one of the most valuable and expensive types of wood in the world. This wood is characterized by its exceptional strength, smooth surface and durability, which makes the needles glide very easily and knitting a real pleasure. Each needle is carefully polished to a perfect smoothness so that the yarn does not catch and the knitting is even.<\/p>\n<p><b>Total length:<\/b> 15 cm<\/p>\n<p><b>Material:<\/b> ebony tree (blackwood)<\/p>\n<p><b>Country of origin:<\/b> India<\/p>\n<p>Note: Color shades may vary slightly depending on your device&#039;s screen.<\/p>","protected":false},"excerpt":{"rendered":"<p>Lantern Moon kojininiai virbalai pagaminti i\u0161 ebeno med\u017eio (juodmed\u017eio) \u2013 vienos i\u0161 vertingiausi\u0173 ir brangiausi\u0173 medienos r\u016b\u0161i\u0173 pasaulyje. \u0160i mediena pasi\u017eymi ypatingu tvirtumu, glotniu pavir\u0161iumi ir ilgaam\u017ei\u0161kumu, tod\u0117l virbalai slysta itin lengvai, o mezgimas tampa tikru malonumu. Kiekvienas virbalas kruop\u0161\u010diai nu\u0161lifuotas iki tobulos gludumo, kad si\u016blai ne\u012fsikibt\u0173 ir mezgimas b\u016bt\u0173 tolygus. Bendras ilgis: 15 cm [&hellip;]<\/p>\n","protected":false},"featured_media":6117,"comment_status":"open","ping_status":"closed","template":"","meta":{"_acf_changed":false},"product_brand":[787],"product_cat":[15,19,865],"product_tag":[],"pro-kategorijos":[],"class_list":{"0":"post-6112","1":"product","2":"type-product","3":"status-publish","4":"has-post-thumbnail","6":"product_brand-lantern-moon","7":"product_cat-visi-produktai","8":"product_cat-mezgimo-priemones","9":"product_cat-virbalai-kojinems","11":"first","12":"instock","13":"shipping-taxable","14":"purchasable","15":"product-type-variable"},"acf":[],"yoast_head":"<!-- This site is optimized with the Yoast SEO plugin v26.8 - https:\/\/yoast.com\/product\/yoast-seo-wordpress\/ -->\n<title>Lantern Moon kojininiai virbalai 15 cm - Happyinaknit.com<\/title>\n<meta name=\"robots\" content=\"index, follow, max-snippet:-1, max-image-preview:large, max-video-preview:-1\" \/>\n<link rel=\"canonical\" href=\"https:\/\/happyinaknit.com\/en\/product\/lantern-moon-kojininiai-virbalai-15-cm\/\" \/>\n<meta property=\"og:locale\" content=\"en_US\" \/>\n<meta property=\"og:type\" content=\"article\" \/>\n<meta property=\"og:title\" content=\"Lantern Moon kojininiai virbalai 15 cm - Happyinaknit.com\" \/>\n<meta property=\"og:description\" content=\"Lantern Moon kojininiai virbalai pagaminti i\u0161 ebeno med\u017eio (juodmed\u017eio) \u2013 vienos i\u0161 vertingiausi\u0173 ir brangiausi\u0173 medienos r\u016b\u0161i\u0173 pasaulyje. \u0160i mediena pasi\u017eymi ypatingu tvirtumu, glotniu pavir\u0161iumi ir ilgaam\u017ei\u0161kumu, tod\u0117l virbalai slysta itin lengvai, o mezgimas tampa tikru malonumu. Kiekvienas virbalas kruop\u0161\u010diai nu\u0161lifuotas iki tobulos gludumo, kad si\u016blai ne\u012fsikibt\u0173 ir mezgimas b\u016bt\u0173 tolygus. Bendras ilgis: 15 cm [&hellip;]\" \/>\n<meta property=\"og:url\" content=\"https:\/\/happyinaknit.com\/en\/product\/lantern-moon-kojininiai-virbalai-15-cm\/\" \/>\n<meta property=\"og:site_name\" content=\"Happyinaknit.com\" \/>\n<meta property=\"article:modified_time\" content=\"2026-02-09T12:09:05+00:00\" \/>\n<meta property=\"og:image\" content=\"https:\/\/happyinaknit.com\/wp-content\/uploads\/2025\/10\/tkz5sh4o-compressed.jpg.webp\" \/>\n\t<meta property=\"og:image:width\" content=\"750\" \/>\n\t<meta property=\"og:image:height\" content=\"750\" \/>\n\t<meta property=\"og:image:type\" content=\"image\/webp\" \/>\n<meta name=\"twitter:card\" content=\"summary_large_image\" \/>\n<script type=\"application\/ld+json\" class=\"yoast-schema-graph\">{\"@context\":\"https:\/\/schema.org\",\"@graph\":[{\"@type\":\"WebPage\",\"@id\":\"https:\/\/happyinaknit.com\/produktas\/lantern-moon-kojininiai-virbalai-15-cm\/\",\"url\":\"https:\/\/happyinaknit.com\/produktas\/lantern-moon-kojininiai-virbalai-15-cm\/\",\"name\":\"Lantern Moon kojininiai virbalai 15 cm - Happyinaknit.com\",\"isPartOf\":{\"@id\":\"https:\/\/happyinaknit.com\/lt\/#website\"},\"primaryImageOfPage\":{\"@id\":\"https:\/\/happyinaknit.com\/produktas\/lantern-moon-kojininiai-virbalai-15-cm\/#primaryimage\"},\"image\":{\"@id\":\"https:\/\/happyinaknit.com\/produktas\/lantern-moon-kojininiai-virbalai-15-cm\/#primaryimage\"},\"thumbnailUrl\":\"https:\/\/happyinaknit.com\/wp-content\/uploads\/2025\/10\/tkz5sh4o-compressed.jpg.webp\",\"datePublished\":\"2025-10-18T22:37:40+00:00\",\"dateModified\":\"2026-02-09T12:09:05+00:00\",\"breadcrumb\":{\"@id\":\"https:\/\/happyinaknit.com\/produktas\/lantern-moon-kojininiai-virbalai-15-cm\/#breadcrumb\"},\"inLanguage\":\"en-US\",\"potentialAction\":[{\"@type\":\"ReadAction\",\"target\":[\"https:\/\/happyinaknit.com\/produktas\/lantern-moon-kojininiai-virbalai-15-cm\/\"]}]},{\"@type\":\"ImageObject\",\"inLanguage\":\"en-US\",\"@id\":\"https:\/\/happyinaknit.com\/produktas\/lantern-moon-kojininiai-virbalai-15-cm\/#primaryimage\",\"url\":\"https:\/\/happyinaknit.com\/wp-content\/uploads\/2025\/10\/tkz5sh4o-compressed.jpg.webp\",\"contentUrl\":\"https:\/\/happyinaknit.com\/wp-content\/uploads\/2025\/10\/tkz5sh4o-compressed.jpg.webp\",\"width\":750,\"height\":750},{\"@type\":\"BreadcrumbList\",\"@id\":\"https:\/\/happyinaknit.com\/produktas\/lantern-moon-kojininiai-virbalai-15-cm\/#breadcrumb\",\"itemListElement\":[{\"@type\":\"ListItem\",\"position\":1,\"name\":\"Home\",\"item\":\"https:\/\/happyinaknit.com\/lt\/\"},{\"@type\":\"ListItem\",\"position\":2,\"name\":\"Parduotuv\u0117\",\"item\":\"https:\/\/happyinaknit.com\/lt\/parduotuve\/\"},{\"@type\":\"ListItem\",\"position\":3,\"name\":\"Lantern Moon kojininiai virbalai 15 cm\"}]},{\"@type\":\"WebSite\",\"@id\":\"https:\/\/happyinaknit.com\/lt\/#website\",\"url\":\"https:\/\/happyinaknit.com\/lt\/\",\"name\":\"Happyinaknit.com\",\"description\":\"\",\"potentialAction\":[{\"@type\":\"SearchAction\",\"target\":{\"@type\":\"EntryPoint\",\"urlTemplate\":\"https:\/\/happyinaknit.com\/lt\/?s={search_term_string}\"},\"query-input\":{\"@type\":\"PropertyValueSpecification\",\"valueRequired\":true,\"valueName\":\"search_term_string\"}}],\"inLanguage\":\"en-US\"}]}<\/script>\n<!-- \/ Yoast SEO plugin. -->","yoast_head_json":{"title":"Lantern Moon kojininiai virbalai 15 cm - Happyinaknit.com","robots":{"index":"index","follow":"follow","max-snippet":"max-snippet:-1","max-image-preview":"max-image-preview:large","max-video-preview":"max-video-preview:-1"},"canonical":"https:\/\/happyinaknit.com\/en\/product\/lantern-moon-kojininiai-virbalai-15-cm\/","og_locale":"en_US","og_type":"article","og_title":"Lantern Moon kojininiai virbalai 15 cm - Happyinaknit.com","og_description":"Lantern Moon kojininiai virbalai pagaminti i\u0161 ebeno med\u017eio (juodmed\u017eio) \u2013 vienos i\u0161 vertingiausi\u0173 ir brangiausi\u0173 medienos r\u016b\u0161i\u0173 pasaulyje. \u0160i mediena pasi\u017eymi ypatingu tvirtumu, glotniu pavir\u0161iumi ir ilgaam\u017ei\u0161kumu, tod\u0117l virbalai slysta itin lengvai, o mezgimas tampa tikru malonumu. Kiekvienas virbalas kruop\u0161\u010diai nu\u0161lifuotas iki tobulos gludumo, kad si\u016blai ne\u012fsikibt\u0173 ir mezgimas b\u016bt\u0173 tolygus. Bendras ilgis: 15 cm [&hellip;]","og_url":"https:\/\/happyinaknit.com\/en\/product\/lantern-moon-kojininiai-virbalai-15-cm\/","og_site_name":"Happyinaknit.com","article_modified_time":"2026-02-09T12:09:05+00:00","og_image":[{"width":750,"height":750,"url":"https:\/\/happyinaknit.com\/wp-content\/uploads\/2025\/10\/tkz5sh4o-compressed.jpg.webp","type":"image\/webp"}],"twitter_card":"summary_large_image","schema":{"@context":"https:\/\/schema.org","@graph":[{"@type":"WebPage","@id":"https:\/\/happyinaknit.com\/produktas\/lantern-moon-kojininiai-virbalai-15-cm\/","url":"https:\/\/happyinaknit.com\/produktas\/lantern-moon-kojininiai-virbalai-15-cm\/","name":"Lantern Moon kojininiai virbalai 15 cm - Happyinaknit.com","isPartOf":{"@id":"https:\/\/happyinaknit.com\/lt\/#website"},"primaryImageOfPage":{"@id":"https:\/\/happyinaknit.com\/produktas\/lantern-moon-kojininiai-virbalai-15-cm\/#primaryimage"},"image":{"@id":"https:\/\/happyinaknit.com\/produktas\/lantern-moon-kojininiai-virbalai-15-cm\/#primaryimage"},"thumbnailUrl":"https:\/\/happyinaknit.com\/wp-content\/uploads\/2025\/10\/tkz5sh4o-compressed.jpg.webp","datePublished":"2025-10-18T22:37:40+00:00","dateModified":"2026-02-09T12:09:05+00:00","breadcrumb":{"@id":"https:\/\/happyinaknit.com\/produktas\/lantern-moon-kojininiai-virbalai-15-cm\/#breadcrumb"},"inLanguage":"en-US","potentialAction":[{"@type":"ReadAction","target":["https:\/\/happyinaknit.com\/produktas\/lantern-moon-kojininiai-virbalai-15-cm\/"]}]},{"@type":"ImageObject","inLanguage":"en-US","@id":"https:\/\/happyinaknit.com\/produktas\/lantern-moon-kojininiai-virbalai-15-cm\/#primaryimage","url":"https:\/\/happyinaknit.com\/wp-content\/uploads\/2025\/10\/tkz5sh4o-compressed.jpg.webp","contentUrl":"https:\/\/happyinaknit.com\/wp-content\/uploads\/2025\/10\/tkz5sh4o-compressed.jpg.webp","width":750,"height":750},{"@type":"BreadcrumbList","@id":"https:\/\/happyinaknit.com\/produktas\/lantern-moon-kojininiai-virbalai-15-cm\/#breadcrumb","itemListElement":[{"@type":"ListItem","position":1,"name":"Home","item":"https:\/\/happyinaknit.com\/lt\/"},{"@type":"ListItem","position":2,"name":"Parduotuv\u0117","item":"https:\/\/happyinaknit.com\/lt\/parduotuve\/"},{"@type":"ListItem","position":3,"name":"Lantern Moon kojininiai virbalai 15 cm"}]},{"@type":"WebSite","@id":"https:\/\/happyinaknit.com\/lt\/#website","url":"https:\/\/happyinaknit.com\/lt\/","name":"Happyinaknit.com","description":"","potentialAction":[{"@type":"SearchAction","target":{"@type":"EntryPoint","urlTemplate":"https:\/\/happyinaknit.com\/lt\/?s={search_term_string}"},"query-input":{"@type":"PropertyValueSpecification","valueRequired":true,"valueName":"search_term_string"}}],"inLanguage":"en-US"}]}},"_links":{"self":[{"href":"https:\/\/happyinaknit.com\/en\/wp-json\/wp\/v2\/product\/6112","targetHints":{"allow":["GET"]}}],"collection":[{"href":"https:\/\/happyinaknit.com\/en\/wp-json\/wp\/v2\/product"}],"about":[{"href":"https:\/\/happyinaknit.com\/en\/wp-json\/wp\/v2\/types\/product"}],"replies":[{"embeddable":true,"href":"https:\/\/happyinaknit.com\/en\/wp-json\/wp\/v2\/comments?post=6112"}],"wp:featuredmedia":[{"embeddable":true,"href":"https:\/\/happyinaknit.com\/en\/wp-json\/wp\/v2\/media\/6117"}],"wp:attachment":[{"href":"https:\/\/happyinaknit.com\/en\/wp-json\/wp\/v2\/media?parent=6112"}],"wp:term":[{"taxonomy":"product_brand","embeddable":true,"href":"https:\/\/happyinaknit.com\/en\/wp-json\/wp\/v2\/product_brand?post=6112"},{"taxonomy":"product_cat","embeddable":true,"href":"https:\/\/happyinaknit.com\/en\/wp-json\/wp\/v2\/product_cat?post=6112"},{"taxonomy":"product_tag","embeddable":true,"href":"https:\/\/happyinaknit.com\/en\/wp-json\/wp\/v2\/product_tag?post=6112"},{"taxonomy":"pro-kategorijos","embeddable":true,"href":"https:\/\/happyinaknit.com\/en\/wp-json\/wp\/v2\/pro-kategorijos?post=6112"}],"curies":[{"name":"wp","href":"https:\/\/api.w.org\/{rel}","templated":true}]}}