{"id":6104,"date":"2025-10-18T22:29:59","date_gmt":"2025-10-18T22:29:59","guid":{"rendered":"https:\/\/happyinaknit.com\/?post_type=product&#038;p=6104"},"modified":"2026-03-28T15:35:13","modified_gmt":"2026-03-28T15:35:13","slug":"lantern-moon-360-rotacinis-valas-virbalams","status":"publish","type":"product","link":"https:\/\/happyinaknit.com\/en\/product\/lantern-moon-360-rotacinis-valas-virbalams\/","title":{"rendered":"Lantern Moon 360\u00b0 Rotating Cable for Interchangeable  Knitting Needles"},"content":{"rendered":"<p><i>Lantern Moon<\/i> The 360\u00b0 rotating lines are made of stainless steel with a nylon coating - they unwind easily, do not twist and allow the needles to rotate around their axis, ensuring maximum knitting comfort. The connection made of solid brass with a 24-carat gold-plated surface has a thread that allows you to easily and reliably screw the needles.<\/p>\n<p>The set includes everything you need for convenient use and safe storage.<\/p>\n<p><b>In the kit:<\/b><b><\/b><\/p>\n<p>\u20222 360\u00b0 rotating lines for screw-in rods<\/p>\n<p>\u20222 nozzles<\/p>\n<p>\u20221 key<\/p>\n<p><b>Material:<\/b> stainless steel with nylon coating, brass with 24K gold<\/p>\n<p><b>Country of origin:<\/b> India<\/p>\n<p>Note: Color shades may vary slightly depending on your device&#039;s screen.<\/p>","protected":false},"excerpt":{"rendered":"<p>Lantern Moon 360\u00b0 rotaciniai valai pagaminti i\u0161 ner\u016bdijan\u010dio plieno su nailono danga \u2013 jie lengvai i\u0161sivynioja, nesusisuka ir leid\u017eia virbalams suktis aplink savo a\u0161\u012f, u\u017etikrinant maksimal\u0173 mezgimo patogum\u0105. Jungtis i\u0161 tvirtos \u017ealvario su 24 karat\u0173 auksu padengtu pavir\u0161iumi turi srieg\u012f, leid\u017eiant\u012f lengvai ir patikimai prisukti virbalus. Rinkin\u012f sudaro viskas, ko reikia patogiam naudojimui ir saugiam [&hellip;]<\/p>\n","protected":false},"featured_media":6095,"comment_status":"open","ping_status":"closed","template":"","meta":{"_acf_changed":false},"product_brand":[787],"product_cat":[15,19,864],"product_tag":[],"pro-kategorijos":[],"class_list":{"0":"post-6104","1":"product","2":"type-product","3":"status-publish","4":"has-post-thumbnail","6":"product_brand-lantern-moon","7":"product_cat-visi-produktai","8":"product_cat-mezgimo-priemones","9":"product_cat-valai-virbalams","11":"first","12":"instock","13":"shipping-taxable","14":"purchasable","15":"product-type-variable"},"acf":[],"yoast_head":"<!-- This site is optimized with the Yoast SEO plugin v26.8 - https:\/\/yoast.com\/product\/yoast-seo-wordpress\/ -->\n<title>Lantern Moon 360\u00b0 Rotacinis Valas Virbalams - Happyinaknit.com<\/title>\n<meta name=\"robots\" content=\"index, follow, max-snippet:-1, max-image-preview:large, max-video-preview:-1\" \/>\n<link rel=\"canonical\" href=\"https:\/\/happyinaknit.com\/en\/product\/lantern-moon-360-rotacinis-valas-virbalams\/\" \/>\n<meta property=\"og:locale\" content=\"en_US\" \/>\n<meta property=\"og:type\" content=\"article\" \/>\n<meta property=\"og:title\" content=\"Lantern Moon 360\u00b0 Rotacinis Valas Virbalams - Happyinaknit.com\" \/>\n<meta property=\"og:description\" content=\"Lantern Moon 360\u00b0 rotaciniai valai pagaminti i\u0161 ner\u016bdijan\u010dio plieno su nailono danga \u2013 jie lengvai i\u0161sivynioja, nesusisuka ir leid\u017eia virbalams suktis aplink savo a\u0161\u012f, u\u017etikrinant maksimal\u0173 mezgimo patogum\u0105. Jungtis i\u0161 tvirtos \u017ealvario su 24 karat\u0173 auksu padengtu pavir\u0161iumi turi srieg\u012f, leid\u017eiant\u012f lengvai ir patikimai prisukti virbalus. Rinkin\u012f sudaro viskas, ko reikia patogiam naudojimui ir saugiam [&hellip;]\" \/>\n<meta property=\"og:url\" content=\"https:\/\/happyinaknit.com\/en\/product\/lantern-moon-360-rotacinis-valas-virbalams\/\" \/>\n<meta property=\"og:site_name\" content=\"Happyinaknit.com\" \/>\n<meta property=\"article:modified_time\" content=\"2026-03-28T15:35:13+00:00\" \/>\n<meta property=\"og:image\" content=\"https:\/\/happyinaknit.com\/wp-content\/uploads\/2025\/10\/KP350601_800x800.jpg.webp\" \/>\n\t<meta property=\"og:image:width\" content=\"800\" \/>\n\t<meta property=\"og:image:height\" content=\"800\" \/>\n\t<meta property=\"og:image:type\" content=\"image\/webp\" \/>\n<meta name=\"twitter:card\" content=\"summary_large_image\" \/>\n<script type=\"application\/ld+json\" class=\"yoast-schema-graph\">{\"@context\":\"https:\/\/schema.org\",\"@graph\":[{\"@type\":\"WebPage\",\"@id\":\"https:\/\/happyinaknit.com\/produktas\/lantern-moon-360-rotacinis-valas-virbalams\/\",\"url\":\"https:\/\/happyinaknit.com\/produktas\/lantern-moon-360-rotacinis-valas-virbalams\/\",\"name\":\"Lantern Moon 360\u00b0 Rotacinis Valas Virbalams - Happyinaknit.com\",\"isPartOf\":{\"@id\":\"https:\/\/happyinaknit.com\/lt\/#website\"},\"primaryImageOfPage\":{\"@id\":\"https:\/\/happyinaknit.com\/produktas\/lantern-moon-360-rotacinis-valas-virbalams\/#primaryimage\"},\"image\":{\"@id\":\"https:\/\/happyinaknit.com\/produktas\/lantern-moon-360-rotacinis-valas-virbalams\/#primaryimage\"},\"thumbnailUrl\":\"https:\/\/happyinaknit.com\/wp-content\/uploads\/2025\/10\/KP350601_800x800.jpg.webp\",\"datePublished\":\"2025-10-18T22:29:59+00:00\",\"dateModified\":\"2026-03-28T15:35:13+00:00\",\"breadcrumb\":{\"@id\":\"https:\/\/happyinaknit.com\/produktas\/lantern-moon-360-rotacinis-valas-virbalams\/#breadcrumb\"},\"inLanguage\":\"en-US\",\"potentialAction\":[{\"@type\":\"ReadAction\",\"target\":[\"https:\/\/happyinaknit.com\/produktas\/lantern-moon-360-rotacinis-valas-virbalams\/\"]}]},{\"@type\":\"ImageObject\",\"inLanguage\":\"en-US\",\"@id\":\"https:\/\/happyinaknit.com\/produktas\/lantern-moon-360-rotacinis-valas-virbalams\/#primaryimage\",\"url\":\"https:\/\/happyinaknit.com\/wp-content\/uploads\/2025\/10\/KP350601_800x800.jpg.webp\",\"contentUrl\":\"https:\/\/happyinaknit.com\/wp-content\/uploads\/2025\/10\/KP350601_800x800.jpg.webp\",\"width\":800,\"height\":800},{\"@type\":\"BreadcrumbList\",\"@id\":\"https:\/\/happyinaknit.com\/produktas\/lantern-moon-360-rotacinis-valas-virbalams\/#breadcrumb\",\"itemListElement\":[{\"@type\":\"ListItem\",\"position\":1,\"name\":\"Home\",\"item\":\"https:\/\/happyinaknit.com\/lt\/\"},{\"@type\":\"ListItem\",\"position\":2,\"name\":\"Parduotuv\u0117\",\"item\":\"https:\/\/happyinaknit.com\/lt\/parduotuve\/\"},{\"@type\":\"ListItem\",\"position\":3,\"name\":\"Lantern Moon 360\u00b0 Rotacinis Valas Virbalams\"}]},{\"@type\":\"WebSite\",\"@id\":\"https:\/\/happyinaknit.com\/lt\/#website\",\"url\":\"https:\/\/happyinaknit.com\/lt\/\",\"name\":\"Happyinaknit.com\",\"description\":\"\",\"potentialAction\":[{\"@type\":\"SearchAction\",\"target\":{\"@type\":\"EntryPoint\",\"urlTemplate\":\"https:\/\/happyinaknit.com\/lt\/?s={search_term_string}\"},\"query-input\":{\"@type\":\"PropertyValueSpecification\",\"valueRequired\":true,\"valueName\":\"search_term_string\"}}],\"inLanguage\":\"en-US\"}]}<\/script>\n<!-- \/ Yoast SEO plugin. -->","yoast_head_json":{"title":"Lantern Moon 360\u00b0 Rotacinis Valas Virbalams - Happyinaknit.com","robots":{"index":"index","follow":"follow","max-snippet":"max-snippet:-1","max-image-preview":"max-image-preview:large","max-video-preview":"max-video-preview:-1"},"canonical":"https:\/\/happyinaknit.com\/en\/product\/lantern-moon-360-rotacinis-valas-virbalams\/","og_locale":"en_US","og_type":"article","og_title":"Lantern Moon 360\u00b0 Rotacinis Valas Virbalams - Happyinaknit.com","og_description":"Lantern Moon 360\u00b0 rotaciniai valai pagaminti i\u0161 ner\u016bdijan\u010dio plieno su nailono danga \u2013 jie lengvai i\u0161sivynioja, nesusisuka ir leid\u017eia virbalams suktis aplink savo a\u0161\u012f, u\u017etikrinant maksimal\u0173 mezgimo patogum\u0105. Jungtis i\u0161 tvirtos \u017ealvario su 24 karat\u0173 auksu padengtu pavir\u0161iumi turi srieg\u012f, leid\u017eiant\u012f lengvai ir patikimai prisukti virbalus. Rinkin\u012f sudaro viskas, ko reikia patogiam naudojimui ir saugiam [&hellip;]","og_url":"https:\/\/happyinaknit.com\/en\/product\/lantern-moon-360-rotacinis-valas-virbalams\/","og_site_name":"Happyinaknit.com","article_modified_time":"2026-03-28T15:35:13+00:00","og_image":[{"width":800,"height":800,"url":"https:\/\/happyinaknit.com\/wp-content\/uploads\/2025\/10\/KP350601_800x800.jpg.webp","type":"image\/webp"}],"twitter_card":"summary_large_image","schema":{"@context":"https:\/\/schema.org","@graph":[{"@type":"WebPage","@id":"https:\/\/happyinaknit.com\/produktas\/lantern-moon-360-rotacinis-valas-virbalams\/","url":"https:\/\/happyinaknit.com\/produktas\/lantern-moon-360-rotacinis-valas-virbalams\/","name":"Lantern Moon 360\u00b0 Rotacinis Valas Virbalams - Happyinaknit.com","isPartOf":{"@id":"https:\/\/happyinaknit.com\/lt\/#website"},"primaryImageOfPage":{"@id":"https:\/\/happyinaknit.com\/produktas\/lantern-moon-360-rotacinis-valas-virbalams\/#primaryimage"},"image":{"@id":"https:\/\/happyinaknit.com\/produktas\/lantern-moon-360-rotacinis-valas-virbalams\/#primaryimage"},"thumbnailUrl":"https:\/\/happyinaknit.com\/wp-content\/uploads\/2025\/10\/KP350601_800x800.jpg.webp","datePublished":"2025-10-18T22:29:59+00:00","dateModified":"2026-03-28T15:35:13+00:00","breadcrumb":{"@id":"https:\/\/happyinaknit.com\/produktas\/lantern-moon-360-rotacinis-valas-virbalams\/#breadcrumb"},"inLanguage":"en-US","potentialAction":[{"@type":"ReadAction","target":["https:\/\/happyinaknit.com\/produktas\/lantern-moon-360-rotacinis-valas-virbalams\/"]}]},{"@type":"ImageObject","inLanguage":"en-US","@id":"https:\/\/happyinaknit.com\/produktas\/lantern-moon-360-rotacinis-valas-virbalams\/#primaryimage","url":"https:\/\/happyinaknit.com\/wp-content\/uploads\/2025\/10\/KP350601_800x800.jpg.webp","contentUrl":"https:\/\/happyinaknit.com\/wp-content\/uploads\/2025\/10\/KP350601_800x800.jpg.webp","width":800,"height":800},{"@type":"BreadcrumbList","@id":"https:\/\/happyinaknit.com\/produktas\/lantern-moon-360-rotacinis-valas-virbalams\/#breadcrumb","itemListElement":[{"@type":"ListItem","position":1,"name":"Home","item":"https:\/\/happyinaknit.com\/lt\/"},{"@type":"ListItem","position":2,"name":"Parduotuv\u0117","item":"https:\/\/happyinaknit.com\/lt\/parduotuve\/"},{"@type":"ListItem","position":3,"name":"Lantern Moon 360\u00b0 Rotacinis Valas Virbalams"}]},{"@type":"WebSite","@id":"https:\/\/happyinaknit.com\/lt\/#website","url":"https:\/\/happyinaknit.com\/lt\/","name":"Happyinaknit.com","description":"","potentialAction":[{"@type":"SearchAction","target":{"@type":"EntryPoint","urlTemplate":"https:\/\/happyinaknit.com\/lt\/?s={search_term_string}"},"query-input":{"@type":"PropertyValueSpecification","valueRequired":true,"valueName":"search_term_string"}}],"inLanguage":"en-US"}]}},"_links":{"self":[{"href":"https:\/\/happyinaknit.com\/en\/wp-json\/wp\/v2\/product\/6104","targetHints":{"allow":["GET"]}}],"collection":[{"href":"https:\/\/happyinaknit.com\/en\/wp-json\/wp\/v2\/product"}],"about":[{"href":"https:\/\/happyinaknit.com\/en\/wp-json\/wp\/v2\/types\/product"}],"replies":[{"embeddable":true,"href":"https:\/\/happyinaknit.com\/en\/wp-json\/wp\/v2\/comments?post=6104"}],"wp:featuredmedia":[{"embeddable":true,"href":"https:\/\/happyinaknit.com\/en\/wp-json\/wp\/v2\/media\/6095"}],"wp:attachment":[{"href":"https:\/\/happyinaknit.com\/en\/wp-json\/wp\/v2\/media?parent=6104"}],"wp:term":[{"taxonomy":"product_brand","embeddable":true,"href":"https:\/\/happyinaknit.com\/en\/wp-json\/wp\/v2\/product_brand?post=6104"},{"taxonomy":"product_cat","embeddable":true,"href":"https:\/\/happyinaknit.com\/en\/wp-json\/wp\/v2\/product_cat?post=6104"},{"taxonomy":"product_tag","embeddable":true,"href":"https:\/\/happyinaknit.com\/en\/wp-json\/wp\/v2\/product_tag?post=6104"},{"taxonomy":"pro-kategorijos","embeddable":true,"href":"https:\/\/happyinaknit.com\/en\/wp-json\/wp\/v2\/pro-kategorijos?post=6104"}],"curies":[{"name":"wp","href":"https:\/\/api.w.org\/{rel}","templated":true}]}}