{"id":6076,"date":"2025-10-18T21:58:49","date_gmt":"2025-10-18T21:58:49","guid":{"rendered":"https:\/\/happyinaknit.com\/?post_type=product&#038;p=6076"},"modified":"2026-03-17T19:24:29","modified_gmt":"2026-03-17T19:24:29","slug":"lantern-moon-prisukami-virbalai-13-cm","status":"publish","type":"product","link":"https:\/\/happyinaknit.com\/en\/product\/lantern-moon-prisukami-virbalai-13-cm\/","title":{"rendered":"Lantern Moon Interchangeable  Knitting Needles  13 cm"},"content":{"rendered":"<p><i>Lantern Moon<\/i> The screw-in needles are made of ebony wood, one of the most valuable and expensive types of wood in the world. This wood is characterized by exceptional strength, smooth surface and durability, so the needles glide extremely easily and ensure a pleasant knitting sensation.<\/p>\n<p>Each pair is carefully polished to a perfect smoothness. The needles are compatible with <i>Lantern Moon<\/i> for threaded rods, which ensure a safe, stable connection and comfortable work.<\/p>\n<p><b>Length:<\/b> 13 cm<\/p>\n<p><b>Material:<\/b> ebony tree (blackwood)<\/p>\n<p><b>Country of origin:<\/b> India<\/p>\n<p>Note: Color shades may vary slightly depending on your device&#039;s screen.<\/p>","protected":false},"excerpt":{"rendered":"<p>Lantern Moon prisukami virbalai pagaminti i\u0161 ebeno med\u017eio (juodmed\u017eio) \u2013 vienos i\u0161 vertingiausi\u0173 ir brangiausi\u0173 medienos r\u016b\u0161i\u0173 pasaulyje. \u0160i mediena pasi\u017eymi i\u0161skirtiniu tvirtumu, glotniu pavir\u0161iumi ir ilgaam\u017ei\u0161kumu, tod\u0117l virbalai slysta itin lengvai ir u\u017etikrina malon\u0173 mezgimo poj\u016bt\u012f. Kiekviena pora kruop\u0161\u010diai nu\u0161lifuota iki tobulos gludumo. Virbalai suderinami su Lantern Moon valais prisukamiems virbalams, kurie u\u017etikrina saug\u0173, [&hellip;]<\/p>\n","protected":false},"featured_media":6042,"comment_status":"open","ping_status":"closed","template":"","meta":{"_acf_changed":false},"product_brand":[787],"product_cat":[15,19,863],"product_tag":[],"pro-kategorijos":[],"class_list":{"0":"post-6076","1":"product","2":"type-product","3":"status-publish","4":"has-post-thumbnail","6":"product_brand-lantern-moon","7":"product_cat-visi-produktai","8":"product_cat-mezgimo-priemones","9":"product_cat-prisukami-virbalai","11":"first","12":"instock","13":"shipping-taxable","14":"purchasable","15":"product-type-variable"},"acf":[],"yoast_head":"<!-- This site is optimized with the Yoast SEO plugin v26.8 - https:\/\/yoast.com\/product\/yoast-seo-wordpress\/ -->\n<title>Lantern Moon Prisukami Virbalai 13 cm - Happyinaknit.com<\/title>\n<meta name=\"robots\" content=\"index, follow, max-snippet:-1, max-image-preview:large, max-video-preview:-1\" \/>\n<link rel=\"canonical\" href=\"https:\/\/happyinaknit.com\/en\/product\/lantern-moon-prisukami-virbalai-13-cm\/\" \/>\n<meta property=\"og:locale\" content=\"en_US\" \/>\n<meta property=\"og:type\" content=\"article\" \/>\n<meta property=\"og:title\" content=\"Lantern Moon Prisukami Virbalai 13 cm - Happyinaknit.com\" \/>\n<meta property=\"og:description\" content=\"Lantern Moon prisukami virbalai pagaminti i\u0161 ebeno med\u017eio (juodmed\u017eio) \u2013 vienos i\u0161 vertingiausi\u0173 ir brangiausi\u0173 medienos r\u016b\u0161i\u0173 pasaulyje. \u0160i mediena pasi\u017eymi i\u0161skirtiniu tvirtumu, glotniu pavir\u0161iumi ir ilgaam\u017ei\u0161kumu, tod\u0117l virbalai slysta itin lengvai ir u\u017etikrina malon\u0173 mezgimo poj\u016bt\u012f. Kiekviena pora kruop\u0161\u010diai nu\u0161lifuota iki tobulos gludumo. Virbalai suderinami su Lantern Moon valais prisukamiems virbalams, kurie u\u017etikrina saug\u0173, [&hellip;]\" \/>\n<meta property=\"og:url\" content=\"https:\/\/happyinaknit.com\/en\/product\/lantern-moon-prisukami-virbalai-13-cm\/\" \/>\n<meta property=\"og:site_name\" content=\"Happyinaknit.com\" \/>\n<meta property=\"article:modified_time\" content=\"2026-03-17T19:24:29+00:00\" \/>\n<meta property=\"og:image\" content=\"https:\/\/happyinaknit.com\/wp-content\/uploads\/2025\/10\/interchangeable-needles-2-600x600.jpg.webp\" \/>\n\t<meta property=\"og:image:width\" content=\"600\" \/>\n\t<meta property=\"og:image:height\" content=\"600\" \/>\n\t<meta property=\"og:image:type\" content=\"image\/webp\" \/>\n<meta name=\"twitter:card\" content=\"summary_large_image\" \/>\n<script type=\"application\/ld+json\" class=\"yoast-schema-graph\">{\"@context\":\"https:\/\/schema.org\",\"@graph\":[{\"@type\":\"WebPage\",\"@id\":\"https:\/\/happyinaknit.com\/produktas\/lantern-moon-prisukami-virbalai-13-cm\/\",\"url\":\"https:\/\/happyinaknit.com\/produktas\/lantern-moon-prisukami-virbalai-13-cm\/\",\"name\":\"Lantern Moon Prisukami Virbalai 13 cm - Happyinaknit.com\",\"isPartOf\":{\"@id\":\"https:\/\/happyinaknit.com\/lt\/#website\"},\"primaryImageOfPage\":{\"@id\":\"https:\/\/happyinaknit.com\/produktas\/lantern-moon-prisukami-virbalai-13-cm\/#primaryimage\"},\"image\":{\"@id\":\"https:\/\/happyinaknit.com\/produktas\/lantern-moon-prisukami-virbalai-13-cm\/#primaryimage\"},\"thumbnailUrl\":\"https:\/\/happyinaknit.com\/wp-content\/uploads\/2025\/10\/interchangeable-needles-2-600x600.jpg.webp\",\"datePublished\":\"2025-10-18T21:58:49+00:00\",\"dateModified\":\"2026-03-17T19:24:29+00:00\",\"breadcrumb\":{\"@id\":\"https:\/\/happyinaknit.com\/produktas\/lantern-moon-prisukami-virbalai-13-cm\/#breadcrumb\"},\"inLanguage\":\"en-US\",\"potentialAction\":[{\"@type\":\"ReadAction\",\"target\":[\"https:\/\/happyinaknit.com\/produktas\/lantern-moon-prisukami-virbalai-13-cm\/\"]}]},{\"@type\":\"ImageObject\",\"inLanguage\":\"en-US\",\"@id\":\"https:\/\/happyinaknit.com\/produktas\/lantern-moon-prisukami-virbalai-13-cm\/#primaryimage\",\"url\":\"https:\/\/happyinaknit.com\/wp-content\/uploads\/2025\/10\/interchangeable-needles-2-600x600.jpg.webp\",\"contentUrl\":\"https:\/\/happyinaknit.com\/wp-content\/uploads\/2025\/10\/interchangeable-needles-2-600x600.jpg.webp\",\"width\":600,\"height\":600},{\"@type\":\"BreadcrumbList\",\"@id\":\"https:\/\/happyinaknit.com\/produktas\/lantern-moon-prisukami-virbalai-13-cm\/#breadcrumb\",\"itemListElement\":[{\"@type\":\"ListItem\",\"position\":1,\"name\":\"Home\",\"item\":\"https:\/\/happyinaknit.com\/lt\/\"},{\"@type\":\"ListItem\",\"position\":2,\"name\":\"Parduotuv\u0117\",\"item\":\"https:\/\/happyinaknit.com\/lt\/parduotuve\/\"},{\"@type\":\"ListItem\",\"position\":3,\"name\":\"Lantern Moon Prisukami Virbalai 13 cm\"}]},{\"@type\":\"WebSite\",\"@id\":\"https:\/\/happyinaknit.com\/lt\/#website\",\"url\":\"https:\/\/happyinaknit.com\/lt\/\",\"name\":\"Happyinaknit.com\",\"description\":\"\",\"potentialAction\":[{\"@type\":\"SearchAction\",\"target\":{\"@type\":\"EntryPoint\",\"urlTemplate\":\"https:\/\/happyinaknit.com\/lt\/?s={search_term_string}\"},\"query-input\":{\"@type\":\"PropertyValueSpecification\",\"valueRequired\":true,\"valueName\":\"search_term_string\"}}],\"inLanguage\":\"en-US\"}]}<\/script>\n<!-- \/ Yoast SEO plugin. -->","yoast_head_json":{"title":"Lantern Moon Prisukami Virbalai 13 cm - Happyinaknit.com","robots":{"index":"index","follow":"follow","max-snippet":"max-snippet:-1","max-image-preview":"max-image-preview:large","max-video-preview":"max-video-preview:-1"},"canonical":"https:\/\/happyinaknit.com\/en\/product\/lantern-moon-prisukami-virbalai-13-cm\/","og_locale":"en_US","og_type":"article","og_title":"Lantern Moon Prisukami Virbalai 13 cm - Happyinaknit.com","og_description":"Lantern Moon prisukami virbalai pagaminti i\u0161 ebeno med\u017eio (juodmed\u017eio) \u2013 vienos i\u0161 vertingiausi\u0173 ir brangiausi\u0173 medienos r\u016b\u0161i\u0173 pasaulyje. \u0160i mediena pasi\u017eymi i\u0161skirtiniu tvirtumu, glotniu pavir\u0161iumi ir ilgaam\u017ei\u0161kumu, tod\u0117l virbalai slysta itin lengvai ir u\u017etikrina malon\u0173 mezgimo poj\u016bt\u012f. Kiekviena pora kruop\u0161\u010diai nu\u0161lifuota iki tobulos gludumo. Virbalai suderinami su Lantern Moon valais prisukamiems virbalams, kurie u\u017etikrina saug\u0173, [&hellip;]","og_url":"https:\/\/happyinaknit.com\/en\/product\/lantern-moon-prisukami-virbalai-13-cm\/","og_site_name":"Happyinaknit.com","article_modified_time":"2026-03-17T19:24:29+00:00","og_image":[{"width":600,"height":600,"url":"https:\/\/happyinaknit.com\/wp-content\/uploads\/2025\/10\/interchangeable-needles-2-600x600.jpg.webp","type":"image\/webp"}],"twitter_card":"summary_large_image","schema":{"@context":"https:\/\/schema.org","@graph":[{"@type":"WebPage","@id":"https:\/\/happyinaknit.com\/produktas\/lantern-moon-prisukami-virbalai-13-cm\/","url":"https:\/\/happyinaknit.com\/produktas\/lantern-moon-prisukami-virbalai-13-cm\/","name":"Lantern Moon Prisukami Virbalai 13 cm - Happyinaknit.com","isPartOf":{"@id":"https:\/\/happyinaknit.com\/lt\/#website"},"primaryImageOfPage":{"@id":"https:\/\/happyinaknit.com\/produktas\/lantern-moon-prisukami-virbalai-13-cm\/#primaryimage"},"image":{"@id":"https:\/\/happyinaknit.com\/produktas\/lantern-moon-prisukami-virbalai-13-cm\/#primaryimage"},"thumbnailUrl":"https:\/\/happyinaknit.com\/wp-content\/uploads\/2025\/10\/interchangeable-needles-2-600x600.jpg.webp","datePublished":"2025-10-18T21:58:49+00:00","dateModified":"2026-03-17T19:24:29+00:00","breadcrumb":{"@id":"https:\/\/happyinaknit.com\/produktas\/lantern-moon-prisukami-virbalai-13-cm\/#breadcrumb"},"inLanguage":"en-US","potentialAction":[{"@type":"ReadAction","target":["https:\/\/happyinaknit.com\/produktas\/lantern-moon-prisukami-virbalai-13-cm\/"]}]},{"@type":"ImageObject","inLanguage":"en-US","@id":"https:\/\/happyinaknit.com\/produktas\/lantern-moon-prisukami-virbalai-13-cm\/#primaryimage","url":"https:\/\/happyinaknit.com\/wp-content\/uploads\/2025\/10\/interchangeable-needles-2-600x600.jpg.webp","contentUrl":"https:\/\/happyinaknit.com\/wp-content\/uploads\/2025\/10\/interchangeable-needles-2-600x600.jpg.webp","width":600,"height":600},{"@type":"BreadcrumbList","@id":"https:\/\/happyinaknit.com\/produktas\/lantern-moon-prisukami-virbalai-13-cm\/#breadcrumb","itemListElement":[{"@type":"ListItem","position":1,"name":"Home","item":"https:\/\/happyinaknit.com\/lt\/"},{"@type":"ListItem","position":2,"name":"Parduotuv\u0117","item":"https:\/\/happyinaknit.com\/lt\/parduotuve\/"},{"@type":"ListItem","position":3,"name":"Lantern Moon Prisukami Virbalai 13 cm"}]},{"@type":"WebSite","@id":"https:\/\/happyinaknit.com\/lt\/#website","url":"https:\/\/happyinaknit.com\/lt\/","name":"Happyinaknit.com","description":"","potentialAction":[{"@type":"SearchAction","target":{"@type":"EntryPoint","urlTemplate":"https:\/\/happyinaknit.com\/lt\/?s={search_term_string}"},"query-input":{"@type":"PropertyValueSpecification","valueRequired":true,"valueName":"search_term_string"}}],"inLanguage":"en-US"}]}},"_links":{"self":[{"href":"https:\/\/happyinaknit.com\/en\/wp-json\/wp\/v2\/product\/6076","targetHints":{"allow":["GET"]}}],"collection":[{"href":"https:\/\/happyinaknit.com\/en\/wp-json\/wp\/v2\/product"}],"about":[{"href":"https:\/\/happyinaknit.com\/en\/wp-json\/wp\/v2\/types\/product"}],"replies":[{"embeddable":true,"href":"https:\/\/happyinaknit.com\/en\/wp-json\/wp\/v2\/comments?post=6076"}],"wp:featuredmedia":[{"embeddable":true,"href":"https:\/\/happyinaknit.com\/en\/wp-json\/wp\/v2\/media\/6042"}],"wp:attachment":[{"href":"https:\/\/happyinaknit.com\/en\/wp-json\/wp\/v2\/media?parent=6076"}],"wp:term":[{"taxonomy":"product_brand","embeddable":true,"href":"https:\/\/happyinaknit.com\/en\/wp-json\/wp\/v2\/product_brand?post=6076"},{"taxonomy":"product_cat","embeddable":true,"href":"https:\/\/happyinaknit.com\/en\/wp-json\/wp\/v2\/product_cat?post=6076"},{"taxonomy":"product_tag","embeddable":true,"href":"https:\/\/happyinaknit.com\/en\/wp-json\/wp\/v2\/product_tag?post=6076"},{"taxonomy":"pro-kategorijos","embeddable":true,"href":"https:\/\/happyinaknit.com\/en\/wp-json\/wp\/v2\/pro-kategorijos?post=6076"}],"curies":[{"name":"wp","href":"https:\/\/api.w.org\/{rel}","templated":true}]}}