{"id":6037,"date":"2025-10-18T21:29:45","date_gmt":"2025-10-18T21:29:45","guid":{"rendered":"https:\/\/happyinaknit.com\/?post_type=product&#038;p=6037"},"modified":"2025-10-18T21:36:23","modified_gmt":"2025-10-18T21:36:23","slug":"lantern-moon-virbalai-su-valu-40-cm","status":"publish","type":"product","link":"https:\/\/happyinaknit.com\/en\/product\/lantern-moon-virbalai-su-valu-40-cm\/","title":{"rendered":"Lantern Moon Circular Knitting Needles  40 cm"},"content":{"rendered":"<p><strong>Lantern Moon<\/strong> The knitting needles with a shaft are made of natural, highest quality material \u2013 ebony wood, which is considered one of the most valuable and expensive types of wood in the world. It is an extremely strong, smooth and durable wood, used to create knitting needles, hooks and other knitting accessories.<\/p>\n<p>These needles ensure smooth knitting - the yarn glides easily over the surface, and the flexible, durable line provides convenience when knitting products with a smaller perimeter, such as hats or sleeves.<\/p>\n<p><b>Total length:<\/b> 40 cm<\/p>\n<p><b>Material:<\/b> ebony tree (blackwood)<\/p>\n<p><b>Country of origin:<\/b> India<\/p>\n<p>Note: Color shades may vary slightly depending on your device&#039;s screen.<\/p>","protected":false},"excerpt":{"rendered":"<p>Lantern Moon virbalai su valu pagaminti i\u0161 nat\u016bralios, auk\u0161\u010diausios kokyb\u0117s med\u017eiagos \u2013 ebeno med\u017eio (juodmed\u017eio), kuris laikomas viena i\u0161 vertingiausi\u0173 ir brangiausi\u0173 medienos r\u016b\u0161i\u0173 pasaulyje. Tai itin tvirta, glotni ir ilgaam\u017e\u0117 mediena, naudojama kuriant virbalus, v\u0105\u0161elius ir kitus mezgimo aksesuarus. \u0160ie virbalai u\u017etikrina skland\u0173 mezgim\u0105 \u2013 si\u016blai lengvai slysta pavir\u0161iumi, o lankstus, patvarus valas suteikia [&hellip;]<\/p>\n","protected":false},"featured_media":6050,"comment_status":"open","ping_status":"closed","template":"","meta":{"_acf_changed":false},"product_brand":[787],"product_cat":[15,19,862],"product_tag":[],"pro-kategorijos":[],"class_list":{"0":"post-6037","1":"product","2":"type-product","3":"status-publish","4":"has-post-thumbnail","6":"product_brand-lantern-moon","7":"product_cat-visi-produktai","8":"product_cat-mezgimo-priemones","9":"product_cat-virbalai-su-valu","11":"first","12":"instock","13":"shipping-taxable","14":"purchasable","15":"product-type-variable"},"acf":[],"yoast_head":"<!-- This site is optimized with the Yoast SEO plugin v26.8 - https:\/\/yoast.com\/product\/yoast-seo-wordpress\/ -->\n<title>Lantern Moon Virbalai Su Valu 40 cm - Happyinaknit.com<\/title>\n<meta name=\"robots\" content=\"index, follow, max-snippet:-1, max-image-preview:large, max-video-preview:-1\" \/>\n<link rel=\"canonical\" href=\"https:\/\/happyinaknit.com\/en\/product\/lantern-moon-virbalai-su-valu-40-cm\/\" \/>\n<meta property=\"og:locale\" content=\"en_US\" \/>\n<meta property=\"og:type\" content=\"article\" \/>\n<meta property=\"og:title\" content=\"Lantern Moon Virbalai Su Valu 40 cm - Happyinaknit.com\" \/>\n<meta property=\"og:description\" content=\"Lantern Moon virbalai su valu pagaminti i\u0161 nat\u016bralios, auk\u0161\u010diausios kokyb\u0117s med\u017eiagos \u2013 ebeno med\u017eio (juodmed\u017eio), kuris laikomas viena i\u0161 vertingiausi\u0173 ir brangiausi\u0173 medienos r\u016b\u0161i\u0173 pasaulyje. Tai itin tvirta, glotni ir ilgaam\u017e\u0117 mediena, naudojama kuriant virbalus, v\u0105\u0161elius ir kitus mezgimo aksesuarus. \u0160ie virbalai u\u017etikrina skland\u0173 mezgim\u0105 \u2013 si\u016blai lengvai slysta pavir\u0161iumi, o lankstus, patvarus valas suteikia [&hellip;]\" \/>\n<meta property=\"og:url\" content=\"https:\/\/happyinaknit.com\/en\/product\/lantern-moon-virbalai-su-valu-40-cm\/\" \/>\n<meta property=\"og:site_name\" content=\"Happyinaknit.com\" \/>\n<meta property=\"article:modified_time\" content=\"2025-10-18T21:36:23+00:00\" \/>\n<meta property=\"og:image\" content=\"https:\/\/happyinaknit.com\/wp-content\/uploads\/2025\/10\/s-l500.jpg\" \/>\n\t<meta property=\"og:image:width\" content=\"500\" \/>\n\t<meta property=\"og:image:height\" content=\"500\" \/>\n\t<meta property=\"og:image:type\" content=\"image\/jpeg\" \/>\n<meta name=\"twitter:card\" content=\"summary_large_image\" \/>\n<script type=\"application\/ld+json\" class=\"yoast-schema-graph\">{\"@context\":\"https:\/\/schema.org\",\"@graph\":[{\"@type\":\"WebPage\",\"@id\":\"https:\/\/happyinaknit.com\/produktas\/lantern-moon-virbalai-su-valu-40-cm\/\",\"url\":\"https:\/\/happyinaknit.com\/produktas\/lantern-moon-virbalai-su-valu-40-cm\/\",\"name\":\"Lantern Moon Virbalai Su Valu 40 cm - Happyinaknit.com\",\"isPartOf\":{\"@id\":\"https:\/\/happyinaknit.com\/lt\/#website\"},\"primaryImageOfPage\":{\"@id\":\"https:\/\/happyinaknit.com\/produktas\/lantern-moon-virbalai-su-valu-40-cm\/#primaryimage\"},\"image\":{\"@id\":\"https:\/\/happyinaknit.com\/produktas\/lantern-moon-virbalai-su-valu-40-cm\/#primaryimage\"},\"thumbnailUrl\":\"https:\/\/happyinaknit.com\/wp-content\/uploads\/2025\/10\/s-l500.jpg\",\"datePublished\":\"2025-10-18T21:29:45+00:00\",\"dateModified\":\"2025-10-18T21:36:23+00:00\",\"breadcrumb\":{\"@id\":\"https:\/\/happyinaknit.com\/produktas\/lantern-moon-virbalai-su-valu-40-cm\/#breadcrumb\"},\"inLanguage\":\"en-US\",\"potentialAction\":[{\"@type\":\"ReadAction\",\"target\":[\"https:\/\/happyinaknit.com\/produktas\/lantern-moon-virbalai-su-valu-40-cm\/\"]}]},{\"@type\":\"ImageObject\",\"inLanguage\":\"en-US\",\"@id\":\"https:\/\/happyinaknit.com\/produktas\/lantern-moon-virbalai-su-valu-40-cm\/#primaryimage\",\"url\":\"https:\/\/happyinaknit.com\/wp-content\/uploads\/2025\/10\/s-l500.jpg\",\"contentUrl\":\"https:\/\/happyinaknit.com\/wp-content\/uploads\/2025\/10\/s-l500.jpg\",\"width\":500,\"height\":500},{\"@type\":\"BreadcrumbList\",\"@id\":\"https:\/\/happyinaknit.com\/produktas\/lantern-moon-virbalai-su-valu-40-cm\/#breadcrumb\",\"itemListElement\":[{\"@type\":\"ListItem\",\"position\":1,\"name\":\"Home\",\"item\":\"https:\/\/happyinaknit.com\/lt\/\"},{\"@type\":\"ListItem\",\"position\":2,\"name\":\"Parduotuv\u0117\",\"item\":\"https:\/\/happyinaknit.com\/lt\/parduotuve\/\"},{\"@type\":\"ListItem\",\"position\":3,\"name\":\"Lantern Moon Virbalai Su Valu 40 cm\"}]},{\"@type\":\"WebSite\",\"@id\":\"https:\/\/happyinaknit.com\/lt\/#website\",\"url\":\"https:\/\/happyinaknit.com\/lt\/\",\"name\":\"Happyinaknit.com\",\"description\":\"\",\"potentialAction\":[{\"@type\":\"SearchAction\",\"target\":{\"@type\":\"EntryPoint\",\"urlTemplate\":\"https:\/\/happyinaknit.com\/lt\/?s={search_term_string}\"},\"query-input\":{\"@type\":\"PropertyValueSpecification\",\"valueRequired\":true,\"valueName\":\"search_term_string\"}}],\"inLanguage\":\"en-US\"}]}<\/script>\n<!-- \/ Yoast SEO plugin. -->","yoast_head_json":{"title":"Lantern Moon Virbalai Su Valu 40 cm - Happyinaknit.com","robots":{"index":"index","follow":"follow","max-snippet":"max-snippet:-1","max-image-preview":"max-image-preview:large","max-video-preview":"max-video-preview:-1"},"canonical":"https:\/\/happyinaknit.com\/en\/product\/lantern-moon-virbalai-su-valu-40-cm\/","og_locale":"en_US","og_type":"article","og_title":"Lantern Moon Virbalai Su Valu 40 cm - Happyinaknit.com","og_description":"Lantern Moon virbalai su valu pagaminti i\u0161 nat\u016bralios, auk\u0161\u010diausios kokyb\u0117s med\u017eiagos \u2013 ebeno med\u017eio (juodmed\u017eio), kuris laikomas viena i\u0161 vertingiausi\u0173 ir brangiausi\u0173 medienos r\u016b\u0161i\u0173 pasaulyje. Tai itin tvirta, glotni ir ilgaam\u017e\u0117 mediena, naudojama kuriant virbalus, v\u0105\u0161elius ir kitus mezgimo aksesuarus. \u0160ie virbalai u\u017etikrina skland\u0173 mezgim\u0105 \u2013 si\u016blai lengvai slysta pavir\u0161iumi, o lankstus, patvarus valas suteikia [&hellip;]","og_url":"https:\/\/happyinaknit.com\/en\/product\/lantern-moon-virbalai-su-valu-40-cm\/","og_site_name":"Happyinaknit.com","article_modified_time":"2025-10-18T21:36:23+00:00","og_image":[{"width":500,"height":500,"url":"https:\/\/happyinaknit.com\/wp-content\/uploads\/2025\/10\/s-l500.jpg","type":"image\/jpeg"}],"twitter_card":"summary_large_image","schema":{"@context":"https:\/\/schema.org","@graph":[{"@type":"WebPage","@id":"https:\/\/happyinaknit.com\/produktas\/lantern-moon-virbalai-su-valu-40-cm\/","url":"https:\/\/happyinaknit.com\/produktas\/lantern-moon-virbalai-su-valu-40-cm\/","name":"Lantern Moon Virbalai Su Valu 40 cm - Happyinaknit.com","isPartOf":{"@id":"https:\/\/happyinaknit.com\/lt\/#website"},"primaryImageOfPage":{"@id":"https:\/\/happyinaknit.com\/produktas\/lantern-moon-virbalai-su-valu-40-cm\/#primaryimage"},"image":{"@id":"https:\/\/happyinaknit.com\/produktas\/lantern-moon-virbalai-su-valu-40-cm\/#primaryimage"},"thumbnailUrl":"https:\/\/happyinaknit.com\/wp-content\/uploads\/2025\/10\/s-l500.jpg","datePublished":"2025-10-18T21:29:45+00:00","dateModified":"2025-10-18T21:36:23+00:00","breadcrumb":{"@id":"https:\/\/happyinaknit.com\/produktas\/lantern-moon-virbalai-su-valu-40-cm\/#breadcrumb"},"inLanguage":"en-US","potentialAction":[{"@type":"ReadAction","target":["https:\/\/happyinaknit.com\/produktas\/lantern-moon-virbalai-su-valu-40-cm\/"]}]},{"@type":"ImageObject","inLanguage":"en-US","@id":"https:\/\/happyinaknit.com\/produktas\/lantern-moon-virbalai-su-valu-40-cm\/#primaryimage","url":"https:\/\/happyinaknit.com\/wp-content\/uploads\/2025\/10\/s-l500.jpg","contentUrl":"https:\/\/happyinaknit.com\/wp-content\/uploads\/2025\/10\/s-l500.jpg","width":500,"height":500},{"@type":"BreadcrumbList","@id":"https:\/\/happyinaknit.com\/produktas\/lantern-moon-virbalai-su-valu-40-cm\/#breadcrumb","itemListElement":[{"@type":"ListItem","position":1,"name":"Home","item":"https:\/\/happyinaknit.com\/lt\/"},{"@type":"ListItem","position":2,"name":"Parduotuv\u0117","item":"https:\/\/happyinaknit.com\/lt\/parduotuve\/"},{"@type":"ListItem","position":3,"name":"Lantern Moon Virbalai Su Valu 40 cm"}]},{"@type":"WebSite","@id":"https:\/\/happyinaknit.com\/lt\/#website","url":"https:\/\/happyinaknit.com\/lt\/","name":"Happyinaknit.com","description":"","potentialAction":[{"@type":"SearchAction","target":{"@type":"EntryPoint","urlTemplate":"https:\/\/happyinaknit.com\/lt\/?s={search_term_string}"},"query-input":{"@type":"PropertyValueSpecification","valueRequired":true,"valueName":"search_term_string"}}],"inLanguage":"en-US"}]}},"_links":{"self":[{"href":"https:\/\/happyinaknit.com\/en\/wp-json\/wp\/v2\/product\/6037","targetHints":{"allow":["GET"]}}],"collection":[{"href":"https:\/\/happyinaknit.com\/en\/wp-json\/wp\/v2\/product"}],"about":[{"href":"https:\/\/happyinaknit.com\/en\/wp-json\/wp\/v2\/types\/product"}],"replies":[{"embeddable":true,"href":"https:\/\/happyinaknit.com\/en\/wp-json\/wp\/v2\/comments?post=6037"}],"wp:featuredmedia":[{"embeddable":true,"href":"https:\/\/happyinaknit.com\/en\/wp-json\/wp\/v2\/media\/6050"}],"wp:attachment":[{"href":"https:\/\/happyinaknit.com\/en\/wp-json\/wp\/v2\/media?parent=6037"}],"wp:term":[{"taxonomy":"product_brand","embeddable":true,"href":"https:\/\/happyinaknit.com\/en\/wp-json\/wp\/v2\/product_brand?post=6037"},{"taxonomy":"product_cat","embeddable":true,"href":"https:\/\/happyinaknit.com\/en\/wp-json\/wp\/v2\/product_cat?post=6037"},{"taxonomy":"product_tag","embeddable":true,"href":"https:\/\/happyinaknit.com\/en\/wp-json\/wp\/v2\/product_tag?post=6037"},{"taxonomy":"pro-kategorijos","embeddable":true,"href":"https:\/\/happyinaknit.com\/en\/wp-json\/wp\/v2\/pro-kategorijos?post=6037"}],"curies":[{"name":"wp","href":"https:\/\/api.w.org\/{rel}","templated":true}]}}