{"id":6023,"date":"2025-10-18T21:01:23","date_gmt":"2025-10-18T21:01:23","guid":{"rendered":"https:\/\/happyinaknit.com\/?post_type=product&#038;p=6023"},"modified":"2026-03-13T12:40:57","modified_gmt":"2026-03-13T12:40:57","slug":"tulip-adatos-rinkinys-geltonas","status":"publish","type":"product","link":"https:\/\/happyinaknit.com\/en\/product\/tulip-adatos-rinkinys-geltonas\/","title":{"rendered":"Tulip Needle Set Yellow"},"content":{"rendered":"<p>This is a set of thick tapestry needles with a gold-plated eye, designed for sewing yarn and knitwear. The needles are made of nickel-plated steel, have a wide, elongated eye and a blunt, slightly curved tip, so they slide perfectly between knitting loops without damaging the yarn. The set is packed in a compact case with a magnetic closure - convenient to store and carry.<\/p>\n<p><b>In the kit:<\/b><b><\/b><\/p>\n<p>\u2022No. 13 (2.40 \u00d7 70 mm)<\/p>\n<p>\u2022No. 15 (1.81 \u00d7 60 mm)<\/p>\n<p>\u2022No. 17 (1.35 \u00d7 54.5 mm)<\/p>\n<p>\u2022No. 20 (1.07 \u00d7 45.5 mm)<\/p>\n<p><b>Material:<\/b> nickel-plated steel, gold-plated eyelet<\/p>\n<p><b>Packaging:<\/b> case with magnetic closure<\/p>\n<p><b>Country of origin:<\/b> Japan<\/p>\n<p>Note: Color shades may vary slightly depending on your device&#039;s screen.<\/p>","protected":false},"excerpt":{"rendered":"<p>Tai stor\u0173 gobelenini\u0173 adat\u0173 rinkinys su paauksuota akut\u0117, skirtas si\u016blams ir trikota\u017einiams gaminiams si\u016bti. Adatos pagamintos i\u0161 nikeliuoto plieno, turi plat\u0173, pailg\u0105 akut\u0119 ir buk\u0105, \u0161iek tiek lenkt\u0105 galiuk\u0105, tod\u0117l puikiai slysta tarp mezgimo kilp\u0173 nepa\u017eeisdamos si\u016bl\u0173. Rinkinys supakuotas \u012f kompakti\u0161k\u0105 d\u0117kliuk\u0105 su magnetiniu u\u017esegimu \u2013 patogu laikyti ir ne\u0161iotis. Rinkinyje: \u2022Nr. 13 (2,40 \u00d7 [&hellip;]<\/p>\n","protected":false},"featured_media":6026,"comment_status":"open","ping_status":"closed","template":"","meta":{"_acf_changed":false},"product_brand":[757],"product_cat":[15,1080,20],"product_tag":[],"pro-kategorijos":[],"class_list":{"0":"post-6023","1":"product","2":"type-product","3":"status-publish","4":"has-post-thumbnail","6":"product_brand-tulip","7":"product_cat-visi-produktai","8":"product_cat-adatos","9":"product_cat-priedai-mezgimui","11":"first","12":"instock","13":"shipping-taxable","14":"purchasable","15":"product-type-simple"},"acf":[],"yoast_head":"<!-- This site is optimized with the Yoast SEO plugin v26.8 - https:\/\/yoast.com\/product\/yoast-seo-wordpress\/ -->\n<title>Tulip Adatos Rinkinys Geltonas - Happyinaknit.com<\/title>\n<meta name=\"robots\" content=\"index, follow, max-snippet:-1, max-image-preview:large, max-video-preview:-1\" \/>\n<link rel=\"canonical\" href=\"https:\/\/happyinaknit.com\/en\/product\/tulip-adatos-rinkinys-geltonas\/\" \/>\n<meta property=\"og:locale\" content=\"en_US\" \/>\n<meta property=\"og:type\" content=\"article\" \/>\n<meta property=\"og:title\" content=\"Tulip Adatos Rinkinys Geltonas - Happyinaknit.com\" \/>\n<meta property=\"og:description\" content=\"Tai stor\u0173 gobelenini\u0173 adat\u0173 rinkinys su paauksuota akut\u0117, skirtas si\u016blams ir trikota\u017einiams gaminiams si\u016bti. Adatos pagamintos i\u0161 nikeliuoto plieno, turi plat\u0173, pailg\u0105 akut\u0119 ir buk\u0105, \u0161iek tiek lenkt\u0105 galiuk\u0105, tod\u0117l puikiai slysta tarp mezgimo kilp\u0173 nepa\u017eeisdamos si\u016bl\u0173. Rinkinys supakuotas \u012f kompakti\u0161k\u0105 d\u0117kliuk\u0105 su magnetiniu u\u017esegimu \u2013 patogu laikyti ir ne\u0161iotis. Rinkinyje: \u2022Nr. 13 (2,40 \u00d7 [&hellip;]\" \/>\n<meta property=\"og:url\" content=\"https:\/\/happyinaknit.com\/en\/product\/tulip-adatos-rinkinys-geltonas\/\" \/>\n<meta property=\"og:site_name\" content=\"Happyinaknit.com\" \/>\n<meta property=\"article:modified_time\" content=\"2026-03-13T12:40:57+00:00\" \/>\n<meta property=\"og:image\" content=\"https:\/\/happyinaknit.com\/wp-content\/uploads\/2025\/10\/tapestry-needles-assorted-tulip-amicolle-bent-789x789.jpg.webp\" \/>\n\t<meta property=\"og:image:width\" content=\"789\" \/>\n\t<meta property=\"og:image:height\" content=\"789\" \/>\n\t<meta property=\"og:image:type\" content=\"image\/webp\" \/>\n<meta name=\"twitter:card\" content=\"summary_large_image\" \/>\n<script type=\"application\/ld+json\" class=\"yoast-schema-graph\">{\"@context\":\"https:\/\/schema.org\",\"@graph\":[{\"@type\":\"WebPage\",\"@id\":\"https:\/\/happyinaknit.com\/produktas\/tulip-adatos-rinkinys-geltonas\/\",\"url\":\"https:\/\/happyinaknit.com\/produktas\/tulip-adatos-rinkinys-geltonas\/\",\"name\":\"Tulip Adatos Rinkinys Geltonas - Happyinaknit.com\",\"isPartOf\":{\"@id\":\"https:\/\/happyinaknit.com\/lt\/#website\"},\"primaryImageOfPage\":{\"@id\":\"https:\/\/happyinaknit.com\/produktas\/tulip-adatos-rinkinys-geltonas\/#primaryimage\"},\"image\":{\"@id\":\"https:\/\/happyinaknit.com\/produktas\/tulip-adatos-rinkinys-geltonas\/#primaryimage\"},\"thumbnailUrl\":\"https:\/\/happyinaknit.com\/wp-content\/uploads\/2025\/10\/tapestry-needles-assorted-tulip-amicolle-bent-789x789.jpg.webp\",\"datePublished\":\"2025-10-18T21:01:23+00:00\",\"dateModified\":\"2026-03-13T12:40:57+00:00\",\"breadcrumb\":{\"@id\":\"https:\/\/happyinaknit.com\/produktas\/tulip-adatos-rinkinys-geltonas\/#breadcrumb\"},\"inLanguage\":\"en-US\",\"potentialAction\":[{\"@type\":\"ReadAction\",\"target\":[\"https:\/\/happyinaknit.com\/produktas\/tulip-adatos-rinkinys-geltonas\/\"]}]},{\"@type\":\"ImageObject\",\"inLanguage\":\"en-US\",\"@id\":\"https:\/\/happyinaknit.com\/produktas\/tulip-adatos-rinkinys-geltonas\/#primaryimage\",\"url\":\"https:\/\/happyinaknit.com\/wp-content\/uploads\/2025\/10\/tapestry-needles-assorted-tulip-amicolle-bent-789x789.jpg.webp\",\"contentUrl\":\"https:\/\/happyinaknit.com\/wp-content\/uploads\/2025\/10\/tapestry-needles-assorted-tulip-amicolle-bent-789x789.jpg.webp\",\"width\":789,\"height\":789},{\"@type\":\"BreadcrumbList\",\"@id\":\"https:\/\/happyinaknit.com\/produktas\/tulip-adatos-rinkinys-geltonas\/#breadcrumb\",\"itemListElement\":[{\"@type\":\"ListItem\",\"position\":1,\"name\":\"Home\",\"item\":\"https:\/\/happyinaknit.com\/lt\/\"},{\"@type\":\"ListItem\",\"position\":2,\"name\":\"Parduotuv\u0117\",\"item\":\"https:\/\/happyinaknit.com\/lt\/parduotuve\/\"},{\"@type\":\"ListItem\",\"position\":3,\"name\":\"Tulip Adatos Rinkinys Geltonas\"}]},{\"@type\":\"WebSite\",\"@id\":\"https:\/\/happyinaknit.com\/lt\/#website\",\"url\":\"https:\/\/happyinaknit.com\/lt\/\",\"name\":\"Happyinaknit.com\",\"description\":\"\",\"potentialAction\":[{\"@type\":\"SearchAction\",\"target\":{\"@type\":\"EntryPoint\",\"urlTemplate\":\"https:\/\/happyinaknit.com\/lt\/?s={search_term_string}\"},\"query-input\":{\"@type\":\"PropertyValueSpecification\",\"valueRequired\":true,\"valueName\":\"search_term_string\"}}],\"inLanguage\":\"en-US\"}]}<\/script>\n<!-- \/ Yoast SEO plugin. -->","yoast_head_json":{"title":"Tulip Adatos Rinkinys Geltonas - Happyinaknit.com","robots":{"index":"index","follow":"follow","max-snippet":"max-snippet:-1","max-image-preview":"max-image-preview:large","max-video-preview":"max-video-preview:-1"},"canonical":"https:\/\/happyinaknit.com\/en\/product\/tulip-adatos-rinkinys-geltonas\/","og_locale":"en_US","og_type":"article","og_title":"Tulip Adatos Rinkinys Geltonas - Happyinaknit.com","og_description":"Tai stor\u0173 gobelenini\u0173 adat\u0173 rinkinys su paauksuota akut\u0117, skirtas si\u016blams ir trikota\u017einiams gaminiams si\u016bti. Adatos pagamintos i\u0161 nikeliuoto plieno, turi plat\u0173, pailg\u0105 akut\u0119 ir buk\u0105, \u0161iek tiek lenkt\u0105 galiuk\u0105, tod\u0117l puikiai slysta tarp mezgimo kilp\u0173 nepa\u017eeisdamos si\u016bl\u0173. Rinkinys supakuotas \u012f kompakti\u0161k\u0105 d\u0117kliuk\u0105 su magnetiniu u\u017esegimu \u2013 patogu laikyti ir ne\u0161iotis. Rinkinyje: \u2022Nr. 13 (2,40 \u00d7 [&hellip;]","og_url":"https:\/\/happyinaknit.com\/en\/product\/tulip-adatos-rinkinys-geltonas\/","og_site_name":"Happyinaknit.com","article_modified_time":"2026-03-13T12:40:57+00:00","og_image":[{"width":789,"height":789,"url":"https:\/\/happyinaknit.com\/wp-content\/uploads\/2025\/10\/tapestry-needles-assorted-tulip-amicolle-bent-789x789.jpg.webp","type":"image\/webp"}],"twitter_card":"summary_large_image","schema":{"@context":"https:\/\/schema.org","@graph":[{"@type":"WebPage","@id":"https:\/\/happyinaknit.com\/produktas\/tulip-adatos-rinkinys-geltonas\/","url":"https:\/\/happyinaknit.com\/produktas\/tulip-adatos-rinkinys-geltonas\/","name":"Tulip Adatos Rinkinys Geltonas - Happyinaknit.com","isPartOf":{"@id":"https:\/\/happyinaknit.com\/lt\/#website"},"primaryImageOfPage":{"@id":"https:\/\/happyinaknit.com\/produktas\/tulip-adatos-rinkinys-geltonas\/#primaryimage"},"image":{"@id":"https:\/\/happyinaknit.com\/produktas\/tulip-adatos-rinkinys-geltonas\/#primaryimage"},"thumbnailUrl":"https:\/\/happyinaknit.com\/wp-content\/uploads\/2025\/10\/tapestry-needles-assorted-tulip-amicolle-bent-789x789.jpg.webp","datePublished":"2025-10-18T21:01:23+00:00","dateModified":"2026-03-13T12:40:57+00:00","breadcrumb":{"@id":"https:\/\/happyinaknit.com\/produktas\/tulip-adatos-rinkinys-geltonas\/#breadcrumb"},"inLanguage":"en-US","potentialAction":[{"@type":"ReadAction","target":["https:\/\/happyinaknit.com\/produktas\/tulip-adatos-rinkinys-geltonas\/"]}]},{"@type":"ImageObject","inLanguage":"en-US","@id":"https:\/\/happyinaknit.com\/produktas\/tulip-adatos-rinkinys-geltonas\/#primaryimage","url":"https:\/\/happyinaknit.com\/wp-content\/uploads\/2025\/10\/tapestry-needles-assorted-tulip-amicolle-bent-789x789.jpg.webp","contentUrl":"https:\/\/happyinaknit.com\/wp-content\/uploads\/2025\/10\/tapestry-needles-assorted-tulip-amicolle-bent-789x789.jpg.webp","width":789,"height":789},{"@type":"BreadcrumbList","@id":"https:\/\/happyinaknit.com\/produktas\/tulip-adatos-rinkinys-geltonas\/#breadcrumb","itemListElement":[{"@type":"ListItem","position":1,"name":"Home","item":"https:\/\/happyinaknit.com\/lt\/"},{"@type":"ListItem","position":2,"name":"Parduotuv\u0117","item":"https:\/\/happyinaknit.com\/lt\/parduotuve\/"},{"@type":"ListItem","position":3,"name":"Tulip Adatos Rinkinys Geltonas"}]},{"@type":"WebSite","@id":"https:\/\/happyinaknit.com\/lt\/#website","url":"https:\/\/happyinaknit.com\/lt\/","name":"Happyinaknit.com","description":"","potentialAction":[{"@type":"SearchAction","target":{"@type":"EntryPoint","urlTemplate":"https:\/\/happyinaknit.com\/lt\/?s={search_term_string}"},"query-input":{"@type":"PropertyValueSpecification","valueRequired":true,"valueName":"search_term_string"}}],"inLanguage":"en-US"}]}},"_links":{"self":[{"href":"https:\/\/happyinaknit.com\/en\/wp-json\/wp\/v2\/product\/6023","targetHints":{"allow":["GET"]}}],"collection":[{"href":"https:\/\/happyinaknit.com\/en\/wp-json\/wp\/v2\/product"}],"about":[{"href":"https:\/\/happyinaknit.com\/en\/wp-json\/wp\/v2\/types\/product"}],"replies":[{"embeddable":true,"href":"https:\/\/happyinaknit.com\/en\/wp-json\/wp\/v2\/comments?post=6023"}],"wp:featuredmedia":[{"embeddable":true,"href":"https:\/\/happyinaknit.com\/en\/wp-json\/wp\/v2\/media\/6026"}],"wp:attachment":[{"href":"https:\/\/happyinaknit.com\/en\/wp-json\/wp\/v2\/media?parent=6023"}],"wp:term":[{"taxonomy":"product_brand","embeddable":true,"href":"https:\/\/happyinaknit.com\/en\/wp-json\/wp\/v2\/product_brand?post=6023"},{"taxonomy":"product_cat","embeddable":true,"href":"https:\/\/happyinaknit.com\/en\/wp-json\/wp\/v2\/product_cat?post=6023"},{"taxonomy":"product_tag","embeddable":true,"href":"https:\/\/happyinaknit.com\/en\/wp-json\/wp\/v2\/product_tag?post=6023"},{"taxonomy":"pro-kategorijos","embeddable":true,"href":"https:\/\/happyinaknit.com\/en\/wp-json\/wp\/v2\/pro-kategorijos?post=6023"}],"curies":[{"name":"wp","href":"https:\/\/api.w.org\/{rel}","templated":true}]}}