{"id":6009,"date":"2025-10-18T20:29:04","date_gmt":"2025-10-18T20:29:04","guid":{"rendered":"https:\/\/happyinaknit.com\/?post_type=product&#038;p=6009"},"modified":"2025-10-27T17:22:15","modified_gmt":"2025-10-27T17:22:15","slug":"tulip-etimo-blue-vaselis","status":"publish","type":"product","link":"https:\/\/happyinaknit.com\/en\/product\/tulip-etimo-blue-vaselis\/","title":{"rendered":"Tulip Etimo Blue Crochet Hook"},"content":{"rendered":"<p>Tulip Etimo Blue series crochet hooks are designed to fit naturally in the hand and ensure extremely smooth knitting. The ergonomic silicone handle with a special thumb recess reduces hand fatigue, making this hook perfect for both beginners and professionals. Precision-ground head, made using original materials <i>Tulip<\/i> methods, allows you to easily take the thread and maintain even tension. Everything is thought out down to the smallest detail - from ergonomics to color, which changes depending on the size.<\/p>\n<p><b>Length:<\/b> 15 cm<\/p>\n<p><b>Material:<\/b> steel<\/p>\n<p><b>Handle:<\/b> silicone<\/p>\n<p><b>Country of origin:<\/b> Japan<\/p>\n<p>Note: Color shades may vary slightly depending on your device&#039;s screen.<\/p>","protected":false},"excerpt":{"rendered":"<p>Tulip Etimo Blue serijos v\u0105\u0161eliai sukurti taip, kad nat\u016braliai priglust\u0173 prie rankos ir u\u017etikrint\u0173 itin skland\u0173 mezgim\u0105. D\u0117l ergonomi\u0161kos silikonin\u0117s rankenos su specialiu \u012fdubimu nyk\u0161\u010diui suma\u017einamas rankos nuovargis, tod\u0117l \u0161is v\u0105\u0161elis puikiai tinka tiek pradedantiesiems, tiek profesionalams. Precizi\u0161kai \u0161lifuota galvut\u0117, pagaminta naudojant originalius Tulip metodus, leid\u017eia lengvai paimti si\u016bl\u0105 ir palaikyti tolyg\u0173 tempim\u0105. Viskas apgalvota [&hellip;]<\/p>\n","protected":false},"featured_media":6012,"comment_status":"open","ping_status":"closed","template":"","meta":{"_acf_changed":false},"product_brand":[757],"product_cat":[15,19,870],"product_tag":[],"pro-kategorijos":[],"class_list":{"0":"post-6009","1":"product","2":"type-product","3":"status-publish","4":"has-post-thumbnail","6":"product_brand-tulip","7":"product_cat-visi-produktai","8":"product_cat-mezgimo-priemones","9":"product_cat-nerimo-vaseliai","11":"first","12":"outofstock","13":"shipping-taxable","14":"purchasable","15":"product-type-variable"},"acf":[],"yoast_head":"<!-- This site is optimized with the Yoast SEO plugin v26.8 - https:\/\/yoast.com\/product\/yoast-seo-wordpress\/ -->\n<title>Tulip Etimo Blue v\u0105\u0161elis - Happyinaknit.com<\/title>\n<meta name=\"robots\" content=\"index, follow, max-snippet:-1, max-image-preview:large, max-video-preview:-1\" \/>\n<link rel=\"canonical\" href=\"https:\/\/happyinaknit.com\/en\/product\/tulip-etimo-blue-vaselis\/\" \/>\n<meta property=\"og:locale\" content=\"en_US\" \/>\n<meta property=\"og:type\" content=\"article\" \/>\n<meta property=\"og:title\" content=\"Tulip Etimo Blue v\u0105\u0161elis - Happyinaknit.com\" \/>\n<meta property=\"og:description\" content=\"Tulip Etimo Blue serijos v\u0105\u0161eliai sukurti taip, kad nat\u016braliai priglust\u0173 prie rankos ir u\u017etikrint\u0173 itin skland\u0173 mezgim\u0105. D\u0117l ergonomi\u0161kos silikonin\u0117s rankenos su specialiu \u012fdubimu nyk\u0161\u010diui suma\u017einamas rankos nuovargis, tod\u0117l \u0161is v\u0105\u0161elis puikiai tinka tiek pradedantiesiems, tiek profesionalams. Precizi\u0161kai \u0161lifuota galvut\u0117, pagaminta naudojant originalius Tulip metodus, leid\u017eia lengvai paimti si\u016bl\u0105 ir palaikyti tolyg\u0173 tempim\u0105. Viskas apgalvota [&hellip;]\" \/>\n<meta property=\"og:url\" content=\"https:\/\/happyinaknit.com\/en\/product\/tulip-etimo-blue-vaselis\/\" \/>\n<meta property=\"og:site_name\" content=\"Happyinaknit.com\" \/>\n<meta property=\"article:modified_time\" content=\"2025-10-27T17:22:15+00:00\" \/>\n<meta property=\"og:image\" content=\"https:\/\/happyinaknit.com\/wp-content\/uploads\/2025\/10\/uncinetto-tulip-125mm-n4.jpg.webp\" \/>\n\t<meta property=\"og:image:width\" content=\"530\" \/>\n\t<meta property=\"og:image:height\" content=\"530\" \/>\n\t<meta property=\"og:image:type\" content=\"image\/webp\" \/>\n<meta name=\"twitter:card\" content=\"summary_large_image\" \/>\n<meta name=\"twitter:label1\" content=\"Est. reading time\" \/>\n\t<meta name=\"twitter:data1\" content=\"1 minute\" \/>\n<script type=\"application\/ld+json\" class=\"yoast-schema-graph\">{\"@context\":\"https:\/\/schema.org\",\"@graph\":[{\"@type\":\"WebPage\",\"@id\":\"https:\/\/happyinaknit.com\/produktas\/tulip-etimo-blue-vaselis\/\",\"url\":\"https:\/\/happyinaknit.com\/produktas\/tulip-etimo-blue-vaselis\/\",\"name\":\"Tulip Etimo Blue v\u0105\u0161elis - Happyinaknit.com\",\"isPartOf\":{\"@id\":\"https:\/\/happyinaknit.com\/lt\/#website\"},\"primaryImageOfPage\":{\"@id\":\"https:\/\/happyinaknit.com\/produktas\/tulip-etimo-blue-vaselis\/#primaryimage\"},\"image\":{\"@id\":\"https:\/\/happyinaknit.com\/produktas\/tulip-etimo-blue-vaselis\/#primaryimage\"},\"thumbnailUrl\":\"https:\/\/happyinaknit.com\/wp-content\/uploads\/2025\/10\/uncinetto-tulip-125mm-n4.jpg.webp\",\"datePublished\":\"2025-10-18T20:29:04+00:00\",\"dateModified\":\"2025-10-27T17:22:15+00:00\",\"breadcrumb\":{\"@id\":\"https:\/\/happyinaknit.com\/produktas\/tulip-etimo-blue-vaselis\/#breadcrumb\"},\"inLanguage\":\"en-US\",\"potentialAction\":[{\"@type\":\"ReadAction\",\"target\":[\"https:\/\/happyinaknit.com\/produktas\/tulip-etimo-blue-vaselis\/\"]}]},{\"@type\":\"ImageObject\",\"inLanguage\":\"en-US\",\"@id\":\"https:\/\/happyinaknit.com\/produktas\/tulip-etimo-blue-vaselis\/#primaryimage\",\"url\":\"https:\/\/happyinaknit.com\/wp-content\/uploads\/2025\/10\/uncinetto-tulip-125mm-n4.jpg.webp\",\"contentUrl\":\"https:\/\/happyinaknit.com\/wp-content\/uploads\/2025\/10\/uncinetto-tulip-125mm-n4.jpg.webp\",\"width\":530,\"height\":530},{\"@type\":\"BreadcrumbList\",\"@id\":\"https:\/\/happyinaknit.com\/produktas\/tulip-etimo-blue-vaselis\/#breadcrumb\",\"itemListElement\":[{\"@type\":\"ListItem\",\"position\":1,\"name\":\"Home\",\"item\":\"https:\/\/happyinaknit.com\/lt\/\"},{\"@type\":\"ListItem\",\"position\":2,\"name\":\"Parduotuv\u0117\",\"item\":\"https:\/\/happyinaknit.com\/lt\/parduotuve\/\"},{\"@type\":\"ListItem\",\"position\":3,\"name\":\"Tulip Etimo Blue v\u0105\u0161elis\"}]},{\"@type\":\"WebSite\",\"@id\":\"https:\/\/happyinaknit.com\/lt\/#website\",\"url\":\"https:\/\/happyinaknit.com\/lt\/\",\"name\":\"Happyinaknit.com\",\"description\":\"\",\"potentialAction\":[{\"@type\":\"SearchAction\",\"target\":{\"@type\":\"EntryPoint\",\"urlTemplate\":\"https:\/\/happyinaknit.com\/lt\/?s={search_term_string}\"},\"query-input\":{\"@type\":\"PropertyValueSpecification\",\"valueRequired\":true,\"valueName\":\"search_term_string\"}}],\"inLanguage\":\"en-US\"}]}<\/script>\n<!-- \/ Yoast SEO plugin. -->","yoast_head_json":{"title":"Tulip Etimo Blue v\u0105\u0161elis - Happyinaknit.com","robots":{"index":"index","follow":"follow","max-snippet":"max-snippet:-1","max-image-preview":"max-image-preview:large","max-video-preview":"max-video-preview:-1"},"canonical":"https:\/\/happyinaknit.com\/en\/product\/tulip-etimo-blue-vaselis\/","og_locale":"en_US","og_type":"article","og_title":"Tulip Etimo Blue v\u0105\u0161elis - Happyinaknit.com","og_description":"Tulip Etimo Blue serijos v\u0105\u0161eliai sukurti taip, kad nat\u016braliai priglust\u0173 prie rankos ir u\u017etikrint\u0173 itin skland\u0173 mezgim\u0105. D\u0117l ergonomi\u0161kos silikonin\u0117s rankenos su specialiu \u012fdubimu nyk\u0161\u010diui suma\u017einamas rankos nuovargis, tod\u0117l \u0161is v\u0105\u0161elis puikiai tinka tiek pradedantiesiems, tiek profesionalams. Precizi\u0161kai \u0161lifuota galvut\u0117, pagaminta naudojant originalius Tulip metodus, leid\u017eia lengvai paimti si\u016bl\u0105 ir palaikyti tolyg\u0173 tempim\u0105. Viskas apgalvota [&hellip;]","og_url":"https:\/\/happyinaknit.com\/en\/product\/tulip-etimo-blue-vaselis\/","og_site_name":"Happyinaknit.com","article_modified_time":"2025-10-27T17:22:15+00:00","og_image":[{"width":530,"height":530,"url":"https:\/\/happyinaknit.com\/wp-content\/uploads\/2025\/10\/uncinetto-tulip-125mm-n4.jpg.webp","type":"image\/webp"}],"twitter_card":"summary_large_image","twitter_misc":{"Est. reading time":"1 minute"},"schema":{"@context":"https:\/\/schema.org","@graph":[{"@type":"WebPage","@id":"https:\/\/happyinaknit.com\/produktas\/tulip-etimo-blue-vaselis\/","url":"https:\/\/happyinaknit.com\/produktas\/tulip-etimo-blue-vaselis\/","name":"Tulip Etimo Blue v\u0105\u0161elis - Happyinaknit.com","isPartOf":{"@id":"https:\/\/happyinaknit.com\/lt\/#website"},"primaryImageOfPage":{"@id":"https:\/\/happyinaknit.com\/produktas\/tulip-etimo-blue-vaselis\/#primaryimage"},"image":{"@id":"https:\/\/happyinaknit.com\/produktas\/tulip-etimo-blue-vaselis\/#primaryimage"},"thumbnailUrl":"https:\/\/happyinaknit.com\/wp-content\/uploads\/2025\/10\/uncinetto-tulip-125mm-n4.jpg.webp","datePublished":"2025-10-18T20:29:04+00:00","dateModified":"2025-10-27T17:22:15+00:00","breadcrumb":{"@id":"https:\/\/happyinaknit.com\/produktas\/tulip-etimo-blue-vaselis\/#breadcrumb"},"inLanguage":"en-US","potentialAction":[{"@type":"ReadAction","target":["https:\/\/happyinaknit.com\/produktas\/tulip-etimo-blue-vaselis\/"]}]},{"@type":"ImageObject","inLanguage":"en-US","@id":"https:\/\/happyinaknit.com\/produktas\/tulip-etimo-blue-vaselis\/#primaryimage","url":"https:\/\/happyinaknit.com\/wp-content\/uploads\/2025\/10\/uncinetto-tulip-125mm-n4.jpg.webp","contentUrl":"https:\/\/happyinaknit.com\/wp-content\/uploads\/2025\/10\/uncinetto-tulip-125mm-n4.jpg.webp","width":530,"height":530},{"@type":"BreadcrumbList","@id":"https:\/\/happyinaknit.com\/produktas\/tulip-etimo-blue-vaselis\/#breadcrumb","itemListElement":[{"@type":"ListItem","position":1,"name":"Home","item":"https:\/\/happyinaknit.com\/lt\/"},{"@type":"ListItem","position":2,"name":"Parduotuv\u0117","item":"https:\/\/happyinaknit.com\/lt\/parduotuve\/"},{"@type":"ListItem","position":3,"name":"Tulip Etimo Blue v\u0105\u0161elis"}]},{"@type":"WebSite","@id":"https:\/\/happyinaknit.com\/lt\/#website","url":"https:\/\/happyinaknit.com\/lt\/","name":"Happyinaknit.com","description":"","potentialAction":[{"@type":"SearchAction","target":{"@type":"EntryPoint","urlTemplate":"https:\/\/happyinaknit.com\/lt\/?s={search_term_string}"},"query-input":{"@type":"PropertyValueSpecification","valueRequired":true,"valueName":"search_term_string"}}],"inLanguage":"en-US"}]}},"_links":{"self":[{"href":"https:\/\/happyinaknit.com\/en\/wp-json\/wp\/v2\/product\/6009","targetHints":{"allow":["GET"]}}],"collection":[{"href":"https:\/\/happyinaknit.com\/en\/wp-json\/wp\/v2\/product"}],"about":[{"href":"https:\/\/happyinaknit.com\/en\/wp-json\/wp\/v2\/types\/product"}],"replies":[{"embeddable":true,"href":"https:\/\/happyinaknit.com\/en\/wp-json\/wp\/v2\/comments?post=6009"}],"wp:featuredmedia":[{"embeddable":true,"href":"https:\/\/happyinaknit.com\/en\/wp-json\/wp\/v2\/media\/6012"}],"wp:attachment":[{"href":"https:\/\/happyinaknit.com\/en\/wp-json\/wp\/v2\/media?parent=6009"}],"wp:term":[{"taxonomy":"product_brand","embeddable":true,"href":"https:\/\/happyinaknit.com\/en\/wp-json\/wp\/v2\/product_brand?post=6009"},{"taxonomy":"product_cat","embeddable":true,"href":"https:\/\/happyinaknit.com\/en\/wp-json\/wp\/v2\/product_cat?post=6009"},{"taxonomy":"product_tag","embeddable":true,"href":"https:\/\/happyinaknit.com\/en\/wp-json\/wp\/v2\/product_tag?post=6009"},{"taxonomy":"pro-kategorijos","embeddable":true,"href":"https:\/\/happyinaknit.com\/en\/wp-json\/wp\/v2\/pro-kategorijos?post=6009"}],"curies":[{"name":"wp","href":"https:\/\/api.w.org\/{rel}","templated":true}]}}