{"id":5986,"date":"2025-10-18T19:51:52","date_gmt":"2025-10-18T19:51:52","guid":{"rendered":"https:\/\/happyinaknit.com\/?post_type=product&#038;p=5986"},"modified":"2026-04-08T14:59:07","modified_gmt":"2026-04-08T14:59:07","slug":"tulip-etimo-red-vaselis","status":"publish","type":"product","link":"https:\/\/happyinaknit.com\/en\/product\/tulip-etimo-red-vaselis\/","title":{"rendered":"Tulip \"Etimo Red\" Crochet Hook"},"content":{"rendered":"<p>Highest quality <b>Tulip Etimo Red<\/b> The hook with an ergonomic handle is designed for comfortable and easy crocheting. The smooth aluminum tip easily catches the thread, and the soft plastic handle fits comfortably in the palm of your hand and reduces hand fatigue even during long work.<\/p>\n<p>The matte red hook head is non-shiny and does not irritate the eyes, making fishing pleasant and comfortable even in bright light.<\/p>\n<p><b>Characteristics:<\/b><b><\/b><\/p>\n<p>\u2022<b>Length:<\/b> 14 cm<\/p>\n<p>\u2022<b>Material:<\/b> aluminum<\/p>\n<p>\u2022<b>Handle:<\/b> soft plastic<\/p>\n<p>\u2022<b>Country of origin:<\/b> Japan<\/p>\n<p><b>Manufacturer:<\/b> Tulip<\/p>\n<p><b>Note:<\/b> Color shades may vary slightly depending on your device&#039;s screen.<\/p>","protected":false},"excerpt":{"rendered":"<p>Auk\u0161\u010diausios kokyb\u0117s Tulip Etimo Red v\u0105\u0161elis su ergonomine rankena sukurtas patogiam ir lengvam n\u0117rimui. Glotnus aliumininis galiukas lengvai pagauna si\u016bl\u0105, o mink\u0161ta plastikin\u0117 rankena patogiai guli delne ir suma\u017eina rankos nuovarg\u012f net ilgo darbo metu. Matin\u0117s raudonos spalvos v\u0105\u0161elio galvut\u0117 neblizga ir neerzina aki\u0173, tod\u0117l nerti malonu ir komforti\u0161ka net esant stipriam ap\u0161vietimui. Charakteristikos: \u2022Ilgis: [&hellip;]<\/p>\n","protected":false},"featured_media":5990,"comment_status":"open","ping_status":"closed","template":"","meta":{"_acf_changed":false},"product_brand":[757],"product_cat":[15,19,870],"product_tag":[],"pro-kategorijos":[],"class_list":{"0":"post-5986","1":"product","2":"type-product","3":"status-publish","4":"has-post-thumbnail","6":"product_brand-tulip","7":"product_cat-visi-produktai","8":"product_cat-mezgimo-priemones","9":"product_cat-nerimo-vaseliai","11":"first","12":"instock","13":"shipping-taxable","14":"purchasable","15":"product-type-variable"},"acf":[],"yoast_head":"<!-- This site is optimized with the Yoast SEO plugin v26.8 - https:\/\/yoast.com\/product\/yoast-seo-wordpress\/ -->\n<title>Tulip \u201eEtimo Red\u201c v\u0105\u0161elis - Happyinaknit.com<\/title>\n<meta name=\"robots\" content=\"index, follow, max-snippet:-1, max-image-preview:large, max-video-preview:-1\" \/>\n<link rel=\"canonical\" href=\"https:\/\/happyinaknit.com\/en\/product\/tulip-etimo-red-vaselis\/\" \/>\n<meta property=\"og:locale\" content=\"en_US\" \/>\n<meta property=\"og:type\" content=\"article\" \/>\n<meta property=\"og:title\" content=\"Tulip \u201eEtimo Red\u201c v\u0105\u0161elis - Happyinaknit.com\" \/>\n<meta property=\"og:description\" content=\"Auk\u0161\u010diausios kokyb\u0117s Tulip Etimo Red v\u0105\u0161elis su ergonomine rankena sukurtas patogiam ir lengvam n\u0117rimui. Glotnus aliumininis galiukas lengvai pagauna si\u016bl\u0105, o mink\u0161ta plastikin\u0117 rankena patogiai guli delne ir suma\u017eina rankos nuovarg\u012f net ilgo darbo metu. Matin\u0117s raudonos spalvos v\u0105\u0161elio galvut\u0117 neblizga ir neerzina aki\u0173, tod\u0117l nerti malonu ir komforti\u0161ka net esant stipriam ap\u0161vietimui. Charakteristikos: \u2022Ilgis: [&hellip;]\" \/>\n<meta property=\"og:url\" content=\"https:\/\/happyinaknit.com\/en\/product\/tulip-etimo-red-vaselis\/\" \/>\n<meta property=\"og:site_name\" content=\"Happyinaknit.com\" \/>\n<meta property=\"article:modified_time\" content=\"2026-04-08T14:59:07+00:00\" \/>\n<meta property=\"og:image\" content=\"https:\/\/happyinaknit.com\/wp-content\/uploads\/2025\/10\/Tulip-Etimo-Red-2.png.webp\" \/>\n\t<meta property=\"og:image:width\" content=\"1500\" \/>\n\t<meta property=\"og:image:height\" content=\"2000\" \/>\n\t<meta property=\"og:image:type\" content=\"image\/webp\" \/>\n<meta name=\"twitter:card\" content=\"summary_large_image\" \/>\n<script type=\"application\/ld+json\" class=\"yoast-schema-graph\">{\"@context\":\"https:\/\/schema.org\",\"@graph\":[{\"@type\":\"WebPage\",\"@id\":\"https:\/\/happyinaknit.com\/produktas\/tulip-etimo-red-vaselis\/\",\"url\":\"https:\/\/happyinaknit.com\/produktas\/tulip-etimo-red-vaselis\/\",\"name\":\"Tulip \u201eEtimo Red\u201c v\u0105\u0161elis - Happyinaknit.com\",\"isPartOf\":{\"@id\":\"https:\/\/happyinaknit.com\/lt\/#website\"},\"primaryImageOfPage\":{\"@id\":\"https:\/\/happyinaknit.com\/produktas\/tulip-etimo-red-vaselis\/#primaryimage\"},\"image\":{\"@id\":\"https:\/\/happyinaknit.com\/produktas\/tulip-etimo-red-vaselis\/#primaryimage\"},\"thumbnailUrl\":\"https:\/\/happyinaknit.com\/wp-content\/uploads\/2025\/10\/Tulip-Etimo-Red-2.png.webp\",\"datePublished\":\"2025-10-18T19:51:52+00:00\",\"dateModified\":\"2026-04-08T14:59:07+00:00\",\"breadcrumb\":{\"@id\":\"https:\/\/happyinaknit.com\/produktas\/tulip-etimo-red-vaselis\/#breadcrumb\"},\"inLanguage\":\"en-US\",\"potentialAction\":[{\"@type\":\"ReadAction\",\"target\":[\"https:\/\/happyinaknit.com\/produktas\/tulip-etimo-red-vaselis\/\"]}]},{\"@type\":\"ImageObject\",\"inLanguage\":\"en-US\",\"@id\":\"https:\/\/happyinaknit.com\/produktas\/tulip-etimo-red-vaselis\/#primaryimage\",\"url\":\"https:\/\/happyinaknit.com\/wp-content\/uploads\/2025\/10\/Tulip-Etimo-Red-2.png.webp\",\"contentUrl\":\"https:\/\/happyinaknit.com\/wp-content\/uploads\/2025\/10\/Tulip-Etimo-Red-2.png.webp\",\"width\":1500,\"height\":2000},{\"@type\":\"BreadcrumbList\",\"@id\":\"https:\/\/happyinaknit.com\/produktas\/tulip-etimo-red-vaselis\/#breadcrumb\",\"itemListElement\":[{\"@type\":\"ListItem\",\"position\":1,\"name\":\"Home\",\"item\":\"https:\/\/happyinaknit.com\/lt\/\"},{\"@type\":\"ListItem\",\"position\":2,\"name\":\"Parduotuv\u0117\",\"item\":\"https:\/\/happyinaknit.com\/lt\/parduotuve\/\"},{\"@type\":\"ListItem\",\"position\":3,\"name\":\"Tulip \u201eEtimo Red\u201c v\u0105\u0161elis\"}]},{\"@type\":\"WebSite\",\"@id\":\"https:\/\/happyinaknit.com\/lt\/#website\",\"url\":\"https:\/\/happyinaknit.com\/lt\/\",\"name\":\"Happyinaknit.com\",\"description\":\"\",\"potentialAction\":[{\"@type\":\"SearchAction\",\"target\":{\"@type\":\"EntryPoint\",\"urlTemplate\":\"https:\/\/happyinaknit.com\/lt\/?s={search_term_string}\"},\"query-input\":{\"@type\":\"PropertyValueSpecification\",\"valueRequired\":true,\"valueName\":\"search_term_string\"}}],\"inLanguage\":\"en-US\"}]}<\/script>\n<!-- \/ Yoast SEO plugin. -->","yoast_head_json":{"title":"Tulip \u201eEtimo Red\u201c v\u0105\u0161elis - Happyinaknit.com","robots":{"index":"index","follow":"follow","max-snippet":"max-snippet:-1","max-image-preview":"max-image-preview:large","max-video-preview":"max-video-preview:-1"},"canonical":"https:\/\/happyinaknit.com\/en\/product\/tulip-etimo-red-vaselis\/","og_locale":"en_US","og_type":"article","og_title":"Tulip \u201eEtimo Red\u201c v\u0105\u0161elis - Happyinaknit.com","og_description":"Auk\u0161\u010diausios kokyb\u0117s Tulip Etimo Red v\u0105\u0161elis su ergonomine rankena sukurtas patogiam ir lengvam n\u0117rimui. Glotnus aliumininis galiukas lengvai pagauna si\u016bl\u0105, o mink\u0161ta plastikin\u0117 rankena patogiai guli delne ir suma\u017eina rankos nuovarg\u012f net ilgo darbo metu. Matin\u0117s raudonos spalvos v\u0105\u0161elio galvut\u0117 neblizga ir neerzina aki\u0173, tod\u0117l nerti malonu ir komforti\u0161ka net esant stipriam ap\u0161vietimui. Charakteristikos: \u2022Ilgis: [&hellip;]","og_url":"https:\/\/happyinaknit.com\/en\/product\/tulip-etimo-red-vaselis\/","og_site_name":"Happyinaknit.com","article_modified_time":"2026-04-08T14:59:07+00:00","og_image":[{"width":1500,"height":2000,"url":"https:\/\/happyinaknit.com\/wp-content\/uploads\/2025\/10\/Tulip-Etimo-Red-2.png.webp","type":"image\/webp"}],"twitter_card":"summary_large_image","schema":{"@context":"https:\/\/schema.org","@graph":[{"@type":"WebPage","@id":"https:\/\/happyinaknit.com\/produktas\/tulip-etimo-red-vaselis\/","url":"https:\/\/happyinaknit.com\/produktas\/tulip-etimo-red-vaselis\/","name":"Tulip \u201eEtimo Red\u201c v\u0105\u0161elis - Happyinaknit.com","isPartOf":{"@id":"https:\/\/happyinaknit.com\/lt\/#website"},"primaryImageOfPage":{"@id":"https:\/\/happyinaknit.com\/produktas\/tulip-etimo-red-vaselis\/#primaryimage"},"image":{"@id":"https:\/\/happyinaknit.com\/produktas\/tulip-etimo-red-vaselis\/#primaryimage"},"thumbnailUrl":"https:\/\/happyinaknit.com\/wp-content\/uploads\/2025\/10\/Tulip-Etimo-Red-2.png.webp","datePublished":"2025-10-18T19:51:52+00:00","dateModified":"2026-04-08T14:59:07+00:00","breadcrumb":{"@id":"https:\/\/happyinaknit.com\/produktas\/tulip-etimo-red-vaselis\/#breadcrumb"},"inLanguage":"en-US","potentialAction":[{"@type":"ReadAction","target":["https:\/\/happyinaknit.com\/produktas\/tulip-etimo-red-vaselis\/"]}]},{"@type":"ImageObject","inLanguage":"en-US","@id":"https:\/\/happyinaknit.com\/produktas\/tulip-etimo-red-vaselis\/#primaryimage","url":"https:\/\/happyinaknit.com\/wp-content\/uploads\/2025\/10\/Tulip-Etimo-Red-2.png.webp","contentUrl":"https:\/\/happyinaknit.com\/wp-content\/uploads\/2025\/10\/Tulip-Etimo-Red-2.png.webp","width":1500,"height":2000},{"@type":"BreadcrumbList","@id":"https:\/\/happyinaknit.com\/produktas\/tulip-etimo-red-vaselis\/#breadcrumb","itemListElement":[{"@type":"ListItem","position":1,"name":"Home","item":"https:\/\/happyinaknit.com\/lt\/"},{"@type":"ListItem","position":2,"name":"Parduotuv\u0117","item":"https:\/\/happyinaknit.com\/lt\/parduotuve\/"},{"@type":"ListItem","position":3,"name":"Tulip \u201eEtimo Red\u201c v\u0105\u0161elis"}]},{"@type":"WebSite","@id":"https:\/\/happyinaknit.com\/lt\/#website","url":"https:\/\/happyinaknit.com\/lt\/","name":"Happyinaknit.com","description":"","potentialAction":[{"@type":"SearchAction","target":{"@type":"EntryPoint","urlTemplate":"https:\/\/happyinaknit.com\/lt\/?s={search_term_string}"},"query-input":{"@type":"PropertyValueSpecification","valueRequired":true,"valueName":"search_term_string"}}],"inLanguage":"en-US"}]}},"_links":{"self":[{"href":"https:\/\/happyinaknit.com\/en\/wp-json\/wp\/v2\/product\/5986","targetHints":{"allow":["GET"]}}],"collection":[{"href":"https:\/\/happyinaknit.com\/en\/wp-json\/wp\/v2\/product"}],"about":[{"href":"https:\/\/happyinaknit.com\/en\/wp-json\/wp\/v2\/types\/product"}],"replies":[{"embeddable":true,"href":"https:\/\/happyinaknit.com\/en\/wp-json\/wp\/v2\/comments?post=5986"}],"wp:featuredmedia":[{"embeddable":true,"href":"https:\/\/happyinaknit.com\/en\/wp-json\/wp\/v2\/media\/5990"}],"wp:attachment":[{"href":"https:\/\/happyinaknit.com\/en\/wp-json\/wp\/v2\/media?parent=5986"}],"wp:term":[{"taxonomy":"product_brand","embeddable":true,"href":"https:\/\/happyinaknit.com\/en\/wp-json\/wp\/v2\/product_brand?post=5986"},{"taxonomy":"product_cat","embeddable":true,"href":"https:\/\/happyinaknit.com\/en\/wp-json\/wp\/v2\/product_cat?post=5986"},{"taxonomy":"product_tag","embeddable":true,"href":"https:\/\/happyinaknit.com\/en\/wp-json\/wp\/v2\/product_tag?post=5986"},{"taxonomy":"pro-kategorijos","embeddable":true,"href":"https:\/\/happyinaknit.com\/en\/wp-json\/wp\/v2\/pro-kategorijos?post=5986"}],"curies":[{"name":"wp","href":"https:\/\/api.w.org\/{rel}","templated":true}]}}