{"id":5967,"date":"2025-10-18T19:24:05","date_gmt":"2025-10-18T19:24:05","guid":{"rendered":"https:\/\/happyinaknit.com\/?post_type=product&#038;p=5967"},"modified":"2026-01-09T13:12:09","modified_gmt":"2026-01-09T13:12:09","slug":"tulip-virbalu-antgaliai-tulpiu-formos","status":"publish","type":"product","link":"https:\/\/happyinaknit.com\/en\/product\/tulip-virbalu-antgaliai-tulpiu-formos\/","title":{"rendered":"Tulip Needle Tips (tulip-shaped)"},"content":{"rendered":"<p>Cute and functional <b>Tulip<\/b> Needle tips are a convenient way to prevent knitting from slipping off the needles. Create charming <b>tulip-shaped<\/b>, they are not only practical, but will also decorate your knitting basket.<\/p>\n<p><b>The set includes:<\/b> 2 pcs.<\/p>\n<p><b>Material:<\/b> rubber<\/p>\n<p><b>Colors and sizes:<\/b><b><\/b><\/p>\n<p>\u2022<b>Pink<\/b> \u2013\u00a0<i>Suitable for needles 2.0-4.5 mm<\/i><i><\/i><\/p>\n<p>\u2022<b>Blue<\/b> \u2013\u00a0<i>Suitable for needles 2.0-4.5 mm<\/i><i><\/i><\/p>\n<p>\u2022<b>Green<\/b> \u2013\u00a0<i>Suitable for needles 2.0-4.5 mm<\/i><i><\/i><\/p>\n<p>\u2022<b>Red<\/b> \u2013\u00a0<i>Suitable for needles 4.0-6.5 mm<\/i><i><\/i><\/p>\n<p>\u2022<b>Dark blue<\/b> \u2013 \u00a0<i>Suitable for needles 4.0-6.5 mm<\/i><i><\/i><\/p>\n<p>\u2022<b>White<\/b> \u2013\u00a0<i>Suitable for needles 4.0-6.5 mm<\/i><\/p>\n<p><b>Purpose:<\/b> The tips are placed on the tips of the needles to prevent the stitches from slipping off when the knitting is temporarily set aside.<\/p>\n<p><b>Manufacturer:<\/b> Tulip (Japan)<\/p>\n<p><b>Note:<\/b> Color shades may vary slightly depending on your device&#039;s screen.<\/p>","protected":false},"excerpt":{"rendered":"<p>Mieli ir funkcional\u016bs Tulip virbal\u0173 antgaliai \u2013 tai patogus b\u016bdas apsaugoti mezgin\u012f nuo aki\u0173 nuslydimo nuo virbal\u0173. Sukurti \u017eavingos tulp\u0117s formos, jie ne tik prakti\u0161ki, bet ir papuo\u0161 j\u016bs\u0173 mezgimo krep\u0161el\u012f. Rinkin\u012f sudaro: 2 vnt. Med\u017eiaga: guma Spalvos ir dyd\u017eiai: \u2022Ro\u017einiai \u2013\u00a0Tinka virbalams 2,0\u20134,5 mm \u2022M\u0117lyni \u2013\u00a0Tinka virbalams 2,0\u20134,5 mm \u2022\u017dali \u2013\u00a0Tinka virbalams 2,0\u20134,5 mm [&hellip;]<\/p>\n","protected":false},"featured_media":5970,"comment_status":"open","ping_status":"closed","template":"","meta":{"_acf_changed":false},"product_brand":[757],"product_cat":[15,868,19],"product_tag":[],"pro-kategorijos":[],"class_list":{"0":"post-5967","1":"product","2":"type-product","3":"status-publish","4":"has-post-thumbnail","6":"product_brand-tulip","7":"product_cat-visi-produktai","8":"product_cat-antgaliaistabdziukai","9":"product_cat-mezgimo-priemones","11":"first","12":"instock","13":"shipping-taxable","14":"purchasable","15":"product-type-variable"},"acf":[],"yoast_head":"<!-- This site is optimized with the Yoast SEO plugin v26.8 - https:\/\/yoast.com\/product\/yoast-seo-wordpress\/ -->\n<title>Tulip Virbal\u0173 Antgaliai (tulpi\u0173 formos) - Happyinaknit.com<\/title>\n<meta name=\"robots\" content=\"index, follow, max-snippet:-1, max-image-preview:large, max-video-preview:-1\" \/>\n<link rel=\"canonical\" href=\"https:\/\/happyinaknit.com\/en\/product\/tulip-virbalu-antgaliai-tulpiu-formos\/\" \/>\n<meta property=\"og:locale\" content=\"en_US\" \/>\n<meta property=\"og:type\" content=\"article\" \/>\n<meta property=\"og:title\" content=\"Tulip Virbal\u0173 Antgaliai (tulpi\u0173 formos) - Happyinaknit.com\" \/>\n<meta property=\"og:description\" content=\"Mieli ir funkcional\u016bs Tulip virbal\u0173 antgaliai \u2013 tai patogus b\u016bdas apsaugoti mezgin\u012f nuo aki\u0173 nuslydimo nuo virbal\u0173. Sukurti \u017eavingos tulp\u0117s formos, jie ne tik prakti\u0161ki, bet ir papuo\u0161 j\u016bs\u0173 mezgimo krep\u0161el\u012f. Rinkin\u012f sudaro: 2 vnt. Med\u017eiaga: guma Spalvos ir dyd\u017eiai: \u2022Ro\u017einiai \u2013\u00a0Tinka virbalams 2,0\u20134,5 mm \u2022M\u0117lyni \u2013\u00a0Tinka virbalams 2,0\u20134,5 mm \u2022\u017dali \u2013\u00a0Tinka virbalams 2,0\u20134,5 mm [&hellip;]\" \/>\n<meta property=\"og:url\" content=\"https:\/\/happyinaknit.com\/en\/product\/tulip-virbalu-antgaliai-tulpiu-formos\/\" \/>\n<meta property=\"og:site_name\" content=\"Happyinaknit.com\" \/>\n<meta property=\"article:modified_time\" content=\"2026-01-09T13:12:09+00:00\" \/>\n<meta property=\"og:image\" content=\"https:\/\/happyinaknit.com\/wp-content\/uploads\/2025\/10\/ORG_160413_AC-image_12_1024x1024_43c3030f-ed51-42f9-9e88-97617753bcaf.webp.jpeg\" \/>\n\t<meta property=\"og:image:width\" content=\"667\" \/>\n\t<meta property=\"og:image:height\" content=\"1000\" \/>\n\t<meta property=\"og:image:type\" content=\"image\/jpeg\" \/>\n<meta name=\"twitter:card\" content=\"summary_large_image\" \/>\n<meta name=\"twitter:label1\" content=\"Est. reading time\" \/>\n\t<meta name=\"twitter:data1\" content=\"1 minute\" \/>\n<script type=\"application\/ld+json\" class=\"yoast-schema-graph\">{\"@context\":\"https:\/\/schema.org\",\"@graph\":[{\"@type\":\"WebPage\",\"@id\":\"https:\/\/happyinaknit.com\/produktas\/tulip-virbalu-antgaliai-tulpiu-formos\/\",\"url\":\"https:\/\/happyinaknit.com\/produktas\/tulip-virbalu-antgaliai-tulpiu-formos\/\",\"name\":\"Tulip Virbal\u0173 Antgaliai (tulpi\u0173 formos) - Happyinaknit.com\",\"isPartOf\":{\"@id\":\"https:\/\/happyinaknit.com\/lt\/#website\"},\"primaryImageOfPage\":{\"@id\":\"https:\/\/happyinaknit.com\/produktas\/tulip-virbalu-antgaliai-tulpiu-formos\/#primaryimage\"},\"image\":{\"@id\":\"https:\/\/happyinaknit.com\/produktas\/tulip-virbalu-antgaliai-tulpiu-formos\/#primaryimage\"},\"thumbnailUrl\":\"https:\/\/happyinaknit.com\/wp-content\/uploads\/2025\/10\/ORG_160413_AC-image_12_1024x1024_43c3030f-ed51-42f9-9e88-97617753bcaf.webp.jpeg\",\"datePublished\":\"2025-10-18T19:24:05+00:00\",\"dateModified\":\"2026-01-09T13:12:09+00:00\",\"breadcrumb\":{\"@id\":\"https:\/\/happyinaknit.com\/produktas\/tulip-virbalu-antgaliai-tulpiu-formos\/#breadcrumb\"},\"inLanguage\":\"en-US\",\"potentialAction\":[{\"@type\":\"ReadAction\",\"target\":[\"https:\/\/happyinaknit.com\/produktas\/tulip-virbalu-antgaliai-tulpiu-formos\/\"]}]},{\"@type\":\"ImageObject\",\"inLanguage\":\"en-US\",\"@id\":\"https:\/\/happyinaknit.com\/produktas\/tulip-virbalu-antgaliai-tulpiu-formos\/#primaryimage\",\"url\":\"https:\/\/happyinaknit.com\/wp-content\/uploads\/2025\/10\/ORG_160413_AC-image_12_1024x1024_43c3030f-ed51-42f9-9e88-97617753bcaf.webp.jpeg\",\"contentUrl\":\"https:\/\/happyinaknit.com\/wp-content\/uploads\/2025\/10\/ORG_160413_AC-image_12_1024x1024_43c3030f-ed51-42f9-9e88-97617753bcaf.webp.jpeg\",\"width\":667,\"height\":1000},{\"@type\":\"BreadcrumbList\",\"@id\":\"https:\/\/happyinaknit.com\/produktas\/tulip-virbalu-antgaliai-tulpiu-formos\/#breadcrumb\",\"itemListElement\":[{\"@type\":\"ListItem\",\"position\":1,\"name\":\"Home\",\"item\":\"https:\/\/happyinaknit.com\/lt\/\"},{\"@type\":\"ListItem\",\"position\":2,\"name\":\"Parduotuv\u0117\",\"item\":\"https:\/\/happyinaknit.com\/lt\/parduotuve\/\"},{\"@type\":\"ListItem\",\"position\":3,\"name\":\"Tulip Virbal\u0173 Antgaliai (tulpi\u0173 formos)\"}]},{\"@type\":\"WebSite\",\"@id\":\"https:\/\/happyinaknit.com\/lt\/#website\",\"url\":\"https:\/\/happyinaknit.com\/lt\/\",\"name\":\"Happyinaknit.com\",\"description\":\"\",\"potentialAction\":[{\"@type\":\"SearchAction\",\"target\":{\"@type\":\"EntryPoint\",\"urlTemplate\":\"https:\/\/happyinaknit.com\/lt\/?s={search_term_string}\"},\"query-input\":{\"@type\":\"PropertyValueSpecification\",\"valueRequired\":true,\"valueName\":\"search_term_string\"}}],\"inLanguage\":\"en-US\"}]}<\/script>\n<!-- \/ Yoast SEO plugin. -->","yoast_head_json":{"title":"Tulip Virbal\u0173 Antgaliai (tulpi\u0173 formos) - Happyinaknit.com","robots":{"index":"index","follow":"follow","max-snippet":"max-snippet:-1","max-image-preview":"max-image-preview:large","max-video-preview":"max-video-preview:-1"},"canonical":"https:\/\/happyinaknit.com\/en\/product\/tulip-virbalu-antgaliai-tulpiu-formos\/","og_locale":"en_US","og_type":"article","og_title":"Tulip Virbal\u0173 Antgaliai (tulpi\u0173 formos) - Happyinaknit.com","og_description":"Mieli ir funkcional\u016bs Tulip virbal\u0173 antgaliai \u2013 tai patogus b\u016bdas apsaugoti mezgin\u012f nuo aki\u0173 nuslydimo nuo virbal\u0173. Sukurti \u017eavingos tulp\u0117s formos, jie ne tik prakti\u0161ki, bet ir papuo\u0161 j\u016bs\u0173 mezgimo krep\u0161el\u012f. Rinkin\u012f sudaro: 2 vnt. Med\u017eiaga: guma Spalvos ir dyd\u017eiai: \u2022Ro\u017einiai \u2013\u00a0Tinka virbalams 2,0\u20134,5 mm \u2022M\u0117lyni \u2013\u00a0Tinka virbalams 2,0\u20134,5 mm \u2022\u017dali \u2013\u00a0Tinka virbalams 2,0\u20134,5 mm [&hellip;]","og_url":"https:\/\/happyinaknit.com\/en\/product\/tulip-virbalu-antgaliai-tulpiu-formos\/","og_site_name":"Happyinaknit.com","article_modified_time":"2026-01-09T13:12:09+00:00","og_image":[{"width":667,"height":1000,"url":"https:\/\/happyinaknit.com\/wp-content\/uploads\/2025\/10\/ORG_160413_AC-image_12_1024x1024_43c3030f-ed51-42f9-9e88-97617753bcaf.webp.jpeg","type":"image\/jpeg"}],"twitter_card":"summary_large_image","twitter_misc":{"Est. reading time":"1 minute"},"schema":{"@context":"https:\/\/schema.org","@graph":[{"@type":"WebPage","@id":"https:\/\/happyinaknit.com\/produktas\/tulip-virbalu-antgaliai-tulpiu-formos\/","url":"https:\/\/happyinaknit.com\/produktas\/tulip-virbalu-antgaliai-tulpiu-formos\/","name":"Tulip Virbal\u0173 Antgaliai (tulpi\u0173 formos) - Happyinaknit.com","isPartOf":{"@id":"https:\/\/happyinaknit.com\/lt\/#website"},"primaryImageOfPage":{"@id":"https:\/\/happyinaknit.com\/produktas\/tulip-virbalu-antgaliai-tulpiu-formos\/#primaryimage"},"image":{"@id":"https:\/\/happyinaknit.com\/produktas\/tulip-virbalu-antgaliai-tulpiu-formos\/#primaryimage"},"thumbnailUrl":"https:\/\/happyinaknit.com\/wp-content\/uploads\/2025\/10\/ORG_160413_AC-image_12_1024x1024_43c3030f-ed51-42f9-9e88-97617753bcaf.webp.jpeg","datePublished":"2025-10-18T19:24:05+00:00","dateModified":"2026-01-09T13:12:09+00:00","breadcrumb":{"@id":"https:\/\/happyinaknit.com\/produktas\/tulip-virbalu-antgaliai-tulpiu-formos\/#breadcrumb"},"inLanguage":"en-US","potentialAction":[{"@type":"ReadAction","target":["https:\/\/happyinaknit.com\/produktas\/tulip-virbalu-antgaliai-tulpiu-formos\/"]}]},{"@type":"ImageObject","inLanguage":"en-US","@id":"https:\/\/happyinaknit.com\/produktas\/tulip-virbalu-antgaliai-tulpiu-formos\/#primaryimage","url":"https:\/\/happyinaknit.com\/wp-content\/uploads\/2025\/10\/ORG_160413_AC-image_12_1024x1024_43c3030f-ed51-42f9-9e88-97617753bcaf.webp.jpeg","contentUrl":"https:\/\/happyinaknit.com\/wp-content\/uploads\/2025\/10\/ORG_160413_AC-image_12_1024x1024_43c3030f-ed51-42f9-9e88-97617753bcaf.webp.jpeg","width":667,"height":1000},{"@type":"BreadcrumbList","@id":"https:\/\/happyinaknit.com\/produktas\/tulip-virbalu-antgaliai-tulpiu-formos\/#breadcrumb","itemListElement":[{"@type":"ListItem","position":1,"name":"Home","item":"https:\/\/happyinaknit.com\/lt\/"},{"@type":"ListItem","position":2,"name":"Parduotuv\u0117","item":"https:\/\/happyinaknit.com\/lt\/parduotuve\/"},{"@type":"ListItem","position":3,"name":"Tulip Virbal\u0173 Antgaliai (tulpi\u0173 formos)"}]},{"@type":"WebSite","@id":"https:\/\/happyinaknit.com\/lt\/#website","url":"https:\/\/happyinaknit.com\/lt\/","name":"Happyinaknit.com","description":"","potentialAction":[{"@type":"SearchAction","target":{"@type":"EntryPoint","urlTemplate":"https:\/\/happyinaknit.com\/lt\/?s={search_term_string}"},"query-input":{"@type":"PropertyValueSpecification","valueRequired":true,"valueName":"search_term_string"}}],"inLanguage":"en-US"}]}},"_links":{"self":[{"href":"https:\/\/happyinaknit.com\/en\/wp-json\/wp\/v2\/product\/5967","targetHints":{"allow":["GET"]}}],"collection":[{"href":"https:\/\/happyinaknit.com\/en\/wp-json\/wp\/v2\/product"}],"about":[{"href":"https:\/\/happyinaknit.com\/en\/wp-json\/wp\/v2\/types\/product"}],"replies":[{"embeddable":true,"href":"https:\/\/happyinaknit.com\/en\/wp-json\/wp\/v2\/comments?post=5967"}],"wp:featuredmedia":[{"embeddable":true,"href":"https:\/\/happyinaknit.com\/en\/wp-json\/wp\/v2\/media\/5970"}],"wp:attachment":[{"href":"https:\/\/happyinaknit.com\/en\/wp-json\/wp\/v2\/media?parent=5967"}],"wp:term":[{"taxonomy":"product_brand","embeddable":true,"href":"https:\/\/happyinaknit.com\/en\/wp-json\/wp\/v2\/product_brand?post=5967"},{"taxonomy":"product_cat","embeddable":true,"href":"https:\/\/happyinaknit.com\/en\/wp-json\/wp\/v2\/product_cat?post=5967"},{"taxonomy":"product_tag","embeddable":true,"href":"https:\/\/happyinaknit.com\/en\/wp-json\/wp\/v2\/product_tag?post=5967"},{"taxonomy":"pro-kategorijos","embeddable":true,"href":"https:\/\/happyinaknit.com\/en\/wp-json\/wp\/v2\/pro-kategorijos?post=5967"}],"curies":[{"name":"wp","href":"https:\/\/api.w.org\/{rel}","templated":true}]}}