{"id":5963,"date":"2025-10-18T19:02:23","date_gmt":"2025-10-18T19:02:23","guid":{"rendered":"https:\/\/happyinaknit.com\/?post_type=product&#038;p=5963"},"modified":"2025-10-28T12:14:09","modified_gmt":"2025-10-28T12:14:09","slug":"tulip-antgaliai-prisukamiems-virbalams-carryc-carryc-long","status":"publish","type":"product","link":"https:\/\/happyinaknit.com\/en\/product\/tulip-antgaliai-prisukamiems-virbalams-carryc-carryc-long\/","title":{"rendered":"Tulip CarryC \/ CarryC Long Cable Stoppers"},"content":{"rendered":"<p>Tips (formerly called &quot;stoppers&quot;) are designed for <b>Tulip CarryC<\/b> and <b>CarryC Long<\/b> Screw-in needles. They are used when you need to temporarily put your knitting aside \u2013 for example, leaving the armholes open when knitting a sweater from above or interrupting work on another project.<\/p>\n<p>The tips are easily screwed onto the line instead of the tips of the rods, securely holding the eyes and preventing them from slipping.<\/p>\n<p><b>Set of 2.<\/b><b><\/b><\/p>\n<p><b>Suitable for:<\/b> For Tulip CarryC and CarryC Long systems<\/p>\n<p><b>Manufacturer:<\/b> Tulip (Japan)<\/p>\n<p><b>Note:<\/b> Color shades may vary slightly depending on your device&#039;s screen.<\/p>","protected":false},"excerpt":{"rendered":"<p>Antgaliai (buv\u0119 vadinami \u201estopperiais\u201c) skirti Tulip CarryC ir CarryC Long prisukamiems virbalams. Jie naudojami tuomet, kai reikia laikinai atid\u0117ti mezgin\u012f \u2013 pavyzd\u017eiui, palikus rankov\u0117s akis mezgant megztin\u012f i\u0161 vir\u0161aus arba pertraukiant darb\u0105 prie kito projekto. Antgaliai lengvai prisukami prie valo vietoje virbal\u0173 galiuk\u0173, patikimai sulaiko akis ir neleid\u017eia joms nuslysti. Komplektas \u00a0i\u0161 2 \u00a0vnt. Tinka: [&hellip;]<\/p>\n","protected":false},"featured_media":7083,"comment_status":"open","ping_status":"closed","template":"","meta":{"_acf_changed":false},"product_brand":[757],"product_cat":[15,868,19],"product_tag":[],"pro-kategorijos":[],"class_list":{"0":"post-5963","1":"product","2":"type-product","3":"status-publish","4":"has-post-thumbnail","6":"product_brand-tulip","7":"product_cat-visi-produktai","8":"product_cat-antgaliaistabdziukai","9":"product_cat-mezgimo-priemones","11":"first","12":"instock","13":"shipping-taxable","14":"purchasable","15":"product-type-simple"},"acf":[],"yoast_head":"<!-- This site is optimized with the Yoast SEO plugin v26.8 - https:\/\/yoast.com\/product\/yoast-seo-wordpress\/ -->\n<title>Tulip antgaliai \u00a0prisukamiems virbalams CarryC \/ CarryC Long - Happyinaknit.com<\/title>\n<meta name=\"robots\" content=\"index, follow, max-snippet:-1, max-image-preview:large, max-video-preview:-1\" \/>\n<link rel=\"canonical\" href=\"https:\/\/happyinaknit.com\/en\/product\/tulip-antgaliai-prisukamiems-virbalams-carryc-carryc-long\/\" \/>\n<meta property=\"og:locale\" content=\"en_US\" \/>\n<meta property=\"og:type\" content=\"article\" \/>\n<meta property=\"og:title\" content=\"Tulip antgaliai \u00a0prisukamiems virbalams CarryC \/ CarryC Long - Happyinaknit.com\" \/>\n<meta property=\"og:description\" content=\"Antgaliai (buv\u0119 vadinami \u201estopperiais\u201c) skirti Tulip CarryC ir CarryC Long prisukamiems virbalams. Jie naudojami tuomet, kai reikia laikinai atid\u0117ti mezgin\u012f \u2013 pavyzd\u017eiui, palikus rankov\u0117s akis mezgant megztin\u012f i\u0161 vir\u0161aus arba pertraukiant darb\u0105 prie kito projekto. Antgaliai lengvai prisukami prie valo vietoje virbal\u0173 galiuk\u0173, patikimai sulaiko akis ir neleid\u017eia joms nuslysti. Komplektas \u00a0i\u0161 2 \u00a0vnt. Tinka: [&hellip;]\" \/>\n<meta property=\"og:url\" content=\"https:\/\/happyinaknit.com\/en\/product\/tulip-antgaliai-prisukamiems-virbalams-carryc-carryc-long\/\" \/>\n<meta property=\"og:site_name\" content=\"Happyinaknit.com\" \/>\n<meta property=\"article:modified_time\" content=\"2025-10-28T12:14:09+00:00\" \/>\n<meta property=\"og:image\" content=\"https:\/\/happyinaknit.com\/wp-content\/uploads\/2025\/10\/zaglushki-dlya-zyomnikh-spits-tulip-carryc-long-2-sht.-34103629851870.jpg\" \/>\n\t<meta property=\"og:image:width\" content=\"536\" \/>\n\t<meta property=\"og:image:height\" content=\"536\" \/>\n\t<meta property=\"og:image:type\" content=\"image\/jpeg\" \/>\n<meta name=\"twitter:card\" content=\"summary_large_image\" \/>\n<script type=\"application\/ld+json\" class=\"yoast-schema-graph\">{\"@context\":\"https:\/\/schema.org\",\"@graph\":[{\"@type\":\"WebPage\",\"@id\":\"https:\/\/happyinaknit.com\/produktas\/tulip-antgaliai-prisukamiems-virbalams-carryc-carryc-long\/\",\"url\":\"https:\/\/happyinaknit.com\/produktas\/tulip-antgaliai-prisukamiems-virbalams-carryc-carryc-long\/\",\"name\":\"Tulip antgaliai \u00a0prisukamiems virbalams CarryC \/ CarryC Long - Happyinaknit.com\",\"isPartOf\":{\"@id\":\"https:\/\/happyinaknit.com\/lt\/#website\"},\"primaryImageOfPage\":{\"@id\":\"https:\/\/happyinaknit.com\/produktas\/tulip-antgaliai-prisukamiems-virbalams-carryc-carryc-long\/#primaryimage\"},\"image\":{\"@id\":\"https:\/\/happyinaknit.com\/produktas\/tulip-antgaliai-prisukamiems-virbalams-carryc-carryc-long\/#primaryimage\"},\"thumbnailUrl\":\"https:\/\/happyinaknit.com\/wp-content\/uploads\/2025\/10\/zaglushki-dlya-zyomnikh-spits-tulip-carryc-long-2-sht.-34103629851870.jpg\",\"datePublished\":\"2025-10-18T19:02:23+00:00\",\"dateModified\":\"2025-10-28T12:14:09+00:00\",\"breadcrumb\":{\"@id\":\"https:\/\/happyinaknit.com\/produktas\/tulip-antgaliai-prisukamiems-virbalams-carryc-carryc-long\/#breadcrumb\"},\"inLanguage\":\"en-US\",\"potentialAction\":[{\"@type\":\"ReadAction\",\"target\":[\"https:\/\/happyinaknit.com\/produktas\/tulip-antgaliai-prisukamiems-virbalams-carryc-carryc-long\/\"]}]},{\"@type\":\"ImageObject\",\"inLanguage\":\"en-US\",\"@id\":\"https:\/\/happyinaknit.com\/produktas\/tulip-antgaliai-prisukamiems-virbalams-carryc-carryc-long\/#primaryimage\",\"url\":\"https:\/\/happyinaknit.com\/wp-content\/uploads\/2025\/10\/zaglushki-dlya-zyomnikh-spits-tulip-carryc-long-2-sht.-34103629851870.jpg\",\"contentUrl\":\"https:\/\/happyinaknit.com\/wp-content\/uploads\/2025\/10\/zaglushki-dlya-zyomnikh-spits-tulip-carryc-long-2-sht.-34103629851870.jpg\",\"width\":536,\"height\":536},{\"@type\":\"BreadcrumbList\",\"@id\":\"https:\/\/happyinaknit.com\/produktas\/tulip-antgaliai-prisukamiems-virbalams-carryc-carryc-long\/#breadcrumb\",\"itemListElement\":[{\"@type\":\"ListItem\",\"position\":1,\"name\":\"Home\",\"item\":\"https:\/\/happyinaknit.com\/lt\/\"},{\"@type\":\"ListItem\",\"position\":2,\"name\":\"Parduotuv\u0117\",\"item\":\"https:\/\/happyinaknit.com\/lt\/parduotuve\/\"},{\"@type\":\"ListItem\",\"position\":3,\"name\":\"Tulip antgaliai \u00a0prisukamiems virbalams CarryC \/ CarryC Long\"}]},{\"@type\":\"WebSite\",\"@id\":\"https:\/\/happyinaknit.com\/lt\/#website\",\"url\":\"https:\/\/happyinaknit.com\/lt\/\",\"name\":\"Happyinaknit.com\",\"description\":\"\",\"potentialAction\":[{\"@type\":\"SearchAction\",\"target\":{\"@type\":\"EntryPoint\",\"urlTemplate\":\"https:\/\/happyinaknit.com\/lt\/?s={search_term_string}\"},\"query-input\":{\"@type\":\"PropertyValueSpecification\",\"valueRequired\":true,\"valueName\":\"search_term_string\"}}],\"inLanguage\":\"en-US\"}]}<\/script>\n<!-- \/ Yoast SEO plugin. -->","yoast_head_json":{"title":"Tulip antgaliai \u00a0prisukamiems virbalams CarryC \/ CarryC Long - Happyinaknit.com","robots":{"index":"index","follow":"follow","max-snippet":"max-snippet:-1","max-image-preview":"max-image-preview:large","max-video-preview":"max-video-preview:-1"},"canonical":"https:\/\/happyinaknit.com\/en\/product\/tulip-antgaliai-prisukamiems-virbalams-carryc-carryc-long\/","og_locale":"en_US","og_type":"article","og_title":"Tulip antgaliai \u00a0prisukamiems virbalams CarryC \/ CarryC Long - Happyinaknit.com","og_description":"Antgaliai (buv\u0119 vadinami \u201estopperiais\u201c) skirti Tulip CarryC ir CarryC Long prisukamiems virbalams. Jie naudojami tuomet, kai reikia laikinai atid\u0117ti mezgin\u012f \u2013 pavyzd\u017eiui, palikus rankov\u0117s akis mezgant megztin\u012f i\u0161 vir\u0161aus arba pertraukiant darb\u0105 prie kito projekto. Antgaliai lengvai prisukami prie valo vietoje virbal\u0173 galiuk\u0173, patikimai sulaiko akis ir neleid\u017eia joms nuslysti. Komplektas \u00a0i\u0161 2 \u00a0vnt. Tinka: [&hellip;]","og_url":"https:\/\/happyinaknit.com\/en\/product\/tulip-antgaliai-prisukamiems-virbalams-carryc-carryc-long\/","og_site_name":"Happyinaknit.com","article_modified_time":"2025-10-28T12:14:09+00:00","og_image":[{"width":536,"height":536,"url":"https:\/\/happyinaknit.com\/wp-content\/uploads\/2025\/10\/zaglushki-dlya-zyomnikh-spits-tulip-carryc-long-2-sht.-34103629851870.jpg","type":"image\/jpeg"}],"twitter_card":"summary_large_image","schema":{"@context":"https:\/\/schema.org","@graph":[{"@type":"WebPage","@id":"https:\/\/happyinaknit.com\/produktas\/tulip-antgaliai-prisukamiems-virbalams-carryc-carryc-long\/","url":"https:\/\/happyinaknit.com\/produktas\/tulip-antgaliai-prisukamiems-virbalams-carryc-carryc-long\/","name":"Tulip antgaliai \u00a0prisukamiems virbalams CarryC \/ CarryC Long - Happyinaknit.com","isPartOf":{"@id":"https:\/\/happyinaknit.com\/lt\/#website"},"primaryImageOfPage":{"@id":"https:\/\/happyinaknit.com\/produktas\/tulip-antgaliai-prisukamiems-virbalams-carryc-carryc-long\/#primaryimage"},"image":{"@id":"https:\/\/happyinaknit.com\/produktas\/tulip-antgaliai-prisukamiems-virbalams-carryc-carryc-long\/#primaryimage"},"thumbnailUrl":"https:\/\/happyinaknit.com\/wp-content\/uploads\/2025\/10\/zaglushki-dlya-zyomnikh-spits-tulip-carryc-long-2-sht.-34103629851870.jpg","datePublished":"2025-10-18T19:02:23+00:00","dateModified":"2025-10-28T12:14:09+00:00","breadcrumb":{"@id":"https:\/\/happyinaknit.com\/produktas\/tulip-antgaliai-prisukamiems-virbalams-carryc-carryc-long\/#breadcrumb"},"inLanguage":"en-US","potentialAction":[{"@type":"ReadAction","target":["https:\/\/happyinaknit.com\/produktas\/tulip-antgaliai-prisukamiems-virbalams-carryc-carryc-long\/"]}]},{"@type":"ImageObject","inLanguage":"en-US","@id":"https:\/\/happyinaknit.com\/produktas\/tulip-antgaliai-prisukamiems-virbalams-carryc-carryc-long\/#primaryimage","url":"https:\/\/happyinaknit.com\/wp-content\/uploads\/2025\/10\/zaglushki-dlya-zyomnikh-spits-tulip-carryc-long-2-sht.-34103629851870.jpg","contentUrl":"https:\/\/happyinaknit.com\/wp-content\/uploads\/2025\/10\/zaglushki-dlya-zyomnikh-spits-tulip-carryc-long-2-sht.-34103629851870.jpg","width":536,"height":536},{"@type":"BreadcrumbList","@id":"https:\/\/happyinaknit.com\/produktas\/tulip-antgaliai-prisukamiems-virbalams-carryc-carryc-long\/#breadcrumb","itemListElement":[{"@type":"ListItem","position":1,"name":"Home","item":"https:\/\/happyinaknit.com\/lt\/"},{"@type":"ListItem","position":2,"name":"Parduotuv\u0117","item":"https:\/\/happyinaknit.com\/lt\/parduotuve\/"},{"@type":"ListItem","position":3,"name":"Tulip antgaliai \u00a0prisukamiems virbalams CarryC \/ CarryC Long"}]},{"@type":"WebSite","@id":"https:\/\/happyinaknit.com\/lt\/#website","url":"https:\/\/happyinaknit.com\/lt\/","name":"Happyinaknit.com","description":"","potentialAction":[{"@type":"SearchAction","target":{"@type":"EntryPoint","urlTemplate":"https:\/\/happyinaknit.com\/lt\/?s={search_term_string}"},"query-input":{"@type":"PropertyValueSpecification","valueRequired":true,"valueName":"search_term_string"}}],"inLanguage":"en-US"}]}},"_links":{"self":[{"href":"https:\/\/happyinaknit.com\/en\/wp-json\/wp\/v2\/product\/5963","targetHints":{"allow":["GET"]}}],"collection":[{"href":"https:\/\/happyinaknit.com\/en\/wp-json\/wp\/v2\/product"}],"about":[{"href":"https:\/\/happyinaknit.com\/en\/wp-json\/wp\/v2\/types\/product"}],"replies":[{"embeddable":true,"href":"https:\/\/happyinaknit.com\/en\/wp-json\/wp\/v2\/comments?post=5963"}],"wp:featuredmedia":[{"embeddable":true,"href":"https:\/\/happyinaknit.com\/en\/wp-json\/wp\/v2\/media\/7083"}],"wp:attachment":[{"href":"https:\/\/happyinaknit.com\/en\/wp-json\/wp\/v2\/media?parent=5963"}],"wp:term":[{"taxonomy":"product_brand","embeddable":true,"href":"https:\/\/happyinaknit.com\/en\/wp-json\/wp\/v2\/product_brand?post=5963"},{"taxonomy":"product_cat","embeddable":true,"href":"https:\/\/happyinaknit.com\/en\/wp-json\/wp\/v2\/product_cat?post=5963"},{"taxonomy":"product_tag","embeddable":true,"href":"https:\/\/happyinaknit.com\/en\/wp-json\/wp\/v2\/product_tag?post=5963"},{"taxonomy":"pro-kategorijos","embeddable":true,"href":"https:\/\/happyinaknit.com\/en\/wp-json\/wp\/v2\/pro-kategorijos?post=5963"}],"curies":[{"name":"wp","href":"https:\/\/api.w.org\/{rel}","templated":true}]}}