{"id":5913,"date":"2025-10-18T17:29:27","date_gmt":"2025-10-18T17:29:27","guid":{"rendered":"https:\/\/happyinaknit.com\/?post_type=product&#038;p=5913"},"modified":"2025-11-03T07:38:40","modified_gmt":"2025-11-03T07:38:40","slug":"tulip-bambukiniai-virbalai-su-valu-40-cm","status":"publish","type":"product","link":"https:\/\/happyinaknit.com\/en\/product\/tulip-bambukiniai-virbalai-su-valu-40-cm\/","title":{"rendered":"Tulip Bamboo Circular Knitting Needles  40 cm"},"content":{"rendered":"<p>High quality <b>Tulip<\/b> Bamboo knitting needles with a line \u2013 light, soft to the touch and very comfortable for knitting. Bamboo ensures a pleasant glide and a warm feeling in the hands, and the line is elastic, strong and does not twist, making knitting even more enjoyable. Perfect for smaller knits \u2013 hats, sleeves, neck pieces or socks.<\/p>\n<p>Perfect for small items: hats, sleeves, neck pieces, socks<\/p>\n<p><b>Total length<\/b><b>:<\/b> 40 cm<\/p>\n<p><b>Material:<\/b> bamboo, plastic line<\/p>\n<p><b>Manufacturer:<\/b> Tulip (Japan)<\/p>\n<p><b>Note:<\/b> Color shades may vary slightly depending on your device&#039;s screen.<\/p>","protected":false},"excerpt":{"rendered":"<p>Auk\u0161tos kokyb\u0117s Tulip bambukiniai virbalai su valu \u2013 lengvi, \u0161veln\u016bs liesti ir labai patog\u016bs mezgimui. Bambukas u\u017etikrina malon\u0173 slydim\u0105 ir \u0161ilt\u0105 poj\u016bt\u012f rankose, o valas yra elastingas, tvirtas ir nesusisukantis, tod\u0117l mezgimas tampa dar malonesnis. Puikiai tinka ma\u017eesniems mezginiams \u2013 kepur\u0117ms, rankov\u0117ms, kaklo dalims ar kojin\u0117ms. Puikiai tinka \u00a0ma\u017eiems gaminiams: kepur\u0117ms, rankov\u0117ms, kaklo dalims, kojin\u0117ms [&hellip;]<\/p>\n","protected":false},"featured_media":5916,"comment_status":"open","ping_status":"closed","template":"","meta":{"_acf_changed":false},"product_brand":[757],"product_cat":[15,19,862],"product_tag":[],"pro-kategorijos":[],"class_list":{"0":"post-5913","1":"product","2":"type-product","3":"status-publish","4":"has-post-thumbnail","6":"product_brand-tulip","7":"product_cat-visi-produktai","8":"product_cat-mezgimo-priemones","9":"product_cat-virbalai-su-valu","11":"first","12":"instock","13":"shipping-taxable","14":"purchasable","15":"product-type-variable"},"acf":[],"yoast_head":"<!-- This site is optimized with the Yoast SEO plugin v26.8 - https:\/\/yoast.com\/product\/yoast-seo-wordpress\/ -->\n<title>Tulip Bambukiniai Virbalai Su Valu 40 cm - Happyinaknit.com<\/title>\n<meta name=\"robots\" content=\"index, follow, max-snippet:-1, max-image-preview:large, max-video-preview:-1\" \/>\n<link rel=\"canonical\" href=\"https:\/\/happyinaknit.com\/en\/product\/tulip-bambukiniai-virbalai-su-valu-40-cm\/\" \/>\n<meta property=\"og:locale\" content=\"en_US\" \/>\n<meta property=\"og:type\" content=\"article\" \/>\n<meta property=\"og:title\" content=\"Tulip Bambukiniai Virbalai Su Valu 40 cm - Happyinaknit.com\" \/>\n<meta property=\"og:description\" content=\"Auk\u0161tos kokyb\u0117s Tulip bambukiniai virbalai su valu \u2013 lengvi, \u0161veln\u016bs liesti ir labai patog\u016bs mezgimui. Bambukas u\u017etikrina malon\u0173 slydim\u0105 ir \u0161ilt\u0105 poj\u016bt\u012f rankose, o valas yra elastingas, tvirtas ir nesusisukantis, tod\u0117l mezgimas tampa dar malonesnis. Puikiai tinka ma\u017eesniems mezginiams \u2013 kepur\u0117ms, rankov\u0117ms, kaklo dalims ar kojin\u0117ms. Puikiai tinka \u00a0ma\u017eiems gaminiams: kepur\u0117ms, rankov\u0117ms, kaklo dalims, kojin\u0117ms [&hellip;]\" \/>\n<meta property=\"og:url\" content=\"https:\/\/happyinaknit.com\/en\/product\/tulip-bambukiniai-virbalai-su-valu-40-cm\/\" \/>\n<meta property=\"og:site_name\" content=\"Happyinaknit.com\" \/>\n<meta property=\"article:modified_time\" content=\"2025-11-03T07:38:40+00:00\" \/>\n<meta property=\"og:image\" content=\"https:\/\/happyinaknit.com\/wp-content\/uploads\/2025\/10\/japan-tulip-knina-swivel-40cm-4mm-800x800.jpg.webp\" \/>\n\t<meta property=\"og:image:width\" content=\"800\" \/>\n\t<meta property=\"og:image:height\" content=\"800\" \/>\n\t<meta property=\"og:image:type\" content=\"image\/webp\" \/>\n<meta name=\"twitter:card\" content=\"summary_large_image\" \/>\n<script type=\"application\/ld+json\" class=\"yoast-schema-graph\">{\"@context\":\"https:\/\/schema.org\",\"@graph\":[{\"@type\":\"WebPage\",\"@id\":\"https:\/\/happyinaknit.com\/produktas\/tulip-bambukiniai-virbalai-su-valu-40-cm\/\",\"url\":\"https:\/\/happyinaknit.com\/produktas\/tulip-bambukiniai-virbalai-su-valu-40-cm\/\",\"name\":\"Tulip Bambukiniai Virbalai Su Valu 40 cm - Happyinaknit.com\",\"isPartOf\":{\"@id\":\"https:\/\/happyinaknit.com\/lt\/#website\"},\"primaryImageOfPage\":{\"@id\":\"https:\/\/happyinaknit.com\/produktas\/tulip-bambukiniai-virbalai-su-valu-40-cm\/#primaryimage\"},\"image\":{\"@id\":\"https:\/\/happyinaknit.com\/produktas\/tulip-bambukiniai-virbalai-su-valu-40-cm\/#primaryimage\"},\"thumbnailUrl\":\"https:\/\/happyinaknit.com\/wp-content\/uploads\/2025\/10\/japan-tulip-knina-swivel-40cm-4mm-800x800.jpg.webp\",\"datePublished\":\"2025-10-18T17:29:27+00:00\",\"dateModified\":\"2025-11-03T07:38:40+00:00\",\"breadcrumb\":{\"@id\":\"https:\/\/happyinaknit.com\/produktas\/tulip-bambukiniai-virbalai-su-valu-40-cm\/#breadcrumb\"},\"inLanguage\":\"en-US\",\"potentialAction\":[{\"@type\":\"ReadAction\",\"target\":[\"https:\/\/happyinaknit.com\/produktas\/tulip-bambukiniai-virbalai-su-valu-40-cm\/\"]}]},{\"@type\":\"ImageObject\",\"inLanguage\":\"en-US\",\"@id\":\"https:\/\/happyinaknit.com\/produktas\/tulip-bambukiniai-virbalai-su-valu-40-cm\/#primaryimage\",\"url\":\"https:\/\/happyinaknit.com\/wp-content\/uploads\/2025\/10\/japan-tulip-knina-swivel-40cm-4mm-800x800.jpg.webp\",\"contentUrl\":\"https:\/\/happyinaknit.com\/wp-content\/uploads\/2025\/10\/japan-tulip-knina-swivel-40cm-4mm-800x800.jpg.webp\",\"width\":800,\"height\":800},{\"@type\":\"BreadcrumbList\",\"@id\":\"https:\/\/happyinaknit.com\/produktas\/tulip-bambukiniai-virbalai-su-valu-40-cm\/#breadcrumb\",\"itemListElement\":[{\"@type\":\"ListItem\",\"position\":1,\"name\":\"Home\",\"item\":\"https:\/\/happyinaknit.com\/lt\/\"},{\"@type\":\"ListItem\",\"position\":2,\"name\":\"Parduotuv\u0117\",\"item\":\"https:\/\/happyinaknit.com\/lt\/parduotuve\/\"},{\"@type\":\"ListItem\",\"position\":3,\"name\":\"Tulip Bambukiniai Virbalai Su Valu 40 cm\"}]},{\"@type\":\"WebSite\",\"@id\":\"https:\/\/happyinaknit.com\/lt\/#website\",\"url\":\"https:\/\/happyinaknit.com\/lt\/\",\"name\":\"Happyinaknit.com\",\"description\":\"\",\"potentialAction\":[{\"@type\":\"SearchAction\",\"target\":{\"@type\":\"EntryPoint\",\"urlTemplate\":\"https:\/\/happyinaknit.com\/lt\/?s={search_term_string}\"},\"query-input\":{\"@type\":\"PropertyValueSpecification\",\"valueRequired\":true,\"valueName\":\"search_term_string\"}}],\"inLanguage\":\"en-US\"}]}<\/script>\n<!-- \/ Yoast SEO plugin. -->","yoast_head_json":{"title":"Tulip Bambukiniai Virbalai Su Valu 40 cm - Happyinaknit.com","robots":{"index":"index","follow":"follow","max-snippet":"max-snippet:-1","max-image-preview":"max-image-preview:large","max-video-preview":"max-video-preview:-1"},"canonical":"https:\/\/happyinaknit.com\/en\/product\/tulip-bambukiniai-virbalai-su-valu-40-cm\/","og_locale":"en_US","og_type":"article","og_title":"Tulip Bambukiniai Virbalai Su Valu 40 cm - Happyinaknit.com","og_description":"Auk\u0161tos kokyb\u0117s Tulip bambukiniai virbalai su valu \u2013 lengvi, \u0161veln\u016bs liesti ir labai patog\u016bs mezgimui. Bambukas u\u017etikrina malon\u0173 slydim\u0105 ir \u0161ilt\u0105 poj\u016bt\u012f rankose, o valas yra elastingas, tvirtas ir nesusisukantis, tod\u0117l mezgimas tampa dar malonesnis. Puikiai tinka ma\u017eesniems mezginiams \u2013 kepur\u0117ms, rankov\u0117ms, kaklo dalims ar kojin\u0117ms. Puikiai tinka \u00a0ma\u017eiems gaminiams: kepur\u0117ms, rankov\u0117ms, kaklo dalims, kojin\u0117ms [&hellip;]","og_url":"https:\/\/happyinaknit.com\/en\/product\/tulip-bambukiniai-virbalai-su-valu-40-cm\/","og_site_name":"Happyinaknit.com","article_modified_time":"2025-11-03T07:38:40+00:00","og_image":[{"width":800,"height":800,"url":"https:\/\/happyinaknit.com\/wp-content\/uploads\/2025\/10\/japan-tulip-knina-swivel-40cm-4mm-800x800.jpg.webp","type":"image\/webp"}],"twitter_card":"summary_large_image","schema":{"@context":"https:\/\/schema.org","@graph":[{"@type":"WebPage","@id":"https:\/\/happyinaknit.com\/produktas\/tulip-bambukiniai-virbalai-su-valu-40-cm\/","url":"https:\/\/happyinaknit.com\/produktas\/tulip-bambukiniai-virbalai-su-valu-40-cm\/","name":"Tulip Bambukiniai Virbalai Su Valu 40 cm - Happyinaknit.com","isPartOf":{"@id":"https:\/\/happyinaknit.com\/lt\/#website"},"primaryImageOfPage":{"@id":"https:\/\/happyinaknit.com\/produktas\/tulip-bambukiniai-virbalai-su-valu-40-cm\/#primaryimage"},"image":{"@id":"https:\/\/happyinaknit.com\/produktas\/tulip-bambukiniai-virbalai-su-valu-40-cm\/#primaryimage"},"thumbnailUrl":"https:\/\/happyinaknit.com\/wp-content\/uploads\/2025\/10\/japan-tulip-knina-swivel-40cm-4mm-800x800.jpg.webp","datePublished":"2025-10-18T17:29:27+00:00","dateModified":"2025-11-03T07:38:40+00:00","breadcrumb":{"@id":"https:\/\/happyinaknit.com\/produktas\/tulip-bambukiniai-virbalai-su-valu-40-cm\/#breadcrumb"},"inLanguage":"en-US","potentialAction":[{"@type":"ReadAction","target":["https:\/\/happyinaknit.com\/produktas\/tulip-bambukiniai-virbalai-su-valu-40-cm\/"]}]},{"@type":"ImageObject","inLanguage":"en-US","@id":"https:\/\/happyinaknit.com\/produktas\/tulip-bambukiniai-virbalai-su-valu-40-cm\/#primaryimage","url":"https:\/\/happyinaknit.com\/wp-content\/uploads\/2025\/10\/japan-tulip-knina-swivel-40cm-4mm-800x800.jpg.webp","contentUrl":"https:\/\/happyinaknit.com\/wp-content\/uploads\/2025\/10\/japan-tulip-knina-swivel-40cm-4mm-800x800.jpg.webp","width":800,"height":800},{"@type":"BreadcrumbList","@id":"https:\/\/happyinaknit.com\/produktas\/tulip-bambukiniai-virbalai-su-valu-40-cm\/#breadcrumb","itemListElement":[{"@type":"ListItem","position":1,"name":"Home","item":"https:\/\/happyinaknit.com\/lt\/"},{"@type":"ListItem","position":2,"name":"Parduotuv\u0117","item":"https:\/\/happyinaknit.com\/lt\/parduotuve\/"},{"@type":"ListItem","position":3,"name":"Tulip Bambukiniai Virbalai Su Valu 40 cm"}]},{"@type":"WebSite","@id":"https:\/\/happyinaknit.com\/lt\/#website","url":"https:\/\/happyinaknit.com\/lt\/","name":"Happyinaknit.com","description":"","potentialAction":[{"@type":"SearchAction","target":{"@type":"EntryPoint","urlTemplate":"https:\/\/happyinaknit.com\/lt\/?s={search_term_string}"},"query-input":{"@type":"PropertyValueSpecification","valueRequired":true,"valueName":"search_term_string"}}],"inLanguage":"en-US"}]}},"_links":{"self":[{"href":"https:\/\/happyinaknit.com\/en\/wp-json\/wp\/v2\/product\/5913","targetHints":{"allow":["GET"]}}],"collection":[{"href":"https:\/\/happyinaknit.com\/en\/wp-json\/wp\/v2\/product"}],"about":[{"href":"https:\/\/happyinaknit.com\/en\/wp-json\/wp\/v2\/types\/product"}],"replies":[{"embeddable":true,"href":"https:\/\/happyinaknit.com\/en\/wp-json\/wp\/v2\/comments?post=5913"}],"wp:featuredmedia":[{"embeddable":true,"href":"https:\/\/happyinaknit.com\/en\/wp-json\/wp\/v2\/media\/5916"}],"wp:attachment":[{"href":"https:\/\/happyinaknit.com\/en\/wp-json\/wp\/v2\/media?parent=5913"}],"wp:term":[{"taxonomy":"product_brand","embeddable":true,"href":"https:\/\/happyinaknit.com\/en\/wp-json\/wp\/v2\/product_brand?post=5913"},{"taxonomy":"product_cat","embeddable":true,"href":"https:\/\/happyinaknit.com\/en\/wp-json\/wp\/v2\/product_cat?post=5913"},{"taxonomy":"product_tag","embeddable":true,"href":"https:\/\/happyinaknit.com\/en\/wp-json\/wp\/v2\/product_tag?post=5913"},{"taxonomy":"pro-kategorijos","embeddable":true,"href":"https:\/\/happyinaknit.com\/en\/wp-json\/wp\/v2\/pro-kategorijos?post=5913"}],"curies":[{"name":"wp","href":"https:\/\/api.w.org\/{rel}","templated":true}]}}