{"id":5894,"date":"2025-10-18T16:15:41","date_gmt":"2025-10-18T16:15:41","guid":{"rendered":"https:\/\/happyinaknit.com\/?post_type=product&#038;p=5894"},"modified":"2025-10-22T07:41:15","modified_gmt":"2025-10-22T07:41:15","slug":"tulip-carryc-fine-gauge-prisukami-virbalai-trumpi","status":"publish","type":"product","link":"https:\/\/happyinaknit.com\/en\/product\/tulip-carryc-fine-gauge-prisukami-virbalai-trumpi\/","title":{"rendered":"Tulip CarryC Fine Gauge Interchangeable  Knitting Needles  (short)"},"content":{"rendered":"<p>The short Tulip CarryC Fine Gauge series of screw-in knitting needles (9.5 cm) are made of high-quality bamboo, which is strong and lightweight. The lightly polished surface ensures smooth thread glide, and the sharp tip allows you to comfortably knit even small patterns.<\/p>\n<p>The rod number is laser marked - the marking will not fade even after long use. The connection between the line and rod is completely smooth, and the screwing is done without any additional tools.<\/p>\n<p>\u26a0\ufe0f This series is only suitable for <b>CarryC Fine Gauge screw-in rod line<\/b> and <b>adapters CarryC Fine Gauge<\/b>.<\/p>\n<p><b>Features:<\/b><b><\/b><\/p>\n<p>\u2022Length: 9.5 cm<\/p>\n<p>\u2022Made from high quality bamboo<\/p>\n<p>\u2022Smooth surface and sharp tips<\/p>\n<p>\u2022 Convenient keyless screwing<\/p>\n<p>\u2022Extremely lightweight and ergonomic<\/p>\n<p><b>Note:<\/b> Color shades may vary slightly depending on your device&#039;s screen.<\/p>","protected":false},"excerpt":{"rendered":"<p>Trumpi \u201eTulip CarryC Fine Gauge\u201c serijos prisukami virbalai (9,5 cm) pagaminti i\u0161 auk\u0161tos kokyb\u0117s bambuko, pasi\u017eymin\u010dio tvirtumu ir lengvumu. \u0160velniai poliruotas pavir\u0161ius u\u017etikrina tolyg\u0173 si\u016blo slydim\u0105, o a\u0161trus galiukas leid\u017eia patogiai megzti net ir smulkius ra\u0161tus. Virbal\u0173 numeris pa\u017eym\u0117tas lazeriu \u2013 \u017eym\u0117jimas nei\u0161sitrins net po ilgo naudojimo. Jungtis tarp valo ir virbalo yra visi\u0161kai lygi, [&hellip;]<\/p>\n","protected":false},"featured_media":5895,"comment_status":"open","ping_status":"closed","template":"","meta":{"_acf_changed":false},"product_brand":[757],"product_cat":[15,19,863],"product_tag":[],"pro-kategorijos":[],"class_list":{"0":"post-5894","1":"product","2":"type-product","3":"status-publish","4":"has-post-thumbnail","6":"product_brand-tulip","7":"product_cat-visi-produktai","8":"product_cat-mezgimo-priemones","9":"product_cat-prisukami-virbalai","11":"first","12":"instock","13":"shipping-taxable","14":"purchasable","15":"product-type-variable"},"acf":[],"yoast_head":"<!-- This site is optimized with the Yoast SEO plugin v26.8 - https:\/\/yoast.com\/product\/yoast-seo-wordpress\/ -->\n<title>Tulip CarryC Fine Gauge Prisukami Virbalai (trumpi) - Happyinaknit.com<\/title>\n<meta name=\"robots\" content=\"index, follow, max-snippet:-1, max-image-preview:large, max-video-preview:-1\" \/>\n<link rel=\"canonical\" href=\"https:\/\/happyinaknit.com\/en\/product\/tulip-carryc-fine-gauge-prisukami-virbalai-trumpi\/\" \/>\n<meta property=\"og:locale\" content=\"en_US\" \/>\n<meta property=\"og:type\" content=\"article\" \/>\n<meta property=\"og:title\" content=\"Tulip CarryC Fine Gauge Prisukami Virbalai (trumpi) - Happyinaknit.com\" \/>\n<meta property=\"og:description\" content=\"Trumpi \u201eTulip CarryC Fine Gauge\u201c serijos prisukami virbalai (9,5 cm) pagaminti i\u0161 auk\u0161tos kokyb\u0117s bambuko, pasi\u017eymin\u010dio tvirtumu ir lengvumu. \u0160velniai poliruotas pavir\u0161ius u\u017etikrina tolyg\u0173 si\u016blo slydim\u0105, o a\u0161trus galiukas leid\u017eia patogiai megzti net ir smulkius ra\u0161tus. Virbal\u0173 numeris pa\u017eym\u0117tas lazeriu \u2013 \u017eym\u0117jimas nei\u0161sitrins net po ilgo naudojimo. Jungtis tarp valo ir virbalo yra visi\u0161kai lygi, [&hellip;]\" \/>\n<meta property=\"og:url\" content=\"https:\/\/happyinaknit.com\/en\/product\/tulip-carryc-fine-gauge-prisukami-virbalai-trumpi\/\" \/>\n<meta property=\"og:site_name\" content=\"Happyinaknit.com\" \/>\n<meta property=\"article:modified_time\" content=\"2025-10-22T07:41:15+00:00\" \/>\n<meta property=\"og:image\" content=\"https:\/\/happyinaknit.com\/wp-content\/uploads\/2025\/10\/CTMM-68-1.jpg.webp\" \/>\n\t<meta property=\"og:image:width\" content=\"720\" \/>\n\t<meta property=\"og:image:height\" content=\"720\" \/>\n\t<meta property=\"og:image:type\" content=\"image\/webp\" \/>\n<meta name=\"twitter:card\" content=\"summary_large_image\" \/>\n<meta name=\"twitter:label1\" content=\"Est. reading time\" \/>\n\t<meta name=\"twitter:data1\" content=\"1 minute\" \/>\n<script type=\"application\/ld+json\" class=\"yoast-schema-graph\">{\"@context\":\"https:\/\/schema.org\",\"@graph\":[{\"@type\":\"WebPage\",\"@id\":\"https:\/\/happyinaknit.com\/produktas\/tulip-carryc-fine-gauge-prisukami-virbalai-trumpi\/\",\"url\":\"https:\/\/happyinaknit.com\/produktas\/tulip-carryc-fine-gauge-prisukami-virbalai-trumpi\/\",\"name\":\"Tulip CarryC Fine Gauge Prisukami Virbalai (trumpi) - Happyinaknit.com\",\"isPartOf\":{\"@id\":\"https:\/\/happyinaknit.com\/lt\/#website\"},\"primaryImageOfPage\":{\"@id\":\"https:\/\/happyinaknit.com\/produktas\/tulip-carryc-fine-gauge-prisukami-virbalai-trumpi\/#primaryimage\"},\"image\":{\"@id\":\"https:\/\/happyinaknit.com\/produktas\/tulip-carryc-fine-gauge-prisukami-virbalai-trumpi\/#primaryimage\"},\"thumbnailUrl\":\"https:\/\/happyinaknit.com\/wp-content\/uploads\/2025\/10\/CTMM-68-1.jpg.webp\",\"datePublished\":\"2025-10-18T16:15:41+00:00\",\"dateModified\":\"2025-10-22T07:41:15+00:00\",\"breadcrumb\":{\"@id\":\"https:\/\/happyinaknit.com\/produktas\/tulip-carryc-fine-gauge-prisukami-virbalai-trumpi\/#breadcrumb\"},\"inLanguage\":\"en-US\",\"potentialAction\":[{\"@type\":\"ReadAction\",\"target\":[\"https:\/\/happyinaknit.com\/produktas\/tulip-carryc-fine-gauge-prisukami-virbalai-trumpi\/\"]}]},{\"@type\":\"ImageObject\",\"inLanguage\":\"en-US\",\"@id\":\"https:\/\/happyinaknit.com\/produktas\/tulip-carryc-fine-gauge-prisukami-virbalai-trumpi\/#primaryimage\",\"url\":\"https:\/\/happyinaknit.com\/wp-content\/uploads\/2025\/10\/CTMM-68-1.jpg.webp\",\"contentUrl\":\"https:\/\/happyinaknit.com\/wp-content\/uploads\/2025\/10\/CTMM-68-1.jpg.webp\",\"width\":720,\"height\":720},{\"@type\":\"BreadcrumbList\",\"@id\":\"https:\/\/happyinaknit.com\/produktas\/tulip-carryc-fine-gauge-prisukami-virbalai-trumpi\/#breadcrumb\",\"itemListElement\":[{\"@type\":\"ListItem\",\"position\":1,\"name\":\"Home\",\"item\":\"https:\/\/happyinaknit.com\/lt\/\"},{\"@type\":\"ListItem\",\"position\":2,\"name\":\"Parduotuv\u0117\",\"item\":\"https:\/\/happyinaknit.com\/lt\/parduotuve\/\"},{\"@type\":\"ListItem\",\"position\":3,\"name\":\"Tulip CarryC Fine Gauge Prisukami Virbalai (trumpi)\"}]},{\"@type\":\"WebSite\",\"@id\":\"https:\/\/happyinaknit.com\/lt\/#website\",\"url\":\"https:\/\/happyinaknit.com\/lt\/\",\"name\":\"Happyinaknit.com\",\"description\":\"\",\"potentialAction\":[{\"@type\":\"SearchAction\",\"target\":{\"@type\":\"EntryPoint\",\"urlTemplate\":\"https:\/\/happyinaknit.com\/lt\/?s={search_term_string}\"},\"query-input\":{\"@type\":\"PropertyValueSpecification\",\"valueRequired\":true,\"valueName\":\"search_term_string\"}}],\"inLanguage\":\"en-US\"}]}<\/script>\n<!-- \/ Yoast SEO plugin. -->","yoast_head_json":{"title":"Tulip CarryC Fine Gauge Prisukami Virbalai (trumpi) - Happyinaknit.com","robots":{"index":"index","follow":"follow","max-snippet":"max-snippet:-1","max-image-preview":"max-image-preview:large","max-video-preview":"max-video-preview:-1"},"canonical":"https:\/\/happyinaknit.com\/en\/product\/tulip-carryc-fine-gauge-prisukami-virbalai-trumpi\/","og_locale":"en_US","og_type":"article","og_title":"Tulip CarryC Fine Gauge Prisukami Virbalai (trumpi) - Happyinaknit.com","og_description":"Trumpi \u201eTulip CarryC Fine Gauge\u201c serijos prisukami virbalai (9,5 cm) pagaminti i\u0161 auk\u0161tos kokyb\u0117s bambuko, pasi\u017eymin\u010dio tvirtumu ir lengvumu. \u0160velniai poliruotas pavir\u0161ius u\u017etikrina tolyg\u0173 si\u016blo slydim\u0105, o a\u0161trus galiukas leid\u017eia patogiai megzti net ir smulkius ra\u0161tus. Virbal\u0173 numeris pa\u017eym\u0117tas lazeriu \u2013 \u017eym\u0117jimas nei\u0161sitrins net po ilgo naudojimo. Jungtis tarp valo ir virbalo yra visi\u0161kai lygi, [&hellip;]","og_url":"https:\/\/happyinaknit.com\/en\/product\/tulip-carryc-fine-gauge-prisukami-virbalai-trumpi\/","og_site_name":"Happyinaknit.com","article_modified_time":"2025-10-22T07:41:15+00:00","og_image":[{"width":720,"height":720,"url":"https:\/\/happyinaknit.com\/wp-content\/uploads\/2025\/10\/CTMM-68-1.jpg.webp","type":"image\/webp"}],"twitter_card":"summary_large_image","twitter_misc":{"Est. reading time":"1 minute"},"schema":{"@context":"https:\/\/schema.org","@graph":[{"@type":"WebPage","@id":"https:\/\/happyinaknit.com\/produktas\/tulip-carryc-fine-gauge-prisukami-virbalai-trumpi\/","url":"https:\/\/happyinaknit.com\/produktas\/tulip-carryc-fine-gauge-prisukami-virbalai-trumpi\/","name":"Tulip CarryC Fine Gauge Prisukami Virbalai (trumpi) - Happyinaknit.com","isPartOf":{"@id":"https:\/\/happyinaknit.com\/lt\/#website"},"primaryImageOfPage":{"@id":"https:\/\/happyinaknit.com\/produktas\/tulip-carryc-fine-gauge-prisukami-virbalai-trumpi\/#primaryimage"},"image":{"@id":"https:\/\/happyinaknit.com\/produktas\/tulip-carryc-fine-gauge-prisukami-virbalai-trumpi\/#primaryimage"},"thumbnailUrl":"https:\/\/happyinaknit.com\/wp-content\/uploads\/2025\/10\/CTMM-68-1.jpg.webp","datePublished":"2025-10-18T16:15:41+00:00","dateModified":"2025-10-22T07:41:15+00:00","breadcrumb":{"@id":"https:\/\/happyinaknit.com\/produktas\/tulip-carryc-fine-gauge-prisukami-virbalai-trumpi\/#breadcrumb"},"inLanguage":"en-US","potentialAction":[{"@type":"ReadAction","target":["https:\/\/happyinaknit.com\/produktas\/tulip-carryc-fine-gauge-prisukami-virbalai-trumpi\/"]}]},{"@type":"ImageObject","inLanguage":"en-US","@id":"https:\/\/happyinaknit.com\/produktas\/tulip-carryc-fine-gauge-prisukami-virbalai-trumpi\/#primaryimage","url":"https:\/\/happyinaknit.com\/wp-content\/uploads\/2025\/10\/CTMM-68-1.jpg.webp","contentUrl":"https:\/\/happyinaknit.com\/wp-content\/uploads\/2025\/10\/CTMM-68-1.jpg.webp","width":720,"height":720},{"@type":"BreadcrumbList","@id":"https:\/\/happyinaknit.com\/produktas\/tulip-carryc-fine-gauge-prisukami-virbalai-trumpi\/#breadcrumb","itemListElement":[{"@type":"ListItem","position":1,"name":"Home","item":"https:\/\/happyinaknit.com\/lt\/"},{"@type":"ListItem","position":2,"name":"Parduotuv\u0117","item":"https:\/\/happyinaknit.com\/lt\/parduotuve\/"},{"@type":"ListItem","position":3,"name":"Tulip CarryC Fine Gauge Prisukami Virbalai (trumpi)"}]},{"@type":"WebSite","@id":"https:\/\/happyinaknit.com\/lt\/#website","url":"https:\/\/happyinaknit.com\/lt\/","name":"Happyinaknit.com","description":"","potentialAction":[{"@type":"SearchAction","target":{"@type":"EntryPoint","urlTemplate":"https:\/\/happyinaknit.com\/lt\/?s={search_term_string}"},"query-input":{"@type":"PropertyValueSpecification","valueRequired":true,"valueName":"search_term_string"}}],"inLanguage":"en-US"}]}},"_links":{"self":[{"href":"https:\/\/happyinaknit.com\/en\/wp-json\/wp\/v2\/product\/5894","targetHints":{"allow":["GET"]}}],"collection":[{"href":"https:\/\/happyinaknit.com\/en\/wp-json\/wp\/v2\/product"}],"about":[{"href":"https:\/\/happyinaknit.com\/en\/wp-json\/wp\/v2\/types\/product"}],"replies":[{"embeddable":true,"href":"https:\/\/happyinaknit.com\/en\/wp-json\/wp\/v2\/comments?post=5894"}],"wp:featuredmedia":[{"embeddable":true,"href":"https:\/\/happyinaknit.com\/en\/wp-json\/wp\/v2\/media\/5895"}],"wp:attachment":[{"href":"https:\/\/happyinaknit.com\/en\/wp-json\/wp\/v2\/media?parent=5894"}],"wp:term":[{"taxonomy":"product_brand","embeddable":true,"href":"https:\/\/happyinaknit.com\/en\/wp-json\/wp\/v2\/product_brand?post=5894"},{"taxonomy":"product_cat","embeddable":true,"href":"https:\/\/happyinaknit.com\/en\/wp-json\/wp\/v2\/product_cat?post=5894"},{"taxonomy":"product_tag","embeddable":true,"href":"https:\/\/happyinaknit.com\/en\/wp-json\/wp\/v2\/product_tag?post=5894"},{"taxonomy":"pro-kategorijos","embeddable":true,"href":"https:\/\/happyinaknit.com\/en\/wp-json\/wp\/v2\/pro-kategorijos?post=5894"}],"curies":[{"name":"wp","href":"https:\/\/api.w.org\/{rel}","templated":true}]}}