{"id":5890,"date":"2025-10-18T15:40:27","date_gmt":"2025-10-18T15:40:27","guid":{"rendered":"https:\/\/happyinaknit.com\/?post_type=product&#038;p=5890"},"modified":"2025-10-28T12:27:14","modified_gmt":"2025-10-28T12:27:14","slug":"tulip-carryc-fine-gauge-valas-prisukamiems-virbalams","status":"publish","type":"product","link":"https:\/\/happyinaknit.com\/en\/product\/tulip-carryc-fine-gauge-valas-prisukamiems-virbalams\/","title":{"rendered":"Tulip CarryC Fine Gauge Cable For Interchangeable  Knitting Needles"},"content":{"rendered":"<p>Tulip CarryC Fine Gauge Line for Screw-in Needles is specially designed for thin needles from 2 mm to 3 mm. The 360\u00b0 swivel connection prevents the line from twisting or tangling during knitting, making work extremely comfortable and smooth.<\/p>\n<p><b>Features:<\/b><b><\/b><\/p>\n<p>\u2022Fits Tulip CarryC Fine Gauge screw-in needles (2-3 mm)<\/p>\n<p>\u2022360\u00b0 rotating connection ensures free line movement<\/p>\n<p>\u2022Smooth, durable and elastic line<\/p>\n<p>\u2022Strong yet lightweight \u2013 perfect for fine knits<\/p>\n<p><b>Note:<\/b> Color shades may vary slightly depending on your device&#039;s screen.<\/p>","protected":false},"excerpt":{"rendered":"<p>\u201eTulip CarryC Fine Gauge\u201c valas prisukamiems virbalams sukurtas specialiai ploniems virbalams nuo 2 mm iki 3 mm. D\u0117l 360\u00b0 pasisukan\u010dio sujungimo valas nesisuka ir nesipainioja mezgant, tod\u0117l darbas tampa itin patogus ir sklandus. Savyb\u0117s: \u2022Tinka \u201eTulip CarryC Fine Gauge\u201c prisukamiems virbalams (2\u20133 mm) \u2022360\u00b0 besisukantis sujungimas u\u017etikrina laisv\u0105 valo jud\u0117jim\u0105 \u2022Lygus, patvarus ir elastingas valas [&hellip;]<\/p>\n","protected":false},"featured_media":5885,"comment_status":"open","ping_status":"closed","template":"","meta":{"_acf_changed":false},"product_brand":[757],"product_cat":[15,19,864],"product_tag":[],"pro-kategorijos":[],"class_list":{"0":"post-5890","1":"product","2":"type-product","3":"status-publish","4":"has-post-thumbnail","6":"product_brand-tulip","7":"product_cat-visi-produktai","8":"product_cat-mezgimo-priemones","9":"product_cat-valai-virbalams","11":"first","12":"instock","13":"shipping-taxable","14":"purchasable","15":"product-type-variable"},"acf":[],"yoast_head":"<!-- This site is optimized with the Yoast SEO plugin v26.8 - https:\/\/yoast.com\/product\/yoast-seo-wordpress\/ -->\n<title>Tulip CarryC Fine Gauge Valas Prisukamiems Virbalams - Happyinaknit.com<\/title>\n<meta name=\"robots\" content=\"index, follow, max-snippet:-1, max-image-preview:large, max-video-preview:-1\" \/>\n<link rel=\"canonical\" href=\"https:\/\/happyinaknit.com\/en\/product\/tulip-carryc-fine-gauge-valas-prisukamiems-virbalams\/\" \/>\n<meta property=\"og:locale\" content=\"en_US\" \/>\n<meta property=\"og:type\" content=\"article\" \/>\n<meta property=\"og:title\" content=\"Tulip CarryC Fine Gauge Valas Prisukamiems Virbalams - Happyinaknit.com\" \/>\n<meta property=\"og:description\" content=\"\u201eTulip CarryC Fine Gauge\u201c valas prisukamiems virbalams sukurtas specialiai ploniems virbalams nuo 2 mm iki 3 mm. D\u0117l 360\u00b0 pasisukan\u010dio sujungimo valas nesisuka ir nesipainioja mezgant, tod\u0117l darbas tampa itin patogus ir sklandus. Savyb\u0117s: \u2022Tinka \u201eTulip CarryC Fine Gauge\u201c prisukamiems virbalams (2\u20133 mm) \u2022360\u00b0 besisukantis sujungimas u\u017etikrina laisv\u0105 valo jud\u0117jim\u0105 \u2022Lygus, patvarus ir elastingas valas [&hellip;]\" \/>\n<meta property=\"og:url\" content=\"https:\/\/happyinaknit.com\/en\/product\/tulip-carryc-fine-gauge-valas-prisukamiems-virbalams\/\" \/>\n<meta property=\"og:site_name\" content=\"Happyinaknit.com\" \/>\n<meta property=\"article:modified_time\" content=\"2025-10-28T12:27:14+00:00\" \/>\n<meta property=\"og:image\" content=\"https:\/\/happyinaknit.com\/wp-content\/uploads\/2025\/10\/50-auto_width_1000.png\" \/>\n\t<meta property=\"og:image:width\" content=\"1000\" \/>\n\t<meta property=\"og:image:height\" content=\"1000\" \/>\n\t<meta property=\"og:image:type\" content=\"image\/png\" \/>\n<meta name=\"twitter:card\" content=\"summary_large_image\" \/>\n<script type=\"application\/ld+json\" class=\"yoast-schema-graph\">{\"@context\":\"https:\/\/schema.org\",\"@graph\":[{\"@type\":\"WebPage\",\"@id\":\"https:\/\/happyinaknit.com\/produktas\/tulip-carryc-fine-gauge-valas-prisukamiems-virbalams\/\",\"url\":\"https:\/\/happyinaknit.com\/produktas\/tulip-carryc-fine-gauge-valas-prisukamiems-virbalams\/\",\"name\":\"Tulip CarryC Fine Gauge Valas Prisukamiems Virbalams - Happyinaknit.com\",\"isPartOf\":{\"@id\":\"https:\/\/happyinaknit.com\/lt\/#website\"},\"primaryImageOfPage\":{\"@id\":\"https:\/\/happyinaknit.com\/produktas\/tulip-carryc-fine-gauge-valas-prisukamiems-virbalams\/#primaryimage\"},\"image\":{\"@id\":\"https:\/\/happyinaknit.com\/produktas\/tulip-carryc-fine-gauge-valas-prisukamiems-virbalams\/#primaryimage\"},\"thumbnailUrl\":\"https:\/\/happyinaknit.com\/wp-content\/uploads\/2025\/10\/50-auto_width_1000.png\",\"datePublished\":\"2025-10-18T15:40:27+00:00\",\"dateModified\":\"2025-10-28T12:27:14+00:00\",\"breadcrumb\":{\"@id\":\"https:\/\/happyinaknit.com\/produktas\/tulip-carryc-fine-gauge-valas-prisukamiems-virbalams\/#breadcrumb\"},\"inLanguage\":\"en-US\",\"potentialAction\":[{\"@type\":\"ReadAction\",\"target\":[\"https:\/\/happyinaknit.com\/produktas\/tulip-carryc-fine-gauge-valas-prisukamiems-virbalams\/\"]}]},{\"@type\":\"ImageObject\",\"inLanguage\":\"en-US\",\"@id\":\"https:\/\/happyinaknit.com\/produktas\/tulip-carryc-fine-gauge-valas-prisukamiems-virbalams\/#primaryimage\",\"url\":\"https:\/\/happyinaknit.com\/wp-content\/uploads\/2025\/10\/50-auto_width_1000.png\",\"contentUrl\":\"https:\/\/happyinaknit.com\/wp-content\/uploads\/2025\/10\/50-auto_width_1000.png\",\"width\":1000,\"height\":1000},{\"@type\":\"BreadcrumbList\",\"@id\":\"https:\/\/happyinaknit.com\/produktas\/tulip-carryc-fine-gauge-valas-prisukamiems-virbalams\/#breadcrumb\",\"itemListElement\":[{\"@type\":\"ListItem\",\"position\":1,\"name\":\"Home\",\"item\":\"https:\/\/happyinaknit.com\/lt\/\"},{\"@type\":\"ListItem\",\"position\":2,\"name\":\"Parduotuv\u0117\",\"item\":\"https:\/\/happyinaknit.com\/lt\/parduotuve\/\"},{\"@type\":\"ListItem\",\"position\":3,\"name\":\"Tulip CarryC Fine Gauge Valas Prisukamiems Virbalams\"}]},{\"@type\":\"WebSite\",\"@id\":\"https:\/\/happyinaknit.com\/lt\/#website\",\"url\":\"https:\/\/happyinaknit.com\/lt\/\",\"name\":\"Happyinaknit.com\",\"description\":\"\",\"potentialAction\":[{\"@type\":\"SearchAction\",\"target\":{\"@type\":\"EntryPoint\",\"urlTemplate\":\"https:\/\/happyinaknit.com\/lt\/?s={search_term_string}\"},\"query-input\":{\"@type\":\"PropertyValueSpecification\",\"valueRequired\":true,\"valueName\":\"search_term_string\"}}],\"inLanguage\":\"en-US\"}]}<\/script>\n<!-- \/ Yoast SEO plugin. -->","yoast_head_json":{"title":"Tulip CarryC Fine Gauge Valas Prisukamiems Virbalams - Happyinaknit.com","robots":{"index":"index","follow":"follow","max-snippet":"max-snippet:-1","max-image-preview":"max-image-preview:large","max-video-preview":"max-video-preview:-1"},"canonical":"https:\/\/happyinaknit.com\/en\/product\/tulip-carryc-fine-gauge-valas-prisukamiems-virbalams\/","og_locale":"en_US","og_type":"article","og_title":"Tulip CarryC Fine Gauge Valas Prisukamiems Virbalams - Happyinaknit.com","og_description":"\u201eTulip CarryC Fine Gauge\u201c valas prisukamiems virbalams sukurtas specialiai ploniems virbalams nuo 2 mm iki 3 mm. D\u0117l 360\u00b0 pasisukan\u010dio sujungimo valas nesisuka ir nesipainioja mezgant, tod\u0117l darbas tampa itin patogus ir sklandus. Savyb\u0117s: \u2022Tinka \u201eTulip CarryC Fine Gauge\u201c prisukamiems virbalams (2\u20133 mm) \u2022360\u00b0 besisukantis sujungimas u\u017etikrina laisv\u0105 valo jud\u0117jim\u0105 \u2022Lygus, patvarus ir elastingas valas [&hellip;]","og_url":"https:\/\/happyinaknit.com\/en\/product\/tulip-carryc-fine-gauge-valas-prisukamiems-virbalams\/","og_site_name":"Happyinaknit.com","article_modified_time":"2025-10-28T12:27:14+00:00","og_image":[{"width":1000,"height":1000,"url":"https:\/\/happyinaknit.com\/wp-content\/uploads\/2025\/10\/50-auto_width_1000.png","type":"image\/png"}],"twitter_card":"summary_large_image","schema":{"@context":"https:\/\/schema.org","@graph":[{"@type":"WebPage","@id":"https:\/\/happyinaknit.com\/produktas\/tulip-carryc-fine-gauge-valas-prisukamiems-virbalams\/","url":"https:\/\/happyinaknit.com\/produktas\/tulip-carryc-fine-gauge-valas-prisukamiems-virbalams\/","name":"Tulip CarryC Fine Gauge Valas Prisukamiems Virbalams - Happyinaknit.com","isPartOf":{"@id":"https:\/\/happyinaknit.com\/lt\/#website"},"primaryImageOfPage":{"@id":"https:\/\/happyinaknit.com\/produktas\/tulip-carryc-fine-gauge-valas-prisukamiems-virbalams\/#primaryimage"},"image":{"@id":"https:\/\/happyinaknit.com\/produktas\/tulip-carryc-fine-gauge-valas-prisukamiems-virbalams\/#primaryimage"},"thumbnailUrl":"https:\/\/happyinaknit.com\/wp-content\/uploads\/2025\/10\/50-auto_width_1000.png","datePublished":"2025-10-18T15:40:27+00:00","dateModified":"2025-10-28T12:27:14+00:00","breadcrumb":{"@id":"https:\/\/happyinaknit.com\/produktas\/tulip-carryc-fine-gauge-valas-prisukamiems-virbalams\/#breadcrumb"},"inLanguage":"en-US","potentialAction":[{"@type":"ReadAction","target":["https:\/\/happyinaknit.com\/produktas\/tulip-carryc-fine-gauge-valas-prisukamiems-virbalams\/"]}]},{"@type":"ImageObject","inLanguage":"en-US","@id":"https:\/\/happyinaknit.com\/produktas\/tulip-carryc-fine-gauge-valas-prisukamiems-virbalams\/#primaryimage","url":"https:\/\/happyinaknit.com\/wp-content\/uploads\/2025\/10\/50-auto_width_1000.png","contentUrl":"https:\/\/happyinaknit.com\/wp-content\/uploads\/2025\/10\/50-auto_width_1000.png","width":1000,"height":1000},{"@type":"BreadcrumbList","@id":"https:\/\/happyinaknit.com\/produktas\/tulip-carryc-fine-gauge-valas-prisukamiems-virbalams\/#breadcrumb","itemListElement":[{"@type":"ListItem","position":1,"name":"Home","item":"https:\/\/happyinaknit.com\/lt\/"},{"@type":"ListItem","position":2,"name":"Parduotuv\u0117","item":"https:\/\/happyinaknit.com\/lt\/parduotuve\/"},{"@type":"ListItem","position":3,"name":"Tulip CarryC Fine Gauge Valas Prisukamiems Virbalams"}]},{"@type":"WebSite","@id":"https:\/\/happyinaknit.com\/lt\/#website","url":"https:\/\/happyinaknit.com\/lt\/","name":"Happyinaknit.com","description":"","potentialAction":[{"@type":"SearchAction","target":{"@type":"EntryPoint","urlTemplate":"https:\/\/happyinaknit.com\/lt\/?s={search_term_string}"},"query-input":{"@type":"PropertyValueSpecification","valueRequired":true,"valueName":"search_term_string"}}],"inLanguage":"en-US"}]}},"_links":{"self":[{"href":"https:\/\/happyinaknit.com\/en\/wp-json\/wp\/v2\/product\/5890","targetHints":{"allow":["GET"]}}],"collection":[{"href":"https:\/\/happyinaknit.com\/en\/wp-json\/wp\/v2\/product"}],"about":[{"href":"https:\/\/happyinaknit.com\/en\/wp-json\/wp\/v2\/types\/product"}],"replies":[{"embeddable":true,"href":"https:\/\/happyinaknit.com\/en\/wp-json\/wp\/v2\/comments?post=5890"}],"wp:featuredmedia":[{"embeddable":true,"href":"https:\/\/happyinaknit.com\/en\/wp-json\/wp\/v2\/media\/5885"}],"wp:attachment":[{"href":"https:\/\/happyinaknit.com\/en\/wp-json\/wp\/v2\/media?parent=5890"}],"wp:term":[{"taxonomy":"product_brand","embeddable":true,"href":"https:\/\/happyinaknit.com\/en\/wp-json\/wp\/v2\/product_brand?post=5890"},{"taxonomy":"product_cat","embeddable":true,"href":"https:\/\/happyinaknit.com\/en\/wp-json\/wp\/v2\/product_cat?post=5890"},{"taxonomy":"product_tag","embeddable":true,"href":"https:\/\/happyinaknit.com\/en\/wp-json\/wp\/v2\/product_tag?post=5890"},{"taxonomy":"pro-kategorijos","embeddable":true,"href":"https:\/\/happyinaknit.com\/en\/wp-json\/wp\/v2\/pro-kategorijos?post=5890"}],"curies":[{"name":"wp","href":"https:\/\/api.w.org\/{rel}","templated":true}]}}