{"id":5884,"date":"2025-10-18T15:36:28","date_gmt":"2025-10-18T15:36:28","guid":{"rendered":"https:\/\/happyinaknit.com\/?post_type=product&#038;p=5884"},"modified":"2025-10-28T12:27:55","modified_gmt":"2025-10-28T12:27:55","slug":"tulip-carryc-long-valas-prisukamiems-virbalams","status":"publish","type":"product","link":"https:\/\/happyinaknit.com\/en\/product\/tulip-carryc-long-valas-prisukamiems-virbalams\/","title":{"rendered":"Tulip CarryC Long Cable For Interchangeable Knitting Needles"},"content":{"rendered":"<p>Tulip CarryC Long series cords are designed for standard length (12 cm) CarryC Long knitting needles, starting from 3.25 mm thickness. The total length is indicated from tip to tip, including both parts of the needles.<\/p>\n<p>The cords are <b>fully compatible<\/b> with removable needles for both systems - CarryC and CarryC Long. This means you can use the same string with both short and standard Tulip needles, changing them as needed.<\/p>\n<p><b>Features:<\/b><b><\/b><\/p>\n<p>\u2022Fits Tulip CarryC and CarryC Long needles<\/p>\n<p>\u2022Smooth, durable connection without snags<\/p>\n<p>\u2022Easy to change and securely screwed connection<\/p>\n<p>\u2022Smooth yarn glide when knitting<\/p>\n<p><b>Note:<\/b> Color shades may vary slightly depending on your device&#039;s screen.<\/p>","protected":false},"excerpt":{"rendered":"<p>\u201eTulip CarryC Long\u201c serijos virvel\u0117s skirtos standartinio ilgio (12 cm) \u201eCarryC Long\u201c mezgimo virbalams, pradedant nuo 3,25 mm storio. Bendras ilgis nurodomas nuo virbalo galiuko iki galiuko, \u012fskaitant abi virbal\u0173 dalis. Virvel\u0117s yra visi\u0161kai suderinamos su abiej\u0173 sistem\u0173 \u2013 \u201eCarryC\u201c ir \u201eCarryC Long\u201c \u2013 nuimamais virbalais. Tai rei\u0161kia, kad galite naudoti t\u0105 pa\u010di\u0105 virvel\u0119 tiek [&hellip;]<\/p>\n","protected":false},"featured_media":5899,"comment_status":"open","ping_status":"closed","template":"","meta":{"_acf_changed":false},"product_brand":[757],"product_cat":[15,19,864],"product_tag":[],"pro-kategorijos":[],"class_list":{"0":"post-5884","1":"product","2":"type-product","3":"status-publish","4":"has-post-thumbnail","6":"product_brand-tulip","7":"product_cat-visi-produktai","8":"product_cat-mezgimo-priemones","9":"product_cat-valai-virbalams","11":"first","12":"instock","13":"shipping-taxable","14":"purchasable","15":"product-type-variable"},"acf":[],"yoast_head":"<!-- This site is optimized with the Yoast SEO plugin v26.8 - https:\/\/yoast.com\/product\/yoast-seo-wordpress\/ -->\n<title>Tulip CarryC Long Valas Prisukamiems Virbalams - Happyinaknit.com<\/title>\n<meta name=\"robots\" content=\"index, follow, max-snippet:-1, max-image-preview:large, max-video-preview:-1\" \/>\n<link rel=\"canonical\" href=\"https:\/\/happyinaknit.com\/en\/product\/tulip-carryc-long-valas-prisukamiems-virbalams\/\" \/>\n<meta property=\"og:locale\" content=\"en_US\" \/>\n<meta property=\"og:type\" content=\"article\" \/>\n<meta property=\"og:title\" content=\"Tulip CarryC Long Valas Prisukamiems Virbalams - Happyinaknit.com\" \/>\n<meta property=\"og:description\" content=\"\u201eTulip CarryC Long\u201c serijos virvel\u0117s skirtos standartinio ilgio (12 cm) \u201eCarryC Long\u201c mezgimo virbalams, pradedant nuo 3,25 mm storio. Bendras ilgis nurodomas nuo virbalo galiuko iki galiuko, \u012fskaitant abi virbal\u0173 dalis. Virvel\u0117s yra visi\u0161kai suderinamos su abiej\u0173 sistem\u0173 \u2013 \u201eCarryC\u201c ir \u201eCarryC Long\u201c \u2013 nuimamais virbalais. Tai rei\u0161kia, kad galite naudoti t\u0105 pa\u010di\u0105 virvel\u0119 tiek [&hellip;]\" \/>\n<meta property=\"og:url\" content=\"https:\/\/happyinaknit.com\/en\/product\/tulip-carryc-long-valas-prisukamiems-virbalams\/\" \/>\n<meta property=\"og:site_name\" content=\"Happyinaknit.com\" \/>\n<meta property=\"article:modified_time\" content=\"2025-10-28T12:27:55+00:00\" \/>\n<meta property=\"og:image\" content=\"https:\/\/happyinaknit.com\/wp-content\/uploads\/2025\/10\/IMG_0118-2.jpg\" \/>\n\t<meta property=\"og:image:width\" content=\"1320\" \/>\n\t<meta property=\"og:image:height\" content=\"1296\" \/>\n\t<meta property=\"og:image:type\" content=\"image\/jpeg\" \/>\n<meta name=\"twitter:card\" content=\"summary_large_image\" \/>\n<meta name=\"twitter:label1\" content=\"Est. reading time\" \/>\n\t<meta name=\"twitter:data1\" content=\"1 minute\" \/>\n<script type=\"application\/ld+json\" class=\"yoast-schema-graph\">{\"@context\":\"https:\/\/schema.org\",\"@graph\":[{\"@type\":\"WebPage\",\"@id\":\"https:\/\/happyinaknit.com\/produktas\/tulip-carryc-long-valas-prisukamiems-virbalams\/\",\"url\":\"https:\/\/happyinaknit.com\/produktas\/tulip-carryc-long-valas-prisukamiems-virbalams\/\",\"name\":\"Tulip CarryC Long Valas Prisukamiems Virbalams - Happyinaknit.com\",\"isPartOf\":{\"@id\":\"https:\/\/happyinaknit.com\/lt\/#website\"},\"primaryImageOfPage\":{\"@id\":\"https:\/\/happyinaknit.com\/produktas\/tulip-carryc-long-valas-prisukamiems-virbalams\/#primaryimage\"},\"image\":{\"@id\":\"https:\/\/happyinaknit.com\/produktas\/tulip-carryc-long-valas-prisukamiems-virbalams\/#primaryimage\"},\"thumbnailUrl\":\"https:\/\/happyinaknit.com\/wp-content\/uploads\/2025\/10\/IMG_0118-2.jpg\",\"datePublished\":\"2025-10-18T15:36:28+00:00\",\"dateModified\":\"2025-10-28T12:27:55+00:00\",\"breadcrumb\":{\"@id\":\"https:\/\/happyinaknit.com\/produktas\/tulip-carryc-long-valas-prisukamiems-virbalams\/#breadcrumb\"},\"inLanguage\":\"en-US\",\"potentialAction\":[{\"@type\":\"ReadAction\",\"target\":[\"https:\/\/happyinaknit.com\/produktas\/tulip-carryc-long-valas-prisukamiems-virbalams\/\"]}]},{\"@type\":\"ImageObject\",\"inLanguage\":\"en-US\",\"@id\":\"https:\/\/happyinaknit.com\/produktas\/tulip-carryc-long-valas-prisukamiems-virbalams\/#primaryimage\",\"url\":\"https:\/\/happyinaknit.com\/wp-content\/uploads\/2025\/10\/IMG_0118-2.jpg\",\"contentUrl\":\"https:\/\/happyinaknit.com\/wp-content\/uploads\/2025\/10\/IMG_0118-2.jpg\",\"width\":1320,\"height\":1296},{\"@type\":\"BreadcrumbList\",\"@id\":\"https:\/\/happyinaknit.com\/produktas\/tulip-carryc-long-valas-prisukamiems-virbalams\/#breadcrumb\",\"itemListElement\":[{\"@type\":\"ListItem\",\"position\":1,\"name\":\"Home\",\"item\":\"https:\/\/happyinaknit.com\/lt\/\"},{\"@type\":\"ListItem\",\"position\":2,\"name\":\"Parduotuv\u0117\",\"item\":\"https:\/\/happyinaknit.com\/lt\/parduotuve\/\"},{\"@type\":\"ListItem\",\"position\":3,\"name\":\"Tulip CarryC Long Valas Prisukamiems Virbalams\"}]},{\"@type\":\"WebSite\",\"@id\":\"https:\/\/happyinaknit.com\/lt\/#website\",\"url\":\"https:\/\/happyinaknit.com\/lt\/\",\"name\":\"Happyinaknit.com\",\"description\":\"\",\"potentialAction\":[{\"@type\":\"SearchAction\",\"target\":{\"@type\":\"EntryPoint\",\"urlTemplate\":\"https:\/\/happyinaknit.com\/lt\/?s={search_term_string}\"},\"query-input\":{\"@type\":\"PropertyValueSpecification\",\"valueRequired\":true,\"valueName\":\"search_term_string\"}}],\"inLanguage\":\"en-US\"}]}<\/script>\n<!-- \/ Yoast SEO plugin. -->","yoast_head_json":{"title":"Tulip CarryC Long Valas Prisukamiems Virbalams - Happyinaknit.com","robots":{"index":"index","follow":"follow","max-snippet":"max-snippet:-1","max-image-preview":"max-image-preview:large","max-video-preview":"max-video-preview:-1"},"canonical":"https:\/\/happyinaknit.com\/en\/product\/tulip-carryc-long-valas-prisukamiems-virbalams\/","og_locale":"en_US","og_type":"article","og_title":"Tulip CarryC Long Valas Prisukamiems Virbalams - Happyinaknit.com","og_description":"\u201eTulip CarryC Long\u201c serijos virvel\u0117s skirtos standartinio ilgio (12 cm) \u201eCarryC Long\u201c mezgimo virbalams, pradedant nuo 3,25 mm storio. Bendras ilgis nurodomas nuo virbalo galiuko iki galiuko, \u012fskaitant abi virbal\u0173 dalis. Virvel\u0117s yra visi\u0161kai suderinamos su abiej\u0173 sistem\u0173 \u2013 \u201eCarryC\u201c ir \u201eCarryC Long\u201c \u2013 nuimamais virbalais. Tai rei\u0161kia, kad galite naudoti t\u0105 pa\u010di\u0105 virvel\u0119 tiek [&hellip;]","og_url":"https:\/\/happyinaknit.com\/en\/product\/tulip-carryc-long-valas-prisukamiems-virbalams\/","og_site_name":"Happyinaknit.com","article_modified_time":"2025-10-28T12:27:55+00:00","og_image":[{"width":1320,"height":1296,"url":"https:\/\/happyinaknit.com\/wp-content\/uploads\/2025\/10\/IMG_0118-2.jpg","type":"image\/jpeg"}],"twitter_card":"summary_large_image","twitter_misc":{"Est. reading time":"1 minute"},"schema":{"@context":"https:\/\/schema.org","@graph":[{"@type":"WebPage","@id":"https:\/\/happyinaknit.com\/produktas\/tulip-carryc-long-valas-prisukamiems-virbalams\/","url":"https:\/\/happyinaknit.com\/produktas\/tulip-carryc-long-valas-prisukamiems-virbalams\/","name":"Tulip CarryC Long Valas Prisukamiems Virbalams - Happyinaknit.com","isPartOf":{"@id":"https:\/\/happyinaknit.com\/lt\/#website"},"primaryImageOfPage":{"@id":"https:\/\/happyinaknit.com\/produktas\/tulip-carryc-long-valas-prisukamiems-virbalams\/#primaryimage"},"image":{"@id":"https:\/\/happyinaknit.com\/produktas\/tulip-carryc-long-valas-prisukamiems-virbalams\/#primaryimage"},"thumbnailUrl":"https:\/\/happyinaknit.com\/wp-content\/uploads\/2025\/10\/IMG_0118-2.jpg","datePublished":"2025-10-18T15:36:28+00:00","dateModified":"2025-10-28T12:27:55+00:00","breadcrumb":{"@id":"https:\/\/happyinaknit.com\/produktas\/tulip-carryc-long-valas-prisukamiems-virbalams\/#breadcrumb"},"inLanguage":"en-US","potentialAction":[{"@type":"ReadAction","target":["https:\/\/happyinaknit.com\/produktas\/tulip-carryc-long-valas-prisukamiems-virbalams\/"]}]},{"@type":"ImageObject","inLanguage":"en-US","@id":"https:\/\/happyinaknit.com\/produktas\/tulip-carryc-long-valas-prisukamiems-virbalams\/#primaryimage","url":"https:\/\/happyinaknit.com\/wp-content\/uploads\/2025\/10\/IMG_0118-2.jpg","contentUrl":"https:\/\/happyinaknit.com\/wp-content\/uploads\/2025\/10\/IMG_0118-2.jpg","width":1320,"height":1296},{"@type":"BreadcrumbList","@id":"https:\/\/happyinaknit.com\/produktas\/tulip-carryc-long-valas-prisukamiems-virbalams\/#breadcrumb","itemListElement":[{"@type":"ListItem","position":1,"name":"Home","item":"https:\/\/happyinaknit.com\/lt\/"},{"@type":"ListItem","position":2,"name":"Parduotuv\u0117","item":"https:\/\/happyinaknit.com\/lt\/parduotuve\/"},{"@type":"ListItem","position":3,"name":"Tulip CarryC Long Valas Prisukamiems Virbalams"}]},{"@type":"WebSite","@id":"https:\/\/happyinaknit.com\/lt\/#website","url":"https:\/\/happyinaknit.com\/lt\/","name":"Happyinaknit.com","description":"","potentialAction":[{"@type":"SearchAction","target":{"@type":"EntryPoint","urlTemplate":"https:\/\/happyinaknit.com\/lt\/?s={search_term_string}"},"query-input":{"@type":"PropertyValueSpecification","valueRequired":true,"valueName":"search_term_string"}}],"inLanguage":"en-US"}]}},"_links":{"self":[{"href":"https:\/\/happyinaknit.com\/en\/wp-json\/wp\/v2\/product\/5884","targetHints":{"allow":["GET"]}}],"collection":[{"href":"https:\/\/happyinaknit.com\/en\/wp-json\/wp\/v2\/product"}],"about":[{"href":"https:\/\/happyinaknit.com\/en\/wp-json\/wp\/v2\/types\/product"}],"replies":[{"embeddable":true,"href":"https:\/\/happyinaknit.com\/en\/wp-json\/wp\/v2\/comments?post=5884"}],"wp:featuredmedia":[{"embeddable":true,"href":"https:\/\/happyinaknit.com\/en\/wp-json\/wp\/v2\/media\/5899"}],"wp:attachment":[{"href":"https:\/\/happyinaknit.com\/en\/wp-json\/wp\/v2\/media?parent=5884"}],"wp:term":[{"taxonomy":"product_brand","embeddable":true,"href":"https:\/\/happyinaknit.com\/en\/wp-json\/wp\/v2\/product_brand?post=5884"},{"taxonomy":"product_cat","embeddable":true,"href":"https:\/\/happyinaknit.com\/en\/wp-json\/wp\/v2\/product_cat?post=5884"},{"taxonomy":"product_tag","embeddable":true,"href":"https:\/\/happyinaknit.com\/en\/wp-json\/wp\/v2\/product_tag?post=5884"},{"taxonomy":"pro-kategorijos","embeddable":true,"href":"https:\/\/happyinaknit.com\/en\/wp-json\/wp\/v2\/pro-kategorijos?post=5884"}],"curies":[{"name":"wp","href":"https:\/\/api.w.org\/{rel}","templated":true}]}}