{"id":5860,"date":"2025-10-18T14:25:11","date_gmt":"2025-10-18T14:25:11","guid":{"rendered":"https:\/\/happyinaknit.com\/?post_type=product&#038;p=5860"},"modified":"2025-11-10T13:36:55","modified_gmt":"2025-11-10T13:36:55","slug":"katia-spirales-virbalams-laikyti","status":"publish","type":"product","link":"https:\/\/happyinaknit.com\/en\/product\/katia-spirales-virbalams-laikyti\/","title":{"rendered":"Katia SPIRAL KNITTING NEEDLE HOLDERS"},"content":{"rendered":"<p>The practical Katia spiral holder set helps you keep pairs of knitting needles together neatly. The colorful spirals fit both straight and circular needles and protect them from getting lost or damaged.<\/p>\n<p>The set includes 12 spiral holders in six different colors, suitable for knitting needles of various sizes.<\/p>\n<p><b>The set includes:<\/b><b><\/b><\/p>\n<p>\u20226 spirals for knitting needles 2.0\u20135.0 mm<\/p>\n<p>\u20226 spirals for knitting needles 4.5\u20136.5 mm<\/p>\n<p><b>Features:<\/b><b><\/b><\/p>\n<p>\u2022Holds pairs of needles together<\/p>\n<p>\u2022Suitable for straight and circular needles<\/p>\n<p>\u2022Different colors \u2013 conveniently distinguish sizes<\/p>\n<p>\u2022Easy to use and store<\/p>\n<p><b>Note:<\/b> Color shades may vary slightly depending on your device&#039;s screen.<\/p>","protected":false},"excerpt":{"rendered":"<p>Prakti\u0161kas \u201eKatia\u201c spiralini\u0173 laikikli\u0173 rinkinys padeda tvarkingai laikyti virbal\u0173 poras kartu. Spalvingos spiral\u0117s tinka tiek tiesiems, tiek apskritiems virbalams ir apsaugo juos nuo pasimetimo ar pa\u017eeidim\u0173. Rinkinyje \u2013 12 spiralini\u0173 laikikli\u0173 \u0161e\u0161i\u0173 skirting\u0173 spalv\u0173, pritaikyt\u0173 \u012fvairi\u0173 dyd\u017ei\u0173 virbalams. Rinkin\u012f sudaro: \u20226 spiral\u0117s virbalams 2,0\u20135,0 mm \u20226 spiral\u0117s virbalams 4,5\u20136,5 mm Savyb\u0117s: \u2022Laiko virbal\u0173 poras kartu [&hellip;]<\/p>\n","protected":false},"featured_media":5844,"comment_status":"open","ping_status":"closed","template":"","meta":{"_acf_changed":false},"product_brand":[69],"product_cat":[15,868,1350,20],"product_tag":[],"pro-kategorijos":[],"class_list":{"0":"post-5860","1":"product","2":"type-product","3":"status-publish","4":"has-post-thumbnail","6":"product_brand-concept-by-katia","7":"product_cat-visi-produktai","8":"product_cat-antgaliaistabdziukai","9":"product_cat-laikikliai","10":"product_cat-priedai-mezgimui","12":"first","13":"instock","14":"shipping-taxable","15":"purchasable","16":"product-type-simple"},"acf":[],"yoast_head":"<!-- This site is optimized with the Yoast SEO plugin v26.8 - https:\/\/yoast.com\/product\/yoast-seo-wordpress\/ -->\n<title>Katia Spiral\u0117s Virbalams Laikyti - Happyinaknit.com<\/title>\n<meta name=\"robots\" content=\"index, follow, max-snippet:-1, max-image-preview:large, max-video-preview:-1\" \/>\n<link rel=\"canonical\" href=\"https:\/\/happyinaknit.com\/en\/product\/katia-spirales-virbalams-laikyti\/\" \/>\n<meta property=\"og:locale\" content=\"en_US\" \/>\n<meta property=\"og:type\" content=\"article\" \/>\n<meta property=\"og:title\" content=\"Katia Spiral\u0117s Virbalams Laikyti - Happyinaknit.com\" \/>\n<meta property=\"og:description\" content=\"Prakti\u0161kas \u201eKatia\u201c spiralini\u0173 laikikli\u0173 rinkinys padeda tvarkingai laikyti virbal\u0173 poras kartu. Spalvingos spiral\u0117s tinka tiek tiesiems, tiek apskritiems virbalams ir apsaugo juos nuo pasimetimo ar pa\u017eeidim\u0173. Rinkinyje \u2013 12 spiralini\u0173 laikikli\u0173 \u0161e\u0161i\u0173 skirting\u0173 spalv\u0173, pritaikyt\u0173 \u012fvairi\u0173 dyd\u017ei\u0173 virbalams. Rinkin\u012f sudaro: \u20226 spiral\u0117s virbalams 2,0\u20135,0 mm \u20226 spiral\u0117s virbalams 4,5\u20136,5 mm Savyb\u0117s: \u2022Laiko virbal\u0173 poras kartu [&hellip;]\" \/>\n<meta property=\"og:url\" content=\"https:\/\/happyinaknit.com\/en\/product\/katia-spirales-virbalams-laikyti\/\" \/>\n<meta property=\"og:site_name\" content=\"Happyinaknit.com\" \/>\n<meta property=\"article:modified_time\" content=\"2025-11-10T13:36:55+00:00\" \/>\n<meta property=\"og:image\" content=\"https:\/\/happyinaknit.com\/wp-content\/uploads\/2025\/10\/articulo-spiral-knitting-needle-holders-7497-a-c-katia-n.jpg\" \/>\n\t<meta property=\"og:image:width\" content=\"600\" \/>\n\t<meta property=\"og:image:height\" content=\"600\" \/>\n\t<meta property=\"og:image:type\" content=\"image\/jpeg\" \/>\n<meta name=\"twitter:card\" content=\"summary_large_image\" \/>\n<script type=\"application\/ld+json\" class=\"yoast-schema-graph\">{\"@context\":\"https:\/\/schema.org\",\"@graph\":[{\"@type\":\"WebPage\",\"@id\":\"https:\/\/happyinaknit.com\/produktas\/katia-spirales-virbalams-laikyti\/\",\"url\":\"https:\/\/happyinaknit.com\/produktas\/katia-spirales-virbalams-laikyti\/\",\"name\":\"Katia Spiral\u0117s Virbalams Laikyti - Happyinaknit.com\",\"isPartOf\":{\"@id\":\"https:\/\/happyinaknit.com\/lt\/#website\"},\"primaryImageOfPage\":{\"@id\":\"https:\/\/happyinaknit.com\/produktas\/katia-spirales-virbalams-laikyti\/#primaryimage\"},\"image\":{\"@id\":\"https:\/\/happyinaknit.com\/produktas\/katia-spirales-virbalams-laikyti\/#primaryimage\"},\"thumbnailUrl\":\"https:\/\/happyinaknit.com\/wp-content\/uploads\/2025\/10\/articulo-spiral-knitting-needle-holders-7497-a-c-katia-n.jpg\",\"datePublished\":\"2025-10-18T14:25:11+00:00\",\"dateModified\":\"2025-11-10T13:36:55+00:00\",\"breadcrumb\":{\"@id\":\"https:\/\/happyinaknit.com\/produktas\/katia-spirales-virbalams-laikyti\/#breadcrumb\"},\"inLanguage\":\"en-US\",\"potentialAction\":[{\"@type\":\"ReadAction\",\"target\":[\"https:\/\/happyinaknit.com\/produktas\/katia-spirales-virbalams-laikyti\/\"]}]},{\"@type\":\"ImageObject\",\"inLanguage\":\"en-US\",\"@id\":\"https:\/\/happyinaknit.com\/produktas\/katia-spirales-virbalams-laikyti\/#primaryimage\",\"url\":\"https:\/\/happyinaknit.com\/wp-content\/uploads\/2025\/10\/articulo-spiral-knitting-needle-holders-7497-a-c-katia-n.jpg\",\"contentUrl\":\"https:\/\/happyinaknit.com\/wp-content\/uploads\/2025\/10\/articulo-spiral-knitting-needle-holders-7497-a-c-katia-n.jpg\",\"width\":600,\"height\":600},{\"@type\":\"BreadcrumbList\",\"@id\":\"https:\/\/happyinaknit.com\/produktas\/katia-spirales-virbalams-laikyti\/#breadcrumb\",\"itemListElement\":[{\"@type\":\"ListItem\",\"position\":1,\"name\":\"Home\",\"item\":\"https:\/\/happyinaknit.com\/lt\/\"},{\"@type\":\"ListItem\",\"position\":2,\"name\":\"Parduotuv\u0117\",\"item\":\"https:\/\/happyinaknit.com\/lt\/parduotuve\/\"},{\"@type\":\"ListItem\",\"position\":3,\"name\":\"Katia Spiral\u0117s Virbalams Laikyti\"}]},{\"@type\":\"WebSite\",\"@id\":\"https:\/\/happyinaknit.com\/lt\/#website\",\"url\":\"https:\/\/happyinaknit.com\/lt\/\",\"name\":\"Happyinaknit.com\",\"description\":\"\",\"potentialAction\":[{\"@type\":\"SearchAction\",\"target\":{\"@type\":\"EntryPoint\",\"urlTemplate\":\"https:\/\/happyinaknit.com\/lt\/?s={search_term_string}\"},\"query-input\":{\"@type\":\"PropertyValueSpecification\",\"valueRequired\":true,\"valueName\":\"search_term_string\"}}],\"inLanguage\":\"en-US\"}]}<\/script>\n<!-- \/ Yoast SEO plugin. -->","yoast_head_json":{"title":"Katia Spiral\u0117s Virbalams Laikyti - Happyinaknit.com","robots":{"index":"index","follow":"follow","max-snippet":"max-snippet:-1","max-image-preview":"max-image-preview:large","max-video-preview":"max-video-preview:-1"},"canonical":"https:\/\/happyinaknit.com\/en\/product\/katia-spirales-virbalams-laikyti\/","og_locale":"en_US","og_type":"article","og_title":"Katia Spiral\u0117s Virbalams Laikyti - Happyinaknit.com","og_description":"Prakti\u0161kas \u201eKatia\u201c spiralini\u0173 laikikli\u0173 rinkinys padeda tvarkingai laikyti virbal\u0173 poras kartu. Spalvingos spiral\u0117s tinka tiek tiesiems, tiek apskritiems virbalams ir apsaugo juos nuo pasimetimo ar pa\u017eeidim\u0173. Rinkinyje \u2013 12 spiralini\u0173 laikikli\u0173 \u0161e\u0161i\u0173 skirting\u0173 spalv\u0173, pritaikyt\u0173 \u012fvairi\u0173 dyd\u017ei\u0173 virbalams. Rinkin\u012f sudaro: \u20226 spiral\u0117s virbalams 2,0\u20135,0 mm \u20226 spiral\u0117s virbalams 4,5\u20136,5 mm Savyb\u0117s: \u2022Laiko virbal\u0173 poras kartu [&hellip;]","og_url":"https:\/\/happyinaknit.com\/en\/product\/katia-spirales-virbalams-laikyti\/","og_site_name":"Happyinaknit.com","article_modified_time":"2025-11-10T13:36:55+00:00","og_image":[{"width":600,"height":600,"url":"https:\/\/happyinaknit.com\/wp-content\/uploads\/2025\/10\/articulo-spiral-knitting-needle-holders-7497-a-c-katia-n.jpg","type":"image\/jpeg"}],"twitter_card":"summary_large_image","schema":{"@context":"https:\/\/schema.org","@graph":[{"@type":"WebPage","@id":"https:\/\/happyinaknit.com\/produktas\/katia-spirales-virbalams-laikyti\/","url":"https:\/\/happyinaknit.com\/produktas\/katia-spirales-virbalams-laikyti\/","name":"Katia Spiral\u0117s Virbalams Laikyti - Happyinaknit.com","isPartOf":{"@id":"https:\/\/happyinaknit.com\/lt\/#website"},"primaryImageOfPage":{"@id":"https:\/\/happyinaknit.com\/produktas\/katia-spirales-virbalams-laikyti\/#primaryimage"},"image":{"@id":"https:\/\/happyinaknit.com\/produktas\/katia-spirales-virbalams-laikyti\/#primaryimage"},"thumbnailUrl":"https:\/\/happyinaknit.com\/wp-content\/uploads\/2025\/10\/articulo-spiral-knitting-needle-holders-7497-a-c-katia-n.jpg","datePublished":"2025-10-18T14:25:11+00:00","dateModified":"2025-11-10T13:36:55+00:00","breadcrumb":{"@id":"https:\/\/happyinaknit.com\/produktas\/katia-spirales-virbalams-laikyti\/#breadcrumb"},"inLanguage":"en-US","potentialAction":[{"@type":"ReadAction","target":["https:\/\/happyinaknit.com\/produktas\/katia-spirales-virbalams-laikyti\/"]}]},{"@type":"ImageObject","inLanguage":"en-US","@id":"https:\/\/happyinaknit.com\/produktas\/katia-spirales-virbalams-laikyti\/#primaryimage","url":"https:\/\/happyinaknit.com\/wp-content\/uploads\/2025\/10\/articulo-spiral-knitting-needle-holders-7497-a-c-katia-n.jpg","contentUrl":"https:\/\/happyinaknit.com\/wp-content\/uploads\/2025\/10\/articulo-spiral-knitting-needle-holders-7497-a-c-katia-n.jpg","width":600,"height":600},{"@type":"BreadcrumbList","@id":"https:\/\/happyinaknit.com\/produktas\/katia-spirales-virbalams-laikyti\/#breadcrumb","itemListElement":[{"@type":"ListItem","position":1,"name":"Home","item":"https:\/\/happyinaknit.com\/lt\/"},{"@type":"ListItem","position":2,"name":"Parduotuv\u0117","item":"https:\/\/happyinaknit.com\/lt\/parduotuve\/"},{"@type":"ListItem","position":3,"name":"Katia Spiral\u0117s Virbalams Laikyti"}]},{"@type":"WebSite","@id":"https:\/\/happyinaknit.com\/lt\/#website","url":"https:\/\/happyinaknit.com\/lt\/","name":"Happyinaknit.com","description":"","potentialAction":[{"@type":"SearchAction","target":{"@type":"EntryPoint","urlTemplate":"https:\/\/happyinaknit.com\/lt\/?s={search_term_string}"},"query-input":{"@type":"PropertyValueSpecification","valueRequired":true,"valueName":"search_term_string"}}],"inLanguage":"en-US"}]}},"_links":{"self":[{"href":"https:\/\/happyinaknit.com\/en\/wp-json\/wp\/v2\/product\/5860","targetHints":{"allow":["GET"]}}],"collection":[{"href":"https:\/\/happyinaknit.com\/en\/wp-json\/wp\/v2\/product"}],"about":[{"href":"https:\/\/happyinaknit.com\/en\/wp-json\/wp\/v2\/types\/product"}],"replies":[{"embeddable":true,"href":"https:\/\/happyinaknit.com\/en\/wp-json\/wp\/v2\/comments?post=5860"}],"wp:featuredmedia":[{"embeddable":true,"href":"https:\/\/happyinaknit.com\/en\/wp-json\/wp\/v2\/media\/5844"}],"wp:attachment":[{"href":"https:\/\/happyinaknit.com\/en\/wp-json\/wp\/v2\/media?parent=5860"}],"wp:term":[{"taxonomy":"product_brand","embeddable":true,"href":"https:\/\/happyinaknit.com\/en\/wp-json\/wp\/v2\/product_brand?post=5860"},{"taxonomy":"product_cat","embeddable":true,"href":"https:\/\/happyinaknit.com\/en\/wp-json\/wp\/v2\/product_cat?post=5860"},{"taxonomy":"product_tag","embeddable":true,"href":"https:\/\/happyinaknit.com\/en\/wp-json\/wp\/v2\/product_tag?post=5860"},{"taxonomy":"pro-kategorijos","embeddable":true,"href":"https:\/\/happyinaknit.com\/en\/wp-json\/wp\/v2\/pro-kategorijos?post=5860"}],"curies":[{"name":"wp","href":"https:\/\/api.w.org\/{rel}","templated":true}]}}