{"id":5858,"date":"2025-10-18T14:21:44","date_gmt":"2025-10-18T14:21:44","guid":{"rendered":"https:\/\/happyinaknit.com\/?post_type=product&#038;p=5858"},"modified":"2025-11-10T13:39:56","modified_gmt":"2025-11-10T13:39:56","slug":"5858","status":"publish","type":"product","link":"https:\/\/happyinaknit.com\/en\/product\/5858\/","title":{"rendered":"Katia round  MAGNETIC ROW COUNTER"},"content":{"rendered":"<p>The handy Katia row counter helps you keep track of your knitting or crochet rows to keep your work accurate and neat. Made of durable plastic and metal, it&#039;s lightweight, easy to use, and perfect for both beginners and experienced knitters.<\/p>\n<p>The meter can be used alone or in combination with <b>Katia magnetic bracelet holder<\/b> (sold separately).<\/p>\n<p><b>Features:<\/b><b><\/b><\/p>\n<p>\u2022Made of plastic and metal<\/p>\n<p>\u2022Helps you count rows conveniently<\/p>\n<p>\u2022Compatible with the magnetic Katia bracelet holder<\/p>\n<p><b>Note:<\/b> Color shades may vary slightly depending on your device&#039;s screen.<\/p>","protected":false},"excerpt":{"rendered":"<p>Patogus \u201eKatia\u201c eili\u0173 skaitiklis padeda sekti mezgimo ar n\u0117rimo eiles, kad darbas b\u016bt\u0173 tikslus ir tvarkingas. Pagamintas i\u0161 patvaraus plastiko ir metalo, jis lengvas, patogus naudoti ir puikiai tinka tiek pradedantiesiems, tiek patyrusiems mezg\u0117jams. Skaitikl\u012f galima naudoti atskirai arba kartu su \u201eKatia\u201c magnetiniu apyrank\u0117s laikikliu (parduodamas atskirai). Savyb\u0117s: \u2022Pagamintas i\u0161 plastiko ir metalo \u2022Padeda patogiai [&hellip;]<\/p>\n","protected":false},"featured_media":5848,"comment_status":"open","ping_status":"closed","template":"","meta":{"_acf_changed":false},"product_brand":[69],"product_cat":[15,52,20],"product_tag":[],"pro-kategorijos":[],"class_list":{"0":"post-5858","1":"product","2":"type-product","3":"status-publish","4":"has-post-thumbnail","6":"product_brand-concept-by-katia","7":"product_cat-visi-produktai","8":"product_cat-kiti-mezgimo-reikmenys","9":"product_cat-priedai-mezgimui","11":"first","12":"outofstock","13":"shipping-taxable","14":"purchasable","15":"product-type-simple"},"acf":[],"yoast_head":"<!-- This site is optimized with the Yoast SEO plugin v26.8 - https:\/\/yoast.com\/product\/yoast-seo-wordpress\/ -->\n<title>Katia Eili\u0173 Skaitiklis - Happyinaknit.com<\/title>\n<meta name=\"robots\" content=\"index, follow, max-snippet:-1, max-image-preview:large, max-video-preview:-1\" \/>\n<link rel=\"canonical\" href=\"https:\/\/happyinaknit.com\/en\/product\/5858\/\" \/>\n<meta property=\"og:locale\" content=\"en_US\" \/>\n<meta property=\"og:type\" content=\"article\" \/>\n<meta property=\"og:title\" content=\"Katia Eili\u0173 Skaitiklis - Happyinaknit.com\" \/>\n<meta property=\"og:description\" content=\"Patogus \u201eKatia\u201c eili\u0173 skaitiklis padeda sekti mezgimo ar n\u0117rimo eiles, kad darbas b\u016bt\u0173 tikslus ir tvarkingas. Pagamintas i\u0161 patvaraus plastiko ir metalo, jis lengvas, patogus naudoti ir puikiai tinka tiek pradedantiesiems, tiek patyrusiems mezg\u0117jams. Skaitikl\u012f galima naudoti atskirai arba kartu su \u201eKatia\u201c magnetiniu apyrank\u0117s laikikliu (parduodamas atskirai). Savyb\u0117s: \u2022Pagamintas i\u0161 plastiko ir metalo \u2022Padeda patogiai [&hellip;]\" \/>\n<meta property=\"og:url\" content=\"https:\/\/happyinaknit.com\/en\/product\/5858\/\" \/>\n<meta property=\"og:site_name\" content=\"Happyinaknit.com\" \/>\n<meta property=\"article:modified_time\" content=\"2025-11-10T13:39:56+00:00\" \/>\n<meta property=\"og:image\" content=\"https:\/\/happyinaknit.com\/wp-content\/uploads\/2025\/10\/articulo-round-magnetic-row-counter-7475-a-c-katia-n.jpg\" \/>\n\t<meta property=\"og:image:width\" content=\"600\" \/>\n\t<meta property=\"og:image:height\" content=\"600\" \/>\n\t<meta property=\"og:image:type\" content=\"image\/jpeg\" \/>\n<meta name=\"twitter:card\" content=\"summary_large_image\" \/>\n<script type=\"application\/ld+json\" class=\"yoast-schema-graph\">{\"@context\":\"https:\/\/schema.org\",\"@graph\":[{\"@type\":\"WebPage\",\"@id\":\"https:\/\/happyinaknit.com\/produktas\/5858\/\",\"url\":\"https:\/\/happyinaknit.com\/produktas\/5858\/\",\"name\":\"Katia Eili\u0173 Skaitiklis - Happyinaknit.com\",\"isPartOf\":{\"@id\":\"https:\/\/happyinaknit.com\/lt\/#website\"},\"primaryImageOfPage\":{\"@id\":\"https:\/\/happyinaknit.com\/produktas\/5858\/#primaryimage\"},\"image\":{\"@id\":\"https:\/\/happyinaknit.com\/produktas\/5858\/#primaryimage\"},\"thumbnailUrl\":\"https:\/\/happyinaknit.com\/wp-content\/uploads\/2025\/10\/articulo-round-magnetic-row-counter-7475-a-c-katia-n.jpg\",\"datePublished\":\"2025-10-18T14:21:44+00:00\",\"dateModified\":\"2025-11-10T13:39:56+00:00\",\"breadcrumb\":{\"@id\":\"https:\/\/happyinaknit.com\/produktas\/5858\/#breadcrumb\"},\"inLanguage\":\"en-US\",\"potentialAction\":[{\"@type\":\"ReadAction\",\"target\":[\"https:\/\/happyinaknit.com\/produktas\/5858\/\"]}]},{\"@type\":\"ImageObject\",\"inLanguage\":\"en-US\",\"@id\":\"https:\/\/happyinaknit.com\/produktas\/5858\/#primaryimage\",\"url\":\"https:\/\/happyinaknit.com\/wp-content\/uploads\/2025\/10\/articulo-round-magnetic-row-counter-7475-a-c-katia-n.jpg\",\"contentUrl\":\"https:\/\/happyinaknit.com\/wp-content\/uploads\/2025\/10\/articulo-round-magnetic-row-counter-7475-a-c-katia-n.jpg\",\"width\":600,\"height\":600},{\"@type\":\"BreadcrumbList\",\"@id\":\"https:\/\/happyinaknit.com\/produktas\/5858\/#breadcrumb\",\"itemListElement\":[{\"@type\":\"ListItem\",\"position\":1,\"name\":\"Home\",\"item\":\"https:\/\/happyinaknit.com\/lt\/\"},{\"@type\":\"ListItem\",\"position\":2,\"name\":\"Parduotuv\u0117\",\"item\":\"https:\/\/happyinaknit.com\/lt\/parduotuve\/\"},{\"@type\":\"ListItem\",\"position\":3,\"name\":\"Katia Eili\u0173 Skaitiklis\"}]},{\"@type\":\"WebSite\",\"@id\":\"https:\/\/happyinaknit.com\/lt\/#website\",\"url\":\"https:\/\/happyinaknit.com\/lt\/\",\"name\":\"Happyinaknit.com\",\"description\":\"\",\"potentialAction\":[{\"@type\":\"SearchAction\",\"target\":{\"@type\":\"EntryPoint\",\"urlTemplate\":\"https:\/\/happyinaknit.com\/lt\/?s={search_term_string}\"},\"query-input\":{\"@type\":\"PropertyValueSpecification\",\"valueRequired\":true,\"valueName\":\"search_term_string\"}}],\"inLanguage\":\"en-US\"}]}<\/script>\n<!-- \/ Yoast SEO plugin. -->","yoast_head_json":{"title":"Katia Eili\u0173 Skaitiklis - Happyinaknit.com","robots":{"index":"index","follow":"follow","max-snippet":"max-snippet:-1","max-image-preview":"max-image-preview:large","max-video-preview":"max-video-preview:-1"},"canonical":"https:\/\/happyinaknit.com\/en\/product\/5858\/","og_locale":"en_US","og_type":"article","og_title":"Katia Eili\u0173 Skaitiklis - Happyinaknit.com","og_description":"Patogus \u201eKatia\u201c eili\u0173 skaitiklis padeda sekti mezgimo ar n\u0117rimo eiles, kad darbas b\u016bt\u0173 tikslus ir tvarkingas. Pagamintas i\u0161 patvaraus plastiko ir metalo, jis lengvas, patogus naudoti ir puikiai tinka tiek pradedantiesiems, tiek patyrusiems mezg\u0117jams. Skaitikl\u012f galima naudoti atskirai arba kartu su \u201eKatia\u201c magnetiniu apyrank\u0117s laikikliu (parduodamas atskirai). Savyb\u0117s: \u2022Pagamintas i\u0161 plastiko ir metalo \u2022Padeda patogiai [&hellip;]","og_url":"https:\/\/happyinaknit.com\/en\/product\/5858\/","og_site_name":"Happyinaknit.com","article_modified_time":"2025-11-10T13:39:56+00:00","og_image":[{"width":600,"height":600,"url":"https:\/\/happyinaknit.com\/wp-content\/uploads\/2025\/10\/articulo-round-magnetic-row-counter-7475-a-c-katia-n.jpg","type":"image\/jpeg"}],"twitter_card":"summary_large_image","schema":{"@context":"https:\/\/schema.org","@graph":[{"@type":"WebPage","@id":"https:\/\/happyinaknit.com\/produktas\/5858\/","url":"https:\/\/happyinaknit.com\/produktas\/5858\/","name":"Katia Eili\u0173 Skaitiklis - Happyinaknit.com","isPartOf":{"@id":"https:\/\/happyinaknit.com\/lt\/#website"},"primaryImageOfPage":{"@id":"https:\/\/happyinaknit.com\/produktas\/5858\/#primaryimage"},"image":{"@id":"https:\/\/happyinaknit.com\/produktas\/5858\/#primaryimage"},"thumbnailUrl":"https:\/\/happyinaknit.com\/wp-content\/uploads\/2025\/10\/articulo-round-magnetic-row-counter-7475-a-c-katia-n.jpg","datePublished":"2025-10-18T14:21:44+00:00","dateModified":"2025-11-10T13:39:56+00:00","breadcrumb":{"@id":"https:\/\/happyinaknit.com\/produktas\/5858\/#breadcrumb"},"inLanguage":"en-US","potentialAction":[{"@type":"ReadAction","target":["https:\/\/happyinaknit.com\/produktas\/5858\/"]}]},{"@type":"ImageObject","inLanguage":"en-US","@id":"https:\/\/happyinaknit.com\/produktas\/5858\/#primaryimage","url":"https:\/\/happyinaknit.com\/wp-content\/uploads\/2025\/10\/articulo-round-magnetic-row-counter-7475-a-c-katia-n.jpg","contentUrl":"https:\/\/happyinaknit.com\/wp-content\/uploads\/2025\/10\/articulo-round-magnetic-row-counter-7475-a-c-katia-n.jpg","width":600,"height":600},{"@type":"BreadcrumbList","@id":"https:\/\/happyinaknit.com\/produktas\/5858\/#breadcrumb","itemListElement":[{"@type":"ListItem","position":1,"name":"Home","item":"https:\/\/happyinaknit.com\/lt\/"},{"@type":"ListItem","position":2,"name":"Parduotuv\u0117","item":"https:\/\/happyinaknit.com\/lt\/parduotuve\/"},{"@type":"ListItem","position":3,"name":"Katia Eili\u0173 Skaitiklis"}]},{"@type":"WebSite","@id":"https:\/\/happyinaknit.com\/lt\/#website","url":"https:\/\/happyinaknit.com\/lt\/","name":"Happyinaknit.com","description":"","potentialAction":[{"@type":"SearchAction","target":{"@type":"EntryPoint","urlTemplate":"https:\/\/happyinaknit.com\/lt\/?s={search_term_string}"},"query-input":{"@type":"PropertyValueSpecification","valueRequired":true,"valueName":"search_term_string"}}],"inLanguage":"en-US"}]}},"_links":{"self":[{"href":"https:\/\/happyinaknit.com\/en\/wp-json\/wp\/v2\/product\/5858","targetHints":{"allow":["GET"]}}],"collection":[{"href":"https:\/\/happyinaknit.com\/en\/wp-json\/wp\/v2\/product"}],"about":[{"href":"https:\/\/happyinaknit.com\/en\/wp-json\/wp\/v2\/types\/product"}],"replies":[{"embeddable":true,"href":"https:\/\/happyinaknit.com\/en\/wp-json\/wp\/v2\/comments?post=5858"}],"wp:featuredmedia":[{"embeddable":true,"href":"https:\/\/happyinaknit.com\/en\/wp-json\/wp\/v2\/media\/5848"}],"wp:attachment":[{"href":"https:\/\/happyinaknit.com\/en\/wp-json\/wp\/v2\/media?parent=5858"}],"wp:term":[{"taxonomy":"product_brand","embeddable":true,"href":"https:\/\/happyinaknit.com\/en\/wp-json\/wp\/v2\/product_brand?post=5858"},{"taxonomy":"product_cat","embeddable":true,"href":"https:\/\/happyinaknit.com\/en\/wp-json\/wp\/v2\/product_cat?post=5858"},{"taxonomy":"product_tag","embeddable":true,"href":"https:\/\/happyinaknit.com\/en\/wp-json\/wp\/v2\/product_tag?post=5858"},{"taxonomy":"pro-kategorijos","embeddable":true,"href":"https:\/\/happyinaknit.com\/en\/wp-json\/wp\/v2\/pro-kategorijos?post=5858"}],"curies":[{"name":"wp","href":"https:\/\/api.w.org\/{rel}","templated":true}]}}