{"id":5857,"date":"2025-10-18T14:17:30","date_gmt":"2025-10-18T14:17:30","guid":{"rendered":"https:\/\/happyinaknit.com\/?post_type=product&#038;p=5857"},"modified":"2025-11-10T13:40:18","modified_gmt":"2025-11-10T13:40:18","slug":"katia-magnetinis-apyrankes-tipo-laikiklis","status":"publish","type":"product","link":"https:\/\/happyinaknit.com\/en\/product\/katia-magnetinis-apyrankes-tipo-laikiklis\/","title":{"rendered":"Katia Magnetic Bracelet Holder"},"content":{"rendered":"<p>The convenient and stylish Katia magnetic bracelet holder will allow you to always have pins, metal markers or a magnetic row counter at hand. The bracelet automatically attaches to your wrist, making it easy to put on and use both while knitting and sewing.<\/p>\n<p>The magnetic plate firmly holds metal accessories, and the elegant design and comfortable shape allow you to work comfortably without additional interruptions. Presented in a beautiful square box from the Katia 100% You collection.<\/p>\n<p><b>Features:<\/b><b><\/b><\/p>\n<p>\u2022Time pins, metal markers or a row counter<\/p>\n<p>\u2022Automatically fasten wrist strap<\/p>\n<p>\u2022Magnetic plate \u2013 4 cm diameter<\/p>\n<p>\u2022Bracelet size \u2013 23 \u00d7 2.5 cm<\/p>\n<p>\u2022Packed in a stylish box<\/p>\n<p><b>Note:<\/b> Color shades may vary slightly depending on your device&#039;s screen.<\/p>","protected":false},"excerpt":{"rendered":"<p>Patogus ir stilingas \u201eKatia\u201c magnetinis apyrank\u0117s laikiklis leis visada tur\u0117ti po ranka smeigtukus, metalinius \u017eymeklius ar magnetin\u012f eili\u0173 skaitikl\u012f. Apyrank\u0117 automati\u0161kai prisitvirtina prie rie\u0161o, tod\u0117l j\u0105 lengva u\u017esid\u0117ti ir naudoti tiek mezgant, tiek siuvant. Magnetin\u0117 plok\u0161tel\u0117 tvirtai laiko metalinius priedus, o eleganti\u0161kas dizainas ir patogi forma leid\u017eia patogiai dirbti be papildom\u0173 pertrauk\u0173. Pateikiama dailioje kvadratin\u0117je [&hellip;]<\/p>\n","protected":false},"featured_media":5836,"comment_status":"open","ping_status":"closed","template":"","meta":{"_acf_changed":false},"product_brand":[69],"product_cat":[15,52,20],"product_tag":[],"pro-kategorijos":[],"class_list":{"0":"post-5857","1":"product","2":"type-product","3":"status-publish","4":"has-post-thumbnail","6":"product_brand-concept-by-katia","7":"product_cat-visi-produktai","8":"product_cat-kiti-mezgimo-reikmenys","9":"product_cat-priedai-mezgimui","11":"first","12":"instock","13":"shipping-taxable","14":"purchasable","15":"product-type-simple"},"acf":[],"yoast_head":"<!-- This site is optimized with the Yoast SEO plugin v26.8 - https:\/\/yoast.com\/product\/yoast-seo-wordpress\/ -->\n<title>Katia Magnetinis Apyrank\u0117s Tipo Laikiklis - Happyinaknit.com<\/title>\n<meta name=\"robots\" content=\"index, follow, max-snippet:-1, max-image-preview:large, max-video-preview:-1\" \/>\n<link rel=\"canonical\" href=\"https:\/\/happyinaknit.com\/en\/product\/katia-magnetinis-apyrankes-tipo-laikiklis\/\" \/>\n<meta property=\"og:locale\" content=\"en_US\" \/>\n<meta property=\"og:type\" content=\"article\" \/>\n<meta property=\"og:title\" content=\"Katia Magnetinis Apyrank\u0117s Tipo Laikiklis - Happyinaknit.com\" \/>\n<meta property=\"og:description\" content=\"Patogus ir stilingas \u201eKatia\u201c magnetinis apyrank\u0117s laikiklis leis visada tur\u0117ti po ranka smeigtukus, metalinius \u017eymeklius ar magnetin\u012f eili\u0173 skaitikl\u012f. Apyrank\u0117 automati\u0161kai prisitvirtina prie rie\u0161o, tod\u0117l j\u0105 lengva u\u017esid\u0117ti ir naudoti tiek mezgant, tiek siuvant. Magnetin\u0117 plok\u0161tel\u0117 tvirtai laiko metalinius priedus, o eleganti\u0161kas dizainas ir patogi forma leid\u017eia patogiai dirbti be papildom\u0173 pertrauk\u0173. Pateikiama dailioje kvadratin\u0117je [&hellip;]\" \/>\n<meta property=\"og:url\" content=\"https:\/\/happyinaknit.com\/en\/product\/katia-magnetinis-apyrankes-tipo-laikiklis\/\" \/>\n<meta property=\"og:site_name\" content=\"Happyinaknit.com\" \/>\n<meta property=\"article:modified_time\" content=\"2025-11-10T13:40:18+00:00\" \/>\n<meta property=\"og:image\" content=\"https:\/\/happyinaknit.com\/wp-content\/uploads\/2025\/10\/articulo-round-magnetic-bracelet-for-row-counter-pins-7476-a-c-04-katia-n.jpg\" \/>\n\t<meta property=\"og:image:width\" content=\"600\" \/>\n\t<meta property=\"og:image:height\" content=\"600\" \/>\n\t<meta property=\"og:image:type\" content=\"image\/jpeg\" \/>\n<meta name=\"twitter:card\" content=\"summary_large_image\" \/>\n<meta name=\"twitter:label1\" content=\"Est. reading time\" \/>\n\t<meta name=\"twitter:data1\" content=\"1 minute\" \/>\n<script type=\"application\/ld+json\" class=\"yoast-schema-graph\">{\"@context\":\"https:\/\/schema.org\",\"@graph\":[{\"@type\":\"WebPage\",\"@id\":\"https:\/\/happyinaknit.com\/produktas\/katia-magnetinis-apyrankes-tipo-laikiklis\/\",\"url\":\"https:\/\/happyinaknit.com\/produktas\/katia-magnetinis-apyrankes-tipo-laikiklis\/\",\"name\":\"Katia Magnetinis Apyrank\u0117s Tipo Laikiklis - Happyinaknit.com\",\"isPartOf\":{\"@id\":\"https:\/\/happyinaknit.com\/lt\/#website\"},\"primaryImageOfPage\":{\"@id\":\"https:\/\/happyinaknit.com\/produktas\/katia-magnetinis-apyrankes-tipo-laikiklis\/#primaryimage\"},\"image\":{\"@id\":\"https:\/\/happyinaknit.com\/produktas\/katia-magnetinis-apyrankes-tipo-laikiklis\/#primaryimage\"},\"thumbnailUrl\":\"https:\/\/happyinaknit.com\/wp-content\/uploads\/2025\/10\/articulo-round-magnetic-bracelet-for-row-counter-pins-7476-a-c-04-katia-n.jpg\",\"datePublished\":\"2025-10-18T14:17:30+00:00\",\"dateModified\":\"2025-11-10T13:40:18+00:00\",\"breadcrumb\":{\"@id\":\"https:\/\/happyinaknit.com\/produktas\/katia-magnetinis-apyrankes-tipo-laikiklis\/#breadcrumb\"},\"inLanguage\":\"en-US\",\"potentialAction\":[{\"@type\":\"ReadAction\",\"target\":[\"https:\/\/happyinaknit.com\/produktas\/katia-magnetinis-apyrankes-tipo-laikiklis\/\"]}]},{\"@type\":\"ImageObject\",\"inLanguage\":\"en-US\",\"@id\":\"https:\/\/happyinaknit.com\/produktas\/katia-magnetinis-apyrankes-tipo-laikiklis\/#primaryimage\",\"url\":\"https:\/\/happyinaknit.com\/wp-content\/uploads\/2025\/10\/articulo-round-magnetic-bracelet-for-row-counter-pins-7476-a-c-04-katia-n.jpg\",\"contentUrl\":\"https:\/\/happyinaknit.com\/wp-content\/uploads\/2025\/10\/articulo-round-magnetic-bracelet-for-row-counter-pins-7476-a-c-04-katia-n.jpg\",\"width\":600,\"height\":600},{\"@type\":\"BreadcrumbList\",\"@id\":\"https:\/\/happyinaknit.com\/produktas\/katia-magnetinis-apyrankes-tipo-laikiklis\/#breadcrumb\",\"itemListElement\":[{\"@type\":\"ListItem\",\"position\":1,\"name\":\"Home\",\"item\":\"https:\/\/happyinaknit.com\/lt\/\"},{\"@type\":\"ListItem\",\"position\":2,\"name\":\"Parduotuv\u0117\",\"item\":\"https:\/\/happyinaknit.com\/lt\/parduotuve\/\"},{\"@type\":\"ListItem\",\"position\":3,\"name\":\"Katia Magnetinis Apyrank\u0117s Tipo Laikiklis\"}]},{\"@type\":\"WebSite\",\"@id\":\"https:\/\/happyinaknit.com\/lt\/#website\",\"url\":\"https:\/\/happyinaknit.com\/lt\/\",\"name\":\"Happyinaknit.com\",\"description\":\"\",\"potentialAction\":[{\"@type\":\"SearchAction\",\"target\":{\"@type\":\"EntryPoint\",\"urlTemplate\":\"https:\/\/happyinaknit.com\/lt\/?s={search_term_string}\"},\"query-input\":{\"@type\":\"PropertyValueSpecification\",\"valueRequired\":true,\"valueName\":\"search_term_string\"}}],\"inLanguage\":\"en-US\"}]}<\/script>\n<!-- \/ Yoast SEO plugin. -->","yoast_head_json":{"title":"Katia Magnetinis Apyrank\u0117s Tipo Laikiklis - Happyinaknit.com","robots":{"index":"index","follow":"follow","max-snippet":"max-snippet:-1","max-image-preview":"max-image-preview:large","max-video-preview":"max-video-preview:-1"},"canonical":"https:\/\/happyinaknit.com\/en\/product\/katia-magnetinis-apyrankes-tipo-laikiklis\/","og_locale":"en_US","og_type":"article","og_title":"Katia Magnetinis Apyrank\u0117s Tipo Laikiklis - Happyinaknit.com","og_description":"Patogus ir stilingas \u201eKatia\u201c magnetinis apyrank\u0117s laikiklis leis visada tur\u0117ti po ranka smeigtukus, metalinius \u017eymeklius ar magnetin\u012f eili\u0173 skaitikl\u012f. Apyrank\u0117 automati\u0161kai prisitvirtina prie rie\u0161o, tod\u0117l j\u0105 lengva u\u017esid\u0117ti ir naudoti tiek mezgant, tiek siuvant. Magnetin\u0117 plok\u0161tel\u0117 tvirtai laiko metalinius priedus, o eleganti\u0161kas dizainas ir patogi forma leid\u017eia patogiai dirbti be papildom\u0173 pertrauk\u0173. Pateikiama dailioje kvadratin\u0117je [&hellip;]","og_url":"https:\/\/happyinaknit.com\/en\/product\/katia-magnetinis-apyrankes-tipo-laikiklis\/","og_site_name":"Happyinaknit.com","article_modified_time":"2025-11-10T13:40:18+00:00","og_image":[{"width":600,"height":600,"url":"https:\/\/happyinaknit.com\/wp-content\/uploads\/2025\/10\/articulo-round-magnetic-bracelet-for-row-counter-pins-7476-a-c-04-katia-n.jpg","type":"image\/jpeg"}],"twitter_card":"summary_large_image","twitter_misc":{"Est. reading time":"1 minute"},"schema":{"@context":"https:\/\/schema.org","@graph":[{"@type":"WebPage","@id":"https:\/\/happyinaknit.com\/produktas\/katia-magnetinis-apyrankes-tipo-laikiklis\/","url":"https:\/\/happyinaknit.com\/produktas\/katia-magnetinis-apyrankes-tipo-laikiklis\/","name":"Katia Magnetinis Apyrank\u0117s Tipo Laikiklis - Happyinaknit.com","isPartOf":{"@id":"https:\/\/happyinaknit.com\/lt\/#website"},"primaryImageOfPage":{"@id":"https:\/\/happyinaknit.com\/produktas\/katia-magnetinis-apyrankes-tipo-laikiklis\/#primaryimage"},"image":{"@id":"https:\/\/happyinaknit.com\/produktas\/katia-magnetinis-apyrankes-tipo-laikiklis\/#primaryimage"},"thumbnailUrl":"https:\/\/happyinaknit.com\/wp-content\/uploads\/2025\/10\/articulo-round-magnetic-bracelet-for-row-counter-pins-7476-a-c-04-katia-n.jpg","datePublished":"2025-10-18T14:17:30+00:00","dateModified":"2025-11-10T13:40:18+00:00","breadcrumb":{"@id":"https:\/\/happyinaknit.com\/produktas\/katia-magnetinis-apyrankes-tipo-laikiklis\/#breadcrumb"},"inLanguage":"en-US","potentialAction":[{"@type":"ReadAction","target":["https:\/\/happyinaknit.com\/produktas\/katia-magnetinis-apyrankes-tipo-laikiklis\/"]}]},{"@type":"ImageObject","inLanguage":"en-US","@id":"https:\/\/happyinaknit.com\/produktas\/katia-magnetinis-apyrankes-tipo-laikiklis\/#primaryimage","url":"https:\/\/happyinaknit.com\/wp-content\/uploads\/2025\/10\/articulo-round-magnetic-bracelet-for-row-counter-pins-7476-a-c-04-katia-n.jpg","contentUrl":"https:\/\/happyinaknit.com\/wp-content\/uploads\/2025\/10\/articulo-round-magnetic-bracelet-for-row-counter-pins-7476-a-c-04-katia-n.jpg","width":600,"height":600},{"@type":"BreadcrumbList","@id":"https:\/\/happyinaknit.com\/produktas\/katia-magnetinis-apyrankes-tipo-laikiklis\/#breadcrumb","itemListElement":[{"@type":"ListItem","position":1,"name":"Home","item":"https:\/\/happyinaknit.com\/lt\/"},{"@type":"ListItem","position":2,"name":"Parduotuv\u0117","item":"https:\/\/happyinaknit.com\/lt\/parduotuve\/"},{"@type":"ListItem","position":3,"name":"Katia Magnetinis Apyrank\u0117s Tipo Laikiklis"}]},{"@type":"WebSite","@id":"https:\/\/happyinaknit.com\/lt\/#website","url":"https:\/\/happyinaknit.com\/lt\/","name":"Happyinaknit.com","description":"","potentialAction":[{"@type":"SearchAction","target":{"@type":"EntryPoint","urlTemplate":"https:\/\/happyinaknit.com\/lt\/?s={search_term_string}"},"query-input":{"@type":"PropertyValueSpecification","valueRequired":true,"valueName":"search_term_string"}}],"inLanguage":"en-US"}]}},"_links":{"self":[{"href":"https:\/\/happyinaknit.com\/en\/wp-json\/wp\/v2\/product\/5857","targetHints":{"allow":["GET"]}}],"collection":[{"href":"https:\/\/happyinaknit.com\/en\/wp-json\/wp\/v2\/product"}],"about":[{"href":"https:\/\/happyinaknit.com\/en\/wp-json\/wp\/v2\/types\/product"}],"replies":[{"embeddable":true,"href":"https:\/\/happyinaknit.com\/en\/wp-json\/wp\/v2\/comments?post=5857"}],"wp:featuredmedia":[{"embeddable":true,"href":"https:\/\/happyinaknit.com\/en\/wp-json\/wp\/v2\/media\/5836"}],"wp:attachment":[{"href":"https:\/\/happyinaknit.com\/en\/wp-json\/wp\/v2\/media?parent=5857"}],"wp:term":[{"taxonomy":"product_brand","embeddable":true,"href":"https:\/\/happyinaknit.com\/en\/wp-json\/wp\/v2\/product_brand?post=5857"},{"taxonomy":"product_cat","embeddable":true,"href":"https:\/\/happyinaknit.com\/en\/wp-json\/wp\/v2\/product_cat?post=5857"},{"taxonomy":"product_tag","embeddable":true,"href":"https:\/\/happyinaknit.com\/en\/wp-json\/wp\/v2\/product_tag?post=5857"},{"taxonomy":"pro-kategorijos","embeddable":true,"href":"https:\/\/happyinaknit.com\/en\/wp-json\/wp\/v2\/pro-kategorijos?post=5857"}],"curies":[{"name":"wp","href":"https:\/\/api.w.org\/{rel}","templated":true}]}}