{"id":5820,"date":"2025-10-18T13:06:14","date_gmt":"2025-10-18T13:06:14","guid":{"rendered":"https:\/\/happyinaknit.com\/?post_type=product&#038;p=5820"},"modified":"2026-03-16T14:53:12","modified_gmt":"2026-03-16T14:53:12","slug":"prym-sepetys-moherio-gaminiams","status":"publish","type":"product","link":"https:\/\/happyinaknit.com\/en\/product\/prym-sepetys-moherio-gaminiams\/","title":{"rendered":"Prym brush for mohair products"},"content":{"rendered":"<p>The Prym brush is designed for the care of mohair knitwear and long-pile products. It is perfect for combing and refreshing knitwear, toys, cushions or rugs made of fluffy, hairy or fur materials.<\/p>\n<p>This brush can easily detangle, loosen and lift hair from the surface or seams, giving the product a neat, softly fluffy appearance. The ergonomic handle ensures comfortable use.<\/p>\n<p><b>Features:<\/b><b><\/b><\/p>\n<p>\u2022Designed for the care of mohair and other fluffy products<\/p>\n<p>\u2022Suitable for knitted, fur and textile products<\/p>\n<p>\u2022Helps restore product&#039;s softness and appearance<\/p>\n<p>\u2022Comfortable ergonomic handle<\/p>\n<p><b>Note:<\/b> Color shades may vary slightly depending on your device&#039;s screen.<\/p>","protected":false},"excerpt":{"rendered":"<p>\u201ePrym\u201c \u0161epetys skirtas mezgini\u0173 i\u0161 moherio ir gamini\u0173 su ilgu plauku prie\u017ei\u016brai. Puikiai tinka \u0161ukuoti bei atgaivinti mezginius, \u017eaislus, pagalv\u0117les ar kilim\u0117lius i\u0161 p\u016bkuot\u0173, plaukuot\u0173 ar kailini\u0173 med\u017eiag\u0173. Su \u0161iuo \u0161epe\u010diu galima lengvai i\u0161\u0161ukuoti, purenti ir pakelti plaukelius nuo pavir\u0161iaus ar si\u016bli\u0173, suteikiant gaminiui tvarking\u0105, \u0161velniai p\u016bkuot\u0105 i\u0161vaizd\u0105. Ergonomi\u0161ka ranken\u0117l\u0117 u\u017etikrina patog\u0173 naudojim\u0105. Savyb\u0117s: \u2022Skirtas [&hellip;]<\/p>\n","protected":false},"featured_media":5824,"comment_status":"open","ping_status":"closed","template":"","meta":{"_acf_changed":false},"product_brand":[1072],"product_cat":[15,52,20],"product_tag":[],"pro-kategorijos":[],"class_list":{"0":"post-5820","1":"product","2":"type-product","3":"status-publish","4":"has-post-thumbnail","6":"product_brand-prym","7":"product_cat-visi-produktai","8":"product_cat-kiti-mezgimo-reikmenys","9":"product_cat-priedai-mezgimui","11":"first","12":"outofstock","13":"shipping-taxable","14":"purchasable","15":"product-type-simple"},"acf":[],"yoast_head":"<!-- This site is optimized with the Yoast SEO plugin v26.8 - https:\/\/yoast.com\/product\/yoast-seo-wordpress\/ -->\n<title>Prym \u0161epetys moherio gaminiams - Happyinaknit.com<\/title>\n<meta name=\"robots\" content=\"index, follow, max-snippet:-1, max-image-preview:large, max-video-preview:-1\" \/>\n<link rel=\"canonical\" href=\"https:\/\/happyinaknit.com\/en\/product\/prym-sepetys-moherio-gaminiams\/\" \/>\n<meta property=\"og:locale\" content=\"en_US\" \/>\n<meta property=\"og:type\" content=\"article\" \/>\n<meta property=\"og:title\" content=\"Prym \u0161epetys moherio gaminiams - Happyinaknit.com\" \/>\n<meta property=\"og:description\" content=\"\u201ePrym\u201c \u0161epetys skirtas mezgini\u0173 i\u0161 moherio ir gamini\u0173 su ilgu plauku prie\u017ei\u016brai. Puikiai tinka \u0161ukuoti bei atgaivinti mezginius, \u017eaislus, pagalv\u0117les ar kilim\u0117lius i\u0161 p\u016bkuot\u0173, plaukuot\u0173 ar kailini\u0173 med\u017eiag\u0173. Su \u0161iuo \u0161epe\u010diu galima lengvai i\u0161\u0161ukuoti, purenti ir pakelti plaukelius nuo pavir\u0161iaus ar si\u016bli\u0173, suteikiant gaminiui tvarking\u0105, \u0161velniai p\u016bkuot\u0105 i\u0161vaizd\u0105. Ergonomi\u0161ka ranken\u0117l\u0117 u\u017etikrina patog\u0173 naudojim\u0105. Savyb\u0117s: \u2022Skirtas [&hellip;]\" \/>\n<meta property=\"og:url\" content=\"https:\/\/happyinaknit.com\/en\/product\/prym-sepetys-moherio-gaminiams\/\" \/>\n<meta property=\"og:site_name\" content=\"Happyinaknit.com\" \/>\n<meta property=\"article:modified_time\" content=\"2026-03-16T14:53:12+00:00\" \/>\n<meta property=\"og:image\" content=\"https:\/\/happyinaknit.com\/wp-content\/uploads\/2025\/10\/Prym-Mohair-Brush_3.jpg\" \/>\n\t<meta property=\"og:image:width\" content=\"600\" \/>\n\t<meta property=\"og:image:height\" content=\"600\" \/>\n\t<meta property=\"og:image:type\" content=\"image\/jpeg\" \/>\n<meta name=\"twitter:card\" content=\"summary_large_image\" \/>\n<meta name=\"twitter:label1\" content=\"Est. reading time\" \/>\n\t<meta name=\"twitter:data1\" content=\"1 minute\" \/>\n<script type=\"application\/ld+json\" class=\"yoast-schema-graph\">{\"@context\":\"https:\/\/schema.org\",\"@graph\":[{\"@type\":\"WebPage\",\"@id\":\"https:\/\/happyinaknit.com\/produktas\/prym-sepetys-moherio-gaminiams\/\",\"url\":\"https:\/\/happyinaknit.com\/produktas\/prym-sepetys-moherio-gaminiams\/\",\"name\":\"Prym \u0161epetys moherio gaminiams - Happyinaknit.com\",\"isPartOf\":{\"@id\":\"https:\/\/happyinaknit.com\/lt\/#website\"},\"primaryImageOfPage\":{\"@id\":\"https:\/\/happyinaknit.com\/produktas\/prym-sepetys-moherio-gaminiams\/#primaryimage\"},\"image\":{\"@id\":\"https:\/\/happyinaknit.com\/produktas\/prym-sepetys-moherio-gaminiams\/#primaryimage\"},\"thumbnailUrl\":\"https:\/\/happyinaknit.com\/wp-content\/uploads\/2025\/10\/Prym-Mohair-Brush_3.jpg\",\"datePublished\":\"2025-10-18T13:06:14+00:00\",\"dateModified\":\"2026-03-16T14:53:12+00:00\",\"breadcrumb\":{\"@id\":\"https:\/\/happyinaknit.com\/produktas\/prym-sepetys-moherio-gaminiams\/#breadcrumb\"},\"inLanguage\":\"en-US\",\"potentialAction\":[{\"@type\":\"ReadAction\",\"target\":[\"https:\/\/happyinaknit.com\/produktas\/prym-sepetys-moherio-gaminiams\/\"]}]},{\"@type\":\"ImageObject\",\"inLanguage\":\"en-US\",\"@id\":\"https:\/\/happyinaknit.com\/produktas\/prym-sepetys-moherio-gaminiams\/#primaryimage\",\"url\":\"https:\/\/happyinaknit.com\/wp-content\/uploads\/2025\/10\/Prym-Mohair-Brush_3.jpg\",\"contentUrl\":\"https:\/\/happyinaknit.com\/wp-content\/uploads\/2025\/10\/Prym-Mohair-Brush_3.jpg\",\"width\":600,\"height\":600},{\"@type\":\"BreadcrumbList\",\"@id\":\"https:\/\/happyinaknit.com\/produktas\/prym-sepetys-moherio-gaminiams\/#breadcrumb\",\"itemListElement\":[{\"@type\":\"ListItem\",\"position\":1,\"name\":\"Home\",\"item\":\"https:\/\/happyinaknit.com\/lt\/\"},{\"@type\":\"ListItem\",\"position\":2,\"name\":\"Parduotuv\u0117\",\"item\":\"https:\/\/happyinaknit.com\/lt\/parduotuve\/\"},{\"@type\":\"ListItem\",\"position\":3,\"name\":\"Prym \u0161epetys moherio gaminiams\"}]},{\"@type\":\"WebSite\",\"@id\":\"https:\/\/happyinaknit.com\/lt\/#website\",\"url\":\"https:\/\/happyinaknit.com\/lt\/\",\"name\":\"Happyinaknit.com\",\"description\":\"\",\"potentialAction\":[{\"@type\":\"SearchAction\",\"target\":{\"@type\":\"EntryPoint\",\"urlTemplate\":\"https:\/\/happyinaknit.com\/lt\/?s={search_term_string}\"},\"query-input\":{\"@type\":\"PropertyValueSpecification\",\"valueRequired\":true,\"valueName\":\"search_term_string\"}}],\"inLanguage\":\"en-US\"}]}<\/script>\n<!-- \/ Yoast SEO plugin. -->","yoast_head_json":{"title":"Prym \u0161epetys moherio gaminiams - Happyinaknit.com","robots":{"index":"index","follow":"follow","max-snippet":"max-snippet:-1","max-image-preview":"max-image-preview:large","max-video-preview":"max-video-preview:-1"},"canonical":"https:\/\/happyinaknit.com\/en\/product\/prym-sepetys-moherio-gaminiams\/","og_locale":"en_US","og_type":"article","og_title":"Prym \u0161epetys moherio gaminiams - Happyinaknit.com","og_description":"\u201ePrym\u201c \u0161epetys skirtas mezgini\u0173 i\u0161 moherio ir gamini\u0173 su ilgu plauku prie\u017ei\u016brai. Puikiai tinka \u0161ukuoti bei atgaivinti mezginius, \u017eaislus, pagalv\u0117les ar kilim\u0117lius i\u0161 p\u016bkuot\u0173, plaukuot\u0173 ar kailini\u0173 med\u017eiag\u0173. Su \u0161iuo \u0161epe\u010diu galima lengvai i\u0161\u0161ukuoti, purenti ir pakelti plaukelius nuo pavir\u0161iaus ar si\u016bli\u0173, suteikiant gaminiui tvarking\u0105, \u0161velniai p\u016bkuot\u0105 i\u0161vaizd\u0105. Ergonomi\u0161ka ranken\u0117l\u0117 u\u017etikrina patog\u0173 naudojim\u0105. Savyb\u0117s: \u2022Skirtas [&hellip;]","og_url":"https:\/\/happyinaknit.com\/en\/product\/prym-sepetys-moherio-gaminiams\/","og_site_name":"Happyinaknit.com","article_modified_time":"2026-03-16T14:53:12+00:00","og_image":[{"width":600,"height":600,"url":"https:\/\/happyinaknit.com\/wp-content\/uploads\/2025\/10\/Prym-Mohair-Brush_3.jpg","type":"image\/jpeg"}],"twitter_card":"summary_large_image","twitter_misc":{"Est. reading time":"1 minute"},"schema":{"@context":"https:\/\/schema.org","@graph":[{"@type":"WebPage","@id":"https:\/\/happyinaknit.com\/produktas\/prym-sepetys-moherio-gaminiams\/","url":"https:\/\/happyinaknit.com\/produktas\/prym-sepetys-moherio-gaminiams\/","name":"Prym \u0161epetys moherio gaminiams - Happyinaknit.com","isPartOf":{"@id":"https:\/\/happyinaknit.com\/lt\/#website"},"primaryImageOfPage":{"@id":"https:\/\/happyinaknit.com\/produktas\/prym-sepetys-moherio-gaminiams\/#primaryimage"},"image":{"@id":"https:\/\/happyinaknit.com\/produktas\/prym-sepetys-moherio-gaminiams\/#primaryimage"},"thumbnailUrl":"https:\/\/happyinaknit.com\/wp-content\/uploads\/2025\/10\/Prym-Mohair-Brush_3.jpg","datePublished":"2025-10-18T13:06:14+00:00","dateModified":"2026-03-16T14:53:12+00:00","breadcrumb":{"@id":"https:\/\/happyinaknit.com\/produktas\/prym-sepetys-moherio-gaminiams\/#breadcrumb"},"inLanguage":"en-US","potentialAction":[{"@type":"ReadAction","target":["https:\/\/happyinaknit.com\/produktas\/prym-sepetys-moherio-gaminiams\/"]}]},{"@type":"ImageObject","inLanguage":"en-US","@id":"https:\/\/happyinaknit.com\/produktas\/prym-sepetys-moherio-gaminiams\/#primaryimage","url":"https:\/\/happyinaknit.com\/wp-content\/uploads\/2025\/10\/Prym-Mohair-Brush_3.jpg","contentUrl":"https:\/\/happyinaknit.com\/wp-content\/uploads\/2025\/10\/Prym-Mohair-Brush_3.jpg","width":600,"height":600},{"@type":"BreadcrumbList","@id":"https:\/\/happyinaknit.com\/produktas\/prym-sepetys-moherio-gaminiams\/#breadcrumb","itemListElement":[{"@type":"ListItem","position":1,"name":"Home","item":"https:\/\/happyinaknit.com\/lt\/"},{"@type":"ListItem","position":2,"name":"Parduotuv\u0117","item":"https:\/\/happyinaknit.com\/lt\/parduotuve\/"},{"@type":"ListItem","position":3,"name":"Prym \u0161epetys moherio gaminiams"}]},{"@type":"WebSite","@id":"https:\/\/happyinaknit.com\/lt\/#website","url":"https:\/\/happyinaknit.com\/lt\/","name":"Happyinaknit.com","description":"","potentialAction":[{"@type":"SearchAction","target":{"@type":"EntryPoint","urlTemplate":"https:\/\/happyinaknit.com\/lt\/?s={search_term_string}"},"query-input":{"@type":"PropertyValueSpecification","valueRequired":true,"valueName":"search_term_string"}}],"inLanguage":"en-US"}]}},"_links":{"self":[{"href":"https:\/\/happyinaknit.com\/en\/wp-json\/wp\/v2\/product\/5820","targetHints":{"allow":["GET"]}}],"collection":[{"href":"https:\/\/happyinaknit.com\/en\/wp-json\/wp\/v2\/product"}],"about":[{"href":"https:\/\/happyinaknit.com\/en\/wp-json\/wp\/v2\/types\/product"}],"replies":[{"embeddable":true,"href":"https:\/\/happyinaknit.com\/en\/wp-json\/wp\/v2\/comments?post=5820"}],"wp:featuredmedia":[{"embeddable":true,"href":"https:\/\/happyinaknit.com\/en\/wp-json\/wp\/v2\/media\/5824"}],"wp:attachment":[{"href":"https:\/\/happyinaknit.com\/en\/wp-json\/wp\/v2\/media?parent=5820"}],"wp:term":[{"taxonomy":"product_brand","embeddable":true,"href":"https:\/\/happyinaknit.com\/en\/wp-json\/wp\/v2\/product_brand?post=5820"},{"taxonomy":"product_cat","embeddable":true,"href":"https:\/\/happyinaknit.com\/en\/wp-json\/wp\/v2\/product_cat?post=5820"},{"taxonomy":"product_tag","embeddable":true,"href":"https:\/\/happyinaknit.com\/en\/wp-json\/wp\/v2\/product_tag?post=5820"},{"taxonomy":"pro-kategorijos","embeddable":true,"href":"https:\/\/happyinaknit.com\/en\/wp-json\/wp\/v2\/pro-kategorijos?post=5820"}],"curies":[{"name":"wp","href":"https:\/\/api.w.org\/{rel}","templated":true}]}}