{"id":5813,"date":"2025-10-18T12:57:38","date_gmt":"2025-10-18T12:57:38","guid":{"rendered":"https:\/\/happyinaknit.com\/?post_type=product&#038;p=5813"},"modified":"2026-01-27T14:30:11","modified_gmt":"2026-01-27T14:30:11","slug":"prym-elastingas-siulas-977-770","status":"publish","type":"product","link":"https:\/\/happyinaknit.com\/en\/product\/prym-elastingas-siulas-977-770\/","title":{"rendered":"Prym Elastic Carded Sewing Thread  977 770"},"content":{"rendered":"<p>Prym elastic thread is ideal for knitting into products to prevent them from stretching or deforming during wear. It is used for sweater cuffs, necklines, socks or other areas where elastic support is needed.<\/p>\n<p><b>Features:<\/b><b><\/b><\/p>\n<p>\u2022Protects knitwear from stretching<\/p>\n<p>\u2022Maintains the shape of the product<\/p>\n<p>\u2022Perfect for knitting together with basic yarns<\/p>\n<p>\u2022Easily and evenly weaves into knitwear<\/p>\n<p><b>Length:<\/b> 200 m<\/p>\n<p><b>Note:<\/b> Color shades may vary slightly depending on your device&#039;s screen.<\/p>","protected":false},"excerpt":{"rendered":"<p>Elastingas \u201ePrym\u201c si\u016blas idealiai tinka \u012fmegzti \u012f gaminius, kad b\u016bt\u0173 i\u0161vengta j\u0173 i\u0161sitampymo ar deformacijos ne\u0161iojant. Naudojamas megztini\u0173 rankogaliams, i\u0161kirpt\u0117ms, kojin\u0117ms ar kitoms vietoms, kur reikalingas tamprus prilaikymas. Savyb\u0117s: \u2022Apsaugo mezginius nuo i\u0161sitampymo \u2022Palaiko gaminio form\u0105 \u2022Puikiai tinka megzti kartu su pagrindiniais si\u016blais \u2022Lengvai ir tolygiai \u012fsiveria \u012f mezgin\u012f Ilgis: 200 m Pastaba: spalv\u0173 atspalviai [&hellip;]<\/p>\n","protected":false},"featured_media":5814,"comment_status":"open","ping_status":"closed","template":"","meta":{"_acf_changed":false},"product_brand":[1072],"product_cat":[15,52,20],"product_tag":[],"pro-kategorijos":[],"class_list":{"0":"post-5813","1":"product","2":"type-product","3":"status-publish","4":"has-post-thumbnail","6":"product_brand-prym","7":"product_cat-visi-produktai","8":"product_cat-kiti-mezgimo-reikmenys","9":"product_cat-priedai-mezgimui","11":"first","12":"outofstock","13":"shipping-taxable","14":"purchasable","15":"product-type-simple"},"acf":[],"yoast_head":"<!-- This site is optimized with the Yoast SEO plugin v26.8 - https:\/\/yoast.com\/product\/yoast-seo-wordpress\/ -->\n<title>Prym Elastingas Si\u016blas 977 770 - Happyinaknit.com<\/title>\n<meta name=\"robots\" content=\"index, follow, max-snippet:-1, max-image-preview:large, max-video-preview:-1\" \/>\n<link rel=\"canonical\" href=\"https:\/\/happyinaknit.com\/en\/product\/prym-elastingas-siulas-977-770\/\" \/>\n<meta property=\"og:locale\" content=\"en_US\" \/>\n<meta property=\"og:type\" content=\"article\" \/>\n<meta property=\"og:title\" content=\"Prym Elastingas Si\u016blas 977 770 - Happyinaknit.com\" \/>\n<meta property=\"og:description\" content=\"Elastingas \u201ePrym\u201c si\u016blas idealiai tinka \u012fmegzti \u012f gaminius, kad b\u016bt\u0173 i\u0161vengta j\u0173 i\u0161sitampymo ar deformacijos ne\u0161iojant. Naudojamas megztini\u0173 rankogaliams, i\u0161kirpt\u0117ms, kojin\u0117ms ar kitoms vietoms, kur reikalingas tamprus prilaikymas. Savyb\u0117s: \u2022Apsaugo mezginius nuo i\u0161sitampymo \u2022Palaiko gaminio form\u0105 \u2022Puikiai tinka megzti kartu su pagrindiniais si\u016blais \u2022Lengvai ir tolygiai \u012fsiveria \u012f mezgin\u012f Ilgis: 200 m Pastaba: spalv\u0173 atspalviai [&hellip;]\" \/>\n<meta property=\"og:url\" content=\"https:\/\/happyinaknit.com\/en\/product\/prym-elastingas-siulas-977-770\/\" \/>\n<meta property=\"og:site_name\" content=\"Happyinaknit.com\" \/>\n<meta property=\"article:modified_time\" content=\"2026-01-27T14:30:11+00:00\" \/>\n<meta property=\"og:image\" content=\"https:\/\/happyinaknit.com\/wp-content\/uploads\/2025\/10\/prym-977770-elastinis-siulasskaidrus.jpg\" \/>\n\t<meta property=\"og:image:width\" content=\"600\" \/>\n\t<meta property=\"og:image:height\" content=\"600\" \/>\n\t<meta property=\"og:image:type\" content=\"image\/jpeg\" \/>\n<meta name=\"twitter:card\" content=\"summary_large_image\" \/>\n<script type=\"application\/ld+json\" class=\"yoast-schema-graph\">{\"@context\":\"https:\/\/schema.org\",\"@graph\":[{\"@type\":\"WebPage\",\"@id\":\"https:\/\/happyinaknit.com\/produktas\/prym-elastingas-siulas-977-770\/\",\"url\":\"https:\/\/happyinaknit.com\/produktas\/prym-elastingas-siulas-977-770\/\",\"name\":\"Prym Elastingas Si\u016blas 977 770 - Happyinaknit.com\",\"isPartOf\":{\"@id\":\"https:\/\/happyinaknit.com\/lt\/#website\"},\"primaryImageOfPage\":{\"@id\":\"https:\/\/happyinaknit.com\/produktas\/prym-elastingas-siulas-977-770\/#primaryimage\"},\"image\":{\"@id\":\"https:\/\/happyinaknit.com\/produktas\/prym-elastingas-siulas-977-770\/#primaryimage\"},\"thumbnailUrl\":\"https:\/\/happyinaknit.com\/wp-content\/uploads\/2025\/10\/prym-977770-elastinis-siulasskaidrus.jpg\",\"datePublished\":\"2025-10-18T12:57:38+00:00\",\"dateModified\":\"2026-01-27T14:30:11+00:00\",\"breadcrumb\":{\"@id\":\"https:\/\/happyinaknit.com\/produktas\/prym-elastingas-siulas-977-770\/#breadcrumb\"},\"inLanguage\":\"en-US\",\"potentialAction\":[{\"@type\":\"ReadAction\",\"target\":[\"https:\/\/happyinaknit.com\/produktas\/prym-elastingas-siulas-977-770\/\"]}]},{\"@type\":\"ImageObject\",\"inLanguage\":\"en-US\",\"@id\":\"https:\/\/happyinaknit.com\/produktas\/prym-elastingas-siulas-977-770\/#primaryimage\",\"url\":\"https:\/\/happyinaknit.com\/wp-content\/uploads\/2025\/10\/prym-977770-elastinis-siulasskaidrus.jpg\",\"contentUrl\":\"https:\/\/happyinaknit.com\/wp-content\/uploads\/2025\/10\/prym-977770-elastinis-siulasskaidrus.jpg\",\"width\":600,\"height\":600},{\"@type\":\"BreadcrumbList\",\"@id\":\"https:\/\/happyinaknit.com\/produktas\/prym-elastingas-siulas-977-770\/#breadcrumb\",\"itemListElement\":[{\"@type\":\"ListItem\",\"position\":1,\"name\":\"Home\",\"item\":\"https:\/\/happyinaknit.com\/lt\/\"},{\"@type\":\"ListItem\",\"position\":2,\"name\":\"Parduotuv\u0117\",\"item\":\"https:\/\/happyinaknit.com\/lt\/parduotuve\/\"},{\"@type\":\"ListItem\",\"position\":3,\"name\":\"Prym Elastingas Si\u016blas 977 770\"}]},{\"@type\":\"WebSite\",\"@id\":\"https:\/\/happyinaknit.com\/lt\/#website\",\"url\":\"https:\/\/happyinaknit.com\/lt\/\",\"name\":\"Happyinaknit.com\",\"description\":\"\",\"potentialAction\":[{\"@type\":\"SearchAction\",\"target\":{\"@type\":\"EntryPoint\",\"urlTemplate\":\"https:\/\/happyinaknit.com\/lt\/?s={search_term_string}\"},\"query-input\":{\"@type\":\"PropertyValueSpecification\",\"valueRequired\":true,\"valueName\":\"search_term_string\"}}],\"inLanguage\":\"en-US\"}]}<\/script>\n<!-- \/ Yoast SEO plugin. -->","yoast_head_json":{"title":"Prym Elastingas Si\u016blas 977 770 - Happyinaknit.com","robots":{"index":"index","follow":"follow","max-snippet":"max-snippet:-1","max-image-preview":"max-image-preview:large","max-video-preview":"max-video-preview:-1"},"canonical":"https:\/\/happyinaknit.com\/en\/product\/prym-elastingas-siulas-977-770\/","og_locale":"en_US","og_type":"article","og_title":"Prym Elastingas Si\u016blas 977 770 - Happyinaknit.com","og_description":"Elastingas \u201ePrym\u201c si\u016blas idealiai tinka \u012fmegzti \u012f gaminius, kad b\u016bt\u0173 i\u0161vengta j\u0173 i\u0161sitampymo ar deformacijos ne\u0161iojant. Naudojamas megztini\u0173 rankogaliams, i\u0161kirpt\u0117ms, kojin\u0117ms ar kitoms vietoms, kur reikalingas tamprus prilaikymas. Savyb\u0117s: \u2022Apsaugo mezginius nuo i\u0161sitampymo \u2022Palaiko gaminio form\u0105 \u2022Puikiai tinka megzti kartu su pagrindiniais si\u016blais \u2022Lengvai ir tolygiai \u012fsiveria \u012f mezgin\u012f Ilgis: 200 m Pastaba: spalv\u0173 atspalviai [&hellip;]","og_url":"https:\/\/happyinaknit.com\/en\/product\/prym-elastingas-siulas-977-770\/","og_site_name":"Happyinaknit.com","article_modified_time":"2026-01-27T14:30:11+00:00","og_image":[{"width":600,"height":600,"url":"https:\/\/happyinaknit.com\/wp-content\/uploads\/2025\/10\/prym-977770-elastinis-siulasskaidrus.jpg","type":"image\/jpeg"}],"twitter_card":"summary_large_image","schema":{"@context":"https:\/\/schema.org","@graph":[{"@type":"WebPage","@id":"https:\/\/happyinaknit.com\/produktas\/prym-elastingas-siulas-977-770\/","url":"https:\/\/happyinaknit.com\/produktas\/prym-elastingas-siulas-977-770\/","name":"Prym Elastingas Si\u016blas 977 770 - Happyinaknit.com","isPartOf":{"@id":"https:\/\/happyinaknit.com\/lt\/#website"},"primaryImageOfPage":{"@id":"https:\/\/happyinaknit.com\/produktas\/prym-elastingas-siulas-977-770\/#primaryimage"},"image":{"@id":"https:\/\/happyinaknit.com\/produktas\/prym-elastingas-siulas-977-770\/#primaryimage"},"thumbnailUrl":"https:\/\/happyinaknit.com\/wp-content\/uploads\/2025\/10\/prym-977770-elastinis-siulasskaidrus.jpg","datePublished":"2025-10-18T12:57:38+00:00","dateModified":"2026-01-27T14:30:11+00:00","breadcrumb":{"@id":"https:\/\/happyinaknit.com\/produktas\/prym-elastingas-siulas-977-770\/#breadcrumb"},"inLanguage":"en-US","potentialAction":[{"@type":"ReadAction","target":["https:\/\/happyinaknit.com\/produktas\/prym-elastingas-siulas-977-770\/"]}]},{"@type":"ImageObject","inLanguage":"en-US","@id":"https:\/\/happyinaknit.com\/produktas\/prym-elastingas-siulas-977-770\/#primaryimage","url":"https:\/\/happyinaknit.com\/wp-content\/uploads\/2025\/10\/prym-977770-elastinis-siulasskaidrus.jpg","contentUrl":"https:\/\/happyinaknit.com\/wp-content\/uploads\/2025\/10\/prym-977770-elastinis-siulasskaidrus.jpg","width":600,"height":600},{"@type":"BreadcrumbList","@id":"https:\/\/happyinaknit.com\/produktas\/prym-elastingas-siulas-977-770\/#breadcrumb","itemListElement":[{"@type":"ListItem","position":1,"name":"Home","item":"https:\/\/happyinaknit.com\/lt\/"},{"@type":"ListItem","position":2,"name":"Parduotuv\u0117","item":"https:\/\/happyinaknit.com\/lt\/parduotuve\/"},{"@type":"ListItem","position":3,"name":"Prym Elastingas Si\u016blas 977 770"}]},{"@type":"WebSite","@id":"https:\/\/happyinaknit.com\/lt\/#website","url":"https:\/\/happyinaknit.com\/lt\/","name":"Happyinaknit.com","description":"","potentialAction":[{"@type":"SearchAction","target":{"@type":"EntryPoint","urlTemplate":"https:\/\/happyinaknit.com\/lt\/?s={search_term_string}"},"query-input":{"@type":"PropertyValueSpecification","valueRequired":true,"valueName":"search_term_string"}}],"inLanguage":"en-US"}]}},"_links":{"self":[{"href":"https:\/\/happyinaknit.com\/en\/wp-json\/wp\/v2\/product\/5813","targetHints":{"allow":["GET"]}}],"collection":[{"href":"https:\/\/happyinaknit.com\/en\/wp-json\/wp\/v2\/product"}],"about":[{"href":"https:\/\/happyinaknit.com\/en\/wp-json\/wp\/v2\/types\/product"}],"replies":[{"embeddable":true,"href":"https:\/\/happyinaknit.com\/en\/wp-json\/wp\/v2\/comments?post=5813"}],"wp:featuredmedia":[{"embeddable":true,"href":"https:\/\/happyinaknit.com\/en\/wp-json\/wp\/v2\/media\/5814"}],"wp:attachment":[{"href":"https:\/\/happyinaknit.com\/en\/wp-json\/wp\/v2\/media?parent=5813"}],"wp:term":[{"taxonomy":"product_brand","embeddable":true,"href":"https:\/\/happyinaknit.com\/en\/wp-json\/wp\/v2\/product_brand?post=5813"},{"taxonomy":"product_cat","embeddable":true,"href":"https:\/\/happyinaknit.com\/en\/wp-json\/wp\/v2\/product_cat?post=5813"},{"taxonomy":"product_tag","embeddable":true,"href":"https:\/\/happyinaknit.com\/en\/wp-json\/wp\/v2\/product_tag?post=5813"},{"taxonomy":"pro-kategorijos","embeddable":true,"href":"https:\/\/happyinaknit.com\/en\/wp-json\/wp\/v2\/pro-kategorijos?post=5813"}],"curies":[{"name":"wp","href":"https:\/\/api.w.org\/{rel}","templated":true}]}}