{"id":5809,"date":"2025-10-18T12:46:52","date_gmt":"2025-10-18T12:46:52","guid":{"rendered":"https:\/\/happyinaknit.com\/?post_type=product&#038;p=5809"},"modified":"2025-10-28T13:21:49","modified_gmt":"2025-10-28T13:21:49","slug":"prym-virvutes-pynikas-225104","status":"publish","type":"product","link":"https:\/\/happyinaknit.com\/en\/product\/prym-virvutes-pynikas-225104\/","title":{"rendered":"Prym Knitting Dolly Maxi  (225104)"},"content":{"rendered":"<p data-start=\"69\" data-end=\"275\">This cord braider is designed to create round knits and decorative cords. It is made of <strong data-start=\"166\" data-end=\"194\">clear, sturdy acrylic<\/strong>, and at the top you have <strong data-start=\"211\" data-end=\"244\">stainless steel hooks<\/strong>on which the eyes are formed.<\/p>\n<p data-start=\"277\" data-end=\"523\">Extremely easy to use \u2013 the kit includes <strong data-start=\"317\" data-end=\"349\">blunt plastic stick<\/strong>, for comfortable eye lifting. With this doll, you can easily create beautiful, even strings that are ideal for accessories, decorations or creative projects.<\/p>\n<p data-start=\"525\" data-end=\"539\"><strong data-start=\"525\" data-end=\"537\">Features:<\/strong><\/p>\n<ul data-start=\"540\" data-end=\"772\">\n<li data-start=\"540\" data-end=\"583\">\n<p data-start=\"542\" data-end=\"583\">Material: acrylic, stainless steel<\/p>\n<\/li>\n<li data-start=\"584\" data-end=\"638\">\n<p data-start=\"586\" data-end=\"638\">Includes a blunt plastic tool for eye lifting<\/p>\n<\/li>\n<li data-start=\"639\" data-end=\"676\">\n<p data-start=\"641\" data-end=\"676\">Durable, easy and convenient to use<\/p>\n<\/li>\n<li data-start=\"677\" data-end=\"720\">\n<p data-start=\"679\" data-end=\"720\">Allows you to create even knitted cords<\/p>\n<\/li>\n<li data-start=\"721\" data-end=\"772\">\n<p data-start=\"723\" data-end=\"772\">The thickness of the string depends on the diameter of the doll.<\/p>\n<\/li>\n<\/ul>\n<p data-start=\"774\" data-end=\"807\"><strong data-start=\"774\" data-end=\"789\">Manufacturer:<\/strong> Prym, Germany<\/p>\n<p data-start=\"809\" data-end=\"897\" data-is-last-node=\"\" data-is-only-node=\"\"><strong data-start=\"809\" data-end=\"821\">Note:<\/strong> Color shades may vary slightly depending on your device&#039;s screen.<\/p>","protected":false},"excerpt":{"rendered":"<p>\u0160i virvut\u0117s pynikas, \u00a0skirta kurti apvalius mezginius ir dekoratyvines virveles. Ji pagaminta i\u0161 skaidraus, tvirto akrilo, o vir\u0161uje turi ner\u016bdijan\u010dio plieno kabliukus, ant kuri\u0173 formuojamos akys. Naudoti itin paprasta \u2013 \u012f rinkin\u012f \u012feina bukas plastikinis pagaliukas, skirtas patogiam aki\u0173 pak\u0117limui. Su \u0161ia l\u0117lyte galima lengvai sukurti gra\u017eias, tolygias virveles, kurios idealiai tiks aksesuarams, papuo\u0161imams ar [&hellip;]<\/p>\n","protected":false},"featured_media":5806,"comment_status":"open","ping_status":"closed","template":"","meta":{"_acf_changed":false},"product_brand":[1072],"product_cat":[15,52,20],"product_tag":[],"pro-kategorijos":[],"class_list":{"0":"post-5809","1":"product","2":"type-product","3":"status-publish","4":"has-post-thumbnail","6":"product_brand-prym","7":"product_cat-visi-produktai","8":"product_cat-kiti-mezgimo-reikmenys","9":"product_cat-priedai-mezgimui","11":"first","12":"instock","13":"shipping-taxable","14":"purchasable","15":"product-type-simple"},"acf":[],"yoast_head":"<!-- This site is optimized with the Yoast SEO plugin v26.8 - https:\/\/yoast.com\/product\/yoast-seo-wordpress\/ -->\n<title>Prym virvut\u0117s pynikas (225104) - Happyinaknit.com<\/title>\n<meta name=\"robots\" content=\"index, follow, max-snippet:-1, max-image-preview:large, max-video-preview:-1\" \/>\n<link rel=\"canonical\" href=\"https:\/\/happyinaknit.com\/en\/product\/prym-virvutes-pynikas-225104\/\" \/>\n<meta property=\"og:locale\" content=\"en_US\" \/>\n<meta property=\"og:type\" content=\"article\" \/>\n<meta property=\"og:title\" content=\"Prym virvut\u0117s pynikas (225104) - Happyinaknit.com\" \/>\n<meta property=\"og:description\" content=\"\u0160i virvut\u0117s pynikas, \u00a0skirta kurti apvalius mezginius ir dekoratyvines virveles. Ji pagaminta i\u0161 skaidraus, tvirto akrilo, o vir\u0161uje turi ner\u016bdijan\u010dio plieno kabliukus, ant kuri\u0173 formuojamos akys. Naudoti itin paprasta \u2013 \u012f rinkin\u012f \u012feina bukas plastikinis pagaliukas, skirtas patogiam aki\u0173 pak\u0117limui. Su \u0161ia l\u0117lyte galima lengvai sukurti gra\u017eias, tolygias virveles, kurios idealiai tiks aksesuarams, papuo\u0161imams ar [&hellip;]\" \/>\n<meta property=\"og:url\" content=\"https:\/\/happyinaknit.com\/en\/product\/prym-virvutes-pynikas-225104\/\" \/>\n<meta property=\"og:site_name\" content=\"Happyinaknit.com\" \/>\n<meta property=\"article:modified_time\" content=\"2025-10-28T13:21:49+00:00\" \/>\n<meta property=\"og:image\" content=\"https:\/\/happyinaknit.com\/wp-content\/uploads\/2025\/10\/3-prym-virvutes-pynikas-225104-siulu-namai.jpg.webp\" \/>\n\t<meta property=\"og:image:width\" content=\"1000\" \/>\n\t<meta property=\"og:image:height\" content=\"1000\" \/>\n\t<meta property=\"og:image:type\" content=\"image\/webp\" \/>\n<meta name=\"twitter:card\" content=\"summary_large_image\" \/>\n<meta name=\"twitter:label1\" content=\"Est. reading time\" \/>\n\t<meta name=\"twitter:data1\" content=\"1 minute\" \/>\n<script type=\"application\/ld+json\" class=\"yoast-schema-graph\">{\"@context\":\"https:\/\/schema.org\",\"@graph\":[{\"@type\":\"WebPage\",\"@id\":\"https:\/\/happyinaknit.com\/produktas\/prym-virvutes-pynikas-225104\/\",\"url\":\"https:\/\/happyinaknit.com\/produktas\/prym-virvutes-pynikas-225104\/\",\"name\":\"Prym virvut\u0117s pynikas (225104) - Happyinaknit.com\",\"isPartOf\":{\"@id\":\"https:\/\/happyinaknit.com\/lt\/#website\"},\"primaryImageOfPage\":{\"@id\":\"https:\/\/happyinaknit.com\/produktas\/prym-virvutes-pynikas-225104\/#primaryimage\"},\"image\":{\"@id\":\"https:\/\/happyinaknit.com\/produktas\/prym-virvutes-pynikas-225104\/#primaryimage\"},\"thumbnailUrl\":\"https:\/\/happyinaknit.com\/wp-content\/uploads\/2025\/10\/3-prym-virvutes-pynikas-225104-siulu-namai.jpg.webp\",\"datePublished\":\"2025-10-18T12:46:52+00:00\",\"dateModified\":\"2025-10-28T13:21:49+00:00\",\"breadcrumb\":{\"@id\":\"https:\/\/happyinaknit.com\/produktas\/prym-virvutes-pynikas-225104\/#breadcrumb\"},\"inLanguage\":\"en-US\",\"potentialAction\":[{\"@type\":\"ReadAction\",\"target\":[\"https:\/\/happyinaknit.com\/produktas\/prym-virvutes-pynikas-225104\/\"]}]},{\"@type\":\"ImageObject\",\"inLanguage\":\"en-US\",\"@id\":\"https:\/\/happyinaknit.com\/produktas\/prym-virvutes-pynikas-225104\/#primaryimage\",\"url\":\"https:\/\/happyinaknit.com\/wp-content\/uploads\/2025\/10\/3-prym-virvutes-pynikas-225104-siulu-namai.jpg.webp\",\"contentUrl\":\"https:\/\/happyinaknit.com\/wp-content\/uploads\/2025\/10\/3-prym-virvutes-pynikas-225104-siulu-namai.jpg.webp\",\"width\":1000,\"height\":1000},{\"@type\":\"BreadcrumbList\",\"@id\":\"https:\/\/happyinaknit.com\/produktas\/prym-virvutes-pynikas-225104\/#breadcrumb\",\"itemListElement\":[{\"@type\":\"ListItem\",\"position\":1,\"name\":\"Home\",\"item\":\"https:\/\/happyinaknit.com\/lt\/\"},{\"@type\":\"ListItem\",\"position\":2,\"name\":\"Parduotuv\u0117\",\"item\":\"https:\/\/happyinaknit.com\/lt\/parduotuve\/\"},{\"@type\":\"ListItem\",\"position\":3,\"name\":\"Prym virvut\u0117s pynikas (225104)\"}]},{\"@type\":\"WebSite\",\"@id\":\"https:\/\/happyinaknit.com\/lt\/#website\",\"url\":\"https:\/\/happyinaknit.com\/lt\/\",\"name\":\"Happyinaknit.com\",\"description\":\"\",\"potentialAction\":[{\"@type\":\"SearchAction\",\"target\":{\"@type\":\"EntryPoint\",\"urlTemplate\":\"https:\/\/happyinaknit.com\/lt\/?s={search_term_string}\"},\"query-input\":{\"@type\":\"PropertyValueSpecification\",\"valueRequired\":true,\"valueName\":\"search_term_string\"}}],\"inLanguage\":\"en-US\"}]}<\/script>\n<!-- \/ Yoast SEO plugin. -->","yoast_head_json":{"title":"Prym virvut\u0117s pynikas (225104) - Happyinaknit.com","robots":{"index":"index","follow":"follow","max-snippet":"max-snippet:-1","max-image-preview":"max-image-preview:large","max-video-preview":"max-video-preview:-1"},"canonical":"https:\/\/happyinaknit.com\/en\/product\/prym-virvutes-pynikas-225104\/","og_locale":"en_US","og_type":"article","og_title":"Prym virvut\u0117s pynikas (225104) - Happyinaknit.com","og_description":"\u0160i virvut\u0117s pynikas, \u00a0skirta kurti apvalius mezginius ir dekoratyvines virveles. Ji pagaminta i\u0161 skaidraus, tvirto akrilo, o vir\u0161uje turi ner\u016bdijan\u010dio plieno kabliukus, ant kuri\u0173 formuojamos akys. Naudoti itin paprasta \u2013 \u012f rinkin\u012f \u012feina bukas plastikinis pagaliukas, skirtas patogiam aki\u0173 pak\u0117limui. Su \u0161ia l\u0117lyte galima lengvai sukurti gra\u017eias, tolygias virveles, kurios idealiai tiks aksesuarams, papuo\u0161imams ar [&hellip;]","og_url":"https:\/\/happyinaknit.com\/en\/product\/prym-virvutes-pynikas-225104\/","og_site_name":"Happyinaknit.com","article_modified_time":"2025-10-28T13:21:49+00:00","og_image":[{"width":1000,"height":1000,"url":"https:\/\/happyinaknit.com\/wp-content\/uploads\/2025\/10\/3-prym-virvutes-pynikas-225104-siulu-namai.jpg.webp","type":"image\/webp"}],"twitter_card":"summary_large_image","twitter_misc":{"Est. reading time":"1 minute"},"schema":{"@context":"https:\/\/schema.org","@graph":[{"@type":"WebPage","@id":"https:\/\/happyinaknit.com\/produktas\/prym-virvutes-pynikas-225104\/","url":"https:\/\/happyinaknit.com\/produktas\/prym-virvutes-pynikas-225104\/","name":"Prym virvut\u0117s pynikas (225104) - Happyinaknit.com","isPartOf":{"@id":"https:\/\/happyinaknit.com\/lt\/#website"},"primaryImageOfPage":{"@id":"https:\/\/happyinaknit.com\/produktas\/prym-virvutes-pynikas-225104\/#primaryimage"},"image":{"@id":"https:\/\/happyinaknit.com\/produktas\/prym-virvutes-pynikas-225104\/#primaryimage"},"thumbnailUrl":"https:\/\/happyinaknit.com\/wp-content\/uploads\/2025\/10\/3-prym-virvutes-pynikas-225104-siulu-namai.jpg.webp","datePublished":"2025-10-18T12:46:52+00:00","dateModified":"2025-10-28T13:21:49+00:00","breadcrumb":{"@id":"https:\/\/happyinaknit.com\/produktas\/prym-virvutes-pynikas-225104\/#breadcrumb"},"inLanguage":"en-US","potentialAction":[{"@type":"ReadAction","target":["https:\/\/happyinaknit.com\/produktas\/prym-virvutes-pynikas-225104\/"]}]},{"@type":"ImageObject","inLanguage":"en-US","@id":"https:\/\/happyinaknit.com\/produktas\/prym-virvutes-pynikas-225104\/#primaryimage","url":"https:\/\/happyinaknit.com\/wp-content\/uploads\/2025\/10\/3-prym-virvutes-pynikas-225104-siulu-namai.jpg.webp","contentUrl":"https:\/\/happyinaknit.com\/wp-content\/uploads\/2025\/10\/3-prym-virvutes-pynikas-225104-siulu-namai.jpg.webp","width":1000,"height":1000},{"@type":"BreadcrumbList","@id":"https:\/\/happyinaknit.com\/produktas\/prym-virvutes-pynikas-225104\/#breadcrumb","itemListElement":[{"@type":"ListItem","position":1,"name":"Home","item":"https:\/\/happyinaknit.com\/lt\/"},{"@type":"ListItem","position":2,"name":"Parduotuv\u0117","item":"https:\/\/happyinaknit.com\/lt\/parduotuve\/"},{"@type":"ListItem","position":3,"name":"Prym virvut\u0117s pynikas (225104)"}]},{"@type":"WebSite","@id":"https:\/\/happyinaknit.com\/lt\/#website","url":"https:\/\/happyinaknit.com\/lt\/","name":"Happyinaknit.com","description":"","potentialAction":[{"@type":"SearchAction","target":{"@type":"EntryPoint","urlTemplate":"https:\/\/happyinaknit.com\/lt\/?s={search_term_string}"},"query-input":{"@type":"PropertyValueSpecification","valueRequired":true,"valueName":"search_term_string"}}],"inLanguage":"en-US"}]}},"_links":{"self":[{"href":"https:\/\/happyinaknit.com\/en\/wp-json\/wp\/v2\/product\/5809","targetHints":{"allow":["GET"]}}],"collection":[{"href":"https:\/\/happyinaknit.com\/en\/wp-json\/wp\/v2\/product"}],"about":[{"href":"https:\/\/happyinaknit.com\/en\/wp-json\/wp\/v2\/types\/product"}],"replies":[{"embeddable":true,"href":"https:\/\/happyinaknit.com\/en\/wp-json\/wp\/v2\/comments?post=5809"}],"wp:featuredmedia":[{"embeddable":true,"href":"https:\/\/happyinaknit.com\/en\/wp-json\/wp\/v2\/media\/5806"}],"wp:attachment":[{"href":"https:\/\/happyinaknit.com\/en\/wp-json\/wp\/v2\/media?parent=5809"}],"wp:term":[{"taxonomy":"product_brand","embeddable":true,"href":"https:\/\/happyinaknit.com\/en\/wp-json\/wp\/v2\/product_brand?post=5809"},{"taxonomy":"product_cat","embeddable":true,"href":"https:\/\/happyinaknit.com\/en\/wp-json\/wp\/v2\/product_cat?post=5809"},{"taxonomy":"product_tag","embeddable":true,"href":"https:\/\/happyinaknit.com\/en\/wp-json\/wp\/v2\/product_tag?post=5809"},{"taxonomy":"pro-kategorijos","embeddable":true,"href":"https:\/\/happyinaknit.com\/en\/wp-json\/wp\/v2\/pro-kategorijos?post=5809"}],"curies":[{"name":"wp","href":"https:\/\/api.w.org\/{rel}","templated":true}]}}