{"id":5802,"date":"2025-10-18T12:38:20","date_gmt":"2025-10-18T12:38:20","guid":{"rendered":"https:\/\/happyinaknit.com\/?post_type=product&#038;p=5802"},"modified":"2025-10-28T11:59:57","modified_gmt":"2025-10-28T11:59:57","slug":"5802","status":"publish","type":"product","link":"https:\/\/happyinaknit.com\/en\/product\/5802\/","title":{"rendered":"Prym Knitting Dolly  (225109)"},"content":{"rendered":"<p>A cord braider for knitting cords and small circular knits. Made of durable, clear acrylic with stainless steel hooks on which the eyes are formed. A blunt plastic stick for lifting the eyes is included.<\/p>\n<p>It can easily create even, beautifully structured knitted cords.<\/p>\n<p><b>Features:<\/b><b><\/b><\/p>\n<p>\u2022Durable and lightweight acrylic construction<\/p>\n<p>\u2022Stainless steel hooks for durability<\/p>\n<p>\u2022Easy to use, suitable for beginners and advanced users<\/p>\n<p>\u2022Includes a blunt plastic stick<\/p>\n<p><b>Note:<\/b> Color shades may vary slightly depending on your device&#039;s screen.<\/p>","protected":false},"excerpt":{"rendered":"<p>Virvut\u0117s pynikas, \u00a0skirta megzti virveles ir ma\u017eus apvalius mezginius. Pagaminta i\u0161 patvaraus, skaidraus akrilo su ner\u016bdijan\u010dio plieno kabliukais, ant kuri\u0173 formuojamos akys. Komplekte yra bukas plastikinis pagaliukas aki\u0173 kilnojimui. Su ja galima lengvai sukurti tolygias, gra\u017eios strukt\u016bros megztas virveles. Savyb\u0117s: \u2022Patvari ir lengva konstrukcija i\u0161 akrilo \u2022Ner\u016bdijan\u010dio plieno kabliukai ilgaam\u017ei\u0161kumui \u2022Paprasta naudoti, tinka pradedantiesiems ir [&hellip;]<\/p>\n","protected":false},"featured_media":5807,"comment_status":"open","ping_status":"closed","template":"","meta":{"_acf_changed":false},"product_brand":[1072],"product_cat":[15,52,20],"product_tag":[],"pro-kategorijos":[],"class_list":{"0":"post-5802","1":"product","2":"type-product","3":"status-publish","4":"has-post-thumbnail","6":"product_brand-prym","7":"product_cat-visi-produktai","8":"product_cat-kiti-mezgimo-reikmenys","9":"product_cat-priedai-mezgimui","11":"first","12":"instock","13":"shipping-taxable","14":"purchasable","15":"product-type-simple"},"acf":[],"yoast_head":"<!-- This site is optimized with the Yoast SEO plugin v26.8 - https:\/\/yoast.com\/product\/yoast-seo-wordpress\/ -->\n<title>Prym virvut\u0117s pynikas (225109) - Happyinaknit.com<\/title>\n<meta name=\"robots\" content=\"index, follow, max-snippet:-1, max-image-preview:large, max-video-preview:-1\" \/>\n<link rel=\"canonical\" href=\"https:\/\/happyinaknit.com\/en\/product\/5802\/\" \/>\n<meta property=\"og:locale\" content=\"en_US\" \/>\n<meta property=\"og:type\" content=\"article\" \/>\n<meta property=\"og:title\" content=\"Prym virvut\u0117s pynikas (225109) - Happyinaknit.com\" \/>\n<meta property=\"og:description\" content=\"Virvut\u0117s pynikas, \u00a0skirta megzti virveles ir ma\u017eus apvalius mezginius. Pagaminta i\u0161 patvaraus, skaidraus akrilo su ner\u016bdijan\u010dio plieno kabliukais, ant kuri\u0173 formuojamos akys. Komplekte yra bukas plastikinis pagaliukas aki\u0173 kilnojimui. Su ja galima lengvai sukurti tolygias, gra\u017eios strukt\u016bros megztas virveles. Savyb\u0117s: \u2022Patvari ir lengva konstrukcija i\u0161 akrilo \u2022Ner\u016bdijan\u010dio plieno kabliukai ilgaam\u017ei\u0161kumui \u2022Paprasta naudoti, tinka pradedantiesiems ir [&hellip;]\" \/>\n<meta property=\"og:url\" content=\"https:\/\/happyinaknit.com\/en\/product\/5802\/\" \/>\n<meta property=\"og:site_name\" content=\"Happyinaknit.com\" \/>\n<meta property=\"article:modified_time\" content=\"2025-10-28T11:59:57+00:00\" \/>\n<meta property=\"og:image\" content=\"https:\/\/happyinaknit.com\/wp-content\/uploads\/2025\/10\/61-KJWy77rL._UF10001000_QL80_.jpg\" \/>\n\t<meta property=\"og:image:width\" content=\"1000\" \/>\n\t<meta property=\"og:image:height\" content=\"1000\" \/>\n\t<meta property=\"og:image:type\" content=\"image\/jpeg\" \/>\n<meta name=\"twitter:card\" content=\"summary_large_image\" \/>\n<script type=\"application\/ld+json\" class=\"yoast-schema-graph\">{\"@context\":\"https:\/\/schema.org\",\"@graph\":[{\"@type\":\"WebPage\",\"@id\":\"https:\/\/happyinaknit.com\/produktas\/5802\/\",\"url\":\"https:\/\/happyinaknit.com\/produktas\/5802\/\",\"name\":\"Prym virvut\u0117s pynikas (225109) - Happyinaknit.com\",\"isPartOf\":{\"@id\":\"https:\/\/happyinaknit.com\/lt\/#website\"},\"primaryImageOfPage\":{\"@id\":\"https:\/\/happyinaknit.com\/produktas\/5802\/#primaryimage\"},\"image\":{\"@id\":\"https:\/\/happyinaknit.com\/produktas\/5802\/#primaryimage\"},\"thumbnailUrl\":\"https:\/\/happyinaknit.com\/wp-content\/uploads\/2025\/10\/61-KJWy77rL._UF10001000_QL80_.jpg\",\"datePublished\":\"2025-10-18T12:38:20+00:00\",\"dateModified\":\"2025-10-28T11:59:57+00:00\",\"breadcrumb\":{\"@id\":\"https:\/\/happyinaknit.com\/produktas\/5802\/#breadcrumb\"},\"inLanguage\":\"en-US\",\"potentialAction\":[{\"@type\":\"ReadAction\",\"target\":[\"https:\/\/happyinaknit.com\/produktas\/5802\/\"]}]},{\"@type\":\"ImageObject\",\"inLanguage\":\"en-US\",\"@id\":\"https:\/\/happyinaknit.com\/produktas\/5802\/#primaryimage\",\"url\":\"https:\/\/happyinaknit.com\/wp-content\/uploads\/2025\/10\/61-KJWy77rL._UF10001000_QL80_.jpg\",\"contentUrl\":\"https:\/\/happyinaknit.com\/wp-content\/uploads\/2025\/10\/61-KJWy77rL._UF10001000_QL80_.jpg\",\"width\":1000,\"height\":1000},{\"@type\":\"BreadcrumbList\",\"@id\":\"https:\/\/happyinaknit.com\/produktas\/5802\/#breadcrumb\",\"itemListElement\":[{\"@type\":\"ListItem\",\"position\":1,\"name\":\"Home\",\"item\":\"https:\/\/happyinaknit.com\/lt\/\"},{\"@type\":\"ListItem\",\"position\":2,\"name\":\"Parduotuv\u0117\",\"item\":\"https:\/\/happyinaknit.com\/lt\/parduotuve\/\"},{\"@type\":\"ListItem\",\"position\":3,\"name\":\"Prym virvut\u0117s pynikas (225109)\"}]},{\"@type\":\"WebSite\",\"@id\":\"https:\/\/happyinaknit.com\/lt\/#website\",\"url\":\"https:\/\/happyinaknit.com\/lt\/\",\"name\":\"Happyinaknit.com\",\"description\":\"\",\"potentialAction\":[{\"@type\":\"SearchAction\",\"target\":{\"@type\":\"EntryPoint\",\"urlTemplate\":\"https:\/\/happyinaknit.com\/lt\/?s={search_term_string}\"},\"query-input\":{\"@type\":\"PropertyValueSpecification\",\"valueRequired\":true,\"valueName\":\"search_term_string\"}}],\"inLanguage\":\"en-US\"}]}<\/script>\n<!-- \/ Yoast SEO plugin. -->","yoast_head_json":{"title":"Prym virvut\u0117s pynikas (225109) - Happyinaknit.com","robots":{"index":"index","follow":"follow","max-snippet":"max-snippet:-1","max-image-preview":"max-image-preview:large","max-video-preview":"max-video-preview:-1"},"canonical":"https:\/\/happyinaknit.com\/en\/product\/5802\/","og_locale":"en_US","og_type":"article","og_title":"Prym virvut\u0117s pynikas (225109) - Happyinaknit.com","og_description":"Virvut\u0117s pynikas, \u00a0skirta megzti virveles ir ma\u017eus apvalius mezginius. Pagaminta i\u0161 patvaraus, skaidraus akrilo su ner\u016bdijan\u010dio plieno kabliukais, ant kuri\u0173 formuojamos akys. Komplekte yra bukas plastikinis pagaliukas aki\u0173 kilnojimui. Su ja galima lengvai sukurti tolygias, gra\u017eios strukt\u016bros megztas virveles. Savyb\u0117s: \u2022Patvari ir lengva konstrukcija i\u0161 akrilo \u2022Ner\u016bdijan\u010dio plieno kabliukai ilgaam\u017ei\u0161kumui \u2022Paprasta naudoti, tinka pradedantiesiems ir [&hellip;]","og_url":"https:\/\/happyinaknit.com\/en\/product\/5802\/","og_site_name":"Happyinaknit.com","article_modified_time":"2025-10-28T11:59:57+00:00","og_image":[{"width":1000,"height":1000,"url":"https:\/\/happyinaknit.com\/wp-content\/uploads\/2025\/10\/61-KJWy77rL._UF10001000_QL80_.jpg","type":"image\/jpeg"}],"twitter_card":"summary_large_image","schema":{"@context":"https:\/\/schema.org","@graph":[{"@type":"WebPage","@id":"https:\/\/happyinaknit.com\/produktas\/5802\/","url":"https:\/\/happyinaknit.com\/produktas\/5802\/","name":"Prym virvut\u0117s pynikas (225109) - Happyinaknit.com","isPartOf":{"@id":"https:\/\/happyinaknit.com\/lt\/#website"},"primaryImageOfPage":{"@id":"https:\/\/happyinaknit.com\/produktas\/5802\/#primaryimage"},"image":{"@id":"https:\/\/happyinaknit.com\/produktas\/5802\/#primaryimage"},"thumbnailUrl":"https:\/\/happyinaknit.com\/wp-content\/uploads\/2025\/10\/61-KJWy77rL._UF10001000_QL80_.jpg","datePublished":"2025-10-18T12:38:20+00:00","dateModified":"2025-10-28T11:59:57+00:00","breadcrumb":{"@id":"https:\/\/happyinaknit.com\/produktas\/5802\/#breadcrumb"},"inLanguage":"en-US","potentialAction":[{"@type":"ReadAction","target":["https:\/\/happyinaknit.com\/produktas\/5802\/"]}]},{"@type":"ImageObject","inLanguage":"en-US","@id":"https:\/\/happyinaknit.com\/produktas\/5802\/#primaryimage","url":"https:\/\/happyinaknit.com\/wp-content\/uploads\/2025\/10\/61-KJWy77rL._UF10001000_QL80_.jpg","contentUrl":"https:\/\/happyinaknit.com\/wp-content\/uploads\/2025\/10\/61-KJWy77rL._UF10001000_QL80_.jpg","width":1000,"height":1000},{"@type":"BreadcrumbList","@id":"https:\/\/happyinaknit.com\/produktas\/5802\/#breadcrumb","itemListElement":[{"@type":"ListItem","position":1,"name":"Home","item":"https:\/\/happyinaknit.com\/lt\/"},{"@type":"ListItem","position":2,"name":"Parduotuv\u0117","item":"https:\/\/happyinaknit.com\/lt\/parduotuve\/"},{"@type":"ListItem","position":3,"name":"Prym virvut\u0117s pynikas (225109)"}]},{"@type":"WebSite","@id":"https:\/\/happyinaknit.com\/lt\/#website","url":"https:\/\/happyinaknit.com\/lt\/","name":"Happyinaknit.com","description":"","potentialAction":[{"@type":"SearchAction","target":{"@type":"EntryPoint","urlTemplate":"https:\/\/happyinaknit.com\/lt\/?s={search_term_string}"},"query-input":{"@type":"PropertyValueSpecification","valueRequired":true,"valueName":"search_term_string"}}],"inLanguage":"en-US"}]}},"_links":{"self":[{"href":"https:\/\/happyinaknit.com\/en\/wp-json\/wp\/v2\/product\/5802","targetHints":{"allow":["GET"]}}],"collection":[{"href":"https:\/\/happyinaknit.com\/en\/wp-json\/wp\/v2\/product"}],"about":[{"href":"https:\/\/happyinaknit.com\/en\/wp-json\/wp\/v2\/types\/product"}],"replies":[{"embeddable":true,"href":"https:\/\/happyinaknit.com\/en\/wp-json\/wp\/v2\/comments?post=5802"}],"wp:featuredmedia":[{"embeddable":true,"href":"https:\/\/happyinaknit.com\/en\/wp-json\/wp\/v2\/media\/5807"}],"wp:attachment":[{"href":"https:\/\/happyinaknit.com\/en\/wp-json\/wp\/v2\/media?parent=5802"}],"wp:term":[{"taxonomy":"product_brand","embeddable":true,"href":"https:\/\/happyinaknit.com\/en\/wp-json\/wp\/v2\/product_brand?post=5802"},{"taxonomy":"product_cat","embeddable":true,"href":"https:\/\/happyinaknit.com\/en\/wp-json\/wp\/v2\/product_cat?post=5802"},{"taxonomy":"product_tag","embeddable":true,"href":"https:\/\/happyinaknit.com\/en\/wp-json\/wp\/v2\/product_tag?post=5802"},{"taxonomy":"pro-kategorijos","embeddable":true,"href":"https:\/\/happyinaknit.com\/en\/wp-json\/wp\/v2\/pro-kategorijos?post=5802"}],"curies":[{"name":"wp","href":"https:\/\/api.w.org\/{rel}","templated":true}]}}