{"id":5763,"date":"2025-10-17T23:48:58","date_gmt":"2025-10-17T23:48:58","guid":{"rendered":"https:\/\/happyinaknit.com\/?post_type=product&#038;p=5763"},"modified":"2026-03-02T21:55:24","modified_gmt":"2026-03-02T21:55:24","slug":"clover-antpirstis-jacquard","status":"publish","type":"product","link":"https:\/\/happyinaknit.com\/en\/product\/clover-antpirstis-jacquard\/","title":{"rendered":"Clover Yarn Guide 348"},"content":{"rendered":"<p data-start=\"53\" data-end=\"334\">The practical <strong data-start=\"61\" data-end=\"71\">Clover<\/strong> The thimble-tab is designed to help you easily manage your yarns and prevent them from tangling when knitting with two or three colors. It is an indispensable tool <strong data-start=\"237\" data-end=\"254\">jacquard patterns<\/strong> for amateurs \u2013 allows you to maintain constant tension and a neat knitted surface.<\/p>\n<p data-start=\"336\" data-end=\"527\">The thimble has separate grooves for each color of yarn, making knitting faster and more precise. Made of strong but flexible plastic that adapts to the shape of the finger.<\/p>\n<p data-start=\"529\" data-end=\"543\"><strong data-start=\"529\" data-end=\"541\">Features:<\/strong><\/p>\n<ul data-start=\"544\" data-end=\"783\">\n<li data-start=\"544\" data-end=\"593\">\n<p data-start=\"546\" data-end=\"593\">Conveniently holds 2-3 strands to prevent tangling<\/p>\n<\/li>\n<li data-start=\"594\" data-end=\"636\">\n<p data-start=\"596\" data-end=\"636\">Helps maintain even thread tension<\/p>\n<\/li>\n<li data-start=\"637\" data-end=\"686\">\n<p data-start=\"639\" data-end=\"686\">Designed for knitting jacquard and colored patterns<\/p>\n<\/li>\n<li data-start=\"687\" data-end=\"728\">\n<p data-start=\"689\" data-end=\"728\">Made of strong, lightweight plastic<\/p>\n<\/li>\n<li data-start=\"729\" data-end=\"783\">\n<p data-start=\"731\" data-end=\"783\">Universal size \u2013 fits fingers of various thicknesses<\/p>\n<\/li>\n<\/ul>\n<p data-start=\"785\" data-end=\"810\"><strong data-start=\"785\" data-end=\"808\">Sizes:<\/strong><\/p>\n<ul data-start=\"811\" data-end=\"881\">\n<li data-start=\"811\" data-end=\"845\">\n<p data-start=\"813\" data-end=\"845\">Size L (45-48mm)<\/p>\n<\/li>\n<li data-start=\"846\" data-end=\"881\">\n<p data-start=\"848\" data-end=\"881\">Size M (42-45mm)<\/p>\n<\/li>\n<\/ul>\n<p data-start=\"883\" data-end=\"1006\" data-is-last-node=\"\" data-is-only-node=\"\"><strong data-start=\"883\" data-end=\"898\">Manufacturer:<\/strong> Clover, Japan<\/p>\n<p data-start=\"883\" data-end=\"1006\" data-is-last-node=\"\" data-is-only-node=\"\"><strong data-start=\"918\" data-end=\"930\">Note:<\/strong> Color shades may vary slightly depending on your device&#039;s screen.<\/p>","protected":false},"excerpt":{"rendered":"<p>Patogus Clover antpir\u0161tis\u2013skirtukas sukurtas tam, kad megzdami dviem ar trimis spalvomis gal\u0117tum\u0117te lengvai valdyti si\u016blus ir i\u0161vengtum\u0117te j\u0173 susipynimo. Tai nepakei\u010diamas \u012frankis \u017eakardo ra\u0161t\u0173 m\u0117g\u0117jams \u2013 leid\u017eia palaikyti pastov\u0173 \u012ftempim\u0105 ir tvarking\u0105 mezginio pavir\u0161i\u0173. Antpir\u0161tis turi atskirus griovelius kiekvienai si\u016blo spalvai, tod\u0117l mezgimas tampa greitesnis ir tikslesnis. Pagamintas i\u0161 tvirto, bet lankstaus plastiko, prisitaikan\u010dio prie [&hellip;]<\/p>\n","protected":false},"featured_media":5768,"comment_status":"open","ping_status":"closed","template":"","meta":{"_acf_changed":false},"product_brand":[1074],"product_cat":[15,52,20],"product_tag":[],"pro-kategorijos":[],"class_list":{"0":"post-5763","1":"product","2":"type-product","3":"status-publish","4":"has-post-thumbnail","6":"product_brand-clover","7":"product_cat-visi-produktai","8":"product_cat-kiti-mezgimo-reikmenys","9":"product_cat-priedai-mezgimui","11":"first","12":"instock","13":"shipping-taxable","14":"purchasable","15":"product-type-variable"},"acf":[],"yoast_head":"<!-- This site is optimized with the Yoast SEO plugin v26.8 - https:\/\/yoast.com\/product\/yoast-seo-wordpress\/ -->\n<title>Clover antpir\u0161tis \u201eJacquard\u201c - Happyinaknit.com<\/title>\n<meta name=\"robots\" content=\"index, follow, max-snippet:-1, max-image-preview:large, max-video-preview:-1\" \/>\n<link rel=\"canonical\" href=\"https:\/\/happyinaknit.com\/en\/product\/clover-antpirstis-jacquard\/\" \/>\n<meta property=\"og:locale\" content=\"en_US\" \/>\n<meta property=\"og:type\" content=\"article\" \/>\n<meta property=\"og:title\" content=\"Clover antpir\u0161tis \u201eJacquard\u201c - Happyinaknit.com\" \/>\n<meta property=\"og:description\" content=\"Patogus Clover antpir\u0161tis\u2013skirtukas sukurtas tam, kad megzdami dviem ar trimis spalvomis gal\u0117tum\u0117te lengvai valdyti si\u016blus ir i\u0161vengtum\u0117te j\u0173 susipynimo. Tai nepakei\u010diamas \u012frankis \u017eakardo ra\u0161t\u0173 m\u0117g\u0117jams \u2013 leid\u017eia palaikyti pastov\u0173 \u012ftempim\u0105 ir tvarking\u0105 mezginio pavir\u0161i\u0173. Antpir\u0161tis turi atskirus griovelius kiekvienai si\u016blo spalvai, tod\u0117l mezgimas tampa greitesnis ir tikslesnis. Pagamintas i\u0161 tvirto, bet lankstaus plastiko, prisitaikan\u010dio prie [&hellip;]\" \/>\n<meta property=\"og:url\" content=\"https:\/\/happyinaknit.com\/en\/product\/clover-antpirstis-jacquard\/\" \/>\n<meta property=\"og:site_name\" content=\"Happyinaknit.com\" \/>\n<meta property=\"article:modified_time\" content=\"2026-03-02T21:55:24+00:00\" \/>\n<meta property=\"og:image\" content=\"https:\/\/happyinaknit.com\/wp-content\/uploads\/2025\/10\/719tZ3b2-cL._UF8941000_QL80_.jpg\" \/>\n\t<meta property=\"og:image:width\" content=\"894\" \/>\n\t<meta property=\"og:image:height\" content=\"894\" \/>\n\t<meta property=\"og:image:type\" content=\"image\/jpeg\" \/>\n<meta name=\"twitter:card\" content=\"summary_large_image\" \/>\n<meta name=\"twitter:label1\" content=\"Est. reading time\" \/>\n\t<meta name=\"twitter:data1\" content=\"1 minute\" \/>\n<script type=\"application\/ld+json\" class=\"yoast-schema-graph\">{\"@context\":\"https:\/\/schema.org\",\"@graph\":[{\"@type\":\"WebPage\",\"@id\":\"https:\/\/happyinaknit.com\/produktas\/clover-antpirstis-jacquard\/\",\"url\":\"https:\/\/happyinaknit.com\/produktas\/clover-antpirstis-jacquard\/\",\"name\":\"Clover antpir\u0161tis \u201eJacquard\u201c - Happyinaknit.com\",\"isPartOf\":{\"@id\":\"https:\/\/happyinaknit.com\/lt\/#website\"},\"primaryImageOfPage\":{\"@id\":\"https:\/\/happyinaknit.com\/produktas\/clover-antpirstis-jacquard\/#primaryimage\"},\"image\":{\"@id\":\"https:\/\/happyinaknit.com\/produktas\/clover-antpirstis-jacquard\/#primaryimage\"},\"thumbnailUrl\":\"https:\/\/happyinaknit.com\/wp-content\/uploads\/2025\/10\/719tZ3b2-cL._UF8941000_QL80_.jpg\",\"datePublished\":\"2025-10-17T23:48:58+00:00\",\"dateModified\":\"2026-03-02T21:55:24+00:00\",\"breadcrumb\":{\"@id\":\"https:\/\/happyinaknit.com\/produktas\/clover-antpirstis-jacquard\/#breadcrumb\"},\"inLanguage\":\"en-US\",\"potentialAction\":[{\"@type\":\"ReadAction\",\"target\":[\"https:\/\/happyinaknit.com\/produktas\/clover-antpirstis-jacquard\/\"]}]},{\"@type\":\"ImageObject\",\"inLanguage\":\"en-US\",\"@id\":\"https:\/\/happyinaknit.com\/produktas\/clover-antpirstis-jacquard\/#primaryimage\",\"url\":\"https:\/\/happyinaknit.com\/wp-content\/uploads\/2025\/10\/719tZ3b2-cL._UF8941000_QL80_.jpg\",\"contentUrl\":\"https:\/\/happyinaknit.com\/wp-content\/uploads\/2025\/10\/719tZ3b2-cL._UF8941000_QL80_.jpg\",\"width\":894,\"height\":894},{\"@type\":\"BreadcrumbList\",\"@id\":\"https:\/\/happyinaknit.com\/produktas\/clover-antpirstis-jacquard\/#breadcrumb\",\"itemListElement\":[{\"@type\":\"ListItem\",\"position\":1,\"name\":\"Home\",\"item\":\"https:\/\/happyinaknit.com\/lt\/\"},{\"@type\":\"ListItem\",\"position\":2,\"name\":\"Parduotuv\u0117\",\"item\":\"https:\/\/happyinaknit.com\/lt\/parduotuve\/\"},{\"@type\":\"ListItem\",\"position\":3,\"name\":\"Clover antpir\u0161tis \u201eJacquard\u201c\"}]},{\"@type\":\"WebSite\",\"@id\":\"https:\/\/happyinaknit.com\/lt\/#website\",\"url\":\"https:\/\/happyinaknit.com\/lt\/\",\"name\":\"Happyinaknit.com\",\"description\":\"\",\"potentialAction\":[{\"@type\":\"SearchAction\",\"target\":{\"@type\":\"EntryPoint\",\"urlTemplate\":\"https:\/\/happyinaknit.com\/lt\/?s={search_term_string}\"},\"query-input\":{\"@type\":\"PropertyValueSpecification\",\"valueRequired\":true,\"valueName\":\"search_term_string\"}}],\"inLanguage\":\"en-US\"}]}<\/script>\n<!-- \/ Yoast SEO plugin. -->","yoast_head_json":{"title":"Clover antpir\u0161tis \u201eJacquard\u201c - Happyinaknit.com","robots":{"index":"index","follow":"follow","max-snippet":"max-snippet:-1","max-image-preview":"max-image-preview:large","max-video-preview":"max-video-preview:-1"},"canonical":"https:\/\/happyinaknit.com\/en\/product\/clover-antpirstis-jacquard\/","og_locale":"en_US","og_type":"article","og_title":"Clover antpir\u0161tis \u201eJacquard\u201c - Happyinaknit.com","og_description":"Patogus Clover antpir\u0161tis\u2013skirtukas sukurtas tam, kad megzdami dviem ar trimis spalvomis gal\u0117tum\u0117te lengvai valdyti si\u016blus ir i\u0161vengtum\u0117te j\u0173 susipynimo. Tai nepakei\u010diamas \u012frankis \u017eakardo ra\u0161t\u0173 m\u0117g\u0117jams \u2013 leid\u017eia palaikyti pastov\u0173 \u012ftempim\u0105 ir tvarking\u0105 mezginio pavir\u0161i\u0173. Antpir\u0161tis turi atskirus griovelius kiekvienai si\u016blo spalvai, tod\u0117l mezgimas tampa greitesnis ir tikslesnis. Pagamintas i\u0161 tvirto, bet lankstaus plastiko, prisitaikan\u010dio prie [&hellip;]","og_url":"https:\/\/happyinaknit.com\/en\/product\/clover-antpirstis-jacquard\/","og_site_name":"Happyinaknit.com","article_modified_time":"2026-03-02T21:55:24+00:00","og_image":[{"width":894,"height":894,"url":"https:\/\/happyinaknit.com\/wp-content\/uploads\/2025\/10\/719tZ3b2-cL._UF8941000_QL80_.jpg","type":"image\/jpeg"}],"twitter_card":"summary_large_image","twitter_misc":{"Est. reading time":"1 minute"},"schema":{"@context":"https:\/\/schema.org","@graph":[{"@type":"WebPage","@id":"https:\/\/happyinaknit.com\/produktas\/clover-antpirstis-jacquard\/","url":"https:\/\/happyinaknit.com\/produktas\/clover-antpirstis-jacquard\/","name":"Clover antpir\u0161tis \u201eJacquard\u201c - Happyinaknit.com","isPartOf":{"@id":"https:\/\/happyinaknit.com\/lt\/#website"},"primaryImageOfPage":{"@id":"https:\/\/happyinaknit.com\/produktas\/clover-antpirstis-jacquard\/#primaryimage"},"image":{"@id":"https:\/\/happyinaknit.com\/produktas\/clover-antpirstis-jacquard\/#primaryimage"},"thumbnailUrl":"https:\/\/happyinaknit.com\/wp-content\/uploads\/2025\/10\/719tZ3b2-cL._UF8941000_QL80_.jpg","datePublished":"2025-10-17T23:48:58+00:00","dateModified":"2026-03-02T21:55:24+00:00","breadcrumb":{"@id":"https:\/\/happyinaknit.com\/produktas\/clover-antpirstis-jacquard\/#breadcrumb"},"inLanguage":"en-US","potentialAction":[{"@type":"ReadAction","target":["https:\/\/happyinaknit.com\/produktas\/clover-antpirstis-jacquard\/"]}]},{"@type":"ImageObject","inLanguage":"en-US","@id":"https:\/\/happyinaknit.com\/produktas\/clover-antpirstis-jacquard\/#primaryimage","url":"https:\/\/happyinaknit.com\/wp-content\/uploads\/2025\/10\/719tZ3b2-cL._UF8941000_QL80_.jpg","contentUrl":"https:\/\/happyinaknit.com\/wp-content\/uploads\/2025\/10\/719tZ3b2-cL._UF8941000_QL80_.jpg","width":894,"height":894},{"@type":"BreadcrumbList","@id":"https:\/\/happyinaknit.com\/produktas\/clover-antpirstis-jacquard\/#breadcrumb","itemListElement":[{"@type":"ListItem","position":1,"name":"Home","item":"https:\/\/happyinaknit.com\/lt\/"},{"@type":"ListItem","position":2,"name":"Parduotuv\u0117","item":"https:\/\/happyinaknit.com\/lt\/parduotuve\/"},{"@type":"ListItem","position":3,"name":"Clover antpir\u0161tis \u201eJacquard\u201c"}]},{"@type":"WebSite","@id":"https:\/\/happyinaknit.com\/lt\/#website","url":"https:\/\/happyinaknit.com\/lt\/","name":"Happyinaknit.com","description":"","potentialAction":[{"@type":"SearchAction","target":{"@type":"EntryPoint","urlTemplate":"https:\/\/happyinaknit.com\/lt\/?s={search_term_string}"},"query-input":{"@type":"PropertyValueSpecification","valueRequired":true,"valueName":"search_term_string"}}],"inLanguage":"en-US"}]}},"_links":{"self":[{"href":"https:\/\/happyinaknit.com\/en\/wp-json\/wp\/v2\/product\/5763","targetHints":{"allow":["GET"]}}],"collection":[{"href":"https:\/\/happyinaknit.com\/en\/wp-json\/wp\/v2\/product"}],"about":[{"href":"https:\/\/happyinaknit.com\/en\/wp-json\/wp\/v2\/types\/product"}],"replies":[{"embeddable":true,"href":"https:\/\/happyinaknit.com\/en\/wp-json\/wp\/v2\/comments?post=5763"}],"wp:featuredmedia":[{"embeddable":true,"href":"https:\/\/happyinaknit.com\/en\/wp-json\/wp\/v2\/media\/5768"}],"wp:attachment":[{"href":"https:\/\/happyinaknit.com\/en\/wp-json\/wp\/v2\/media?parent=5763"}],"wp:term":[{"taxonomy":"product_brand","embeddable":true,"href":"https:\/\/happyinaknit.com\/en\/wp-json\/wp\/v2\/product_brand?post=5763"},{"taxonomy":"product_cat","embeddable":true,"href":"https:\/\/happyinaknit.com\/en\/wp-json\/wp\/v2\/product_cat?post=5763"},{"taxonomy":"product_tag","embeddable":true,"href":"https:\/\/happyinaknit.com\/en\/wp-json\/wp\/v2\/product_tag?post=5763"},{"taxonomy":"pro-kategorijos","embeddable":true,"href":"https:\/\/happyinaknit.com\/en\/wp-json\/wp\/v2\/pro-kategorijos?post=5763"}],"curies":[{"name":"wp","href":"https:\/\/api.w.org\/{rel}","templated":true}]}}