{"id":5743,"date":"2025-10-17T23:29:45","date_gmt":"2025-10-17T23:29:45","guid":{"rendered":"https:\/\/happyinaknit.com\/?post_type=product&#038;p=5743"},"modified":"2025-10-18T14:29:30","modified_gmt":"2025-10-18T14:29:30","slug":"clover-virbalu-laikikliai-spiraliniai-large-nr-3122","status":"publish","type":"product","link":"https:\/\/happyinaknit.com\/en\/product\/clover-virbalu-laikikliai-spiraliniai-large-nr-3122\/","title":{"rendered":"Clover Coil Knitting Needle Holders  (No. 3122)"},"content":{"rendered":"<p data-start=\"64\" data-end=\"392\">Colorful and functional <strong data-start=\"90\" data-end=\"100\">Clover<\/strong> Spiral-shaped needle holders are designed for convenient and safe storage of needles. They protect the needles from loss or damage, and the knitting from accidental slipping out of the eyelets. Thanks to the flexible design, the holders are easy to put on and take off, they firmly fix the needles and prevent them from getting lost.<\/p>\n<p data-start=\"394\" data-end=\"406\"><strong data-start=\"394\" data-end=\"404\">Suitable for:<\/strong><\/p>\n<ul data-start=\"407\" data-end=\"522\">\n<li data-start=\"407\" data-end=\"445\">\n<p data-start=\"409\" data-end=\"445\">for double pointed needles (4.5\u20136.5 mm)<\/p>\n<\/li>\n<li data-start=\"446\" data-end=\"485\">\n<p data-start=\"448\" data-end=\"485\">for circular needles (6.0\u201310.0 mm)<\/p>\n<\/li>\n<li data-start=\"486\" data-end=\"522\">\n<p data-start=\"488\" data-end=\"522\">for straight needles (6.0\u201310.0 mm)<\/p>\n<\/li>\n<\/ul>\n<p data-start=\"524\" data-end=\"618\"><strong data-start=\"524\" data-end=\"543\">The set includes:<\/strong><br data-start=\"543\" data-end=\"546\" \/>3 spiral-shaped holders <strong data-start=\"575\" data-end=\"607\">purple, green and white<\/strong> colors.<\/p>\n<p data-start=\"620\" data-end=\"634\"><strong data-start=\"620\" data-end=\"632\">Features:<\/strong><\/p>\n<ul data-start=\"635\" data-end=\"872\">\n<li data-start=\"635\" data-end=\"692\">\n<p data-start=\"637\" data-end=\"692\">Elastic but firmly connects the needles (up to 5 pcs.)<\/p>\n<\/li>\n<li data-start=\"693\" data-end=\"731\">\n<p data-start=\"695\" data-end=\"731\">Does not slip and does not damage the surface<\/p>\n<\/li>\n<li data-start=\"732\" data-end=\"763\">\n<p data-start=\"734\" data-end=\"763\">Easy to put on and take off<\/p>\n<\/li>\n<li data-start=\"764\" data-end=\"819\">\n<p data-start=\"766\" data-end=\"819\">Bright colors for easy identification among tools<\/p>\n<\/li>\n<li data-start=\"820\" data-end=\"872\">\n<p data-start=\"822\" data-end=\"872\">Ideal for both travel and everyday storage<\/p>\n<\/li>\n<\/ul>\n<p data-start=\"874\" data-end=\"997\" data-is-last-node=\"\" data-is-only-node=\"\"><strong data-start=\"874\" data-end=\"889\">Manufacturer:<\/strong> Clover, Japan<br data-start=\"906\" data-end=\"909\" \/><strong data-start=\"909\" data-end=\"921\">Note:<\/strong> Color shades may vary slightly depending on your device&#039;s screen.<\/p>","protected":false},"excerpt":{"rendered":"<p>Spalvingi ir funkcional\u016bs Clover spiral\u0117s formos virbal\u0173 laikikliai skirti patogiam ir saugiam virbal\u0173 laikymui. Jie apsaugo virbalus nuo praradimo ar pa\u017eeidim\u0173, o mezgin\u012f \u2013 nuo nety\u010dinio aki\u0173 i\u0161slydimo. D\u0117l lankstaus dizaino laikiklius lengva u\u017ed\u0117ti ir nuimti, jie tvirtai fiksuoja virbalus bei neleid\u017eia jiems pasimesti. Tinka: kojininiams virbalams (4,5\u20136,5 mm) apskritiems virbalams (6,0\u201310,0 mm) tiesiems virbalams [&hellip;]<\/p>\n","protected":false},"featured_media":5747,"comment_status":"open","ping_status":"closed","template":"","meta":{"_acf_changed":false},"product_brand":[1074],"product_cat":[15,868,1350,20],"product_tag":[],"pro-kategorijos":[],"class_list":{"0":"post-5743","1":"product","2":"type-product","3":"status-publish","4":"has-post-thumbnail","6":"product_brand-clover","7":"product_cat-visi-produktai","8":"product_cat-antgaliaistabdziukai","9":"product_cat-laikikliai","10":"product_cat-priedai-mezgimui","12":"first","13":"instock","14":"shipping-taxable","15":"purchasable","16":"product-type-simple"},"acf":[],"yoast_head":"<!-- This site is optimized with the Yoast SEO plugin v26.8 - https:\/\/yoast.com\/product\/yoast-seo-wordpress\/ -->\n<title>Clover virbal\u0173 laikikliai \u201eSpiraliniai\u201c Large (Nr. 3122) - Happyinaknit.com<\/title>\n<meta name=\"robots\" content=\"index, follow, max-snippet:-1, max-image-preview:large, max-video-preview:-1\" \/>\n<link rel=\"canonical\" href=\"https:\/\/happyinaknit.com\/en\/product\/clover-virbalu-laikikliai-spiraliniai-large-nr-3122\/\" \/>\n<meta property=\"og:locale\" content=\"en_US\" \/>\n<meta property=\"og:type\" content=\"article\" \/>\n<meta property=\"og:title\" content=\"Clover virbal\u0173 laikikliai \u201eSpiraliniai\u201c Large (Nr. 3122) - Happyinaknit.com\" \/>\n<meta property=\"og:description\" content=\"Spalvingi ir funkcional\u016bs Clover spiral\u0117s formos virbal\u0173 laikikliai skirti patogiam ir saugiam virbal\u0173 laikymui. Jie apsaugo virbalus nuo praradimo ar pa\u017eeidim\u0173, o mezgin\u012f \u2013 nuo nety\u010dinio aki\u0173 i\u0161slydimo. D\u0117l lankstaus dizaino laikiklius lengva u\u017ed\u0117ti ir nuimti, jie tvirtai fiksuoja virbalus bei neleid\u017eia jiems pasimesti. Tinka: kojininiams virbalams (4,5\u20136,5 mm) apskritiems virbalams (6,0\u201310,0 mm) tiesiems virbalams [&hellip;]\" \/>\n<meta property=\"og:url\" content=\"https:\/\/happyinaknit.com\/en\/product\/clover-virbalu-laikikliai-spiraliniai-large-nr-3122\/\" \/>\n<meta property=\"og:site_name\" content=\"Happyinaknit.com\" \/>\n<meta property=\"article:modified_time\" content=\"2025-10-18T14:29:30+00:00\" \/>\n<meta property=\"og:image\" content=\"https:\/\/happyinaknit.com\/wp-content\/uploads\/2025\/10\/3122.jpg.webp\" \/>\n\t<meta property=\"og:image:width\" content=\"580\" \/>\n\t<meta property=\"og:image:height\" content=\"580\" \/>\n\t<meta property=\"og:image:type\" content=\"image\/webp\" \/>\n<meta name=\"twitter:card\" content=\"summary_large_image\" \/>\n<meta name=\"twitter:label1\" content=\"Est. reading time\" \/>\n\t<meta name=\"twitter:data1\" content=\"1 minute\" \/>\n<script type=\"application\/ld+json\" class=\"yoast-schema-graph\">{\"@context\":\"https:\/\/schema.org\",\"@graph\":[{\"@type\":\"WebPage\",\"@id\":\"https:\/\/happyinaknit.com\/produktas\/clover-virbalu-laikikliai-spiraliniai-large-nr-3122\/\",\"url\":\"https:\/\/happyinaknit.com\/produktas\/clover-virbalu-laikikliai-spiraliniai-large-nr-3122\/\",\"name\":\"Clover virbal\u0173 laikikliai \u201eSpiraliniai\u201c Large (Nr. 3122) - Happyinaknit.com\",\"isPartOf\":{\"@id\":\"https:\/\/happyinaknit.com\/lt\/#website\"},\"primaryImageOfPage\":{\"@id\":\"https:\/\/happyinaknit.com\/produktas\/clover-virbalu-laikikliai-spiraliniai-large-nr-3122\/#primaryimage\"},\"image\":{\"@id\":\"https:\/\/happyinaknit.com\/produktas\/clover-virbalu-laikikliai-spiraliniai-large-nr-3122\/#primaryimage\"},\"thumbnailUrl\":\"https:\/\/happyinaknit.com\/wp-content\/uploads\/2025\/10\/3122.jpg.webp\",\"datePublished\":\"2025-10-17T23:29:45+00:00\",\"dateModified\":\"2025-10-18T14:29:30+00:00\",\"breadcrumb\":{\"@id\":\"https:\/\/happyinaknit.com\/produktas\/clover-virbalu-laikikliai-spiraliniai-large-nr-3122\/#breadcrumb\"},\"inLanguage\":\"en-US\",\"potentialAction\":[{\"@type\":\"ReadAction\",\"target\":[\"https:\/\/happyinaknit.com\/produktas\/clover-virbalu-laikikliai-spiraliniai-large-nr-3122\/\"]}]},{\"@type\":\"ImageObject\",\"inLanguage\":\"en-US\",\"@id\":\"https:\/\/happyinaknit.com\/produktas\/clover-virbalu-laikikliai-spiraliniai-large-nr-3122\/#primaryimage\",\"url\":\"https:\/\/happyinaknit.com\/wp-content\/uploads\/2025\/10\/3122.jpg.webp\",\"contentUrl\":\"https:\/\/happyinaknit.com\/wp-content\/uploads\/2025\/10\/3122.jpg.webp\",\"width\":580,\"height\":580},{\"@type\":\"BreadcrumbList\",\"@id\":\"https:\/\/happyinaknit.com\/produktas\/clover-virbalu-laikikliai-spiraliniai-large-nr-3122\/#breadcrumb\",\"itemListElement\":[{\"@type\":\"ListItem\",\"position\":1,\"name\":\"Home\",\"item\":\"https:\/\/happyinaknit.com\/lt\/\"},{\"@type\":\"ListItem\",\"position\":2,\"name\":\"Parduotuv\u0117\",\"item\":\"https:\/\/happyinaknit.com\/lt\/parduotuve\/\"},{\"@type\":\"ListItem\",\"position\":3,\"name\":\"Clover virbal\u0173 laikikliai \u201eSpiraliniai\u201c Large (Nr. 3122)\"}]},{\"@type\":\"WebSite\",\"@id\":\"https:\/\/happyinaknit.com\/lt\/#website\",\"url\":\"https:\/\/happyinaknit.com\/lt\/\",\"name\":\"Happyinaknit.com\",\"description\":\"\",\"potentialAction\":[{\"@type\":\"SearchAction\",\"target\":{\"@type\":\"EntryPoint\",\"urlTemplate\":\"https:\/\/happyinaknit.com\/lt\/?s={search_term_string}\"},\"query-input\":{\"@type\":\"PropertyValueSpecification\",\"valueRequired\":true,\"valueName\":\"search_term_string\"}}],\"inLanguage\":\"en-US\"}]}<\/script>\n<!-- \/ Yoast SEO plugin. -->","yoast_head_json":{"title":"Clover virbal\u0173 laikikliai \u201eSpiraliniai\u201c Large (Nr. 3122) - Happyinaknit.com","robots":{"index":"index","follow":"follow","max-snippet":"max-snippet:-1","max-image-preview":"max-image-preview:large","max-video-preview":"max-video-preview:-1"},"canonical":"https:\/\/happyinaknit.com\/en\/product\/clover-virbalu-laikikliai-spiraliniai-large-nr-3122\/","og_locale":"en_US","og_type":"article","og_title":"Clover virbal\u0173 laikikliai \u201eSpiraliniai\u201c Large (Nr. 3122) - Happyinaknit.com","og_description":"Spalvingi ir funkcional\u016bs Clover spiral\u0117s formos virbal\u0173 laikikliai skirti patogiam ir saugiam virbal\u0173 laikymui. Jie apsaugo virbalus nuo praradimo ar pa\u017eeidim\u0173, o mezgin\u012f \u2013 nuo nety\u010dinio aki\u0173 i\u0161slydimo. D\u0117l lankstaus dizaino laikiklius lengva u\u017ed\u0117ti ir nuimti, jie tvirtai fiksuoja virbalus bei neleid\u017eia jiems pasimesti. Tinka: kojininiams virbalams (4,5\u20136,5 mm) apskritiems virbalams (6,0\u201310,0 mm) tiesiems virbalams [&hellip;]","og_url":"https:\/\/happyinaknit.com\/en\/product\/clover-virbalu-laikikliai-spiraliniai-large-nr-3122\/","og_site_name":"Happyinaknit.com","article_modified_time":"2025-10-18T14:29:30+00:00","og_image":[{"width":580,"height":580,"url":"https:\/\/happyinaknit.com\/wp-content\/uploads\/2025\/10\/3122.jpg.webp","type":"image\/webp"}],"twitter_card":"summary_large_image","twitter_misc":{"Est. reading time":"1 minute"},"schema":{"@context":"https:\/\/schema.org","@graph":[{"@type":"WebPage","@id":"https:\/\/happyinaknit.com\/produktas\/clover-virbalu-laikikliai-spiraliniai-large-nr-3122\/","url":"https:\/\/happyinaknit.com\/produktas\/clover-virbalu-laikikliai-spiraliniai-large-nr-3122\/","name":"Clover virbal\u0173 laikikliai \u201eSpiraliniai\u201c Large (Nr. 3122) - Happyinaknit.com","isPartOf":{"@id":"https:\/\/happyinaknit.com\/lt\/#website"},"primaryImageOfPage":{"@id":"https:\/\/happyinaknit.com\/produktas\/clover-virbalu-laikikliai-spiraliniai-large-nr-3122\/#primaryimage"},"image":{"@id":"https:\/\/happyinaknit.com\/produktas\/clover-virbalu-laikikliai-spiraliniai-large-nr-3122\/#primaryimage"},"thumbnailUrl":"https:\/\/happyinaknit.com\/wp-content\/uploads\/2025\/10\/3122.jpg.webp","datePublished":"2025-10-17T23:29:45+00:00","dateModified":"2025-10-18T14:29:30+00:00","breadcrumb":{"@id":"https:\/\/happyinaknit.com\/produktas\/clover-virbalu-laikikliai-spiraliniai-large-nr-3122\/#breadcrumb"},"inLanguage":"en-US","potentialAction":[{"@type":"ReadAction","target":["https:\/\/happyinaknit.com\/produktas\/clover-virbalu-laikikliai-spiraliniai-large-nr-3122\/"]}]},{"@type":"ImageObject","inLanguage":"en-US","@id":"https:\/\/happyinaknit.com\/produktas\/clover-virbalu-laikikliai-spiraliniai-large-nr-3122\/#primaryimage","url":"https:\/\/happyinaknit.com\/wp-content\/uploads\/2025\/10\/3122.jpg.webp","contentUrl":"https:\/\/happyinaknit.com\/wp-content\/uploads\/2025\/10\/3122.jpg.webp","width":580,"height":580},{"@type":"BreadcrumbList","@id":"https:\/\/happyinaknit.com\/produktas\/clover-virbalu-laikikliai-spiraliniai-large-nr-3122\/#breadcrumb","itemListElement":[{"@type":"ListItem","position":1,"name":"Home","item":"https:\/\/happyinaknit.com\/lt\/"},{"@type":"ListItem","position":2,"name":"Parduotuv\u0117","item":"https:\/\/happyinaknit.com\/lt\/parduotuve\/"},{"@type":"ListItem","position":3,"name":"Clover virbal\u0173 laikikliai \u201eSpiraliniai\u201c Large (Nr. 3122)"}]},{"@type":"WebSite","@id":"https:\/\/happyinaknit.com\/lt\/#website","url":"https:\/\/happyinaknit.com\/lt\/","name":"Happyinaknit.com","description":"","potentialAction":[{"@type":"SearchAction","target":{"@type":"EntryPoint","urlTemplate":"https:\/\/happyinaknit.com\/lt\/?s={search_term_string}"},"query-input":{"@type":"PropertyValueSpecification","valueRequired":true,"valueName":"search_term_string"}}],"inLanguage":"en-US"}]}},"_links":{"self":[{"href":"https:\/\/happyinaknit.com\/en\/wp-json\/wp\/v2\/product\/5743","targetHints":{"allow":["GET"]}}],"collection":[{"href":"https:\/\/happyinaknit.com\/en\/wp-json\/wp\/v2\/product"}],"about":[{"href":"https:\/\/happyinaknit.com\/en\/wp-json\/wp\/v2\/types\/product"}],"replies":[{"embeddable":true,"href":"https:\/\/happyinaknit.com\/en\/wp-json\/wp\/v2\/comments?post=5743"}],"wp:featuredmedia":[{"embeddable":true,"href":"https:\/\/happyinaknit.com\/en\/wp-json\/wp\/v2\/media\/5747"}],"wp:attachment":[{"href":"https:\/\/happyinaknit.com\/en\/wp-json\/wp\/v2\/media?parent=5743"}],"wp:term":[{"taxonomy":"product_brand","embeddable":true,"href":"https:\/\/happyinaknit.com\/en\/wp-json\/wp\/v2\/product_brand?post=5743"},{"taxonomy":"product_cat","embeddable":true,"href":"https:\/\/happyinaknit.com\/en\/wp-json\/wp\/v2\/product_cat?post=5743"},{"taxonomy":"product_tag","embeddable":true,"href":"https:\/\/happyinaknit.com\/en\/wp-json\/wp\/v2\/product_tag?post=5743"},{"taxonomy":"pro-kategorijos","embeddable":true,"href":"https:\/\/happyinaknit.com\/en\/wp-json\/wp\/v2\/pro-kategorijos?post=5743"}],"curies":[{"name":"wp","href":"https:\/\/api.w.org\/{rel}","templated":true}]}}