{"id":5738,"date":"2025-10-17T23:22:40","date_gmt":"2025-10-17T23:22:40","guid":{"rendered":"https:\/\/happyinaknit.com\/?post_type=product&#038;p=5738"},"modified":"2026-02-08T19:02:24","modified_gmt":"2026-02-08T19:02:24","slug":"clover-virbalu-laikikliai-spiraliniai-small-nr-3123","status":"publish","type":"product","link":"https:\/\/happyinaknit.com\/en\/product\/clover-virbalu-laikikliai-spiraliniai-small-nr-3123\/","title":{"rendered":"Clover Coil Knitting Needle Holders  Small (No. 3123)"},"content":{"rendered":"<p data-start=\"64\" data-end=\"292\">Colorful <strong data-start=\"74\" data-end=\"84\">Clover<\/strong> Spiral-shaped needle holders are a practical and stylish solution for storing your knitting tools. They are designed to gently connect the needles and protect them from slipping and unraveling.<\/p>\n<p data-start=\"294\" data-end=\"410\">Thanks to the flexible but sturdy plastic, the holders easily adapt to various types of rods and hold them securely.<\/p>\n<p data-start=\"412\" data-end=\"424\"><strong data-start=\"412\" data-end=\"422\">Suitable for:<\/strong><\/p>\n<ul data-start=\"425\" data-end=\"540\">\n<li data-start=\"425\" data-end=\"463\">\n<p data-start=\"427\" data-end=\"463\">for double pointed needles (2.0\u20134.0 mm)<\/p>\n<\/li>\n<li data-start=\"464\" data-end=\"503\">\n<p data-start=\"466\" data-end=\"503\">for circular needles (2.75-5.5 mm)<\/p>\n<\/li>\n<li data-start=\"504\" data-end=\"540\">\n<p data-start=\"506\" data-end=\"540\">for straight needles (2.75\u20135.5 mm)<\/p>\n<\/li>\n<\/ul>\n<p data-start=\"542\" data-end=\"656\"><strong data-start=\"542\" data-end=\"561\">The set includes:<\/strong><br data-start=\"561\" data-end=\"564\" \/>5 spiral-shaped holders <strong data-start=\"593\" data-end=\"645\">purple, green, white, blue and orange<\/strong> colors.<\/p>\n<p data-start=\"658\" data-end=\"672\"><strong data-start=\"658\" data-end=\"670\">Features:<\/strong><\/p>\n<ul data-start=\"673\" data-end=\"882\">\n<li data-start=\"673\" data-end=\"727\">\n<p data-start=\"675\" data-end=\"727\">Elastic but holds knitting needles firmly (up to 5 pcs.)<\/p>\n<\/li>\n<li data-start=\"728\" data-end=\"774\">\n<p data-start=\"730\" data-end=\"774\">Does not slip and does not damage the surface of the needles<\/p>\n<\/li>\n<li data-start=\"775\" data-end=\"828\">\n<p data-start=\"777\" data-end=\"828\">Easy to use \u2013 just slip it over the ends of the rods<\/p>\n<\/li>\n<li data-start=\"829\" data-end=\"882\">\n<p data-start=\"831\" data-end=\"882\">Bright colors make it easy to find among tools<\/p>\n<\/li>\n<\/ul>\n<p data-start=\"884\" data-end=\"1007\" data-is-last-node=\"\" data-is-only-node=\"\"><strong data-start=\"884\" data-end=\"899\">Manufacturer:<\/strong> Clover, Japan<br data-start=\"916\" data-end=\"919\" \/><strong data-start=\"919\" data-end=\"931\">Note:<\/strong> Color shades may vary slightly depending on your device&#039;s screen.<\/p>","protected":false},"excerpt":{"rendered":"<p>Spalvingi Clover spiral\u0117s formos virbal\u0173 laikikliai \u2013 tai prakti\u0161kas ir stilingas sprendimas j\u016bs\u0173 mezgimo \u012frankiams laikyti. Jie skirti \u0161velniam virbal\u0173 sujungimui ir apsaugai, kad virbalai nei\u0161slyst\u0173 ir mezginys nei\u0161irt\u0173. D\u0117l lankstaus, bet tvirto plastiko laikikliai lengvai prisitaiko prie \u012fvairaus tipo virbal\u0173 ir juos saugiai laiko. Tinka: kojininiams virbalams (2,0\u20134,0 mm) apskritiems virbalams (2,75\u20135,5 mm) tiesiems [&hellip;]<\/p>\n","protected":false},"featured_media":5741,"comment_status":"open","ping_status":"closed","template":"","meta":{"_acf_changed":false},"product_brand":[1074],"product_cat":[15,868,1350,20],"product_tag":[],"pro-kategorijos":[],"class_list":{"0":"post-5738","1":"product","2":"type-product","3":"status-publish","4":"has-post-thumbnail","6":"product_brand-clover","7":"product_cat-visi-produktai","8":"product_cat-antgaliaistabdziukai","9":"product_cat-laikikliai","10":"product_cat-priedai-mezgimui","12":"first","13":"outofstock","14":"shipping-taxable","15":"purchasable","16":"product-type-simple"},"acf":[],"yoast_head":"<!-- This site is optimized with the Yoast SEO plugin v26.8 - https:\/\/yoast.com\/product\/yoast-seo-wordpress\/ -->\n<title>Clover virbal\u0173 laikikliai \u201eSpiraliniai\u201c Small (Nr. 3123) - Happyinaknit.com<\/title>\n<meta name=\"robots\" content=\"index, follow, max-snippet:-1, max-image-preview:large, max-video-preview:-1\" \/>\n<link rel=\"canonical\" href=\"https:\/\/happyinaknit.com\/en\/product\/clover-virbalu-laikikliai-spiraliniai-small-nr-3123\/\" \/>\n<meta property=\"og:locale\" content=\"en_US\" \/>\n<meta property=\"og:type\" content=\"article\" \/>\n<meta property=\"og:title\" content=\"Clover virbal\u0173 laikikliai \u201eSpiraliniai\u201c Small (Nr. 3123) - Happyinaknit.com\" \/>\n<meta property=\"og:description\" content=\"Spalvingi Clover spiral\u0117s formos virbal\u0173 laikikliai \u2013 tai prakti\u0161kas ir stilingas sprendimas j\u016bs\u0173 mezgimo \u012frankiams laikyti. Jie skirti \u0161velniam virbal\u0173 sujungimui ir apsaugai, kad virbalai nei\u0161slyst\u0173 ir mezginys nei\u0161irt\u0173. D\u0117l lankstaus, bet tvirto plastiko laikikliai lengvai prisitaiko prie \u012fvairaus tipo virbal\u0173 ir juos saugiai laiko. Tinka: kojininiams virbalams (2,0\u20134,0 mm) apskritiems virbalams (2,75\u20135,5 mm) tiesiems [&hellip;]\" \/>\n<meta property=\"og:url\" content=\"https:\/\/happyinaknit.com\/en\/product\/clover-virbalu-laikikliai-spiraliniai-small-nr-3123\/\" \/>\n<meta property=\"og:site_name\" content=\"Happyinaknit.com\" \/>\n<meta property=\"article:modified_time\" content=\"2026-02-08T19:02:24+00:00\" \/>\n<meta property=\"og:image\" content=\"https:\/\/happyinaknit.com\/wp-content\/uploads\/2025\/10\/051221354519_2122_2048x.jpg.webp\" \/>\n\t<meta property=\"og:image:width\" content=\"2048\" \/>\n\t<meta property=\"og:image:height\" content=\"2048\" \/>\n\t<meta property=\"og:image:type\" content=\"image\/webp\" \/>\n<meta name=\"twitter:card\" content=\"summary_large_image\" \/>\n<meta name=\"twitter:label1\" content=\"Est. reading time\" \/>\n\t<meta name=\"twitter:data1\" content=\"1 minute\" \/>\n<script type=\"application\/ld+json\" class=\"yoast-schema-graph\">{\"@context\":\"https:\/\/schema.org\",\"@graph\":[{\"@type\":\"WebPage\",\"@id\":\"https:\/\/happyinaknit.com\/produktas\/clover-virbalu-laikikliai-spiraliniai-small-nr-3123\/\",\"url\":\"https:\/\/happyinaknit.com\/produktas\/clover-virbalu-laikikliai-spiraliniai-small-nr-3123\/\",\"name\":\"Clover virbal\u0173 laikikliai \u201eSpiraliniai\u201c Small (Nr. 3123) - Happyinaknit.com\",\"isPartOf\":{\"@id\":\"https:\/\/happyinaknit.com\/lt\/#website\"},\"primaryImageOfPage\":{\"@id\":\"https:\/\/happyinaknit.com\/produktas\/clover-virbalu-laikikliai-spiraliniai-small-nr-3123\/#primaryimage\"},\"image\":{\"@id\":\"https:\/\/happyinaknit.com\/produktas\/clover-virbalu-laikikliai-spiraliniai-small-nr-3123\/#primaryimage\"},\"thumbnailUrl\":\"https:\/\/happyinaknit.com\/wp-content\/uploads\/2025\/10\/051221354519_2122_2048x.jpg.webp\",\"datePublished\":\"2025-10-17T23:22:40+00:00\",\"dateModified\":\"2026-02-08T19:02:24+00:00\",\"breadcrumb\":{\"@id\":\"https:\/\/happyinaknit.com\/produktas\/clover-virbalu-laikikliai-spiraliniai-small-nr-3123\/#breadcrumb\"},\"inLanguage\":\"en-US\",\"potentialAction\":[{\"@type\":\"ReadAction\",\"target\":[\"https:\/\/happyinaknit.com\/produktas\/clover-virbalu-laikikliai-spiraliniai-small-nr-3123\/\"]}]},{\"@type\":\"ImageObject\",\"inLanguage\":\"en-US\",\"@id\":\"https:\/\/happyinaknit.com\/produktas\/clover-virbalu-laikikliai-spiraliniai-small-nr-3123\/#primaryimage\",\"url\":\"https:\/\/happyinaknit.com\/wp-content\/uploads\/2025\/10\/051221354519_2122_2048x.jpg.webp\",\"contentUrl\":\"https:\/\/happyinaknit.com\/wp-content\/uploads\/2025\/10\/051221354519_2122_2048x.jpg.webp\",\"width\":2048,\"height\":2048},{\"@type\":\"BreadcrumbList\",\"@id\":\"https:\/\/happyinaknit.com\/produktas\/clover-virbalu-laikikliai-spiraliniai-small-nr-3123\/#breadcrumb\",\"itemListElement\":[{\"@type\":\"ListItem\",\"position\":1,\"name\":\"Home\",\"item\":\"https:\/\/happyinaknit.com\/lt\/\"},{\"@type\":\"ListItem\",\"position\":2,\"name\":\"Parduotuv\u0117\",\"item\":\"https:\/\/happyinaknit.com\/lt\/parduotuve\/\"},{\"@type\":\"ListItem\",\"position\":3,\"name\":\"Clover virbal\u0173 laikikliai \u201eSpiraliniai\u201c Small (Nr. 3123)\"}]},{\"@type\":\"WebSite\",\"@id\":\"https:\/\/happyinaknit.com\/lt\/#website\",\"url\":\"https:\/\/happyinaknit.com\/lt\/\",\"name\":\"Happyinaknit.com\",\"description\":\"\",\"potentialAction\":[{\"@type\":\"SearchAction\",\"target\":{\"@type\":\"EntryPoint\",\"urlTemplate\":\"https:\/\/happyinaknit.com\/lt\/?s={search_term_string}\"},\"query-input\":{\"@type\":\"PropertyValueSpecification\",\"valueRequired\":true,\"valueName\":\"search_term_string\"}}],\"inLanguage\":\"en-US\"}]}<\/script>\n<!-- \/ Yoast SEO plugin. -->","yoast_head_json":{"title":"Clover virbal\u0173 laikikliai \u201eSpiraliniai\u201c Small (Nr. 3123) - Happyinaknit.com","robots":{"index":"index","follow":"follow","max-snippet":"max-snippet:-1","max-image-preview":"max-image-preview:large","max-video-preview":"max-video-preview:-1"},"canonical":"https:\/\/happyinaknit.com\/en\/product\/clover-virbalu-laikikliai-spiraliniai-small-nr-3123\/","og_locale":"en_US","og_type":"article","og_title":"Clover virbal\u0173 laikikliai \u201eSpiraliniai\u201c Small (Nr. 3123) - Happyinaknit.com","og_description":"Spalvingi Clover spiral\u0117s formos virbal\u0173 laikikliai \u2013 tai prakti\u0161kas ir stilingas sprendimas j\u016bs\u0173 mezgimo \u012frankiams laikyti. Jie skirti \u0161velniam virbal\u0173 sujungimui ir apsaugai, kad virbalai nei\u0161slyst\u0173 ir mezginys nei\u0161irt\u0173. D\u0117l lankstaus, bet tvirto plastiko laikikliai lengvai prisitaiko prie \u012fvairaus tipo virbal\u0173 ir juos saugiai laiko. Tinka: kojininiams virbalams (2,0\u20134,0 mm) apskritiems virbalams (2,75\u20135,5 mm) tiesiems [&hellip;]","og_url":"https:\/\/happyinaknit.com\/en\/product\/clover-virbalu-laikikliai-spiraliniai-small-nr-3123\/","og_site_name":"Happyinaknit.com","article_modified_time":"2026-02-08T19:02:24+00:00","og_image":[{"width":2048,"height":2048,"url":"https:\/\/happyinaknit.com\/wp-content\/uploads\/2025\/10\/051221354519_2122_2048x.jpg.webp","type":"image\/webp"}],"twitter_card":"summary_large_image","twitter_misc":{"Est. reading time":"1 minute"},"schema":{"@context":"https:\/\/schema.org","@graph":[{"@type":"WebPage","@id":"https:\/\/happyinaknit.com\/produktas\/clover-virbalu-laikikliai-spiraliniai-small-nr-3123\/","url":"https:\/\/happyinaknit.com\/produktas\/clover-virbalu-laikikliai-spiraliniai-small-nr-3123\/","name":"Clover virbal\u0173 laikikliai \u201eSpiraliniai\u201c Small (Nr. 3123) - Happyinaknit.com","isPartOf":{"@id":"https:\/\/happyinaknit.com\/lt\/#website"},"primaryImageOfPage":{"@id":"https:\/\/happyinaknit.com\/produktas\/clover-virbalu-laikikliai-spiraliniai-small-nr-3123\/#primaryimage"},"image":{"@id":"https:\/\/happyinaknit.com\/produktas\/clover-virbalu-laikikliai-spiraliniai-small-nr-3123\/#primaryimage"},"thumbnailUrl":"https:\/\/happyinaknit.com\/wp-content\/uploads\/2025\/10\/051221354519_2122_2048x.jpg.webp","datePublished":"2025-10-17T23:22:40+00:00","dateModified":"2026-02-08T19:02:24+00:00","breadcrumb":{"@id":"https:\/\/happyinaknit.com\/produktas\/clover-virbalu-laikikliai-spiraliniai-small-nr-3123\/#breadcrumb"},"inLanguage":"en-US","potentialAction":[{"@type":"ReadAction","target":["https:\/\/happyinaknit.com\/produktas\/clover-virbalu-laikikliai-spiraliniai-small-nr-3123\/"]}]},{"@type":"ImageObject","inLanguage":"en-US","@id":"https:\/\/happyinaknit.com\/produktas\/clover-virbalu-laikikliai-spiraliniai-small-nr-3123\/#primaryimage","url":"https:\/\/happyinaknit.com\/wp-content\/uploads\/2025\/10\/051221354519_2122_2048x.jpg.webp","contentUrl":"https:\/\/happyinaknit.com\/wp-content\/uploads\/2025\/10\/051221354519_2122_2048x.jpg.webp","width":2048,"height":2048},{"@type":"BreadcrumbList","@id":"https:\/\/happyinaknit.com\/produktas\/clover-virbalu-laikikliai-spiraliniai-small-nr-3123\/#breadcrumb","itemListElement":[{"@type":"ListItem","position":1,"name":"Home","item":"https:\/\/happyinaknit.com\/lt\/"},{"@type":"ListItem","position":2,"name":"Parduotuv\u0117","item":"https:\/\/happyinaknit.com\/lt\/parduotuve\/"},{"@type":"ListItem","position":3,"name":"Clover virbal\u0173 laikikliai \u201eSpiraliniai\u201c Small (Nr. 3123)"}]},{"@type":"WebSite","@id":"https:\/\/happyinaknit.com\/lt\/#website","url":"https:\/\/happyinaknit.com\/lt\/","name":"Happyinaknit.com","description":"","potentialAction":[{"@type":"SearchAction","target":{"@type":"EntryPoint","urlTemplate":"https:\/\/happyinaknit.com\/lt\/?s={search_term_string}"},"query-input":{"@type":"PropertyValueSpecification","valueRequired":true,"valueName":"search_term_string"}}],"inLanguage":"en-US"}]}},"_links":{"self":[{"href":"https:\/\/happyinaknit.com\/en\/wp-json\/wp\/v2\/product\/5738","targetHints":{"allow":["GET"]}}],"collection":[{"href":"https:\/\/happyinaknit.com\/en\/wp-json\/wp\/v2\/product"}],"about":[{"href":"https:\/\/happyinaknit.com\/en\/wp-json\/wp\/v2\/types\/product"}],"replies":[{"embeddable":true,"href":"https:\/\/happyinaknit.com\/en\/wp-json\/wp\/v2\/comments?post=5738"}],"wp:featuredmedia":[{"embeddable":true,"href":"https:\/\/happyinaknit.com\/en\/wp-json\/wp\/v2\/media\/5741"}],"wp:attachment":[{"href":"https:\/\/happyinaknit.com\/en\/wp-json\/wp\/v2\/media?parent=5738"}],"wp:term":[{"taxonomy":"product_brand","embeddable":true,"href":"https:\/\/happyinaknit.com\/en\/wp-json\/wp\/v2\/product_brand?post=5738"},{"taxonomy":"product_cat","embeddable":true,"href":"https:\/\/happyinaknit.com\/en\/wp-json\/wp\/v2\/product_cat?post=5738"},{"taxonomy":"product_tag","embeddable":true,"href":"https:\/\/happyinaknit.com\/en\/wp-json\/wp\/v2\/product_tag?post=5738"},{"taxonomy":"pro-kategorijos","embeddable":true,"href":"https:\/\/happyinaknit.com\/en\/wp-json\/wp\/v2\/pro-kategorijos?post=5738"}],"curies":[{"name":"wp","href":"https:\/\/api.w.org\/{rel}","templated":true}]}}