{"id":5730,"date":"2025-10-17T23:08:31","date_gmt":"2025-10-17T23:08:31","guid":{"rendered":"https:\/\/happyinaknit.com\/?post_type=product&#038;p=5730"},"modified":"2025-10-18T08:01:21","modified_gmt":"2025-10-18T08:01:21","slug":"clover-adatu-rinkinys-nr-3121","status":"publish","type":"product","link":"https:\/\/happyinaknit.com\/en\/product\/clover-adatu-rinkinys-nr-3121\/","title":{"rendered":"Clover Needle Set (No. 3121)"},"content":{"rendered":"<p data-start=\"65\" data-end=\"323\">High quality <strong data-start=\"81\" data-end=\"91\">Clover<\/strong> tapestry needles with <strong data-start=\"116\" data-end=\"138\">with curved tips<\/strong>, designed for sewing knitted products, hiding thread ends and quilting. The curved shape allows you to work comfortably even in difficult areas, and the smooth surface does not damage the structure of the threads.<\/p>\n<p data-start=\"325\" data-end=\"346\"><strong data-start=\"325\" data-end=\"344\">The set includes:<\/strong><\/p>\n<ul data-start=\"347\" data-end=\"393\">\n<li data-start=\"347\" data-end=\"370\">\n<p data-start=\"349\" data-end=\"370\">2 needles <strong data-start=\"358\" data-end=\"368\">No. 15<\/strong><\/p>\n<\/li>\n<li data-start=\"371\" data-end=\"393\">\n<p data-start=\"373\" data-end=\"393\">1 needle <strong data-start=\"381\" data-end=\"391\">No. 17<\/strong><\/p>\n<\/li>\n<\/ul>\n<p data-start=\"395\" data-end=\"409\"><strong data-start=\"395\" data-end=\"407\">Features:<\/strong><\/p>\n<ul data-start=\"410\" data-end=\"629\">\n<li data-start=\"410\" data-end=\"478\">\n<p data-start=\"412\" data-end=\"478\"><strong data-start=\"412\" data-end=\"431\">Curved tips<\/strong> for convenient work in hard-to-reach places<\/p>\n<\/li>\n<li data-start=\"479\" data-end=\"530\">\n<p data-start=\"481\" data-end=\"530\"><strong data-start=\"481\" data-end=\"506\">Wide needle eyelet<\/strong> easy to thread<\/p>\n<\/li>\n<li data-start=\"531\" data-end=\"601\">\n<p data-start=\"533\" data-end=\"601\">Suitable for sewing knitwear, hiding thread ends and tapestry work<\/p>\n<\/li>\n<li data-start=\"602\" data-end=\"629\">\n<p data-start=\"604\" data-end=\"629\">High Japanese quality<\/p>\n<\/li>\n<\/ul>\n<p data-start=\"631\" data-end=\"754\" data-is-last-node=\"\" data-is-only-node=\"\"><strong data-start=\"631\" data-end=\"646\">Manufacturer:<\/strong> Clover, Japan<br data-start=\"663\" data-end=\"666\" \/><strong data-start=\"666\" data-end=\"678\">Note:<\/strong> Color shades may vary slightly depending on your device&#039;s screen.<\/p>","protected":false},"excerpt":{"rendered":"<p>Auk\u0161tos kokyb\u0117s Clover gobeleno tipo adatos su lenktais galiukais, skirtos megzt\u0173 gamini\u0173 siuvimui, si\u016bl\u0173 gal\u0173 pasl\u0117pimui ir dygsniavimui. Lenkta forma leid\u017eia patogiai dirbti net sud\u0117tingose vietose, o lygus pavir\u0161ius nepa\u017eeid\u017eia si\u016bl\u0173 strukt\u016bros. Rinkin\u012f sudaro: 2 adatos Nr. 15 1 adata Nr. 17 Savyb\u0117s: Lenkti galiukai patogiam darbui sunkiai pasiekiamose vietose Platus adatos ausel\u0117s si\u016blui lengvai [&hellip;]<\/p>\n","protected":false},"featured_media":5712,"comment_status":"open","ping_status":"closed","template":"","meta":{"_acf_changed":false},"product_brand":[1074],"product_cat":[15,1080,20],"product_tag":[],"pro-kategorijos":[],"class_list":{"0":"post-5730","1":"product","2":"type-product","3":"status-publish","4":"has-post-thumbnail","6":"product_brand-clover","7":"product_cat-visi-produktai","8":"product_cat-adatos","9":"product_cat-priedai-mezgimui","11":"first","12":"instock","13":"shipping-taxable","14":"purchasable","15":"product-type-simple"},"acf":[],"yoast_head":"<!-- This site is optimized with the Yoast SEO plugin v26.8 - https:\/\/yoast.com\/product\/yoast-seo-wordpress\/ -->\n<title>Clover adat\u0173 rinkinys (Nr. 3121) - Happyinaknit.com<\/title>\n<meta name=\"robots\" content=\"index, follow, max-snippet:-1, max-image-preview:large, max-video-preview:-1\" \/>\n<link rel=\"canonical\" href=\"https:\/\/happyinaknit.com\/en\/product\/clover-adatu-rinkinys-nr-3121\/\" \/>\n<meta property=\"og:locale\" content=\"en_US\" \/>\n<meta property=\"og:type\" content=\"article\" \/>\n<meta property=\"og:title\" content=\"Clover adat\u0173 rinkinys (Nr. 3121) - Happyinaknit.com\" \/>\n<meta property=\"og:description\" content=\"Auk\u0161tos kokyb\u0117s Clover gobeleno tipo adatos su lenktais galiukais, skirtos megzt\u0173 gamini\u0173 siuvimui, si\u016bl\u0173 gal\u0173 pasl\u0117pimui ir dygsniavimui. Lenkta forma leid\u017eia patogiai dirbti net sud\u0117tingose vietose, o lygus pavir\u0161ius nepa\u017eeid\u017eia si\u016bl\u0173 strukt\u016bros. Rinkin\u012f sudaro: 2 adatos Nr. 15 1 adata Nr. 17 Savyb\u0117s: Lenkti galiukai patogiam darbui sunkiai pasiekiamose vietose Platus adatos ausel\u0117s si\u016blui lengvai [&hellip;]\" \/>\n<meta property=\"og:url\" content=\"https:\/\/happyinaknit.com\/en\/product\/clover-adatu-rinkinys-nr-3121\/\" \/>\n<meta property=\"og:site_name\" content=\"Happyinaknit.com\" \/>\n<meta property=\"article:modified_time\" content=\"2025-10-18T08:01:21+00:00\" \/>\n<meta property=\"og:image\" content=\"https:\/\/happyinaknit.com\/wp-content\/uploads\/2025\/10\/clover-clover-3121-darning-needle-set.jpg\" \/>\n\t<meta property=\"og:image:width\" content=\"800\" \/>\n\t<meta property=\"og:image:height\" content=\"800\" \/>\n\t<meta property=\"og:image:type\" content=\"image\/jpeg\" \/>\n<meta name=\"twitter:card\" content=\"summary_large_image\" \/>\n<script type=\"application\/ld+json\" class=\"yoast-schema-graph\">{\"@context\":\"https:\/\/schema.org\",\"@graph\":[{\"@type\":\"WebPage\",\"@id\":\"https:\/\/happyinaknit.com\/produktas\/clover-adatu-rinkinys-nr-3121\/\",\"url\":\"https:\/\/happyinaknit.com\/produktas\/clover-adatu-rinkinys-nr-3121\/\",\"name\":\"Clover adat\u0173 rinkinys (Nr. 3121) - Happyinaknit.com\",\"isPartOf\":{\"@id\":\"https:\/\/happyinaknit.com\/lt\/#website\"},\"primaryImageOfPage\":{\"@id\":\"https:\/\/happyinaknit.com\/produktas\/clover-adatu-rinkinys-nr-3121\/#primaryimage\"},\"image\":{\"@id\":\"https:\/\/happyinaknit.com\/produktas\/clover-adatu-rinkinys-nr-3121\/#primaryimage\"},\"thumbnailUrl\":\"https:\/\/happyinaknit.com\/wp-content\/uploads\/2025\/10\/clover-clover-3121-darning-needle-set.jpg\",\"datePublished\":\"2025-10-17T23:08:31+00:00\",\"dateModified\":\"2025-10-18T08:01:21+00:00\",\"breadcrumb\":{\"@id\":\"https:\/\/happyinaknit.com\/produktas\/clover-adatu-rinkinys-nr-3121\/#breadcrumb\"},\"inLanguage\":\"en-US\",\"potentialAction\":[{\"@type\":\"ReadAction\",\"target\":[\"https:\/\/happyinaknit.com\/produktas\/clover-adatu-rinkinys-nr-3121\/\"]}]},{\"@type\":\"ImageObject\",\"inLanguage\":\"en-US\",\"@id\":\"https:\/\/happyinaknit.com\/produktas\/clover-adatu-rinkinys-nr-3121\/#primaryimage\",\"url\":\"https:\/\/happyinaknit.com\/wp-content\/uploads\/2025\/10\/clover-clover-3121-darning-needle-set.jpg\",\"contentUrl\":\"https:\/\/happyinaknit.com\/wp-content\/uploads\/2025\/10\/clover-clover-3121-darning-needle-set.jpg\",\"width\":800,\"height\":800},{\"@type\":\"BreadcrumbList\",\"@id\":\"https:\/\/happyinaknit.com\/produktas\/clover-adatu-rinkinys-nr-3121\/#breadcrumb\",\"itemListElement\":[{\"@type\":\"ListItem\",\"position\":1,\"name\":\"Home\",\"item\":\"https:\/\/happyinaknit.com\/lt\/\"},{\"@type\":\"ListItem\",\"position\":2,\"name\":\"Parduotuv\u0117\",\"item\":\"https:\/\/happyinaknit.com\/lt\/parduotuve\/\"},{\"@type\":\"ListItem\",\"position\":3,\"name\":\"Clover adat\u0173 rinkinys (Nr. 3121)\"}]},{\"@type\":\"WebSite\",\"@id\":\"https:\/\/happyinaknit.com\/lt\/#website\",\"url\":\"https:\/\/happyinaknit.com\/lt\/\",\"name\":\"Happyinaknit.com\",\"description\":\"\",\"potentialAction\":[{\"@type\":\"SearchAction\",\"target\":{\"@type\":\"EntryPoint\",\"urlTemplate\":\"https:\/\/happyinaknit.com\/lt\/?s={search_term_string}\"},\"query-input\":{\"@type\":\"PropertyValueSpecification\",\"valueRequired\":true,\"valueName\":\"search_term_string\"}}],\"inLanguage\":\"en-US\"}]}<\/script>\n<!-- \/ Yoast SEO plugin. -->","yoast_head_json":{"title":"Clover adat\u0173 rinkinys (Nr. 3121) - Happyinaknit.com","robots":{"index":"index","follow":"follow","max-snippet":"max-snippet:-1","max-image-preview":"max-image-preview:large","max-video-preview":"max-video-preview:-1"},"canonical":"https:\/\/happyinaknit.com\/en\/product\/clover-adatu-rinkinys-nr-3121\/","og_locale":"en_US","og_type":"article","og_title":"Clover adat\u0173 rinkinys (Nr. 3121) - Happyinaknit.com","og_description":"Auk\u0161tos kokyb\u0117s Clover gobeleno tipo adatos su lenktais galiukais, skirtos megzt\u0173 gamini\u0173 siuvimui, si\u016bl\u0173 gal\u0173 pasl\u0117pimui ir dygsniavimui. Lenkta forma leid\u017eia patogiai dirbti net sud\u0117tingose vietose, o lygus pavir\u0161ius nepa\u017eeid\u017eia si\u016bl\u0173 strukt\u016bros. Rinkin\u012f sudaro: 2 adatos Nr. 15 1 adata Nr. 17 Savyb\u0117s: Lenkti galiukai patogiam darbui sunkiai pasiekiamose vietose Platus adatos ausel\u0117s si\u016blui lengvai [&hellip;]","og_url":"https:\/\/happyinaknit.com\/en\/product\/clover-adatu-rinkinys-nr-3121\/","og_site_name":"Happyinaknit.com","article_modified_time":"2025-10-18T08:01:21+00:00","og_image":[{"width":800,"height":800,"url":"https:\/\/happyinaknit.com\/wp-content\/uploads\/2025\/10\/clover-clover-3121-darning-needle-set.jpg","type":"image\/jpeg"}],"twitter_card":"summary_large_image","schema":{"@context":"https:\/\/schema.org","@graph":[{"@type":"WebPage","@id":"https:\/\/happyinaknit.com\/produktas\/clover-adatu-rinkinys-nr-3121\/","url":"https:\/\/happyinaknit.com\/produktas\/clover-adatu-rinkinys-nr-3121\/","name":"Clover adat\u0173 rinkinys (Nr. 3121) - Happyinaknit.com","isPartOf":{"@id":"https:\/\/happyinaknit.com\/lt\/#website"},"primaryImageOfPage":{"@id":"https:\/\/happyinaknit.com\/produktas\/clover-adatu-rinkinys-nr-3121\/#primaryimage"},"image":{"@id":"https:\/\/happyinaknit.com\/produktas\/clover-adatu-rinkinys-nr-3121\/#primaryimage"},"thumbnailUrl":"https:\/\/happyinaknit.com\/wp-content\/uploads\/2025\/10\/clover-clover-3121-darning-needle-set.jpg","datePublished":"2025-10-17T23:08:31+00:00","dateModified":"2025-10-18T08:01:21+00:00","breadcrumb":{"@id":"https:\/\/happyinaknit.com\/produktas\/clover-adatu-rinkinys-nr-3121\/#breadcrumb"},"inLanguage":"en-US","potentialAction":[{"@type":"ReadAction","target":["https:\/\/happyinaknit.com\/produktas\/clover-adatu-rinkinys-nr-3121\/"]}]},{"@type":"ImageObject","inLanguage":"en-US","@id":"https:\/\/happyinaknit.com\/produktas\/clover-adatu-rinkinys-nr-3121\/#primaryimage","url":"https:\/\/happyinaknit.com\/wp-content\/uploads\/2025\/10\/clover-clover-3121-darning-needle-set.jpg","contentUrl":"https:\/\/happyinaknit.com\/wp-content\/uploads\/2025\/10\/clover-clover-3121-darning-needle-set.jpg","width":800,"height":800},{"@type":"BreadcrumbList","@id":"https:\/\/happyinaknit.com\/produktas\/clover-adatu-rinkinys-nr-3121\/#breadcrumb","itemListElement":[{"@type":"ListItem","position":1,"name":"Home","item":"https:\/\/happyinaknit.com\/lt\/"},{"@type":"ListItem","position":2,"name":"Parduotuv\u0117","item":"https:\/\/happyinaknit.com\/lt\/parduotuve\/"},{"@type":"ListItem","position":3,"name":"Clover adat\u0173 rinkinys (Nr. 3121)"}]},{"@type":"WebSite","@id":"https:\/\/happyinaknit.com\/lt\/#website","url":"https:\/\/happyinaknit.com\/lt\/","name":"Happyinaknit.com","description":"","potentialAction":[{"@type":"SearchAction","target":{"@type":"EntryPoint","urlTemplate":"https:\/\/happyinaknit.com\/lt\/?s={search_term_string}"},"query-input":{"@type":"PropertyValueSpecification","valueRequired":true,"valueName":"search_term_string"}}],"inLanguage":"en-US"}]}},"_links":{"self":[{"href":"https:\/\/happyinaknit.com\/en\/wp-json\/wp\/v2\/product\/5730","targetHints":{"allow":["GET"]}}],"collection":[{"href":"https:\/\/happyinaknit.com\/en\/wp-json\/wp\/v2\/product"}],"about":[{"href":"https:\/\/happyinaknit.com\/en\/wp-json\/wp\/v2\/types\/product"}],"replies":[{"embeddable":true,"href":"https:\/\/happyinaknit.com\/en\/wp-json\/wp\/v2\/comments?post=5730"}],"wp:featuredmedia":[{"embeddable":true,"href":"https:\/\/happyinaknit.com\/en\/wp-json\/wp\/v2\/media\/5712"}],"wp:attachment":[{"href":"https:\/\/happyinaknit.com\/en\/wp-json\/wp\/v2\/media?parent=5730"}],"wp:term":[{"taxonomy":"product_brand","embeddable":true,"href":"https:\/\/happyinaknit.com\/en\/wp-json\/wp\/v2\/product_brand?post=5730"},{"taxonomy":"product_cat","embeddable":true,"href":"https:\/\/happyinaknit.com\/en\/wp-json\/wp\/v2\/product_cat?post=5730"},{"taxonomy":"product_tag","embeddable":true,"href":"https:\/\/happyinaknit.com\/en\/wp-json\/wp\/v2\/product_tag?post=5730"},{"taxonomy":"pro-kategorijos","embeddable":true,"href":"https:\/\/happyinaknit.com\/en\/wp-json\/wp\/v2\/pro-kategorijos?post=5730"}],"curies":[{"name":"wp","href":"https:\/\/api.w.org\/{rel}","templated":true}]}}