{"id":5728,"date":"2025-10-17T22:54:36","date_gmt":"2025-10-17T22:54:36","guid":{"rendered":"https:\/\/happyinaknit.com\/?post_type=product&#038;p=5728"},"modified":"2025-10-18T08:00:59","modified_gmt":"2025-10-18T08:00:59","slug":"clover-nr-339","status":"publish","type":"product","link":"https:\/\/happyinaknit.com\/en\/product\/clover-nr-339\/","title":{"rendered":"Clover Needle Set (No. 339)"},"content":{"rendered":"<p data-start=\"64\" data-end=\"324\">The practical <strong data-start=\"72\" data-end=\"82\">Clover<\/strong> A set of three high-quality needles for joining knits, hiding thread ends and finishing. The needles are safely stored in an elegant case with a screw cap - convenient to take with you or keep in a sewing box.<\/p>\n<p data-start=\"326\" data-end=\"347\"><strong data-start=\"326\" data-end=\"345\">The set includes:<\/strong><\/p>\n<ul data-start=\"348\" data-end=\"396\">\n<li data-start=\"348\" data-end=\"396\">\n<p data-start=\"350\" data-end=\"396\">3 needle sizes <strong data-start=\"366\" data-end=\"394\">No. 13, No. 17 and No. 20<\/strong><\/p>\n<\/li>\n<\/ul>\n<p data-start=\"398\" data-end=\"412\"><strong data-start=\"398\" data-end=\"410\">Features:<\/strong><\/p>\n<ul data-start=\"413\" data-end=\"605\">\n<li data-start=\"413\" data-end=\"462\">\n<p data-start=\"415\" data-end=\"462\">The practical <strong data-start=\"423\" data-end=\"443\">screw-on case<\/strong> for safe keeping<\/p>\n<\/li>\n<li data-start=\"463\" data-end=\"519\">\n<p data-start=\"465\" data-end=\"519\">Smooth metal surface, easily slides between threads<\/p>\n<\/li>\n<li data-start=\"520\" data-end=\"577\">\n<p data-start=\"522\" data-end=\"577\">Suitable for sewing knitted products and threading ends<\/p>\n<\/li>\n<li data-start=\"578\" data-end=\"605\">\n<p data-start=\"580\" data-end=\"605\">High Japanese quality<\/p>\n<\/li>\n<\/ul>\n<p data-start=\"607\" data-end=\"730\" data-is-last-node=\"\" data-is-only-node=\"\"><strong data-start=\"607\" data-end=\"622\">Manufacturer:<\/strong> Clover, Japan<br data-start=\"639\" data-end=\"642\" \/><strong data-start=\"642\" data-end=\"654\">Note:<\/strong> Color shades may vary slightly depending on your device&#039;s screen.<\/p>","protected":false},"excerpt":{"rendered":"<p>Patogus Clover rinkinys, kuriame yra trys auk\u0161tos kokyb\u0117s adatos mezgini\u0173 sujungimui, si\u016bl\u0173 gal\u0173 pasl\u0117pimui ir u\u017ebaigimo darbams. Adatos saugiai laikomos eleganti\u0161kame korpuse su u\u017esukamu dangteliu \u2013 patogu pasiimti su savimi ar laikyti siuvimo d\u0117\u017eut\u0117je. Rinkin\u012f sudaro: 3 adatos dyd\u017ei\u0173 Nr. 13, Nr. 17 ir Nr. 20 Savyb\u0117s: Patogus u\u017esukamas d\u0117klas saugiam laikymui Lygus metalinis pavir\u0161ius, [&hellip;]<\/p>\n","protected":false},"featured_media":5711,"comment_status":"open","ping_status":"closed","template":"","meta":{"_acf_changed":false},"product_brand":[1074],"product_cat":[15,1080,20],"product_tag":[],"pro-kategorijos":[],"class_list":{"0":"post-5728","1":"product","2":"type-product","3":"status-publish","4":"has-post-thumbnail","6":"product_brand-clover","7":"product_cat-visi-produktai","8":"product_cat-adatos","9":"product_cat-priedai-mezgimui","11":"first","12":"instock","13":"shipping-taxable","14":"purchasable","15":"product-type-simple"},"acf":[],"yoast_head":"<!-- This site is optimized with the Yoast SEO plugin v26.8 - https:\/\/yoast.com\/product\/yoast-seo-wordpress\/ -->\n<title>Clover adat\u0173 rinkinys (Nr. 339) - Happyinaknit.com<\/title>\n<meta name=\"robots\" content=\"index, follow, max-snippet:-1, max-image-preview:large, max-video-preview:-1\" \/>\n<link rel=\"canonical\" href=\"https:\/\/happyinaknit.com\/en\/product\/clover-nr-339\/\" \/>\n<meta property=\"og:locale\" content=\"en_US\" \/>\n<meta property=\"og:type\" content=\"article\" \/>\n<meta property=\"og:title\" content=\"Clover adat\u0173 rinkinys (Nr. 339) - Happyinaknit.com\" \/>\n<meta property=\"og:description\" content=\"Patogus Clover rinkinys, kuriame yra trys auk\u0161tos kokyb\u0117s adatos mezgini\u0173 sujungimui, si\u016bl\u0173 gal\u0173 pasl\u0117pimui ir u\u017ebaigimo darbams. Adatos saugiai laikomos eleganti\u0161kame korpuse su u\u017esukamu dangteliu \u2013 patogu pasiimti su savimi ar laikyti siuvimo d\u0117\u017eut\u0117je. Rinkin\u012f sudaro: 3 adatos dyd\u017ei\u0173 Nr. 13, Nr. 17 ir Nr. 20 Savyb\u0117s: Patogus u\u017esukamas d\u0117klas saugiam laikymui Lygus metalinis pavir\u0161ius, [&hellip;]\" \/>\n<meta property=\"og:url\" content=\"https:\/\/happyinaknit.com\/en\/product\/clover-nr-339\/\" \/>\n<meta property=\"og:site_name\" content=\"Happyinaknit.com\" \/>\n<meta property=\"article:modified_time\" content=\"2025-10-18T08:00:59+00:00\" \/>\n<meta property=\"og:image\" content=\"https:\/\/happyinaknit.com\/wp-content\/uploads\/2025\/10\/Chibi339.jpg.webp\" \/>\n\t<meta property=\"og:image:width\" content=\"700\" \/>\n\t<meta property=\"og:image:height\" content=\"700\" \/>\n\t<meta property=\"og:image:type\" content=\"image\/webp\" \/>\n<meta name=\"twitter:card\" content=\"summary_large_image\" \/>\n<script type=\"application\/ld+json\" class=\"yoast-schema-graph\">{\"@context\":\"https:\/\/schema.org\",\"@graph\":[{\"@type\":\"WebPage\",\"@id\":\"https:\/\/happyinaknit.com\/produktas\/clover-nr-339\/\",\"url\":\"https:\/\/happyinaknit.com\/produktas\/clover-nr-339\/\",\"name\":\"Clover adat\u0173 rinkinys (Nr. 339) - Happyinaknit.com\",\"isPartOf\":{\"@id\":\"https:\/\/happyinaknit.com\/lt\/#website\"},\"primaryImageOfPage\":{\"@id\":\"https:\/\/happyinaknit.com\/produktas\/clover-nr-339\/#primaryimage\"},\"image\":{\"@id\":\"https:\/\/happyinaknit.com\/produktas\/clover-nr-339\/#primaryimage\"},\"thumbnailUrl\":\"https:\/\/happyinaknit.com\/wp-content\/uploads\/2025\/10\/Chibi339.jpg.webp\",\"datePublished\":\"2025-10-17T22:54:36+00:00\",\"dateModified\":\"2025-10-18T08:00:59+00:00\",\"breadcrumb\":{\"@id\":\"https:\/\/happyinaknit.com\/produktas\/clover-nr-339\/#breadcrumb\"},\"inLanguage\":\"en-US\",\"potentialAction\":[{\"@type\":\"ReadAction\",\"target\":[\"https:\/\/happyinaknit.com\/produktas\/clover-nr-339\/\"]}]},{\"@type\":\"ImageObject\",\"inLanguage\":\"en-US\",\"@id\":\"https:\/\/happyinaknit.com\/produktas\/clover-nr-339\/#primaryimage\",\"url\":\"https:\/\/happyinaknit.com\/wp-content\/uploads\/2025\/10\/Chibi339.jpg.webp\",\"contentUrl\":\"https:\/\/happyinaknit.com\/wp-content\/uploads\/2025\/10\/Chibi339.jpg.webp\",\"width\":700,\"height\":700},{\"@type\":\"BreadcrumbList\",\"@id\":\"https:\/\/happyinaknit.com\/produktas\/clover-nr-339\/#breadcrumb\",\"itemListElement\":[{\"@type\":\"ListItem\",\"position\":1,\"name\":\"Home\",\"item\":\"https:\/\/happyinaknit.com\/lt\/\"},{\"@type\":\"ListItem\",\"position\":2,\"name\":\"Parduotuv\u0117\",\"item\":\"https:\/\/happyinaknit.com\/lt\/parduotuve\/\"},{\"@type\":\"ListItem\",\"position\":3,\"name\":\"Clover adat\u0173 rinkinys (Nr. 339)\"}]},{\"@type\":\"WebSite\",\"@id\":\"https:\/\/happyinaknit.com\/lt\/#website\",\"url\":\"https:\/\/happyinaknit.com\/lt\/\",\"name\":\"Happyinaknit.com\",\"description\":\"\",\"potentialAction\":[{\"@type\":\"SearchAction\",\"target\":{\"@type\":\"EntryPoint\",\"urlTemplate\":\"https:\/\/happyinaknit.com\/lt\/?s={search_term_string}\"},\"query-input\":{\"@type\":\"PropertyValueSpecification\",\"valueRequired\":true,\"valueName\":\"search_term_string\"}}],\"inLanguage\":\"en-US\"}]}<\/script>\n<!-- \/ Yoast SEO plugin. -->","yoast_head_json":{"title":"Clover adat\u0173 rinkinys (Nr. 339) - Happyinaknit.com","robots":{"index":"index","follow":"follow","max-snippet":"max-snippet:-1","max-image-preview":"max-image-preview:large","max-video-preview":"max-video-preview:-1"},"canonical":"https:\/\/happyinaknit.com\/en\/product\/clover-nr-339\/","og_locale":"en_US","og_type":"article","og_title":"Clover adat\u0173 rinkinys (Nr. 339) - Happyinaknit.com","og_description":"Patogus Clover rinkinys, kuriame yra trys auk\u0161tos kokyb\u0117s adatos mezgini\u0173 sujungimui, si\u016bl\u0173 gal\u0173 pasl\u0117pimui ir u\u017ebaigimo darbams. Adatos saugiai laikomos eleganti\u0161kame korpuse su u\u017esukamu dangteliu \u2013 patogu pasiimti su savimi ar laikyti siuvimo d\u0117\u017eut\u0117je. Rinkin\u012f sudaro: 3 adatos dyd\u017ei\u0173 Nr. 13, Nr. 17 ir Nr. 20 Savyb\u0117s: Patogus u\u017esukamas d\u0117klas saugiam laikymui Lygus metalinis pavir\u0161ius, [&hellip;]","og_url":"https:\/\/happyinaknit.com\/en\/product\/clover-nr-339\/","og_site_name":"Happyinaknit.com","article_modified_time":"2025-10-18T08:00:59+00:00","og_image":[{"width":700,"height":700,"url":"https:\/\/happyinaknit.com\/wp-content\/uploads\/2025\/10\/Chibi339.jpg.webp","type":"image\/webp"}],"twitter_card":"summary_large_image","schema":{"@context":"https:\/\/schema.org","@graph":[{"@type":"WebPage","@id":"https:\/\/happyinaknit.com\/produktas\/clover-nr-339\/","url":"https:\/\/happyinaknit.com\/produktas\/clover-nr-339\/","name":"Clover adat\u0173 rinkinys (Nr. 339) - Happyinaknit.com","isPartOf":{"@id":"https:\/\/happyinaknit.com\/lt\/#website"},"primaryImageOfPage":{"@id":"https:\/\/happyinaknit.com\/produktas\/clover-nr-339\/#primaryimage"},"image":{"@id":"https:\/\/happyinaknit.com\/produktas\/clover-nr-339\/#primaryimage"},"thumbnailUrl":"https:\/\/happyinaknit.com\/wp-content\/uploads\/2025\/10\/Chibi339.jpg.webp","datePublished":"2025-10-17T22:54:36+00:00","dateModified":"2025-10-18T08:00:59+00:00","breadcrumb":{"@id":"https:\/\/happyinaknit.com\/produktas\/clover-nr-339\/#breadcrumb"},"inLanguage":"en-US","potentialAction":[{"@type":"ReadAction","target":["https:\/\/happyinaknit.com\/produktas\/clover-nr-339\/"]}]},{"@type":"ImageObject","inLanguage":"en-US","@id":"https:\/\/happyinaknit.com\/produktas\/clover-nr-339\/#primaryimage","url":"https:\/\/happyinaknit.com\/wp-content\/uploads\/2025\/10\/Chibi339.jpg.webp","contentUrl":"https:\/\/happyinaknit.com\/wp-content\/uploads\/2025\/10\/Chibi339.jpg.webp","width":700,"height":700},{"@type":"BreadcrumbList","@id":"https:\/\/happyinaknit.com\/produktas\/clover-nr-339\/#breadcrumb","itemListElement":[{"@type":"ListItem","position":1,"name":"Home","item":"https:\/\/happyinaknit.com\/lt\/"},{"@type":"ListItem","position":2,"name":"Parduotuv\u0117","item":"https:\/\/happyinaknit.com\/lt\/parduotuve\/"},{"@type":"ListItem","position":3,"name":"Clover adat\u0173 rinkinys (Nr. 339)"}]},{"@type":"WebSite","@id":"https:\/\/happyinaknit.com\/lt\/#website","url":"https:\/\/happyinaknit.com\/lt\/","name":"Happyinaknit.com","description":"","potentialAction":[{"@type":"SearchAction","target":{"@type":"EntryPoint","urlTemplate":"https:\/\/happyinaknit.com\/lt\/?s={search_term_string}"},"query-input":{"@type":"PropertyValueSpecification","valueRequired":true,"valueName":"search_term_string"}}],"inLanguage":"en-US"}]}},"_links":{"self":[{"href":"https:\/\/happyinaknit.com\/en\/wp-json\/wp\/v2\/product\/5728","targetHints":{"allow":["GET"]}}],"collection":[{"href":"https:\/\/happyinaknit.com\/en\/wp-json\/wp\/v2\/product"}],"about":[{"href":"https:\/\/happyinaknit.com\/en\/wp-json\/wp\/v2\/types\/product"}],"replies":[{"embeddable":true,"href":"https:\/\/happyinaknit.com\/en\/wp-json\/wp\/v2\/comments?post=5728"}],"wp:featuredmedia":[{"embeddable":true,"href":"https:\/\/happyinaknit.com\/en\/wp-json\/wp\/v2\/media\/5711"}],"wp:attachment":[{"href":"https:\/\/happyinaknit.com\/en\/wp-json\/wp\/v2\/media?parent=5728"}],"wp:term":[{"taxonomy":"product_brand","embeddable":true,"href":"https:\/\/happyinaknit.com\/en\/wp-json\/wp\/v2\/product_brand?post=5728"},{"taxonomy":"product_cat","embeddable":true,"href":"https:\/\/happyinaknit.com\/en\/wp-json\/wp\/v2\/product_cat?post=5728"},{"taxonomy":"product_tag","embeddable":true,"href":"https:\/\/happyinaknit.com\/en\/wp-json\/wp\/v2\/product_tag?post=5728"},{"taxonomy":"pro-kategorijos","embeddable":true,"href":"https:\/\/happyinaknit.com\/en\/wp-json\/wp\/v2\/pro-kategorijos?post=5728"}],"curies":[{"name":"wp","href":"https:\/\/api.w.org\/{rel}","templated":true}]}}